 {"id":11,"date":"2014-03-14T15:12:33","date_gmt":"2014-03-14T14:12:33","guid":{"rendered":"https:\/\/blogs.univ-tlse2.fr\/burgos\/?page_id=11"},"modified":"2015-01-06T09:17:44","modified_gmt":"2015-01-06T08:17:44","slug":"a-qui-sadressent-les-cours","status":"publish","type":"page","link":"https:\/\/blogs.univ-tlse2.fr\/burgos\/a-qui-sadressent-les-cours\/","title":{"rendered":"A qui s&rsquo;adressent les cours"},"content":{"rendered":"<p><a href=\"https:\/\/blogs.univ-tlse2.fr\/burgos\/files\/2014\/03\/Groupe-Salamanca.jpg\"><img loading=\"lazy\" decoding=\"async\" class=\"alignnone size-large wp-image-170 aligncenter\" alt=\"Groupe Salamanca\" src=\"https:\/\/blogs.univ-tlse2.fr\/burgos\/files\/2014\/03\/Groupe-Salamanca-1024x768.jpg\" width=\"474\" height=\"355\" srcset=\"https:\/\/blogs.univ-tlse2.fr\/burgos\/files\/2014\/03\/Groupe-Salamanca-1024x768.jpg 1024w, https:\/\/blogs.univ-tlse2.fr\/burgos\/files\/2014\/03\/Groupe-Salamanca-300x225.jpg 300w\" sizes=\"auto, (max-width: 474px) 100vw, 474px\" \/><\/a><\/p>\n<p><strong>Vocation \u00e0 la diversit\u00e9 <\/strong><\/p>\n<p>Antenne de l&rsquo;Universit\u00e9 de Toulouse2-Le Mirail \u00e0 Burgos, les <strong>Cours d&rsquo;\u00e9t\u00e9 (Universit\u00e9 d&rsquo;\u00e9t\u00e9) s&rsquo;adressent tout particuli\u00e8rement \u00e0 tous les \u00e9tudiants<\/strong> qui, \u00e0 diff\u00e9rents niveaux, doivent compl\u00e9ter ou approfondir leur formation en vue d&rsquo;augmenter leurs chances de r\u00e9ussite aux examens et aux concours (voir les \u00a7 \u00ab\u00a0Les \u00e9tudiants en recherche de formation\u00a0\u00bb et \u00ab\u00a0Les candidats aux concours\u00a0\u00bb).<\/p>\n<p><a href=\"https:\/\/blogs.univ-tlse2.fr\/burgos\/files\/2014\/03\/DSC03033-.jpg\"><img loading=\"lazy\" decoding=\"async\" class=\"alignnone size-large wp-image-167 aligncenter\" alt=\"DSC03033\" src=\"https:\/\/blogs.univ-tlse2.fr\/burgos\/files\/2014\/03\/DSC03033--1024x768.jpg\" width=\"474\" height=\"355\" srcset=\"https:\/\/blogs.univ-tlse2.fr\/burgos\/files\/2014\/03\/DSC03033--1024x768.jpg 1024w, https:\/\/blogs.univ-tlse2.fr\/burgos\/files\/2014\/03\/DSC03033--300x225.jpg 300w\" sizes=\"auto, (max-width: 474px) 100vw, 474px\" \/><\/a><\/p>\n<p><strong>Quels que soient vos objectifs prenez contact avec le secr\u00e9tariat pour indiquer votre projet (voir nous contacter).<\/strong><\/p>\n<p>L&rsquo;id\u00e9e d&rsquo;une formation \u00e0 la carte, toujours sous-jacente, vise \u00e0 offrir une formation diversifi\u00e9e mais cibl\u00e9e sur l&rsquo;exigence. La n\u00e9cessit\u00e9 de donner le maximum de coh\u00e9rence aux diff\u00e9rentes formations conduit \u00e0 \u00e9tablir des niveaux de comp\u00e9tence et des enseignements bas\u00e9s sur les programmes officiels fran\u00e7ais. <\/p>\n<p><a href=\"https:\/\/blogs.univ-tlse2.fr\/burgos\/files\/2014\/03\/Burgos_2009-142_Madrid_grupo.jpg\"><img loading=\"lazy\" decoding=\"async\" src=\"https:\/\/blogs.univ-tlse2.fr\/burgos\/files\/2014\/03\/Burgos_2009-142_Madrid_grupo-1024x768.jpg\" alt=\"Burgos_2009 142_Madrid_grupo\" width=\"474\" height=\"355\" class=\"alignnone size-large wp-image-159\" srcset=\"https:\/\/blogs.univ-tlse2.fr\/burgos\/files\/2014\/03\/Burgos_2009-142_Madrid_grupo-1024x768.jpg 1024w, https:\/\/blogs.univ-tlse2.fr\/burgos\/files\/2014\/03\/Burgos_2009-142_Madrid_grupo-300x225.jpg 300w\" sizes=\"auto, (max-width: 474px) 100vw, 474px\" \/><\/a><\/p>\n<p>L&rsquo;obligation pour certains \u00e9tudiants de r\u00e9aliser des progr\u00e8s solides et significatifs en vue de r\u00e9ussir les examens et les concours auxquels ils se pr\u00e9sentent imposent des formateurs excellents, des membres de jurys ainsi que des travaux au plus pr\u00e8s des \u00e9preuves des concours. Le respect des institutionnels et du cadre universitaire exige une gestion responsable qui peut conduire \u00e0 ne pas ouvrir un groupe si le nombre d&rsquo;inscriptions n&rsquo;est pas suffisant.<\/p>\n<p><a href=\"https:\/\/blogs.univ-tlse2.fr\/burgos\/files\/2014\/03\/DSC03015.jpg\"><img loading=\"lazy\" decoding=\"async\" class=\"alignnone size-large wp-image-166 aligncenter\" alt=\"DSC03015\" src=\"https:\/\/blogs.univ-tlse2.fr\/burgos\/files\/2014\/03\/DSC03015-1024x576.jpg\" width=\"474\" height=\"266\" srcset=\"https:\/\/blogs.univ-tlse2.fr\/burgos\/files\/2014\/03\/DSC03015-1024x576.jpg 1024w, https:\/\/blogs.univ-tlse2.fr\/burgos\/files\/2014\/03\/DSC03015-300x168.jpg 300w, https:\/\/blogs.univ-tlse2.fr\/burgos\/files\/2014\/03\/DSC03015.jpg 1920w\" sizes=\"auto, (max-width: 474px) 100vw, 474px\" \/><\/a><\/p>","protected":false},"excerpt":{"rendered":"<p>Vocation \u00e0 la diversit\u00e9 Antenne de l&rsquo;Universit\u00e9 de Toulouse2-Le Mirail \u00e0 Burgos, les Cours d&rsquo;\u00e9t\u00e9 (Universit\u00e9 d&rsquo;\u00e9t\u00e9) s&rsquo;adressent tout particuli\u00e8rement \u00e0 tous les \u00e9tudiants qui, \u00e0 diff\u00e9rents niveaux, doivent compl\u00e9ter ou approfondir leur formation en vue d&rsquo;augmenter leurs chances de r\u00e9ussite aux examens et aux concours (voir les \u00a7 \u00ab\u00a0Les \u00e9tudiants en recherche de formation\u00a0\u00bb &hellip; <a href=\"https:\/\/blogs.univ-tlse2.fr\/burgos\/a-qui-sadressent-les-cours\/\" class=\"more-link\">Continuer la lecture de <span class=\"screen-reader-text\">A qui s&rsquo;adressent les cours<\/span>  <span class=\"meta-nav\">&rarr;<\/span><\/a><\/p>\n","protected":false},"author":1,"featured_media":0,"parent":0,"menu_order":0,"comment_status":"closed","ping_status":"closed","template":"","meta":{"footnotes":""},"class_list":["post-11","page","type-page","status-publish","hentry"],"_links":{"self":[{"href":"https:\/\/blogs.univ-tlse2.fr\/burgos\/wp-json\/wp\/v2\/pages\/11","targetHints":{"allow":["GET"]}}],"collection":[{"href":"https:\/\/blogs.univ-tlse2.fr\/burgos\/wp-json\/wp\/v2\/pages"}],"about":[{"href":"https:\/\/blogs.univ-tlse2.fr\/burgos\/wp-json\/wp\/v2\/types\/page"}],"author":[{"embeddable":true,"href":"https:\/\/blogs.univ-tlse2.fr\/burgos\/wp-json\/wp\/v2\/users\/1"}],"replies":[{"embeddable":true,"href":"https:\/\/blogs.univ-tlse2.fr\/burgos\/wp-json\/wp\/v2\/comments?post=11"}],"version-history":[{"count":10,"href":"https:\/\/blogs.univ-tlse2.fr\/burgos\/wp-json\/wp\/v2\/pages\/11\/revisions"}],"predecessor-version":[{"id":186,"href":"https:\/\/blogs.univ-tlse2.fr\/burgos\/wp-json\/wp\/v2\/pages\/11\/revisions\/186"}],"wp:attachment":[{"href":"https:\/\/blogs.univ-tlse2.fr\/burgos\/wp-json\/wp\/v2\/media?parent=11"}],"curies":[{"name":"wp","href":"https:\/\/api.w.org\/{rel}","templated":true}]}}