 {"id":127,"date":"2014-03-18T15:42:59","date_gmt":"2014-03-18T14:42:59","guid":{"rendered":"https:\/\/blogs.univ-tlse2.fr\/burgos\/?page_id=127"},"modified":"2015-01-07T09:34:09","modified_gmt":"2015-01-07T08:34:09","slug":"au-colegio-mayor","status":"publish","type":"page","link":"https:\/\/blogs.univ-tlse2.fr\/burgos\/au-colegio-mayor\/","title":{"rendered":"Au Colegio Mayor"},"content":{"rendered":"<p><\/p>\n<p style=\"text-align: center\">Pour arriver au Colegio Mayor depuis la gare routi\u00e8re<br \/>\n(entr\u00e9e de la gare routi\u00e8re ci-dessous). Estacion des autobuses<\/p>\n<p><a href=\"https:\/\/blogs.univ-tlse2.fr\/burgos\/files\/2014\/03\/Estacion-autobuses-DSC01469-2.jpg\"><img loading=\"lazy\" decoding=\"async\" src=\"https:\/\/blogs.univ-tlse2.fr\/burgos\/files\/2014\/03\/Estacion-autobuses-DSC01469-2-1024x768.jpg\" alt=\"Estacion autobuses DSC01469 (2)\" width=\"474\" height=\"355\" class=\"alignnone size-large wp-image-234\" srcset=\"https:\/\/blogs.univ-tlse2.fr\/burgos\/files\/2014\/03\/Estacion-autobuses-DSC01469-2-1024x768.jpg 1024w, https:\/\/blogs.univ-tlse2.fr\/burgos\/files\/2014\/03\/Estacion-autobuses-DSC01469-2-300x225.jpg 300w\" sizes=\"auto, (max-width: 474px) 100vw, 474px\" \/><\/a><\/p>\n<p style=\"text-align: center\">\nCi-dessous : Cath\u00e9drale depuis la Place Vega<br \/>\n(prendre \u00e0 gauche en sortant de la gare routi\u00e8re)<\/p>\n<p><a href=\"https:\/\/blogs.univ-tlse2.fr\/burgos\/files\/2014\/03\/Catedral-desde-estacion-autobuses-DSC01464.jpg\"><img loading=\"lazy\" decoding=\"async\" src=\"https:\/\/blogs.univ-tlse2.fr\/burgos\/files\/2014\/03\/Catedral-desde-estacion-autobuses-DSC01464-768x1024.jpg\" alt=\"Catedral desde estacion autobuses DSC01464\" width=\"474\" height=\"632\" class=\"alignnone size-large wp-image-232\" srcset=\"https:\/\/blogs.univ-tlse2.fr\/burgos\/files\/2014\/03\/Catedral-desde-estacion-autobuses-DSC01464-768x1024.jpg 768w, https:\/\/blogs.univ-tlse2.fr\/burgos\/files\/2014\/03\/Catedral-desde-estacion-autobuses-DSC01464-225x300.jpg 225w\" sizes=\"auto, (max-width: 474px) 100vw, 474px\" \/><\/a><\/p>\n<p style=\"text-align: center\">Puerta Santa Maria vers Cath\u00e9drale et Colegio Mayor (ci-dessous)<\/p>\n<p><a href=\"https:\/\/blogs.univ-tlse2.fr\/burgos\/files\/2014\/03\/Puerta-Santa-Maria-mai-2010-006.jpg\"><img loading=\"lazy\" decoding=\"async\" src=\"https:\/\/blogs.univ-tlse2.fr\/burgos\/files\/2014\/03\/Puerta-Santa-Maria-mai-2010-006-940x1024.jpg\" alt=\"Puerta Santa Maria mai 2010 006\" width=\"474\" height=\"516\" class=\"alignnone size-large wp-image-237\" srcset=\"https:\/\/blogs.univ-tlse2.fr\/burgos\/files\/2014\/03\/Puerta-Santa-Maria-mai-2010-006-940x1024.jpg 940w, https:\/\/blogs.univ-tlse2.fr\/burgos\/files\/2014\/03\/Puerta-Santa-Maria-mai-2010-006-275x300.jpg 275w, https:\/\/blogs.univ-tlse2.fr\/burgos\/files\/2014\/03\/Puerta-Santa-Maria-mai-2010-006.jpg 1355w\" sizes=\"auto, (max-width: 474px) 100vw, 474px\" \/><\/a><\/p>\n<p style=\"text-align: center\">Puerta Santa Maria<br \/>\nPlace de la Cath\u00e9drale. Colegio Mayor vers la gauche (ci-dessous)<\/p>\n<p style=\"text-align: center\">Plaza de la Catedral (camino del Colegio Mayor)<\/p>\n<p style=\"text-align: center\">Depuis la place : le Colegio Mayor (ci-dessous au fond au centre derri\u00e8re les arbres et le restaurant Rincon de Espa\u00f1a \u00e0 gauche)<\/p>\n<p style=\"text-align: center\">Hacia el Colegio Mayor<br \/>\nCath\u00e9drale depuis le Colegio Mayor. (ci-dessous) Attention cette photo (c\/ Asuncion Nuestra Se\u00f1ora) est prise dans le sens contraire \u00e0 la pr\u00e9c\u00e9dente.<\/p>\n<p style=\"text-align: center\">Catedral desde Colegio Mayor<br \/>\nCi-dessous angle de la rue Eduardo Martinez del Campo. A gauche l&rsquo;entr\u00e9e du Colegio Mayor<\/p>\n<p style=\"text-align: center\">Entrada del Colegio Mayor<br \/>\nCi-dessous l&rsquo;entr\u00e9e du Colegio Mayor et le banc pour attendre.<br \/>\nPuerta del Colegio Mayor<\/p>\n<p style=\"text-align: center\">Bon voyage et bon s\u00e9jour \u00e0 Burgos!<\/p>\n<p><\/p>","protected":false},"excerpt":{"rendered":"<p>Pour arriver au Colegio Mayor depuis la gare routi\u00e8re (entr\u00e9e de la gare routi\u00e8re ci-dessous). Estacion des autobuses Ci-dessous : Cath\u00e9drale depuis la Place Vega (prendre \u00e0 gauche en sortant de la gare routi\u00e8re) Puerta Santa Maria vers Cath\u00e9drale et Colegio Mayor (ci-dessous) Puerta Santa Maria Place de la Cath\u00e9drale. Colegio Mayor vers la gauche &hellip; <a href=\"https:\/\/blogs.univ-tlse2.fr\/burgos\/au-colegio-mayor\/\" class=\"more-link\">Continuer la lecture de <span class=\"screen-reader-text\">Au Colegio Mayor<\/span>  <span class=\"meta-nav\">&rarr;<\/span><\/a><\/p>\n","protected":false},"author":233,"featured_media":0,"parent":0,"menu_order":0,"comment_status":"closed","ping_status":"closed","template":"","meta":{"footnotes":""},"class_list":["post-127","page","type-page","status-publish","hentry"],"_links":{"self":[{"href":"https:\/\/blogs.univ-tlse2.fr\/burgos\/wp-json\/wp\/v2\/pages\/127","targetHints":{"allow":["GET"]}}],"collection":[{"href":"https:\/\/blogs.univ-tlse2.fr\/burgos\/wp-json\/wp\/v2\/pages"}],"about":[{"href":"https:\/\/blogs.univ-tlse2.fr\/burgos\/wp-json\/wp\/v2\/types\/page"}],"author":[{"embeddable":true,"href":"https:\/\/blogs.univ-tlse2.fr\/burgos\/wp-json\/wp\/v2\/users\/233"}],"replies":[{"embeddable":true,"href":"https:\/\/blogs.univ-tlse2.fr\/burgos\/wp-json\/wp\/v2\/comments?post=127"}],"version-history":[{"count":8,"href":"https:\/\/blogs.univ-tlse2.fr\/burgos\/wp-json\/wp\/v2\/pages\/127\/revisions"}],"predecessor-version":[{"id":129,"href":"https:\/\/blogs.univ-tlse2.fr\/burgos\/wp-json\/wp\/v2\/pages\/127\/revisions\/129"}],"wp:attachment":[{"href":"https:\/\/blogs.univ-tlse2.fr\/burgos\/wp-json\/wp\/v2\/media?parent=127"}],"curies":[{"name":"wp","href":"https:\/\/api.w.org\/{rel}","templated":true}]}}