 {"id":145,"date":"2014-03-18T16:16:52","date_gmt":"2014-03-18T15:16:52","guid":{"rendered":"https:\/\/blogs.univ-tlse2.fr\/burgos\/?page_id=145"},"modified":"2015-01-07T09:38:19","modified_gmt":"2015-01-07T08:38:19","slug":"liens-utiles","status":"publish","type":"page","link":"https:\/\/blogs.univ-tlse2.fr\/burgos\/liens-utiles\/","title":{"rendered":"Liens utiles"},"content":{"rendered":"<p>&nbsp;<\/p>\n<p>Les liens signal\u00e9s ici concernent les institutions. Pour les d\u00e9placements et autres voir la page Comment venir.<br \/>\nN&rsquo;h\u00e9sitez pas \u00e0 consulter ces sites dont la pr\u00e9sence sur cette page n&rsquo;est pas purement formelle. Vous constaterez le dynamisme de la ville et vous aurez d\u00e9j\u00e0 un premier aper\u00e7u des activit\u00e9s que vous pourrez y mener.<\/p>\n<div><strong><big>En France :<\/big><\/strong><\/div>\n<div><\/div>\n<div><strong><\/strong><a href=\"http:\/\/www.univ-tlse2.fr\/\">Universit\u00e9 de Toulouse 2-Le Mirail<\/a><\/p>\n<p><strong><big>En Espagne :<\/big><\/strong><\/p>\n<p>Diputaci\u00f3n provincial de Burgos<br \/>\n<a href=\"http:\/\/www.burgos.es\/\">http:\/\/www.burgos.es<\/a><\/p>\n<p><a href=\"http:\/\/www.eoiburgos.es\/\">Escuela Oficial de Idiomas<\/a><\/p>\n<p>Instituto Cardenal L\u00f3pez de Mendoza<br \/>\n<a href=\"http:\/\/www.lopezdemendoza.es\/\">http:\/\/www.lopezdemendoza.es<\/a><\/p>\n<p>Universit\u00e9 de Burgos<br \/>\n<a href=\"http:\/\/www.ubu.es\/\">http:\/\/www.ubu.es<\/a><\/p>\n<p>Mairie de Burgos-Ayuntamiento de Burgos<br \/>\n<a href=\"http:\/\/www.aytoburgos.es\/\">http:\/\/www.aytoburgos.es<\/a><\/p>\n<p>Ofice de tourisme de Burgos<br \/>\n<a href=\"http:\/\/www.turismoburgos.org\/\">http:\/\/www.turismoburgos.org<\/a><\/p>\n<p>Organismes bancaires locaux partenaires des Cours \u00ab\u00a0M\u00e9rim\u00e9e-De Sebasti\u00e1n<br \/>\nCaja Burgos<br \/>\n<a href=\"http:\/\/www.turismoburgos.org\/\">http:\/\/www.cajadeburgos.es<\/a><br \/>\nCaja C\u00edrculo<br \/>\n<a href=\"http:\/\/www.turismoburgos.org\/\">http:\/\/www.cajacirculo.com<\/a><\/p>\n<\/div>\n<p><\/p>","protected":false},"excerpt":{"rendered":"<p>&nbsp; Les liens signal\u00e9s ici concernent les institutions. Pour les d\u00e9placements et autres voir la page Comment venir. N&rsquo;h\u00e9sitez pas \u00e0 consulter ces sites dont la pr\u00e9sence sur cette page n&rsquo;est pas purement formelle. Vous constaterez le dynamisme de la ville et vous aurez d\u00e9j\u00e0 un premier aper\u00e7u des activit\u00e9s que vous pourrez y mener. &hellip; <a href=\"https:\/\/blogs.univ-tlse2.fr\/burgos\/liens-utiles\/\" class=\"more-link\">Continuer la lecture de <span class=\"screen-reader-text\">Liens utiles<\/span>  <span class=\"meta-nav\">&rarr;<\/span><\/a><\/p>\n","protected":false},"author":233,"featured_media":0,"parent":0,"menu_order":0,"comment_status":"closed","ping_status":"closed","template":"","meta":{"footnotes":""},"class_list":["post-145","page","type-page","status-publish","hentry"],"_links":{"self":[{"href":"https:\/\/blogs.univ-tlse2.fr\/burgos\/wp-json\/wp\/v2\/pages\/145","targetHints":{"allow":["GET"]}}],"collection":[{"href":"https:\/\/blogs.univ-tlse2.fr\/burgos\/wp-json\/wp\/v2\/pages"}],"about":[{"href":"https:\/\/blogs.univ-tlse2.fr\/burgos\/wp-json\/wp\/v2\/types\/page"}],"author":[{"embeddable":true,"href":"https:\/\/blogs.univ-tlse2.fr\/burgos\/wp-json\/wp\/v2\/users\/233"}],"replies":[{"embeddable":true,"href":"https:\/\/blogs.univ-tlse2.fr\/burgos\/wp-json\/wp\/v2\/comments?post=145"}],"version-history":[{"count":3,"href":"https:\/\/blogs.univ-tlse2.fr\/burgos\/wp-json\/wp\/v2\/pages\/145\/revisions"}],"predecessor-version":[{"id":147,"href":"https:\/\/blogs.univ-tlse2.fr\/burgos\/wp-json\/wp\/v2\/pages\/145\/revisions\/147"}],"wp:attachment":[{"href":"https:\/\/blogs.univ-tlse2.fr\/burgos\/wp-json\/wp\/v2\/media?parent=145"}],"curies":[{"name":"wp","href":"https:\/\/api.w.org\/{rel}","templated":true}]}}