 {"id":19,"date":"2014-03-14T15:16:06","date_gmt":"2014-03-14T14:16:06","guid":{"rendered":"https:\/\/blogs.univ-tlse2.fr\/burgos\/?page_id=19"},"modified":"2015-01-07T09:34:36","modified_gmt":"2015-01-07T08:34:36","slug":"comment-venir","status":"publish","type":"page","link":"https:\/\/blogs.univ-tlse2.fr\/burgos\/comment-venir\/","title":{"rendered":"Comment venir"},"content":{"rendered":"<p>Burgos \u00e9tant un carrefour de communication, il est ais\u00e9 de s&rsquo;y rendre par tous les moyens classiques : voiture, autocar, train.<\/p>\n<p>Si vous <strong>consultez le site de l&rsquo;office de tourisme de Burgos <\/strong>(Patronato de turismo, <a href=\"http:\/\/www.turismoburgos.org\/\" target=\"_blank\">http:\/\/www.turismoburgos.org\/<\/a>) vous trouverez une rubrique compl\u00e8te (<strong><em>C\u00f3mo llegar<\/em><\/strong>) vous permettant de joindre Burgos. Vous y trouverez en particulier un descriptif pr\u00e9cis pour arriver \u00e0 Burgos en voiture depuis divers points de d\u00e9part.<\/p>\n<p>Les adresses ci-dessous reprennent l&rsquo;essentiel des sites avec lesquels les Cours de Burgos ont l&rsquo;habitude de travailler.<\/p>\n<p><strong>Il y a un a\u00e9roport \u00e0 Burgos<\/strong> dont la desserte est encore limit\u00e9e mais selon son itin\u00e9raire, on peut trouver des combinaisons int\u00e9ressantes notamment avec des compagnies \u00e0 bas prix.<br \/>\n<a href=\"http:\/\/www.aena.es\" target=\"_blank\">http:\/\/www.aena.es<\/a><\/p>\n<p><strong>Le train<\/strong> est un moyen s\u00fbr, la liaison est r\u00e9guli\u00e8re avec la fronti\u00e8re, les horaires sont diversifi\u00e9s. Attention cependant aux surcharges de l&rsquo;\u00e9t\u00e9 sur une ligne fr\u00e9quent\u00e9e. R\u00e9servez \u00e0 l&rsquo;avance c&rsquo;est plus s\u00fbr et moins cher. N&rsquo;oubliez pas de faire valoir vos droits \u00e0 r\u00e9duction \u00e9ventuelle (\u00e9tudiants, etc.). Pour vous rendre au centre ville, par exemple place de la Cath\u00e9drale, vous devez prendre le bus 25 qui vous d\u00e9posera Plaza de Espa\u00f1a (terminus). Pour rejoindre le Colegio Mayor depuis la Plaza de Espa\u00f1a demandez la direction de la Cath\u00e9drale qui se trouve \u00e0 15 min \u00e0 pied. Plus s\u00fbr et plus pittoresque : demandez o\u00f9 se trouve la Iglesia San Lesmes (Saint Patron de Burgos). Elle est \u00e0 moins de 100 m de la Plaza Espa\u00f1a. A partir de cette Eglise vous franchirez le petit pont du Moyen \u00c2ge et tout de suite vous emprunterez les rues pi\u00e9tonnes qui vous conduiront \u00e0 la Cath\u00e9drale par l&rsquo;ancien itin\u00e9raire des p\u00e8lerins de Saint Jacques de Compostelle. Regardez au sol, vous verrez que le dallage dessine une ligne continue form\u00e9e de fl\u00e8ches r\u00e9guli\u00e8res avec tous les 30-50 m environ une coquille Saint Jacques qui marque le chemin. Vous voici p\u00e8lerin. Arriv\u00e9s \u00e0 la Cath\u00e9drale par le haut (entr\u00e9e du petit peuple), descendez sur la grande place (Plaza del Rey San Fernando) et rep\u00e9rez le Colegio Mayor (voir photos ci-dessous).<br \/>\nPour ceux et celles qui choisiraient de se rapprocher du Colegio Mayor en bus, une fois arriv\u00e9s Plaza de Espa\u00f1a, ils doivent prendre un de ceux qui contournent la zone pi\u00e9tonne (le centre le plus ancien) : le 2, le 3, le 3b, le 5, le 7, le 12, le 39. Demandez au conducteur l&rsquo;arr\u00eat le plus proche de la Plaza Vega ou de la \u00ab\u00a0estacion de autobuses\u00a0\u00bb ou du \u00ab\u00a0puente Santa Maria\u00a0\u00bb. D\u00e9j\u00e0 un excellent exercice de langue en situation. Une fois \u00e0 l&rsquo;arr\u00eat de la plaza Vega vous verrez la Cath\u00e9drale. Vous pouvez vous familiariser avec les lieux en suivant l&rsquo;<a href=\"https:\/\/blogs.univ-tlse2.fr\/burgos\/au-colegio-mayor\/?preview=true&amp;preview_id=127&amp;preview_nonce=a08517166f\">itin\u00e9raire photographique<\/a>.<\/p>\n<p><a href=\"http:\/\/www.voyages-sncf.com\" target=\"_blank\">http:\/\/www.voyages-sncf.com<\/a><br \/>\n<a href=\"http:\/\/www.renfe.es\" target=\"_blank\">http:\/\/www.renfe.es<\/a><\/p>\n<p><strong>Les autocars locaux et nationaux <\/strong>sont fr\u00e9quents en direction de la fronti\u00e8re. Des lignes internationales existent au d\u00e9part de villes fran\u00e7aises. C&rsquo;est sans doute le moyen le plus pratique et le moins cher. Souvent les voyages se font la nuit. Si vous logez au Colegio Mayor, la gare routi\u00e8re est \u00e0 deux pas. Voyez l&rsquo;<a href=\"https:\/\/blogs.univ-tlse2.fr\/burgos\/au-colegio-mayor\/?preview=true&amp;preview_id=127&amp;preview_nonce=a08517166f\">itin\u00e9raire photographique<\/a> pour arriver au Colegio Mayor. Si vous logez chez l&rsquo;habitant vous pouvez n\u00e9gocier les jours d&rsquo;arriv\u00e9e et de d\u00e9part, par exemple vous arrivez un ou deux jours avant, ou vous partez un ou deux jours apr\u00e8s. Le prix ne sera pas forc\u00e9ment plus cher. Au Colegio Mayor vous pouvez \u00e9galement arriver avant et partir apr\u00e8s. Mais n&rsquo;attendez pas le dernier moment pour vous renseigner et r\u00e9server :<\/p>\n<p><a href=\"http:\/\/www.alsa.es\" target=\"_blank\">http:\/\/www.alsa.es<\/a><br \/>\nSur ce site ouvrez l&rsquo;onglet \u00ab\u00a0Routes et horaires\u00a0\u00bb \u00ab\u00a0Services internationaux\u00a0\u00bb.<\/p>\n<p><a href=\"http:\/\/www.eurolines.fr\" target=\"_blank\">http:\/\/www.eurolines.fr<\/a><\/p>\n<p>Pour vous orienter dans la ville et dans ses environs consultez le site de la Mairie de Burgos ci-dessous notamment les rubriques : Burgos en mapa, ainsi que le callejero Burgos pour vous aider \u00e0 rep\u00e9rer les espaces principaux au sein desquels se tiennent les cours, situer un logement, un acc\u00e8s, etc.<\/p>\n<p><a href=\"http:\/\/www.aytoburgos.es\" target=\"_blank\">http:\/\/www.aytoburgos.es<br \/>\n<\/a><br \/>\nCertains sites signal\u00e9s dans \u00ab\u00a0liens utiles\u00a0\u00bb pourront \u00e9galement vous aider dans vos recherches.<\/p>","protected":false},"excerpt":{"rendered":"<p>Burgos \u00e9tant un carrefour de communication, il est ais\u00e9 de s&rsquo;y rendre par tous les moyens classiques : voiture, autocar, train. Si vous consultez le site de l&rsquo;office de tourisme de Burgos (Patronato de turismo, http:\/\/www.turismoburgos.org\/) vous trouverez une rubrique compl\u00e8te (C\u00f3mo llegar) vous permettant de joindre Burgos. Vous y trouverez en particulier un descriptif &hellip; <a href=\"https:\/\/blogs.univ-tlse2.fr\/burgos\/comment-venir\/\" class=\"more-link\">Continuer la lecture de <span class=\"screen-reader-text\">Comment venir<\/span>  <span class=\"meta-nav\">&rarr;<\/span><\/a><\/p>\n","protected":false},"author":1,"featured_media":0,"parent":0,"menu_order":0,"comment_status":"closed","ping_status":"closed","template":"","meta":{"footnotes":""},"class_list":["post-19","page","type-page","status-publish","hentry"],"_links":{"self":[{"href":"https:\/\/blogs.univ-tlse2.fr\/burgos\/wp-json\/wp\/v2\/pages\/19","targetHints":{"allow":["GET"]}}],"collection":[{"href":"https:\/\/blogs.univ-tlse2.fr\/burgos\/wp-json\/wp\/v2\/pages"}],"about":[{"href":"https:\/\/blogs.univ-tlse2.fr\/burgos\/wp-json\/wp\/v2\/types\/page"}],"author":[{"embeddable":true,"href":"https:\/\/blogs.univ-tlse2.fr\/burgos\/wp-json\/wp\/v2\/users\/1"}],"replies":[{"embeddable":true,"href":"https:\/\/blogs.univ-tlse2.fr\/burgos\/wp-json\/wp\/v2\/comments?post=19"}],"version-history":[{"count":10,"href":"https:\/\/blogs.univ-tlse2.fr\/burgos\/wp-json\/wp\/v2\/pages\/19\/revisions"}],"predecessor-version":[{"id":121,"href":"https:\/\/blogs.univ-tlse2.fr\/burgos\/wp-json\/wp\/v2\/pages\/19\/revisions\/121"}],"wp:attachment":[{"href":"https:\/\/blogs.univ-tlse2.fr\/burgos\/wp-json\/wp\/v2\/media?parent=19"}],"curies":[{"name":"wp","href":"https:\/\/api.w.org\/{rel}","templated":true}]}}