 {"id":21,"date":"2014-03-14T15:16:28","date_gmt":"2014-03-14T14:16:28","guid":{"rendered":"https:\/\/blogs.univ-tlse2.fr\/burgos\/?page_id=21"},"modified":"2015-01-07T09:38:36","modified_gmt":"2015-01-07T08:38:36","slug":"nous-contacter-liens-utiles","status":"publish","type":"page","link":"https:\/\/blogs.univ-tlse2.fr\/burgos\/nous-contacter-liens-utiles\/","title":{"rendered":"Nous contacter"},"content":{"rendered":"<p><strong>Toute l&rsquo;ann\u00e9e<\/strong><\/p>\n<p>Les cours M\u00e9rim\u00e9e-De Sebastian sont organis\u00e9s depuis l&rsquo;origine par l&rsquo;Universit\u00e9 de Toulouse, aujourd&rsquo;hui <a href=\"http:\/\/www.univ-tlse2.fr\/#m10217501077199143\" target=\"_blank\">Universit\u00e9 de Toulouse 2-Le Mirail<\/a>. L&rsquo;organisation directe des cours ainsi que leur gestion entre dans le cadre des comp\u00e9tences du <a href=\"http:\/\/w3.espagnol.univ-tlse2.fr\/\" target=\"_blank\">D\u00e9partement d&rsquo;espagnol<\/a> de cette Universit\u00e9.<br \/>\nVous pouvez donc \u00e0 tout moment entrer en contact avec cette universit\u00e9 et son d\u00e9partement d&rsquo;espagnol pour tout probl\u00e8me sp\u00e9cifique. Le secr\u00e9tariat du d\u00e9partement ou, \u00e0 d\u00e9faut, celui de l&rsquo;UFR de langues, ou m\u00eame le secr\u00e9tariat de la Pr\u00e9sidence pourront vous orienter en cas de probl\u00e8me majeur. Il vous est simplement demand\u00e9 de hi\u00e9rarchiser vos d\u00e9marches afin de ne pas alourdir inutilement les diff\u00e9rents services. Soyez-en remerci\u00e9(e)(s).<\/p>\n<p style=\"text-align: center\">Site : <a href=\"http:\/\/w3.espagnol.univ-tlse2.fr\/burgos\/\" target=\"_blank\">http:\/\/w3.espagnol.univ-tlse2.fr\/burgos\/<\/a><\/p>\n<p style=\"text-align: center\">T\u00e9l\u00e9phone du secr\u00e9tariat charg\u00e9 de Burgos :<br \/>\n+33 (0)5 61 50 43 46 (les lundi, mardi, jeudi).<br \/>\nFax : +33 (0)5 61 50 41 49.<br \/>\nSi ce t\u00e9l\u00e9phone ne r\u00e9pond pas essayez au<br \/>\n+33 (0)5 61 50 41 95.<\/p>\n<p style=\"text-align: center\">A d\u00e9faut et en cas d&rsquo;urgence : +33 (0)5 61 50 43 33.<\/p>\n<p>Attention aux cong\u00e9s universitaires \u00e0 compter du lundi de la derni\u00e8re semaine de juillet jusqu&rsquo;au lundi de la derni\u00e8re semaine d&rsquo;ao\u00fbt. Dans ce cas reportez-vous aux indications correspondant \u00e0 l&rsquo;\u00e9t\u00e9 (ci-dessous).<\/p>\n<p>Courriel :<br \/>\n<a href=\"m&#x61;&#x69;l&#116;&#x6f;:&#99;&#x75;&#x72;s&#x6f;&#x73;d&#101;&#x62;u&#114;&#x67;&#x6f;s&#x40;&#x75;n&#105;&#x76;-&#116;&#x6c;&#x73;e&#x32;&#x2e;f&#114;\">cursos&#100;&#101;&#98;&#x75;&#x72;&#x67;&#x6f;&#x73;&#x40;&#x75;niv-tls&#101;&#50;&#x2e;&#x66;&#x72;<\/a><\/p>\n<p>ou de mani\u00e8re tout \u00e0 fait exceptionnelle (panne sur la premi\u00e8re adresse) sauf l&rsquo;\u00e9t\u00e9:<br \/>\n<a href=\"ma&#105;&#x6c;&#x74;o:&#99;&#x75;&#x72;&#x73;os&#100;&#x65;&#x62;ur&#103;&#x6f;&#x73;&#x40;un&#105;&#x76;&#x2d;tl&#115;&#x65;&#x32;&#x2e;fr\">d&#x75;&#x76;i&#118;&#x69;&#x65;r&#64;&#x75;ni&#x76;&#x2d;t&#108;&#x73;e2&#x2e;&#x66;r<\/a><\/p>\n<p>&nbsp;<\/p>\n<p><strong>L&rsquo;\u00e9t\u00e9<\/strong><\/p>\n<p><strong><\/strong><br \/>\nEntre le 02 juillet et le 10 ao\u00fbt vous pouvez aussi nous joindre au secr\u00e9tariat des Cours qui se met en place, tous les ans, dans les premiers jours de juillet \u00e0 :<\/p>\n<p style=\"text-align: center\"><strong>Escuela Oficial de Idiomas<\/strong><br \/>\ncalle Batalla Villalar sin numero<br \/>\n09006 Burgos<br \/>\nSecr\u00e9tariat ouvert de 9h \u00e0 14h (du lundi au vendredi)<br \/>\nt\u00e9l\u00e9phone depuis la France : +00 34 947 244 340<br \/>\nou + 00 34 947 220 098<br \/>\nportable S1 : +00 34 6 53 14 88 27<br \/>\nportable S2 : +00 34 6 65 70 83 42<br \/>\nportable D : +00 34 6 58 47 22 31<br \/>\nCourriel :\u00a0<a href=\"&#x6d;&#x61;&#x69;&#x6c;&#x74;&#x6f;&#58;&#99;ursosd&#x65;&#x62;&#x75;&#x72;&#x67;&#x6f;&#115;&#64;univ-t&#x6c;&#x73;&#x65;&#x32;&#x2e;&#x66;&#114;\">&#x63;&#117;rs&#x6f;&#x73;de&#x62;&#x75;&#114;go&#x73;&#64;un&#x69;&#x76;&#45;t&#x6c;&#x73;&#101;2&#46;&#x66;&#x72;<\/a><\/p>\n<p><\/p>","protected":false},"excerpt":{"rendered":"<p>Toute l&rsquo;ann\u00e9e Les cours M\u00e9rim\u00e9e-De Sebastian sont organis\u00e9s depuis l&rsquo;origine par l&rsquo;Universit\u00e9 de Toulouse, aujourd&rsquo;hui Universit\u00e9 de Toulouse 2-Le Mirail. L&rsquo;organisation directe des cours ainsi que leur gestion entre dans le cadre des comp\u00e9tences du D\u00e9partement d&rsquo;espagnol de cette Universit\u00e9. Vous pouvez donc \u00e0 tout moment entrer en contact avec cette universit\u00e9 et son d\u00e9partement &hellip; <a href=\"https:\/\/blogs.univ-tlse2.fr\/burgos\/nous-contacter-liens-utiles\/\" class=\"more-link\">Continuer la lecture de <span class=\"screen-reader-text\">Nous contacter<\/span>  <span class=\"meta-nav\">&rarr;<\/span><\/a><\/p>\n","protected":false},"author":1,"featured_media":0,"parent":0,"menu_order":0,"comment_status":"closed","ping_status":"closed","template":"","meta":{"footnotes":""},"class_list":["post-21","page","type-page","status-publish","hentry"],"_links":{"self":[{"href":"https:\/\/blogs.univ-tlse2.fr\/burgos\/wp-json\/wp\/v2\/pages\/21","targetHints":{"allow":["GET"]}}],"collection":[{"href":"https:\/\/blogs.univ-tlse2.fr\/burgos\/wp-json\/wp\/v2\/pages"}],"about":[{"href":"https:\/\/blogs.univ-tlse2.fr\/burgos\/wp-json\/wp\/v2\/types\/page"}],"author":[{"embeddable":true,"href":"https:\/\/blogs.univ-tlse2.fr\/burgos\/wp-json\/wp\/v2\/users\/1"}],"replies":[{"embeddable":true,"href":"https:\/\/blogs.univ-tlse2.fr\/burgos\/wp-json\/wp\/v2\/comments?post=21"}],"version-history":[{"count":8,"href":"https:\/\/blogs.univ-tlse2.fr\/burgos\/wp-json\/wp\/v2\/pages\/21\/revisions"}],"predecessor-version":[{"id":139,"href":"https:\/\/blogs.univ-tlse2.fr\/burgos\/wp-json\/wp\/v2\/pages\/21\/revisions\/139"}],"wp:attachment":[{"href":"https:\/\/blogs.univ-tlse2.fr\/burgos\/wp-json\/wp\/v2\/media?parent=21"}],"curies":[{"name":"wp","href":"https:\/\/api.w.org\/{rel}","templated":true}]}}