 {"id":23,"date":"2014-03-14T15:16:50","date_gmt":"2014-03-14T14:16:50","guid":{"rendered":"https:\/\/blogs.univ-tlse2.fr\/burgos\/?page_id=23"},"modified":"2015-01-07T09:38:50","modified_gmt":"2015-01-07T08:38:50","slug":"publications","status":"publish","type":"page","link":"https:\/\/blogs.univ-tlse2.fr\/burgos\/publications\/","title":{"rendered":"Publications"},"content":{"rendered":"<p>&nbsp;<\/p>\n<p><big><big>Publications et expositions \u00a0<\/big><\/big><\/p>\n<div>LA SAGA DES MERIMEE : ERNEST, HENRI, PAUL :<br \/>\nLes articles n\u00e9crologiques permettent de suivre les \u00e9l\u00e9ments majeurs de la vie de cette lign\u00e9e d&rsquo;hispanistes directeurs des Cours d&rsquo;\u00e9t\u00e9 de Burgos. On trouvera sur le r\u00e9seau les notices de certaines de leurs publications, voire des publications fac-simil\u00e9s en ligne.<\/p>\n<p>Note de wikip\u00e9dia sur Ernest MERIMEE :<br \/>\n<a href=\"http:\/\/es.wikipedia.org\/wiki\/Ernest_M%C3%A9rim%C3%A9e\">http:\/\/es.wikipedia.org\/wiki\/Ernest_M%C3%A9rim%C3%A9e<\/a><\/p>\n<p>BIOGRAPHIE et VIE de Ernest M\u00e9rim\u00e9e :<br \/>\nGuy Henri, \u00ab\u00a0Ernest M\u00e9rim\u00e9e\u00a0\u00bb. In :\u00a0Bulletin hispanique. Tome 26, n\u00b03, 1924, pp. 265-272. Publi\u00e9 \u00e0 l&rsquo;occasion du d\u00e9c\u00e8s de E. M\u00e9rim\u00e9e en 1924.<br \/>\n<a href=\"http:\/\/www.persee.fr\/web\/revues\/home\/prescript\/article\/hispa_0007-4640_1924_num_26_3_2183\">http:\/\/www.persee.fr\/web\/revues\/home\/prescript\/article\/hispa_0007-4640_1924_num_26_3_2183<\/a><\/p>\n<p>Un hommage \u00e0 Ernest M\u00e9rim\u00e9e :<br \/>\nRen\u00e9 Valois, \u00ab\u00a0Un hommage \u00e0 Ernest M\u00e9rim\u00e9e\u00a0\u00bb. In :\u00a0Bulletin hispanique.\u00a0Tome 26, n\u00b03, 1924, pp. 273-275.<br \/>\n<a href=\"http:\/\/www.persee.fr\/web\/revues\/home\/prescript\/article\/hispa_0007-4640_1924_num_26_3_2185\">http:\/\/www.persee.fr\/web\/revues\/home\/prescript\/article\/hispa_0007-4640_1924_num_26_3_2185<\/a><\/p>\n<p>Henri M\u00e9rim\u00e9e :<\/p>\n<p>G. Boussagol, \u00ab\u00a0Henri M\u00e9rim\u00e9e\u00a0\u00bb. In :\u00a0Bulletin hispanique. Tome 29, n\u00b01, 1927, pp. 121-125.<br \/>\n<a href=\"http:\/\/www.persee.fr\/web\/revues\/home\/prescript\/article\/hispa_0007-4640_1927_num_29_1_2266\">http:\/\/www.persee.fr\/web\/revues\/home\/prescript\/article\/hispa_0007-4640_1927_num_29_1_2266<\/a><\/p>\n<p>[Anonyme], \u00ab\u00a0Une \u00ab\u00a0velada\u00a0\u00bb en l&rsquo;honneur d&rsquo;Henri M\u00e9rim\u00e9e. In :\u00a0Bulletin hispanique.\u00a0Tome 29, n\u00b04, 1927, pp. 413-420. Contient l&rsquo;hommage de Men\u00e9ndez Pidal.<br \/>\n<a href=\"http:\/\/www.persee.fr\/web\/revues\/home\/prescript\/article\/hispa_0007-4640_1927_num_29_4_2294\">http:\/\/www.persee.fr\/web\/revues\/home\/prescript\/article\/hispa_0007-4640_1927_num_29_4_2294<\/a><\/p>\n<p>Paul M\u00e9rim\u00e9e :<br \/>\nGeorges Baudot, \u00ab\u00a0In memoriam, Paul M\u00e9rim\u00e9e (1905-1989)\u00a0\u00bb. In :\u00a0Caravelle, n\u00b053, 1989, pp. 5-6.<br \/>\n<a href=\"http:\/\/www.persee.fr\/web\/revues\/home\/prescript\/article\/carav_1147-6753_1989_num_53_1_3077\">http:\/\/www.persee.fr\/web\/revues\/home\/prescript\/article\/carav_1147-6753_1989_num_53_1_3077<\/a><\/p>\n<p>A l&rsquo;occasion du d\u00e9part \u00e0 la retraite de Paul M\u00e9rim\u00e9e, um\u00e9ro sp\u00e9cial de la revueCaravelle, n\u00b027, 1976. Il contient entre autres articles :<br \/>\nGeorges Baudot, Yves-Ren\u00e9 Fonquerne, , \u00ab\u00a0Hommage \u00e0 Paul M\u00e9rim\u00e9\u00a0\u00bb,. In :Cahiers du monde hispanique et luso-br\u00e9silien, [Caravelle] n\u00b0 27, 1976, pp. 7-10<br \/>\n<a href=\"http:\/\/www.persee.fr\/web\/revues\/home\/prescript\/article\/carav_0008-0152_1976_num_27_1_2044\">http:\/\/www.persee.fr\/web\/revues\/home\/prescript\/article\/carav_0008-0152_1976_num_27_1_2044<\/a><\/p>\n<p>EXPOSITION :\u00a0<big>\u00ab\u00a0M\u00e9rim\u00e9e-De Sebasti\u00e1n. Cursos de Burgos\u00a0\u00bb Arco de Santa Maria\u00a0<\/big><br \/>\n21 juillet-24 ao\u00fbt 2008<\/p>\n<p>Organisation et coordination :\u00a0<big>Instituto Municipal de Cultura y Turismo del Ayuntamiento de Burgos.<\/big><\/p>\n<p>Montage :\u00a0<big>Instituto Municipal de Cultura y Turismo del Ayuntamiento de Burgos.<\/big><br \/>\nMaquette : Luis PORTILLA<\/p>\n<p>Commissaires de l&rsquo;exposition :<br \/>\nJuan Carlos PEREZ MANRIQUE<br \/>\nMaria Jos\u00e9 ZAPARAIN YA\u00d1EZ<\/p>\n<p>CATALOGUE DE L&rsquo;EXPOSITION :\u00a0<big>M\u00e9rim\u00e9e-De Sebasti\u00e1n 1908-2008 Francia y Espa\u00f1a : cien a\u00f1os de encuentro en Burgos con Toulouse<\/big>, Instituto Municipal de Cultura y Turismo del Ayuntamiento de Burgos, Burgos, 2008, 255 p. ISBN : 978-84-87876-62-2<\/p>\n<p>Textes de :<br \/>\nNathalie COURTIAL BASTIDE<br \/>\nAlberto C. IBA\u00d1EZ PEREZ<br \/>\nLena S. IGLESIAS ROUCO<br \/>\nM.A. MERIMEE-DOMAIN<br \/>\nIgnacio Javier de MIGUEL GALLO<br \/>\nJuan Carlos PEREZ MANRIQUE<br \/>\nIgnacio RUIZ VELEZ<br \/>\nMaria Jos\u00e9 ZAPARAIN YA\u00d1EZ<\/p><\/div>\n<p><\/p>","protected":false},"excerpt":{"rendered":"<p>&nbsp; Publications et expositions \u00a0 LA SAGA DES MERIMEE : ERNEST, HENRI, PAUL : Les articles n\u00e9crologiques permettent de suivre les \u00e9l\u00e9ments majeurs de la vie de cette lign\u00e9e d&rsquo;hispanistes directeurs des Cours d&rsquo;\u00e9t\u00e9 de Burgos. On trouvera sur le r\u00e9seau les notices de certaines de leurs publications, voire des publications fac-simil\u00e9s en ligne. Note &hellip; <a href=\"https:\/\/blogs.univ-tlse2.fr\/burgos\/publications\/\" class=\"more-link\">Continuer la lecture de <span class=\"screen-reader-text\">Publications<\/span>  <span class=\"meta-nav\">&rarr;<\/span><\/a><\/p>\n","protected":false},"author":1,"featured_media":0,"parent":0,"menu_order":0,"comment_status":"closed","ping_status":"closed","template":"","meta":{"footnotes":""},"class_list":["post-23","page","type-page","status-publish","hentry"],"_links":{"self":[{"href":"https:\/\/blogs.univ-tlse2.fr\/burgos\/wp-json\/wp\/v2\/pages\/23","targetHints":{"allow":["GET"]}}],"collection":[{"href":"https:\/\/blogs.univ-tlse2.fr\/burgos\/wp-json\/wp\/v2\/pages"}],"about":[{"href":"https:\/\/blogs.univ-tlse2.fr\/burgos\/wp-json\/wp\/v2\/types\/page"}],"author":[{"embeddable":true,"href":"https:\/\/blogs.univ-tlse2.fr\/burgos\/wp-json\/wp\/v2\/users\/1"}],"replies":[{"embeddable":true,"href":"https:\/\/blogs.univ-tlse2.fr\/burgos\/wp-json\/wp\/v2\/comments?post=23"}],"version-history":[{"count":3,"href":"https:\/\/blogs.univ-tlse2.fr\/burgos\/wp-json\/wp\/v2\/pages\/23\/revisions"}],"predecessor-version":[{"id":137,"href":"https:\/\/blogs.univ-tlse2.fr\/burgos\/wp-json\/wp\/v2\/pages\/23\/revisions\/137"}],"wp:attachment":[{"href":"https:\/\/blogs.univ-tlse2.fr\/burgos\/wp-json\/wp\/v2\/media?parent=23"}],"curies":[{"name":"wp","href":"https:\/\/api.w.org\/{rel}","templated":true}]}}