 {"id":49,"date":"2014-03-14T15:52:03","date_gmt":"2014-03-14T14:52:03","guid":{"rendered":"https:\/\/blogs.univ-tlse2.fr\/burgos\/?page_id=49"},"modified":"2015-01-07T09:39:21","modified_gmt":"2015-01-07T08:39:21","slug":"une-ville-agreable","status":"publish","type":"page","link":"https:\/\/blogs.univ-tlse2.fr\/burgos\/une-ville-agreable\/","title":{"rendered":"Une ville agr\u00e9able"},"content":{"rendered":"<p><strong>Une ville agr\u00e9able \u00e0 vivre et dynamique<\/strong><\/p>\n<p>Commer\u00e7ante et dynamique, Burgos a accueilli de nombreuses entreprises fran\u00e7aises dans les secteurs de la distribution et de l&rsquo;agroalimentaire (Carrefour, Auchan, D\u00e9cathlon), de l&rsquo;automobile qui compl\u00e8tent les secteurs traditionnels de la soie artificielle, du cellophane et du papier monnaie. Les vins de la Ribera del Duero, les sp\u00e9cialit\u00e9s ovines mais aussi les bars \u00e0 tapas et d&rsquo;autres animations rendent l&rsquo;\u00e9t\u00e9 particuli\u00e8rement agr\u00e9able autour de la cath\u00e9drale sans cesse \u00e0 d\u00e9couvrir, de la Plaza Mayor et de la Alameda toujours anim\u00e9es \u00e0 l&rsquo;heure du paseo. Burgos jouit d&rsquo;un climat surprenant puisque d&rsquo;ordinaire, m\u00eame en juillet et ao\u00fbt, les soir\u00e9es sont r\u00e9ellement fra\u00eeches.<br \/>\nLa ville aspire \u00e0 accro\u00eetre son rayonnement (Plan Strat\u00e9gique 2001-2015) fond\u00e9 notamment sur sa croissance d\u00e9mographique, sa situation de noeud de communications (autoroutes, train, avion), son dynamisme industriel, son patrimoine monumental et culturel compl\u00e9t\u00e9 par la proximit\u00e9 du site arch\u00e9ologique d&rsquo;Atapuerca (Mus\u00e9e de l&rsquo;Evolution humaine). Elle s&rsquo;est port\u00e9e candidate pour \u00eatre capitale culturelle de l&rsquo;Europe en 2016.<\/p>","protected":false},"excerpt":{"rendered":"<p>Une ville agr\u00e9able \u00e0 vivre et dynamique Commer\u00e7ante et dynamique, Burgos a accueilli de nombreuses entreprises fran\u00e7aises dans les secteurs de la distribution et de l&rsquo;agroalimentaire (Carrefour, Auchan, D\u00e9cathlon), de l&rsquo;automobile qui compl\u00e8tent les secteurs traditionnels de la soie artificielle, du cellophane et du papier monnaie. Les vins de la Ribera del Duero, les sp\u00e9cialit\u00e9s &hellip; <a href=\"https:\/\/blogs.univ-tlse2.fr\/burgos\/une-ville-agreable\/\" class=\"more-link\">Continuer la lecture de <span class=\"screen-reader-text\">Une ville agr\u00e9able<\/span>  <span class=\"meta-nav\">&rarr;<\/span><\/a><\/p>\n","protected":false},"author":1,"featured_media":0,"parent":0,"menu_order":0,"comment_status":"closed","ping_status":"closed","template":"","meta":{"footnotes":""},"class_list":["post-49","page","type-page","status-publish","hentry"],"_links":{"self":[{"href":"https:\/\/blogs.univ-tlse2.fr\/burgos\/wp-json\/wp\/v2\/pages\/49","targetHints":{"allow":["GET"]}}],"collection":[{"href":"https:\/\/blogs.univ-tlse2.fr\/burgos\/wp-json\/wp\/v2\/pages"}],"about":[{"href":"https:\/\/blogs.univ-tlse2.fr\/burgos\/wp-json\/wp\/v2\/types\/page"}],"author":[{"embeddable":true,"href":"https:\/\/blogs.univ-tlse2.fr\/burgos\/wp-json\/wp\/v2\/users\/1"}],"replies":[{"embeddable":true,"href":"https:\/\/blogs.univ-tlse2.fr\/burgos\/wp-json\/wp\/v2\/comments?post=49"}],"version-history":[{"count":1,"href":"https:\/\/blogs.univ-tlse2.fr\/burgos\/wp-json\/wp\/v2\/pages\/49\/revisions"}],"predecessor-version":[{"id":50,"href":"https:\/\/blogs.univ-tlse2.fr\/burgos\/wp-json\/wp\/v2\/pages\/49\/revisions\/50"}],"wp:attachment":[{"href":"https:\/\/blogs.univ-tlse2.fr\/burgos\/wp-json\/wp\/v2\/media?parent=49"}],"curies":[{"name":"wp","href":"https:\/\/api.w.org\/{rel}","templated":true}]}}