 {"id":69,"date":"2014-03-14T16:22:06","date_gmt":"2014-03-14T15:22:06","guid":{"rendered":"https:\/\/blogs.univ-tlse2.fr\/burgos\/?page_id=69"},"modified":"2015-01-07T09:35:01","modified_gmt":"2015-01-07T08:35:01","slug":"cours-excellence","status":"publish","type":"page","link":"https:\/\/blogs.univ-tlse2.fr\/burgos\/cours-excellence\/","title":{"rendered":"Cours Excellence"},"content":{"rendered":"<p><br \/>\n<a href=\"https:\/\/blogs.univ-tlse2.fr\/burgos\/files\/2014\/03\/Burgos_2010_538_Pueblo-visita.jpg\"><img loading=\"lazy\" decoding=\"async\" src=\"https:\/\/blogs.univ-tlse2.fr\/burgos\/files\/2014\/03\/Burgos_2010_538_Pueblo-visita-1024x576.jpg\" alt=\"Burgos_2010_538_Pueblo visita\" width=\"474\" height=\"266\" class=\"alignnone size-large wp-image-165\" srcset=\"https:\/\/blogs.univ-tlse2.fr\/burgos\/files\/2014\/03\/Burgos_2010_538_Pueblo-visita-1024x576.jpg 1024w, https:\/\/blogs.univ-tlse2.fr\/burgos\/files\/2014\/03\/Burgos_2010_538_Pueblo-visita-300x168.jpg 300w, https:\/\/blogs.univ-tlse2.fr\/burgos\/files\/2014\/03\/Burgos_2010_538_Pueblo-visita.jpg 1920w\" sizes=\"auto, (max-width: 474px) 100vw, 474px\" \/><\/a><\/p>\n<p><strong>Cours Excellence <\/strong><\/p>\n<p>Les Cours de Burgos aspirent \u00e0 la r\u00e9ussite des \u00e9tudiants qui y prennent part. Aussi les \u00e9tudiants en \u00e9chec auront-ils la possibilit\u00e9 de recevoir une formation renforc\u00e9e et adapt\u00e9e. Les \u00e9tudiants de bon et d&rsquo;excellent niveau auront l&rsquo;occasion d&rsquo;accro\u00eetre substantiellement leur comp\u00e9tence. <\/p>\n<p><a href=\"https:\/\/blogs.univ-tlse2.fr\/burgos\/files\/2014\/03\/Burgos_2009-178_clausura-diplomas.jpg\"><img loading=\"lazy\" decoding=\"async\" src=\"https:\/\/blogs.univ-tlse2.fr\/burgos\/files\/2014\/03\/Burgos_2009-178_clausura-diplomas-1024x768.jpg\" alt=\"Burgos_2009 178_clausura diplomas\" width=\"474\" height=\"355\" class=\"alignnone size-large wp-image-160\" srcset=\"https:\/\/blogs.univ-tlse2.fr\/burgos\/files\/2014\/03\/Burgos_2009-178_clausura-diplomas-1024x768.jpg 1024w, https:\/\/blogs.univ-tlse2.fr\/burgos\/files\/2014\/03\/Burgos_2009-178_clausura-diplomas-300x225.jpg 300w\" sizes=\"auto, (max-width: 474px) 100vw, 474px\" \/><\/a><\/p>\n<p>Ces s\u00e9quences consistent en heures de renforcement, en plus des enseignements fondamentaux du matin. Ils sont g\u00e9n\u00e9ralement donn\u00e9s l&rsquo;apr\u00e8s-midi sous la responsabilit\u00e9 d&rsquo;un enseignant voire d&rsquo;une petite \u00e9quipe qui adapte sa formation au petit groupe (maximum 10) qu&rsquo;il a sous sa responsabilit\u00e9. Ces s\u00e9quences sont particuli\u00e8rement adapt\u00e9es pour les kh\u00f4lles, les devoirs et tous travaux sp\u00e9cifiques encore plus individualis\u00e9s que les cours . <\/p>\n<p><a href=\"https:\/\/blogs.univ-tlse2.fr\/burgos\/files\/2014\/03\/Burgos_2009-132_bodega.jpg\"><img loading=\"lazy\" decoding=\"async\" src=\"https:\/\/blogs.univ-tlse2.fr\/burgos\/files\/2014\/03\/Burgos_2009-132_bodega-1024x768.jpg\" alt=\"Burgos_2009 132_bodega\" width=\"474\" height=\"355\" class=\"alignnone size-large wp-image-158\" srcset=\"https:\/\/blogs.univ-tlse2.fr\/burgos\/files\/2014\/03\/Burgos_2009-132_bodega-1024x768.jpg 1024w, https:\/\/blogs.univ-tlse2.fr\/burgos\/files\/2014\/03\/Burgos_2009-132_bodega-300x225.jpg 300w\" sizes=\"auto, (max-width: 474px) 100vw, 474px\" \/><\/a><\/p>","protected":false},"excerpt":{"rendered":"<p>Cours Excellence Les Cours de Burgos aspirent \u00e0 la r\u00e9ussite des \u00e9tudiants qui y prennent part. Aussi les \u00e9tudiants en \u00e9chec auront-ils la possibilit\u00e9 de recevoir une formation renforc\u00e9e et adapt\u00e9e. Les \u00e9tudiants de bon et d&rsquo;excellent niveau auront l&rsquo;occasion d&rsquo;accro\u00eetre substantiellement leur comp\u00e9tence. Ces s\u00e9quences consistent en heures de renforcement, en plus des enseignements &hellip; <a href=\"https:\/\/blogs.univ-tlse2.fr\/burgos\/cours-excellence\/\" class=\"more-link\">Continuer la lecture de <span class=\"screen-reader-text\">Cours Excellence<\/span>  <span class=\"meta-nav\">&rarr;<\/span><\/a><\/p>\n","protected":false},"author":1,"featured_media":0,"parent":0,"menu_order":0,"comment_status":"closed","ping_status":"closed","template":"","meta":{"footnotes":""},"class_list":["post-69","page","type-page","status-publish","hentry"],"_links":{"self":[{"href":"https:\/\/blogs.univ-tlse2.fr\/burgos\/wp-json\/wp\/v2\/pages\/69","targetHints":{"allow":["GET"]}}],"collection":[{"href":"https:\/\/blogs.univ-tlse2.fr\/burgos\/wp-json\/wp\/v2\/pages"}],"about":[{"href":"https:\/\/blogs.univ-tlse2.fr\/burgos\/wp-json\/wp\/v2\/types\/page"}],"author":[{"embeddable":true,"href":"https:\/\/blogs.univ-tlse2.fr\/burgos\/wp-json\/wp\/v2\/users\/1"}],"replies":[{"embeddable":true,"href":"https:\/\/blogs.univ-tlse2.fr\/burgos\/wp-json\/wp\/v2\/comments?post=69"}],"version-history":[{"count":6,"href":"https:\/\/blogs.univ-tlse2.fr\/burgos\/wp-json\/wp\/v2\/pages\/69\/revisions"}],"predecessor-version":[{"id":179,"href":"https:\/\/blogs.univ-tlse2.fr\/burgos\/wp-json\/wp\/v2\/pages\/69\/revisions\/179"}],"wp:attachment":[{"href":"https:\/\/blogs.univ-tlse2.fr\/burgos\/wp-json\/wp\/v2\/media?parent=69"}],"curies":[{"name":"wp","href":"https:\/\/api.w.org\/{rel}","templated":true}]}}