 {"id":78,"date":"2014-03-14T16:41:33","date_gmt":"2014-03-14T15:41:33","guid":{"rendered":"https:\/\/blogs.univ-tlse2.fr\/burgos\/?page_id=78"},"modified":"2015-01-07T09:37:34","modified_gmt":"2015-01-07T08:37:34","slug":"les-candidats-aux-concours","status":"publish","type":"page","link":"https:\/\/blogs.univ-tlse2.fr\/burgos\/les-candidats-aux-concours\/","title":{"rendered":"Les candidats aux concours"},"content":{"rendered":"<p><br \/>\n<a href=\"https:\/\/blogs.univ-tlse2.fr\/burgos\/files\/2014\/03\/EOI-clausura-DSC01460.jpg\"><img loading=\"lazy\" decoding=\"async\" src=\"https:\/\/blogs.univ-tlse2.fr\/burgos\/files\/2014\/03\/EOI-clausura-DSC01460-1024x768.jpg\" alt=\"EOI clausura DSC01460\" width=\"474\" height=\"355\" class=\"alignnone size-large wp-image-168\" srcset=\"https:\/\/blogs.univ-tlse2.fr\/burgos\/files\/2014\/03\/EOI-clausura-DSC01460-1024x768.jpg 1024w, https:\/\/blogs.univ-tlse2.fr\/burgos\/files\/2014\/03\/EOI-clausura-DSC01460-300x225.jpg 300w\" sizes=\"auto, (max-width: 474px) 100vw, 474px\" \/><\/a><\/p>\n<p><strong>Et\u00e9 2014 concours toujours<\/strong><\/p>\n<p>Trois types de concours sont pr\u00e9par\u00e9s : <strong>l&rsquo;agr\u00e9gation, le capes<\/strong>, les divers concours des classes pr\u00e9paratoires des lyc\u00e9es notamment <strong>HEC et \u00e9coles de commerce. Nous nous effor\u00e7ons de pr\u00e9parer, au plus pr\u00e8s, les programmes des concours mais nous devons r\u00e9unir le maximum d&rsquo;\u00e9tudiants. Lors de votre inscription, pr\u00e9cisez les concours auxquels vous souhaitez vous pr\u00e9senter<\/strong>.<br \/>\nAGREGATIONS. Les Cours de Burgos ont une <strong>tr\u00e8s longue exp\u00e9rience de pr\u00e9paration aux agr\u00e9gations<\/strong>. Il s&rsquo;agit d&rsquo;une formation d&rsquo;excellence, unique en \u00e9t\u00e9. Les intervenants sont des sp\u00e9cialistes des questions au programme. Ils viennent de toutes les Universit\u00e9s de France. Ils connaissent parfaitement le concours, souvent ils ont \u00e9t\u00e9 membres du jury ou ils le sont encore. Cette exigence de qualit\u00e9 entra\u00eene un co\u00fbt tr\u00e8s important qui impose un nombre minimum d&rsquo;inscrits. L&rsquo;\u00e9t\u00e9 2011, ce nombre \u00e9tait insuffisant. Le cours n&rsquo;a pas \u00e9t\u00e9 ouvert mais les \u00e9tudiants qui le souhaitaient sont venus et nous avons trouv\u00e9 une formule au mieux de leurs int\u00e9r\u00eats. M\u00eame chose pour 2012. <\/p>\n<p><em>En 2013, la crise a rendu impossible l&rsquo;accueil des agr\u00e9gatifs. Nous sommes les premiers \u00e0 le d\u00e9plorer et nous \u00e9tudions les conditions qui permettraient de retrouver les moyens d&rsquo;assurer cette pr\u00e9paration \u00e0 laquelle, avec  les \u00e9tudiants, nous sommes tr\u00e8s attach\u00e9s.<br \/>\nPour 2014 nous continuons \u00e0 esp\u00e9rer que le nombre d&rsquo;inscriptions permettra \u00e0 nouveau d&rsquo;ouvrir le groupe. Si vous \u00eates int\u00e9ress\u00e9 prenez contact au plus vite. En cas d&rsquo;impossibilit\u00e9 \u00e0 ouvrir le groupe nous essaierons de trouver une solution qui ne p\u00e9nalise pas les candidats. Cette r\u00e8gle est valable pour tous les groupes de concours aux m\u00e9tiers de l&rsquo;enseignement : agr\u00e9gations, diff\u00e9rents Capes. <\/em><\/p>\n<p><strong>CAPES. En 2011 et 2012, la pr\u00e9paration a \u00e9t\u00e9 jug\u00e9e extr\u00eamement utile par les \u00e9tudiants pr\u00e9sents. Ils en ont t\u00e9moign\u00e9. <\/strong>Jusqu&rsquo;en 2012, le concours du Capes externe a eu lieu en novembre soit deux mois apr\u00e8s la rentr\u00e9e. Les Cours de Burgos donnaient la possibilit\u00e9 de gagner un mois suppl\u00e9mentaire sur les deux \u00e0 trois mois de formation. En 2012, la r\u00e9forme a donn\u00e9 lieu \u00e0 deux sessions (novembre 2012, juin 2013) que rien ne laissait pr\u00e9sager en juillet 2012. Mais les \u00e9tudiants qui auront suivi nos cours de Burgos n&rsquo;auront \u00e9t\u00e9 que mieux form\u00e9s. <\/p>\n<p><em>En 2013, sans doute en raison des deux sessions, le nombre d&rsquo;inscrits \u00e9tait si faible que nous avons d\u00fb renoncer \u00e0 l&rsquo;ouverture de ce groupe ce qui a mis en p\u00e9ril l&rsquo;existence m\u00eame de l&rsquo;Universit\u00e9 d&rsquo;\u00e9t\u00e9 qui perdait une de ses raisons d&rsquo;\u00eatre.<\/em><br \/>\nNous esp\u00e9rons retrouver cet \u00e9t\u00e9 2014 la pr\u00e9sence des \u00e9tudiants de ce secteur. Que peuvent apporter les cours de l&rsquo;Universit\u00e9 d&rsquo;\u00e9t\u00e9 de l&rsquo;UTM aux nouveaux candidats aux m\u00e9tiers de l&rsquo;enseignement ? Le nouveau concours a lieu \u00e0 la fin du M1. Il est con\u00e7u de telle sorte que la formation de l&rsquo;\u00e9tudiant est consid\u00e9r\u00e9e comme acquise dans sa sp\u00e9cialit\u00e9, en l&rsquo;occurence, sa formation d&rsquo;hispaniste. Or, l&rsquo;exp\u00e9rience montre qu&rsquo;a l&rsquo;issue de la licence, la formation de l&rsquo;\u00e9tudiant est insuffisante. Et il n&rsquo;a plus qu&rsquo;une ann\u00e9e pour consolider ses connaissances. Les Cours ne retrouvent que mieux leur fonction. Les \u00e9tudiants doivent se pr\u00e9parer d\u00e8s l&rsquo;\u00e9t\u00e9 qui s\u00e9pare l&rsquo;obtention de la licence et l&rsquo;entr\u00e9e du M1, ann\u00e9e du concours. Ils recevront un compl\u00e9ment exigeant qui leur permettra de faire de point, d&rsquo;\u00e9valuer leur niveau en se confrontant \u00e0 d&rsquo;autres \u00e9tudiants venus d&rsquo;horizons diff\u00e9rents. Des enseignants hautement qualifi\u00e9s vous aideront et vous conseilleront.<br \/>\nNous maintenons la formule en renfor\u00e7ant la pr\u00e9paration \u00e0 l&rsquo;\u00e9crit. Attention, compte tenu de la densit\u00e9 des cours, une pr\u00e9sence sur 4 semaines est fortement recommand\u00e9e. Certaines universit\u00e9s ne peuvent mettre pas en place une formation, l&rsquo;Universit\u00e9 de Toulouse2-Le Mirail est une r\u00e9f\u00e9rence dans le domaine hispanique.<\/p>\n<p><strong>CAPES interne : face aux inqui\u00e9tudes des candidats qui nous contactent nous essayons de trouver des solutions. L\u00e0 aussi, il est n\u00e9cessaire de r\u00e9unir au moins une dizaine de candidats. Contactez-nous. <\/strong>Les Cours de Burgos de l&rsquo;Universit\u00e9 de Toulouse2-Le Mirail cherchent \u00e0 aider au maximum les \u00e9tudiants qui se sentiraient d\u00e9munis ou perdus face \u00e0 cette situation.<\/p>\n<p><strong>Concours HEC et \u00e9coles de commerce. <\/strong>Gros succ\u00e8s en 2011, un peu moins d&rsquo;\u00e9tudiants en 2012. Nous continuons \u00e0 croire fermement en cette fili\u00e8re de sorte que la formation sp\u00e9cifique \u00e0 ces concours <strong>est l&rsquo;objet de toute notre attention. Aidez-nous \u00e0 la faire conna\u00eetre<\/strong>. En 2012 le Groupe HEC nous a fait confiance dans le cadre de leur programme des cord\u00e9es de la r\u00e9ussite en nous confiant trois \u00e9tudiantes. En 2013, excellent groupe qui s&rsquo;est beaucoup investi. En 2014, la loi ESR renforce le caract\u00e8re post-bac des classes pr\u00e9paratoires. L&rsquo;Universit\u00e9 d&rsquo;\u00e9t\u00e9 permet de mixer exigence des pr\u00e9pas et savoirs universitaires. Les Cours pr\u00e9parent directement aux \u00e9preuves sp\u00e9cifiques : th\u00e8me et version litt\u00e9raires, th\u00e8me grammatical, composition en espagnol (essai, expression \u00e9crite, etc.). Nous revoyons r\u00e9guli\u00e8rement et annuellement ces formations afin qu&rsquo;elles donnent satisfaction. Les enseignants sont des <strong>professeurs de classes pr\u00e9paratoires tr\u00e8s exp\u00e9riment\u00e9s.<\/strong><br \/>\n<em>En 2014, nous envisageons de reproduire le sch\u00e9ma 2013 et d&rsquo;organiser la formation en deux sessions de 15 jours (15 jours en juillet, 15 jours en ao\u00fbt). Le tarif serait celui de la quinzaine. La d\u00e9cision sera prise avant la fin du mois de f\u00e9vrier 2014. <\/em>Quelques formations commencent \u00e0 ouvrir en Espagne sur le mod\u00e8le des Cours M\u00e9rim\u00e9e-De Sebastian et \u00e0 des prix bien sup\u00e9rieurs, pr\u00e9f\u00e9rez l&rsquo;original et l&rsquo;exp\u00e9rience. <strong>Nous offrons le meilleur rapport qualit\u00e9 \/prix.<\/strong><\/p>\n<p>Plus difficiles \u00e0 cerner les <strong>pr\u00e9parationnaires aux ENS, IEP<\/strong>. En 2012, nous avons renforc\u00e9 cette formation autour d&rsquo;un <strong>enseignant normalien<\/strong> et nous allons poursuivre. Sur la base de la formation \u00e0 la carte, ces \u00e9tudiants peuvent \u00e9galement suivre \u00e0 leur guise les enseignements de concours (Capes, agr\u00e9gation) s&rsquo;ils se destinent aux carri\u00e8res de l&rsquo;enseignement ou\/et les enseignements HEC en fonction de leur choix de carri\u00e8re. Dans les deux cas, ils sont confront\u00e9s \u00e0 des enseignements exigeants en langue et contenus.<\/p>\n<p><a href=\"https:\/\/blogs.univ-tlse2.fr\/burgos\/files\/2014\/03\/Burgos_2010_157_groupe-etudiantes.jpg\"><img loading=\"lazy\" decoding=\"async\" src=\"https:\/\/blogs.univ-tlse2.fr\/burgos\/files\/2014\/03\/Burgos_2010_157_groupe-etudiantes-1024x768.jpg\" alt=\"Burgos_2010_157_groupe etudiantes\" width=\"474\" height=\"355\" class=\"alignnone size-large wp-image-162\" srcset=\"https:\/\/blogs.univ-tlse2.fr\/burgos\/files\/2014\/03\/Burgos_2010_157_groupe-etudiantes-1024x768.jpg 1024w, https:\/\/blogs.univ-tlse2.fr\/burgos\/files\/2014\/03\/Burgos_2010_157_groupe-etudiantes-300x225.jpg 300w\" sizes=\"auto, (max-width: 474px) 100vw, 474px\" \/><\/a><\/p>","protected":false},"excerpt":{"rendered":"<p>Et\u00e9 2014 concours toujours Trois types de concours sont pr\u00e9par\u00e9s : l&rsquo;agr\u00e9gation, le capes, les divers concours des classes pr\u00e9paratoires des lyc\u00e9es notamment HEC et \u00e9coles de commerce. Nous nous effor\u00e7ons de pr\u00e9parer, au plus pr\u00e8s, les programmes des concours mais nous devons r\u00e9unir le maximum d&rsquo;\u00e9tudiants. Lors de votre inscription, pr\u00e9cisez les concours auxquels &hellip; <a href=\"https:\/\/blogs.univ-tlse2.fr\/burgos\/les-candidats-aux-concours\/\" class=\"more-link\">Continuer la lecture de <span class=\"screen-reader-text\">Les candidats aux concours<\/span>  <span class=\"meta-nav\">&rarr;<\/span><\/a><\/p>\n","protected":false},"author":1,"featured_media":0,"parent":0,"menu_order":0,"comment_status":"closed","ping_status":"closed","template":"","meta":{"footnotes":""},"class_list":["post-78","page","type-page","status-publish","hentry"],"_links":{"self":[{"href":"https:\/\/blogs.univ-tlse2.fr\/burgos\/wp-json\/wp\/v2\/pages\/78","targetHints":{"allow":["GET"]}}],"collection":[{"href":"https:\/\/blogs.univ-tlse2.fr\/burgos\/wp-json\/wp\/v2\/pages"}],"about":[{"href":"https:\/\/blogs.univ-tlse2.fr\/burgos\/wp-json\/wp\/v2\/types\/page"}],"author":[{"embeddable":true,"href":"https:\/\/blogs.univ-tlse2.fr\/burgos\/wp-json\/wp\/v2\/users\/1"}],"replies":[{"embeddable":true,"href":"https:\/\/blogs.univ-tlse2.fr\/burgos\/wp-json\/wp\/v2\/comments?post=78"}],"version-history":[{"count":3,"href":"https:\/\/blogs.univ-tlse2.fr\/burgos\/wp-json\/wp\/v2\/pages\/78\/revisions"}],"predecessor-version":[{"id":188,"href":"https:\/\/blogs.univ-tlse2.fr\/burgos\/wp-json\/wp\/v2\/pages\/78\/revisions\/188"}],"wp:attachment":[{"href":"https:\/\/blogs.univ-tlse2.fr\/burgos\/wp-json\/wp\/v2\/media?parent=78"}],"curies":[{"name":"wp","href":"https:\/\/api.w.org\/{rel}","templated":true}]}}