 {"id":80,"date":"2014-03-14T16:44:12","date_gmt":"2014-03-14T15:44:12","guid":{"rendered":"https:\/\/blogs.univ-tlse2.fr\/burgos\/?page_id=80"},"modified":"2015-01-07T09:37:18","modified_gmt":"2015-01-07T08:37:18","slug":"les-amateurs-de-culture","status":"publish","type":"page","link":"https:\/\/blogs.univ-tlse2.fr\/burgos\/les-amateurs-de-culture\/","title":{"rendered":"Les amateurs de culture"},"content":{"rendered":"<p><br \/>\n<a href=\"https:\/\/blogs.univ-tlse2.fr\/burgos\/files\/2014\/03\/Burgos_2010_285_Atapuerca-main.jpg\"><img loading=\"lazy\" decoding=\"async\" src=\"https:\/\/blogs.univ-tlse2.fr\/burgos\/files\/2014\/03\/Burgos_2010_285_Atapuerca-main-1024x768.jpg\" alt=\"Burgos_2010_285_Atapuerca main\" width=\"474\" height=\"355\" class=\"alignnone size-large wp-image-163\" srcset=\"https:\/\/blogs.univ-tlse2.fr\/burgos\/files\/2014\/03\/Burgos_2010_285_Atapuerca-main-1024x768.jpg 1024w, https:\/\/blogs.univ-tlse2.fr\/burgos\/files\/2014\/03\/Burgos_2010_285_Atapuerca-main-300x225.jpg 300w\" sizes=\"auto, (max-width: 474px) 100vw, 474px\" \/><\/a><\/p>\n<p><strong>Les amateurs de culture et de d\u00e9tente<\/strong><\/p>\n<p>Il n&rsquo;y a pas d&rsquo;\u00e2ge pour s&rsquo;int\u00e9resser \u00e0 la culture, aussi <strong>les cours \u00ab\u00a0M\u00e9rim\u00e9e-De Sebasti\u00e1n\u00a0\u00bb sont-ils en mesure d&rsquo;accueillir tous ceux et toutes celles qui souhaitent venir et revenir en Espagne, dans de tr\u00e8s bonnes conditions et en profitant d&rsquo;un soutien linguistique et culturel de premier plan. <\/strong><\/p>\n<p><a href=\"https:\/\/blogs.univ-tlse2.fr\/burgos\/files\/2014\/03\/Burgos_2009-079_Silos.jpg\"><img loading=\"lazy\" decoding=\"async\" src=\"https:\/\/blogs.univ-tlse2.fr\/burgos\/files\/2014\/03\/Burgos_2009-079_Silos-1024x768.jpg\" alt=\"Burgos_2009 079_Silos\" width=\"474\" height=\"355\" class=\"alignnone size-large wp-image-156\" srcset=\"https:\/\/blogs.univ-tlse2.fr\/burgos\/files\/2014\/03\/Burgos_2009-079_Silos-1024x768.jpg 1024w, https:\/\/blogs.univ-tlse2.fr\/burgos\/files\/2014\/03\/Burgos_2009-079_Silos-300x225.jpg 300w\" sizes=\"auto, (max-width: 474px) 100vw, 474px\" \/><\/a><\/p>\n<p>Outre les cours dispens\u00e9s le \u00ab\u00a0matin\u00a0\u00bb de 9 h \u00e0 14h, des sorties culturelles sont int\u00e9gr\u00e9es deux \u00e0 trois jours par semaine \u00e0 la formation. De sorte que les cours \u00ab\u00a0M\u00e9rim\u00e9e-De Sebasti\u00e1n\u00a0\u00bb permettent de v\u00e9ritables s\u00e9jours de d\u00e9couverte de une \u00e0 quatre semaines \u00e0 des niveaux de qualit\u00e9 et \u00e0 des prix que des agences de voyage ne pourraient concurrencer. Comparez et vous verrez.<\/p>\n<p><a href=\"https:\/\/blogs.univ-tlse2.fr\/burgos\/files\/2014\/03\/Burgos_2009-035_excur_Arlanza.jpg\"><img loading=\"lazy\" decoding=\"async\" src=\"https:\/\/blogs.univ-tlse2.fr\/burgos\/files\/2014\/03\/Burgos_2009-035_excur_Arlanza-1024x768.jpg\" alt=\"Burgos_2009 035_excur_Arlanza\" width=\"474\" height=\"355\" class=\"alignnone size-large wp-image-153\" srcset=\"https:\/\/blogs.univ-tlse2.fr\/burgos\/files\/2014\/03\/Burgos_2009-035_excur_Arlanza-1024x768.jpg 1024w, https:\/\/blogs.univ-tlse2.fr\/burgos\/files\/2014\/03\/Burgos_2009-035_excur_Arlanza-300x225.jpg 300w\" sizes=\"auto, (max-width: 474px) 100vw, 474px\" \/><\/a><\/p>\n<p>Les activit\u00e9s culturelles se font sous la responsabilit\u00e9 d&rsquo;un sp\u00e9cialiste local du patrimoine, g\u00e9n\u00e9ralement un enseignant d&rsquo;histoire de l&rsquo;art. Le s\u00e9rieux s&rsquo;allie \u00e0 la convivialit\u00e9, une fa\u00e7on originale et joyeuse de retrouver les fondamentaux de l&rsquo;Espagne. Vous pouvez venir en groupe ou cr\u00e9er un groupe sur place. De toutes les fa\u00e7ons les Cours d&rsquo;\u00e9t\u00e9 \u00ab\u00a0M\u00e9rim\u00e9e-De Sebastian\u00a0\u00bb sont aussi un espace et un temps de d\u00e9tente.<\/p>\n<p><a href=\"https:\/\/blogs.univ-tlse2.fr\/burgos\/files\/2014\/03\/Burgos_2009-042_excur_grupo.jpg\"><img loading=\"lazy\" decoding=\"async\" src=\"https:\/\/blogs.univ-tlse2.fr\/burgos\/files\/2014\/03\/Burgos_2009-042_excur_grupo-1024x768.jpg\" alt=\"Burgos_2009 042_excur_grupo\" width=\"474\" height=\"355\" class=\"alignnone size-large wp-image-155\" srcset=\"https:\/\/blogs.univ-tlse2.fr\/burgos\/files\/2014\/03\/Burgos_2009-042_excur_grupo-1024x768.jpg 1024w, https:\/\/blogs.univ-tlse2.fr\/burgos\/files\/2014\/03\/Burgos_2009-042_excur_grupo-300x225.jpg 300w\" sizes=\"auto, (max-width: 474px) 100vw, 474px\" \/><\/a><\/p>\n<p><a href=\"https:\/\/blogs.univ-tlse2.fr\/burgos\/files\/2014\/03\/Burgos_2009-106_pique-nique.jpg\"><img loading=\"lazy\" decoding=\"async\" src=\"https:\/\/blogs.univ-tlse2.fr\/burgos\/files\/2014\/03\/Burgos_2009-106_pique-nique-1024x768.jpg\" alt=\"Burgos_2009 106_pique nique\" width=\"474\" height=\"355\" class=\"alignnone size-large wp-image-157\" srcset=\"https:\/\/blogs.univ-tlse2.fr\/burgos\/files\/2014\/03\/Burgos_2009-106_pique-nique-1024x768.jpg 1024w, https:\/\/blogs.univ-tlse2.fr\/burgos\/files\/2014\/03\/Burgos_2009-106_pique-nique-300x225.jpg 300w\" sizes=\"auto, (max-width: 474px) 100vw, 474px\" \/><\/a><\/p>\n<p><\/p>","protected":false},"excerpt":{"rendered":"<p>Les amateurs de culture et de d\u00e9tente Il n&rsquo;y a pas d&rsquo;\u00e2ge pour s&rsquo;int\u00e9resser \u00e0 la culture, aussi les cours \u00ab\u00a0M\u00e9rim\u00e9e-De Sebasti\u00e1n\u00a0\u00bb sont-ils en mesure d&rsquo;accueillir tous ceux et toutes celles qui souhaitent venir et revenir en Espagne, dans de tr\u00e8s bonnes conditions et en profitant d&rsquo;un soutien linguistique et culturel de premier plan. Outre &hellip; <a href=\"https:\/\/blogs.univ-tlse2.fr\/burgos\/les-amateurs-de-culture\/\" class=\"more-link\">Continuer la lecture de <span class=\"screen-reader-text\">Les amateurs de culture<\/span>  <span class=\"meta-nav\">&rarr;<\/span><\/a><\/p>\n","protected":false},"author":1,"featured_media":0,"parent":0,"menu_order":0,"comment_status":"closed","ping_status":"closed","template":"","meta":{"footnotes":""},"class_list":["post-80","page","type-page","status-publish","hentry"],"_links":{"self":[{"href":"https:\/\/blogs.univ-tlse2.fr\/burgos\/wp-json\/wp\/v2\/pages\/80","targetHints":{"allow":["GET"]}}],"collection":[{"href":"https:\/\/blogs.univ-tlse2.fr\/burgos\/wp-json\/wp\/v2\/pages"}],"about":[{"href":"https:\/\/blogs.univ-tlse2.fr\/burgos\/wp-json\/wp\/v2\/types\/page"}],"author":[{"embeddable":true,"href":"https:\/\/blogs.univ-tlse2.fr\/burgos\/wp-json\/wp\/v2\/users\/1"}],"replies":[{"embeddable":true,"href":"https:\/\/blogs.univ-tlse2.fr\/burgos\/wp-json\/wp\/v2\/comments?post=80"}],"version-history":[{"count":5,"href":"https:\/\/blogs.univ-tlse2.fr\/burgos\/wp-json\/wp\/v2\/pages\/80\/revisions"}],"predecessor-version":[{"id":189,"href":"https:\/\/blogs.univ-tlse2.fr\/burgos\/wp-json\/wp\/v2\/pages\/80\/revisions\/189"}],"wp:attachment":[{"href":"https:\/\/blogs.univ-tlse2.fr\/burgos\/wp-json\/wp\/v2\/media?parent=80"}],"curies":[{"name":"wp","href":"https:\/\/api.w.org\/{rel}","templated":true}]}}