 {"id":9,"date":"2014-03-14T15:11:55","date_gmt":"2014-03-14T14:11:55","guid":{"rendered":"https:\/\/blogs.univ-tlse2.fr\/burgos\/?page_id=9"},"modified":"2015-01-06T09:17:11","modified_gmt":"2015-01-06T08:17:11","slug":"historique","status":"publish","type":"page","link":"https:\/\/blogs.univ-tlse2.fr\/burgos\/historique\/","title":{"rendered":"Historique"},"content":{"rendered":"<p><strong>Les Cours de Burgos sont les premiers cours d&rsquo;\u00e9t\u00e9 internationaux de la P\u00e9ninsule ib\u00e9rique <\/strong><\/p>\n<p>En 1886, fut cr\u00e9\u00e9e \u00e0 l&rsquo;Universit\u00e9 de Toulouse la premi\u00e8re chaire fran\u00e7aise de langue et litt\u00e9rature espagnoles. C&rsquo;est le d\u00e9but de l&rsquo;hispanisme universitaire fran\u00e7ais. Ernest M\u00e9rim\u00e9e fut le premier titulaire de cette premi\u00e8re chaire. En 1908, li\u00e9 d&rsquo;amiti\u00e9 avec don Rodrigo de Sebasti\u00e1n, professeur \u00e0 l&rsquo;<a href=\"http:\/\/www.lopezdemendoza.es\/\" target=\"_blank\">Instituto Cardenal L\u00f3pez de Mendoza<\/a> de Burgos, ils fond\u00e8rent en 1908 les premiers cours d&rsquo;\u00e9t\u00e9 internationaux. On pourra consulter la <a href=\"http:\/\/www.lopezdemendoza.es\/\" target=\"_blank\">Galer\u00eda de im\u00e1genes<\/a> sur le site de ce prestigieux lyc\u00e9e burgalais o\u00f9 appara\u00eet la plaque comm\u00e9rative  de la cr\u00e9ation \u00ab\u00a0del Curso hispano-franc\u00e9s de Burgos\u00a0\u00bb. Leur Centenaire fut c\u00e9l\u00e9br\u00e9 en 2008 et il donna lieu \u00e0 une publication (voir page correspondante).<br \/>\nBas\u00e9s sur les \u00e9changes franco-espagnols et destin\u00e9s aux publics des deux pays, ces Cours offrent, d\u00e8s l&rsquo;origine, des formations en espagnol et en fran\u00e7ais. Avec le temps des enseignements d&rsquo;anglais, d&rsquo;allemand et d&rsquo;italien sont venus compl\u00e9ter l&rsquo;ensemble.<br \/>\nL&rsquo;existence de ces cours tient essentiellement \u00e0 l&rsquo;obstination de ses partenaires, de ceux qui les animent et des \u00e9tudiants qui les fr\u00e9quentent. Au bout d&rsquo;un si\u00e8cle on peut les consid\u00e9rer comme un petit bijou des \u00e9changes franco-espagnols, une sorte de r\u00e9table du XX\u00e8 si\u00e8cle. <\/p>","protected":false},"excerpt":{"rendered":"<p>Les Cours de Burgos sont les premiers cours d&rsquo;\u00e9t\u00e9 internationaux de la P\u00e9ninsule ib\u00e9rique En 1886, fut cr\u00e9\u00e9e \u00e0 l&rsquo;Universit\u00e9 de Toulouse la premi\u00e8re chaire fran\u00e7aise de langue et litt\u00e9rature espagnoles. C&rsquo;est le d\u00e9but de l&rsquo;hispanisme universitaire fran\u00e7ais. Ernest M\u00e9rim\u00e9e fut le premier titulaire de cette premi\u00e8re chaire. En 1908, li\u00e9 d&rsquo;amiti\u00e9 avec don Rodrigo &hellip; <a href=\"https:\/\/blogs.univ-tlse2.fr\/burgos\/historique\/\" class=\"more-link\">Continuer la lecture de <span class=\"screen-reader-text\">Historique<\/span>  <span class=\"meta-nav\">&rarr;<\/span><\/a><\/p>\n","protected":false},"author":1,"featured_media":0,"parent":0,"menu_order":0,"comment_status":"closed","ping_status":"closed","template":"","meta":{"footnotes":""},"class_list":["post-9","page","type-page","status-publish","hentry"],"_links":{"self":[{"href":"https:\/\/blogs.univ-tlse2.fr\/burgos\/wp-json\/wp\/v2\/pages\/9","targetHints":{"allow":["GET"]}}],"collection":[{"href":"https:\/\/blogs.univ-tlse2.fr\/burgos\/wp-json\/wp\/v2\/pages"}],"about":[{"href":"https:\/\/blogs.univ-tlse2.fr\/burgos\/wp-json\/wp\/v2\/types\/page"}],"author":[{"embeddable":true,"href":"https:\/\/blogs.univ-tlse2.fr\/burgos\/wp-json\/wp\/v2\/users\/1"}],"replies":[{"embeddable":true,"href":"https:\/\/blogs.univ-tlse2.fr\/burgos\/wp-json\/wp\/v2\/comments?post=9"}],"version-history":[{"count":2,"href":"https:\/\/blogs.univ-tlse2.fr\/burgos\/wp-json\/wp\/v2\/pages\/9\/revisions"}],"predecessor-version":[{"id":73,"href":"https:\/\/blogs.univ-tlse2.fr\/burgos\/wp-json\/wp\/v2\/pages\/9\/revisions\/73"}],"wp:attachment":[{"href":"https:\/\/blogs.univ-tlse2.fr\/burgos\/wp-json\/wp\/v2\/media?parent=9"}],"curies":[{"name":"wp","href":"https:\/\/api.w.org\/{rel}","templated":true}]}}