 {"id":99,"date":"2014-03-18T14:18:30","date_gmt":"2014-03-18T13:18:30","guid":{"rendered":"https:\/\/blogs.univ-tlse2.fr\/burgos\/?page_id=99"},"modified":"2015-01-07T09:35:24","modified_gmt":"2015-01-07T08:35:24","slug":"cours","status":"publish","type":"page","link":"https:\/\/blogs.univ-tlse2.fr\/burgos\/cours\/","title":{"rendered":"Cours"},"content":{"rendered":"<p><br \/>\n<a href=\"https:\/\/blogs.univ-tlse2.fr\/burgos\/files\/2014\/03\/2011_inaug_Codon_DSC01245.jpg\"><img loading=\"lazy\" decoding=\"async\" src=\"https:\/\/blogs.univ-tlse2.fr\/burgos\/files\/2014\/03\/2011_inaug_Codon_DSC01245-1024x576.jpg\" alt=\"2011_inaug_Codon_DSC01245\" width=\"474\" height=\"266\" class=\"alignnone size-large wp-image-216\" srcset=\"https:\/\/blogs.univ-tlse2.fr\/burgos\/files\/2014\/03\/2011_inaug_Codon_DSC01245-1024x576.jpg 1024w, https:\/\/blogs.univ-tlse2.fr\/burgos\/files\/2014\/03\/2011_inaug_Codon_DSC01245-300x168.jpg 300w, https:\/\/blogs.univ-tlse2.fr\/burgos\/files\/2014\/03\/2011_inaug_Codon_DSC01245.jpg 1920w\" sizes=\"auto, (max-width: 474px) 100vw, 474px\" \/><\/a><\/p>\n<p><strong>Cours hors HEC\u00a0<\/strong>(mis \u00e0 jour\u00a0 17 jan. 2014. Validation CA du 14 jan. 2014)<\/p>\n<table border=\"1\" cellspacing=\"2\" cellpadding=\"2\">\n<tbody>\n<tr>\n<td><big>Semaines<\/big><\/td>\n<td><big>Prix 1\u00e8re inscription<\/big><\/td>\n<td><big>Prix de r\u00e9inscription ou boursiers*<\/big><\/td>\n<td><big>Renforcement \u00ab\u00a0Excellence\u00a0\u00bb<\/big><\/td>\n<\/tr>\n<tr>\n<td><big><big>4<\/big><\/big><\/td>\n<td><big><big>430 \u20ac<\/big><\/big><\/td>\n<td><big><big>385 \u20ac<\/big><\/big><\/td>\n<td><big><big>150 \u20ac<\/big><\/big><\/td>\n<\/tr>\n<tr>\n<td><big><big>3<\/big><\/big><\/td>\n<td><big><big>390 \u20ac<\/big><\/big><\/td>\n<td><big><big>355 \u20ac<\/big><\/big><\/td>\n<td><big><big>150 \u20ac<\/big><\/big><\/td>\n<\/tr>\n<tr>\n<td><big><big>2<\/big><\/big><\/td>\n<td><big><big>325 \u20ac<\/big><\/big><\/td>\n<td><big><big>295 \u20ac<\/big><\/big><\/td>\n<td><big><big>150 \u20ac<\/big><\/big><\/td>\n<\/tr>\n<tr>\n<td><big><big>1<\/big><\/big><\/td>\n<td><big><big>255 \u20ac<\/big><\/big><\/td>\n<td><big><big>235 \u20ac<\/big><\/big><\/td>\n<td>Non garanti pour une semaine.<\/td>\n<\/tr>\n<\/tbody>\n<\/table>\n<p><strong>Cours\u00a0HEC<\/strong>\u00a0(mis \u00e0 jour\u00a0 17 jan. 2014. Validation CA du 14 jan. 2014)<\/p>\n<table border=\"1\" cellspacing=\"2\" cellpadding=\"2\">\n<tbody>\n<tr>\n<td><big>Semaines<\/big><\/td>\n<td><big>Prix 1\u00e8re inscription<\/big><\/td>\n<td><big>Prix de r\u00e9inscription ou boursiers*<\/big><\/td>\n<td><big>Renforcement \u00ab\u00a0Excellence\u00a0\u00bb<\/big><\/td>\n<\/tr>\n<tr>\n<td><big><big>4<\/big><\/big><\/td>\n<td><big><big>650 \u20ac<\/big><\/big><\/td>\n<td><big><big>590 \u20ac<\/big><\/big><\/td>\n<td><big><big>150 \u20ac<\/big><\/big><\/td>\n<\/tr>\n<tr>\n<td><big><big>3<\/big><\/big><\/td>\n<td><big><big>550 \u20ac<\/big><\/big><\/td>\n<td><big><big>500 \u20ac<\/big><\/big><\/td>\n<td><big><big>150 \u20ac<\/big><\/big><\/td>\n<\/tr>\n<tr>\n<td><big><big>2<\/big><\/big><\/td>\n<td><big><big>450 \u20ac<\/big><\/big><\/td>\n<td><big><big>410 \u20ac<\/big><\/big><\/td>\n<td><big><big>150 \u20ac<\/big><\/big><\/td>\n<\/tr>\n<tr>\n<td><big><big>1<\/big><\/big><\/td>\n<td><big><big>350 \u20ac<\/big><\/big><\/td>\n<td><big><big>320 \u20ac<\/big><\/big><\/td>\n<td>Non garanti pour une semaine.<\/td>\n<\/tr>\n<\/tbody>\n<\/table>\n<div>\n<p><strong>Prix de r\u00e9inscription ou boursiers<\/strong>\u00a0: l&rsquo;exp\u00e9rience prouve que la formation est aussi affaire de temps. Afin de fid\u00e9liser les \u00e9tudiants nous proposons un prix plus avantageux \u00e0 ceux qui sont d\u00e9j\u00e0 venus. Par ailleurs, les Cours de Burgos souhaitent prendre en compte la situation des \u00e9tudiants boursiers. Joindre \u00e0 la fiche d&rsquo;inscription un document prouvant l&rsquo;inscription ant\u00e9rieure. Joindre \u00e0 la fiche d&rsquo;inscription la notification de bourse.<\/p>\n<p><strong>Le renforcement (ou formation d'\u00a0\u00bbExcellence\u00a0\u00bb)<\/strong>\u00a0comprend 10h d&rsquo;enseignement non s\u00e9cables sp\u00e9cifiques \u00e0 la pr\u00e9paration aux concours (oraux, \u00e9valuations, kh\u00f4lles, cours sp\u00e9ciaux, suivi de master, suivi de stage, etc.). Chaque s\u00e9quence dure 1h30. Il peut y avoir 2 s\u00e9quences par apr\u00e8s midi \u00e0 partir de 16h ou de 17h. Il faut donc rester minimum deux semaines pour pouvoir suivre les 10h. Le groupe sera ouvert si le nombre d&rsquo;inscriptions est suffisant (minimum 6).<\/p>\n<p><strong>Des frais fixes (50 \u20ac)<\/strong>\u00a0s&rsquo;appliquent lors de toute demande de remboursement jusqu&rsquo;\u00e0 15 jours suivis avant le d\u00e9but des cours.<br \/>\nLorsque la demande de remboursement parvient au secr\u00e9tariat du d\u00e9partement d&rsquo;espagnol ou au secr\u00e9tariat de Burgos moins de 15 jours suivis avant le d\u00e9but des cours, il sera appliqu\u00e9 une retenue de 25% du prix de l&rsquo;inscription corrrespondante. Les retenues ne sont pas cumulables.<\/p>\n<p><a href=\"https:\/\/blogs.univ-tlse2.fr\/burgos\/files\/2014\/03\/Burgos_2009-004_inaug_trib2.jpg\"><img loading=\"lazy\" decoding=\"async\" src=\"https:\/\/blogs.univ-tlse2.fr\/burgos\/files\/2014\/03\/Burgos_2009-004_inaug_trib2-1024x768.jpg\" alt=\"Burgos_2009 004_inaug_trib2\" width=\"474\" height=\"355\" class=\"alignnone size-large wp-image-217\" srcset=\"https:\/\/blogs.univ-tlse2.fr\/burgos\/files\/2014\/03\/Burgos_2009-004_inaug_trib2-1024x768.jpg 1024w, https:\/\/blogs.univ-tlse2.fr\/burgos\/files\/2014\/03\/Burgos_2009-004_inaug_trib2-300x225.jpg 300w\" sizes=\"auto, (max-width: 474px) 100vw, 474px\" \/><\/a><\/p>\n<p><\/p>","protected":false},"excerpt":{"rendered":"<p>Cours hors HEC\u00a0(mis \u00e0 jour\u00a0 17 jan. 2014. Validation CA du 14 jan. 2014) Semaines Prix 1\u00e8re inscription Prix de r\u00e9inscription ou boursiers* Renforcement \u00ab\u00a0Excellence\u00a0\u00bb 4 430 \u20ac 385 \u20ac 150 \u20ac 3 390 \u20ac 355 \u20ac 150 \u20ac 2 325 \u20ac 295 \u20ac 150 \u20ac 1 255 \u20ac 235 \u20ac Non garanti pour une &hellip; <a href=\"https:\/\/blogs.univ-tlse2.fr\/burgos\/cours\/\" class=\"more-link\">Continuer la lecture de <span class=\"screen-reader-text\">Cours<\/span>  <span class=\"meta-nav\">&rarr;<\/span><\/a><\/p>\n","protected":false},"author":233,"featured_media":0,"parent":0,"menu_order":0,"comment_status":"closed","ping_status":"closed","template":"","meta":{"footnotes":""},"class_list":["post-99","page","type-page","status-publish","hentry"],"_links":{"self":[{"href":"https:\/\/blogs.univ-tlse2.fr\/burgos\/wp-json\/wp\/v2\/pages\/99","targetHints":{"allow":["GET"]}}],"collection":[{"href":"https:\/\/blogs.univ-tlse2.fr\/burgos\/wp-json\/wp\/v2\/pages"}],"about":[{"href":"https:\/\/blogs.univ-tlse2.fr\/burgos\/wp-json\/wp\/v2\/types\/page"}],"author":[{"embeddable":true,"href":"https:\/\/blogs.univ-tlse2.fr\/burgos\/wp-json\/wp\/v2\/users\/233"}],"replies":[{"embeddable":true,"href":"https:\/\/blogs.univ-tlse2.fr\/burgos\/wp-json\/wp\/v2\/comments?post=99"}],"version-history":[{"count":5,"href":"https:\/\/blogs.univ-tlse2.fr\/burgos\/wp-json\/wp\/v2\/pages\/99\/revisions"}],"predecessor-version":[{"id":101,"href":"https:\/\/blogs.univ-tlse2.fr\/burgos\/wp-json\/wp\/v2\/pages\/99\/revisions\/101"}],"wp:attachment":[{"href":"https:\/\/blogs.univ-tlse2.fr\/burgos\/wp-json\/wp\/v2\/media?parent=99"}],"curies":[{"name":"wp","href":"https:\/\/api.w.org\/{rel}","templated":true}]}}