 {"id":215,"date":"2025-03-19T10:29:07","date_gmt":"2025-03-19T09:29:07","guid":{"rendered":"https:\/\/blogs.univ-tlse2.fr\/carrieres-sociales-figeac\/?page_id=215"},"modified":"2025-03-19T10:29:07","modified_gmt":"2025-03-19T09:29:07","slug":"accompagnement-parcoursup","status":"publish","type":"page","link":"https:\/\/blogs.univ-tlse2.fr\/carrieres-sociales-figeac\/accompagnement-parcoursup\/","title":{"rendered":"Accompagnement Parcoursup"},"content":{"rendered":"\n<p>Les candidates et candidats au BUT Carri\u00e8res Sociales, parcours Education sp\u00e9cialis\u00e9e peuvent, \u00e0 leur demande, \u00eatre mis en relation avec des \u00e9tudiante ou \u00e9tudiants de la fili\u00e8re. Envoyez votre demande \u00e0 <a>&#x63;&#x73;&#x2e;&#x66;&#x69;&#x67;&#x65;&#x61;&#x63;&#x40;&#x75;&#x6e;&#x69;&#x76;&#x2d;&#x74;&#x6c;&#x73;&#x65;&#x32;&#x2e;&#x66;&#x72;<\/a><\/p>\n\n\n\n<p><\/p>\n","protected":false},"excerpt":{"rendered":"<p>Les candidates et candidats au BUT Carri\u00e8res Sociales, parcours Education sp\u00e9cialis\u00e9e peuvent, \u00e0 leur demande, \u00eatre mis en relation avec des \u00e9tudiante ou \u00e9tudiants de la fili\u00e8re. Envoyez votre demande \u00e0 cs&#46;&#x66;&#x69;gea&#99;&#x40;&#x75;niv&#45;&#x74;&#x6c;se&#50;&#x2e;&#x66;&#x72;<\/p>\n","protected":false},"author":1428,"featured_media":0,"parent":0,"menu_order":0,"comment_status":"closed","ping_status":"closed","template":"","meta":{"footnotes":""},"class_list":["post-215","page","type-page","status-publish","hentry","post-preview"],"_links":{"self":[{"href":"https:\/\/blogs.univ-tlse2.fr\/carrieres-sociales-figeac\/wp-json\/wp\/v2\/pages\/215","targetHints":{"allow":["GET"]}}],"collection":[{"href":"https:\/\/blogs.univ-tlse2.fr\/carrieres-sociales-figeac\/wp-json\/wp\/v2\/pages"}],"about":[{"href":"https:\/\/blogs.univ-tlse2.fr\/carrieres-sociales-figeac\/wp-json\/wp\/v2\/types\/page"}],"author":[{"embeddable":true,"href":"https:\/\/blogs.univ-tlse2.fr\/carrieres-sociales-figeac\/wp-json\/wp\/v2\/users\/1428"}],"replies":[{"embeddable":true,"href":"https:\/\/blogs.univ-tlse2.fr\/carrieres-sociales-figeac\/wp-json\/wp\/v2\/comments?post=215"}],"version-history":[{"count":1,"href":"https:\/\/blogs.univ-tlse2.fr\/carrieres-sociales-figeac\/wp-json\/wp\/v2\/pages\/215\/revisions"}],"predecessor-version":[{"id":216,"href":"https:\/\/blogs.univ-tlse2.fr\/carrieres-sociales-figeac\/wp-json\/wp\/v2\/pages\/215\/revisions\/216"}],"wp:attachment":[{"href":"https:\/\/blogs.univ-tlse2.fr\/carrieres-sociales-figeac\/wp-json\/wp\/v2\/media?parent=215"}],"curies":[{"name":"wp","href":"https:\/\/api.w.org\/{rel}","templated":true}]}}