 {"id":22,"date":"2024-05-12T08:23:27","date_gmt":"2024-05-12T06:23:27","guid":{"rendered":"https:\/\/blogs.univ-tlse2.fr\/carrieres-sociales-figeac\/?page_id=22"},"modified":"2025-01-12T11:02:30","modified_gmt":"2025-01-12T10:02:30","slug":"international","status":"publish","type":"page","link":"https:\/\/blogs.univ-tlse2.fr\/carrieres-sociales-figeac\/international\/","title":{"rendered":"International"},"content":{"rendered":"\n<p>En Finlande, novembre 2025<\/p>\n\n\n\n<figure class=\"wp-block-gallery has-nested-images columns-default is-cropped wp-block-gallery-1 is-layout-flex wp-block-gallery-is-layout-flex\">\n<figure class=\"wp-block-image size-large\"><img loading=\"lazy\" decoding=\"async\" width=\"768\" height=\"1024\" data-id=\"171\" src=\"https:\/\/blogs.univ-tlse2.fr\/carrieres-sociales-figeac\/files\/2025\/01\/IMG-20241101-WA0006-768x1024.jpg\" alt=\"\" class=\"wp-image-171\" srcset=\"https:\/\/blogs.univ-tlse2.fr\/carrieres-sociales-figeac\/files\/2025\/01\/IMG-20241101-WA0006-768x1024.jpg 768w, https:\/\/blogs.univ-tlse2.fr\/carrieres-sociales-figeac\/files\/2025\/01\/IMG-20241101-WA0006-225x300.jpg 225w, https:\/\/blogs.univ-tlse2.fr\/carrieres-sociales-figeac\/files\/2025\/01\/IMG-20241101-WA0006-1152x1536.jpg 1152w, https:\/\/blogs.univ-tlse2.fr\/carrieres-sociales-figeac\/files\/2025\/01\/IMG-20241101-WA0006-676x901.jpg 676w, https:\/\/blogs.univ-tlse2.fr\/carrieres-sociales-figeac\/files\/2025\/01\/IMG-20241101-WA0006.jpg 1200w\" sizes=\"auto, (max-width: 768px) 100vw, 768px\" \/><\/figure>\n<\/figure>\n\n\n\n<figure class=\"wp-block-image size-large is-resized\"><img loading=\"lazy\" decoding=\"async\" width=\"818\" height=\"1024\" src=\"https:\/\/blogs.univ-tlse2.fr\/carrieres-sociales-figeac\/files\/2025\/01\/Ryhmakuva_-6-818x1024.jpg\" alt=\"\" class=\"wp-image-172\" style=\"width:433px;height:auto\" srcset=\"https:\/\/blogs.univ-tlse2.fr\/carrieres-sociales-figeac\/files\/2025\/01\/Ryhmakuva_-6-818x1024.jpg 818w, https:\/\/blogs.univ-tlse2.fr\/carrieres-sociales-figeac\/files\/2025\/01\/Ryhmakuva_-6-240x300.jpg 240w, https:\/\/blogs.univ-tlse2.fr\/carrieres-sociales-figeac\/files\/2025\/01\/Ryhmakuva_-6-768x962.jpg 768w, https:\/\/blogs.univ-tlse2.fr\/carrieres-sociales-figeac\/files\/2025\/01\/Ryhmakuva_-6-1226x1536.jpg 1226w, https:\/\/blogs.univ-tlse2.fr\/carrieres-sociales-figeac\/files\/2025\/01\/Ryhmakuva_-6-1635x2048.jpg 1635w, https:\/\/blogs.univ-tlse2.fr\/carrieres-sociales-figeac\/files\/2025\/01\/Ryhmakuva_-6-676x847.jpg 676w, https:\/\/blogs.univ-tlse2.fr\/carrieres-sociales-figeac\/files\/2025\/01\/Ryhmakuva_-6-scaled.jpg 2044w\" sizes=\"auto, (max-width: 818px) 100vw, 818px\" \/><figcaption class=\"wp-element-caption\">Some students traveled to Finland for Halloween<\/figcaption><\/figure>\n\n\n\n<p>Colloque du r\u00e9seau international de l&rsquo;animation  10, 11 et 12 juillet 2024 \u00e0 Lisbonne<\/p>\n\n\n\n<figure class=\"wp-block-gallery has-nested-images columns-default is-cropped wp-block-gallery-2 is-layout-flex wp-block-gallery-is-layout-flex\">\n<figure class=\"wp-block-image size-large\"><img loading=\"lazy\" decoding=\"async\" width=\"1024\" height=\"459\" data-id=\"137\" src=\"https:\/\/blogs.univ-tlse2.fr\/carrieres-sociales-figeac\/files\/2024\/08\/1724914796989-1024x459.jpg\" alt=\"\" class=\"wp-image-137\" srcset=\"https:\/\/blogs.univ-tlse2.fr\/carrieres-sociales-figeac\/files\/2024\/08\/1724914796989-1024x459.jpg 1024w, https:\/\/blogs.univ-tlse2.fr\/carrieres-sociales-figeac\/files\/2024\/08\/1724914796989-300x134.jpg 300w, https:\/\/blogs.univ-tlse2.fr\/carrieres-sociales-figeac\/files\/2024\/08\/1724914796989-768x344.jpg 768w, https:\/\/blogs.univ-tlse2.fr\/carrieres-sociales-figeac\/files\/2024\/08\/1724914796989-1536x688.jpg 1536w, https:\/\/blogs.univ-tlse2.fr\/carrieres-sociales-figeac\/files\/2024\/08\/1724914796989-2048x918.jpg 2048w, https:\/\/blogs.univ-tlse2.fr\/carrieres-sociales-figeac\/files\/2024\/08\/1724914796989-676x303.jpg 676w\" sizes=\"auto, (max-width: 1024px) 100vw, 1024px\" \/><figcaption class=\"wp-element-caption\">Communication par les \u00e9tudiants de l&rsquo;IUT de Figeac<\/figcaption><\/figure>\n<\/figure>\n\n\n\n<figure class=\"wp-block-image size-large is-resized\"><img loading=\"lazy\" decoding=\"async\" width=\"1500\" height=\"1125\" src=\"https:\/\/blogs.univ-tlse2.fr\/carrieres-sociales-figeac\/files\/2024\/08\/IMG-20240829-WA0000-edited.jpg\" alt=\"\" class=\"wp-image-139\" style=\"width:675px;height:auto\" srcset=\"https:\/\/blogs.univ-tlse2.fr\/carrieres-sociales-figeac\/files\/2024\/08\/IMG-20240829-WA0000-edited.jpg 1500w, https:\/\/blogs.univ-tlse2.fr\/carrieres-sociales-figeac\/files\/2024\/08\/IMG-20240829-WA0000-edited-300x225.jpg 300w, https:\/\/blogs.univ-tlse2.fr\/carrieres-sociales-figeac\/files\/2024\/08\/IMG-20240829-WA0000-edited-1024x768.jpg 1024w, https:\/\/blogs.univ-tlse2.fr\/carrieres-sociales-figeac\/files\/2024\/08\/IMG-20240829-WA0000-edited-768x576.jpg 768w, https:\/\/blogs.univ-tlse2.fr\/carrieres-sociales-figeac\/files\/2024\/08\/IMG-20240829-WA0000-edited-676x507.jpg 676w\" sizes=\"auto, (max-width: 1500px) 100vw, 1500px\" \/><figcaption class=\"wp-element-caption\">Visite d&rsquo;une maison de quartier avec des \u00e9tudiants italiens et portugais<\/figcaption><\/figure>\n\n\n\n<p>L\u2019Europe \u00e0 l\u2019IUT de Figeac<\/p>\n\n\n\n<p>En mai 2024, le d\u00e9partement Carri\u00e8res sociales de l\u2019IUT accueille 15 invit\u00e9s de 5 pays europ\u00e9ens : Allemagne, Irlande, Pays-Bas, Portugal et Espagne. Ils sont enseignants ou \u00e9tudiants \u00e0 l\u2019universit\u00e9, animatrice jeunesse, travailleur social ou chercheur sp\u00e9cialiste de la protection de l\u2019enfance en milieu rural. Le groupe de visiteurs s\u2019est m\u00eal\u00e9 aux 40 \u00e9tudiants fran\u00e7ais de premi\u00e8re ann\u00e9e en animation et en \u00e9ducation sp\u00e9cialis\u00e9e pendant 3 jours complets. Ateliers, conf\u00e9rences, visites culturelles, et moments festifs ont permis \u00e0 chacun de faire l\u2019exp\u00e9rience de la diversit\u00e9 culturelle et d\u2019en apprendre sur les pratiques professionnelles en intervention sociale chez nos voisins europ\u00e9ens.<br>Cette 12\u00e8me \u00e9dition du s\u00e9minaire europ\u00e9en sur le travail de jeunesse et le travail social en Europe est un succ\u00e8s partag\u00e9 et restera pour beaucoup un moment m\u00e9morable de rencontre studieuse et conviviale.<\/p>\n\n\n\n<figure class=\"wp-block-gallery has-nested-images columns-default is-cropped wp-block-gallery-3 is-layout-flex wp-block-gallery-is-layout-flex\">\n<figure class=\"wp-block-image size-large\"><img loading=\"lazy\" decoding=\"async\" width=\"1024\" height=\"422\" data-id=\"98\" src=\"https:\/\/blogs.univ-tlse2.fr\/carrieres-sociales-figeac\/files\/2024\/06\/Seminar-2024-1-1024x422.jpeg\" alt=\"\" class=\"wp-image-98\" srcset=\"https:\/\/blogs.univ-tlse2.fr\/carrieres-sociales-figeac\/files\/2024\/06\/Seminar-2024-1-1024x422.jpeg 1024w, https:\/\/blogs.univ-tlse2.fr\/carrieres-sociales-figeac\/files\/2024\/06\/Seminar-2024-1-300x124.jpeg 300w, https:\/\/blogs.univ-tlse2.fr\/carrieres-sociales-figeac\/files\/2024\/06\/Seminar-2024-1-768x316.jpeg 768w, https:\/\/blogs.univ-tlse2.fr\/carrieres-sociales-figeac\/files\/2024\/06\/Seminar-2024-1-1536x633.jpeg 1536w, https:\/\/blogs.univ-tlse2.fr\/carrieres-sociales-figeac\/files\/2024\/06\/Seminar-2024-1-2048x844.jpeg 2048w, https:\/\/blogs.univ-tlse2.fr\/carrieres-sociales-figeac\/files\/2024\/06\/Seminar-2024-1-676x278.jpeg 676w\" sizes=\"auto, (max-width: 1024px) 100vw, 1024px\" \/><figcaption class=\"wp-element-caption\">Session de travail en anglais, mai 2024<\/figcaption><\/figure>\n<\/figure>\n\n\n\n<figure class=\"wp-block-image size-large\"><img loading=\"lazy\" decoding=\"async\" width=\"1024\" height=\"576\" src=\"https:\/\/blogs.univ-tlse2.fr\/carrieres-sociales-figeac\/files\/2024\/06\/IMG-20240529-WA0008-1024x576.jpg\" alt=\"\" class=\"wp-image-83\" srcset=\"https:\/\/blogs.univ-tlse2.fr\/carrieres-sociales-figeac\/files\/2024\/06\/IMG-20240529-WA0008-1024x576.jpg 1024w, https:\/\/blogs.univ-tlse2.fr\/carrieres-sociales-figeac\/files\/2024\/06\/IMG-20240529-WA0008-300x169.jpg 300w, https:\/\/blogs.univ-tlse2.fr\/carrieres-sociales-figeac\/files\/2024\/06\/IMG-20240529-WA0008-768x432.jpg 768w, https:\/\/blogs.univ-tlse2.fr\/carrieres-sociales-figeac\/files\/2024\/06\/IMG-20240529-WA0008-1536x864.jpg 1536w, https:\/\/blogs.univ-tlse2.fr\/carrieres-sociales-figeac\/files\/2024\/06\/IMG-20240529-WA0008-676x380.jpg 676w, https:\/\/blogs.univ-tlse2.fr\/carrieres-sociales-figeac\/files\/2024\/06\/IMG-20240529-WA0008.jpg 1600w\" sizes=\"auto, (max-width: 1024px) 100vw, 1024px\" \/><figcaption class=\"wp-element-caption\">Interview de Michael chercheur et ancien travailleur social allemand dans le domaine de la protection de l&rsquo;enfance, mai 2024<\/figcaption><\/figure>\n\n\n\n<figure class=\"wp-block-image size-large is-resized\"><img loading=\"lazy\" decoding=\"async\" width=\"1024\" height=\"768\" src=\"https:\/\/blogs.univ-tlse2.fr\/carrieres-sociales-figeac\/files\/2024\/06\/20240530_120020-1-1024x768.jpg\" alt=\"\" class=\"wp-image-86\" style=\"width:677px;height:auto\" srcset=\"https:\/\/blogs.univ-tlse2.fr\/carrieres-sociales-figeac\/files\/2024\/06\/20240530_120020-1-1024x768.jpg 1024w, https:\/\/blogs.univ-tlse2.fr\/carrieres-sociales-figeac\/files\/2024\/06\/20240530_120020-1-300x225.jpg 300w, https:\/\/blogs.univ-tlse2.fr\/carrieres-sociales-figeac\/files\/2024\/06\/20240530_120020-1-768x576.jpg 768w, https:\/\/blogs.univ-tlse2.fr\/carrieres-sociales-figeac\/files\/2024\/06\/20240530_120020-1-1536x1152.jpg 1536w, https:\/\/blogs.univ-tlse2.fr\/carrieres-sociales-figeac\/files\/2024\/06\/20240530_120020-1-2048x1536.jpg 2048w, https:\/\/blogs.univ-tlse2.fr\/carrieres-sociales-figeac\/files\/2024\/06\/20240530_120020-1-676x507.jpg 676w\" sizes=\"auto, (max-width: 1024px) 100vw, 1024px\" \/><figcaption class=\"wp-element-caption\">Visite du foyer des c\u00e8dres \u00e0 Figeac avec Liam, travailleur social irlandais, mai 2024<\/figcaption><\/figure>\n\n\n\n<figure class=\"wp-block-image size-large\"><img loading=\"lazy\" decoding=\"async\" width=\"1024\" height=\"768\" src=\"https:\/\/blogs.univ-tlse2.fr\/carrieres-sociales-figeac\/files\/2024\/06\/Seminar-2024-2-1024x768.jpg\" alt=\"\" class=\"wp-image-95\" srcset=\"https:\/\/blogs.univ-tlse2.fr\/carrieres-sociales-figeac\/files\/2024\/06\/Seminar-2024-2-1024x768.jpg 1024w, https:\/\/blogs.univ-tlse2.fr\/carrieres-sociales-figeac\/files\/2024\/06\/Seminar-2024-2-300x225.jpg 300w, https:\/\/blogs.univ-tlse2.fr\/carrieres-sociales-figeac\/files\/2024\/06\/Seminar-2024-2-768x576.jpg 768w, https:\/\/blogs.univ-tlse2.fr\/carrieres-sociales-figeac\/files\/2024\/06\/Seminar-2024-2-1536x1152.jpg 1536w, https:\/\/blogs.univ-tlse2.fr\/carrieres-sociales-figeac\/files\/2024\/06\/Seminar-2024-2-676x507.jpg 676w, https:\/\/blogs.univ-tlse2.fr\/carrieres-sociales-figeac\/files\/2024\/06\/Seminar-2024-2.jpg 1600w\" sizes=\"auto, (max-width: 1024px) 100vw, 1024px\" \/><figcaption class=\"wp-element-caption\">Visite de Rocamadour avec nos invit\u00e9s europ\u00e9ens, mai 2024<\/figcaption><\/figure>\n","protected":false},"excerpt":{"rendered":"<p>En Finlande, novembre 2025 Colloque du r\u00e9seau international de l&rsquo;animation 10, 11 et 12 juillet 2024 \u00e0 Lisbonne L\u2019Europe \u00e0 l\u2019IUT de Figeac En mai 2024, le d\u00e9partement Carri\u00e8res sociales de l\u2019IUT accueille 15 invit\u00e9s de 5 pays europ\u00e9ens : Allemagne, Irlande, Pays-Bas, Portugal et Espagne. Ils sont enseignants ou \u00e9tudiants \u00e0 l\u2019universit\u00e9, animatrice jeunesse, [&hellip;]<\/p>\n","protected":false},"author":1428,"featured_media":0,"parent":0,"menu_order":0,"comment_status":"closed","ping_status":"closed","template":"","meta":{"footnotes":""},"class_list":["post-22","page","type-page","status-publish","hentry","post-preview"],"_links":{"self":[{"href":"https:\/\/blogs.univ-tlse2.fr\/carrieres-sociales-figeac\/wp-json\/wp\/v2\/pages\/22","targetHints":{"allow":["GET"]}}],"collection":[{"href":"https:\/\/blogs.univ-tlse2.fr\/carrieres-sociales-figeac\/wp-json\/wp\/v2\/pages"}],"about":[{"href":"https:\/\/blogs.univ-tlse2.fr\/carrieres-sociales-figeac\/wp-json\/wp\/v2\/types\/page"}],"author":[{"embeddable":true,"href":"https:\/\/blogs.univ-tlse2.fr\/carrieres-sociales-figeac\/wp-json\/wp\/v2\/users\/1428"}],"replies":[{"embeddable":true,"href":"https:\/\/blogs.univ-tlse2.fr\/carrieres-sociales-figeac\/wp-json\/wp\/v2\/comments?post=22"}],"version-history":[{"count":9,"href":"https:\/\/blogs.univ-tlse2.fr\/carrieres-sociales-figeac\/wp-json\/wp\/v2\/pages\/22\/revisions"}],"predecessor-version":[{"id":173,"href":"https:\/\/blogs.univ-tlse2.fr\/carrieres-sociales-figeac\/wp-json\/wp\/v2\/pages\/22\/revisions\/173"}],"wp:attachment":[{"href":"https:\/\/blogs.univ-tlse2.fr\/carrieres-sociales-figeac\/wp-json\/wp\/v2\/media?parent=22"}],"curies":[{"name":"wp","href":"https:\/\/api.w.org\/{rel}","templated":true}]}}