 {"id":45,"date":"2024-05-15T09:59:59","date_gmt":"2024-05-15T07:59:59","guid":{"rendered":"https:\/\/blogs.univ-tlse2.fr\/carrieres-sociales-figeac\/?page_id=45"},"modified":"2025-09-21T14:49:37","modified_gmt":"2025-09-21T12:49:37","slug":"vie-etudiante","status":"publish","type":"page","link":"https:\/\/blogs.univ-tlse2.fr\/carrieres-sociales-figeac\/","title":{"rendered":"Vie \u00e9tudiante"},"content":{"rendered":"\n<p>\/<a href=\"https:\/\/www.instagram.com\/bde_cs_figeac\/\">https:\/\/www.instagram.com\/bde_cs_figeac\/<\/a><\/p>\n\n\n\n<div class=\"wp-block-cover\"><img loading=\"lazy\" decoding=\"async\" width=\"768\" height=\"1024\" class=\"wp-block-cover__image-background wp-image-236\" alt=\"\" src=\"https:\/\/blogs.univ-tlse2.fr\/carrieres-sociales-figeac\/files\/2025\/09\/IMG_5646-768x1024.jpeg\" data-object-fit=\"cover\" srcset=\"https:\/\/blogs.univ-tlse2.fr\/carrieres-sociales-figeac\/files\/2025\/09\/IMG_5646-768x1024.jpeg 768w, https:\/\/blogs.univ-tlse2.fr\/carrieres-sociales-figeac\/files\/2025\/09\/IMG_5646-225x300.jpeg 225w, https:\/\/blogs.univ-tlse2.fr\/carrieres-sociales-figeac\/files\/2025\/09\/IMG_5646-1152x1536.jpeg 1152w, https:\/\/blogs.univ-tlse2.fr\/carrieres-sociales-figeac\/files\/2025\/09\/IMG_5646-1536x2048.jpeg 1536w, https:\/\/blogs.univ-tlse2.fr\/carrieres-sociales-figeac\/files\/2025\/09\/IMG_5646-676x901.jpeg 676w, https:\/\/blogs.univ-tlse2.fr\/carrieres-sociales-figeac\/files\/2025\/09\/IMG_5646-scaled.jpeg 1920w\" sizes=\"auto, (max-width: 768px) 100vw, 768px\" \/><span aria-hidden=\"true\" class=\"wp-block-cover__background has-background-dim\"><\/span><div class=\"wp-block-cover__inner-container is-layout-flow wp-block-cover-is-layout-flow\">\n<p class=\"has-text-align-center has-large-font-size\">Lucky Luke organis\u00e9 par le BDE pour faire connaissance, septembre 2025<\/p>\n\n\n\n<h2 class=\"wp-block-heading\"><\/h2>\n<\/div><\/div>\n\n\n\n<div class=\"wp-block-cover\"><img loading=\"lazy\" decoding=\"async\" width=\"768\" height=\"1024\" class=\"wp-block-cover__image-background wp-image-237\" alt=\"\" src=\"https:\/\/blogs.univ-tlse2.fr\/carrieres-sociales-figeac\/files\/2025\/09\/loup-garou-768x1024.jpeg\" data-object-fit=\"cover\" srcset=\"https:\/\/blogs.univ-tlse2.fr\/carrieres-sociales-figeac\/files\/2025\/09\/loup-garou-768x1024.jpeg 768w, https:\/\/blogs.univ-tlse2.fr\/carrieres-sociales-figeac\/files\/2025\/09\/loup-garou-225x300.jpeg 225w, https:\/\/blogs.univ-tlse2.fr\/carrieres-sociales-figeac\/files\/2025\/09\/loup-garou-1152x1536.jpeg 1152w, https:\/\/blogs.univ-tlse2.fr\/carrieres-sociales-figeac\/files\/2025\/09\/loup-garou-1536x2048.jpeg 1536w, https:\/\/blogs.univ-tlse2.fr\/carrieres-sociales-figeac\/files\/2025\/09\/loup-garou-676x901.jpeg 676w, https:\/\/blogs.univ-tlse2.fr\/carrieres-sociales-figeac\/files\/2025\/09\/loup-garou-scaled.jpeg 1920w\" sizes=\"auto, (max-width: 768px) 100vw, 768px\" \/><span aria-hidden=\"true\" class=\"wp-block-cover__background has-background-dim\"><\/span><div class=\"wp-block-cover__inner-container is-layout-flow wp-block-cover-is-layout-flow\">\n<p class=\"has-text-align-center has-large-font-size\">Partie de Loup Garou sur la pause m\u00e9ridienne, septembre 2025<\/p>\n<\/div><\/div>\n\n\n\n<figure class=\"wp-block-image size-large\"><img loading=\"lazy\" decoding=\"async\" width=\"1024\" height=\"782\" src=\"https:\/\/blogs.univ-tlse2.fr\/carrieres-sociales-figeac\/files\/2025\/04\/babyfoot-1024x782.jpg\" alt=\"\" class=\"wp-image-224\" srcset=\"https:\/\/blogs.univ-tlse2.fr\/carrieres-sociales-figeac\/files\/2025\/04\/babyfoot-1024x782.jpg 1024w, https:\/\/blogs.univ-tlse2.fr\/carrieres-sociales-figeac\/files\/2025\/04\/babyfoot-300x229.jpg 300w, https:\/\/blogs.univ-tlse2.fr\/carrieres-sociales-figeac\/files\/2025\/04\/babyfoot-768x586.jpg 768w, https:\/\/blogs.univ-tlse2.fr\/carrieres-sociales-figeac\/files\/2025\/04\/babyfoot-1536x1173.jpg 1536w, https:\/\/blogs.univ-tlse2.fr\/carrieres-sociales-figeac\/files\/2025\/04\/babyfoot-2048x1564.jpg 2048w, https:\/\/blogs.univ-tlse2.fr\/carrieres-sociales-figeac\/files\/2025\/04\/babyfoot-676x516.jpg 676w\" sizes=\"auto, (max-width: 1024px) 100vw, 1024px\" \/><figcaption class=\"wp-element-caption\">Une pause s&rsquo;impose, Restaurant Universitaire, avril 2025<\/figcaption><\/figure>\n\n\n\n<figure class=\"wp-block-image size-large\"><img loading=\"lazy\" decoding=\"async\" width=\"1080\" height=\"2560\" src=\"https:\/\/blogs.univ-tlse2.fr\/carrieres-sociales-figeac\/files\/2025\/03\/1741515188391-1-edited-scaled.jpg\" alt=\"\" class=\"wp-image-211\" srcset=\"https:\/\/blogs.univ-tlse2.fr\/carrieres-sociales-figeac\/files\/2025\/03\/1741515188391-1-edited-scaled.jpg 1080w, https:\/\/blogs.univ-tlse2.fr\/carrieres-sociales-figeac\/files\/2025\/03\/1741515188391-1-edited-127x300.jpg 127w, https:\/\/blogs.univ-tlse2.fr\/carrieres-sociales-figeac\/files\/2025\/03\/1741515188391-1-edited-432x1024.jpg 432w, https:\/\/blogs.univ-tlse2.fr\/carrieres-sociales-figeac\/files\/2025\/03\/1741515188391-1-edited-768x1820.jpg 768w, https:\/\/blogs.univ-tlse2.fr\/carrieres-sociales-figeac\/files\/2025\/03\/1741515188391-1-edited-648x1536.jpg 648w, https:\/\/blogs.univ-tlse2.fr\/carrieres-sociales-figeac\/files\/2025\/03\/1741515188391-1-edited-864x2048.jpg 864w, https:\/\/blogs.univ-tlse2.fr\/carrieres-sociales-figeac\/files\/2025\/03\/1741515188391-1-edited-676x1602.jpg 676w\" sizes=\"auto, (max-width: 1080px) 100vw, 1080px\" \/><\/figure>\n\n\n\n<div class=\"wp-block-cover\"><img loading=\"lazy\" decoding=\"async\" width=\"1920\" height=\"2560\" class=\"wp-block-cover__image-background wp-image-208\" alt=\"\" src=\"https:\/\/blogs.univ-tlse2.fr\/carrieres-sociales-figeac\/files\/2025\/03\/1741515188384-edited-1-scaled.jpg\" data-object-fit=\"cover\" srcset=\"https:\/\/blogs.univ-tlse2.fr\/carrieres-sociales-figeac\/files\/2025\/03\/1741515188384-edited-1-scaled.jpg 1920w, https:\/\/blogs.univ-tlse2.fr\/carrieres-sociales-figeac\/files\/2025\/03\/1741515188384-edited-1-225x300.jpg 225w, https:\/\/blogs.univ-tlse2.fr\/carrieres-sociales-figeac\/files\/2025\/03\/1741515188384-edited-1-768x1024.jpg 768w, https:\/\/blogs.univ-tlse2.fr\/carrieres-sociales-figeac\/files\/2025\/03\/1741515188384-edited-1-1152x1536.jpg 1152w, https:\/\/blogs.univ-tlse2.fr\/carrieres-sociales-figeac\/files\/2025\/03\/1741515188384-edited-1-1536x2048.jpg 1536w, https:\/\/blogs.univ-tlse2.fr\/carrieres-sociales-figeac\/files\/2025\/03\/1741515188384-edited-1-676x901.jpg 676w\" sizes=\"auto, (max-width: 1920px) 100vw, 1920px\" \/><span aria-hidden=\"true\" class=\"wp-block-cover__background has-background-dim\"><\/span><div class=\"wp-block-cover__inner-container is-layout-flow wp-block-cover-is-layout-flow\">\n<p class=\"has-text-align-center has-large-font-size\">mardi gras 2025<\/p>\n<\/div><\/div>\n\n\n\n<figure class=\"wp-block-gallery has-nested-images columns-default is-cropped wp-block-gallery-1 is-layout-flex wp-block-gallery-is-layout-flex\">\n<figure class=\"wp-block-image size-large\"><img loading=\"lazy\" decoding=\"async\" width=\"576\" height=\"1024\" data-id=\"186\" src=\"https:\/\/blogs.univ-tlse2.fr\/carrieres-sociales-figeac\/files\/2025\/01\/00ccb3b9-ffd1-4e3d-bec1-624de227fe5a-576x1024.jpeg\" alt=\"\" class=\"wp-image-186\" srcset=\"https:\/\/blogs.univ-tlse2.fr\/carrieres-sociales-figeac\/files\/2025\/01\/00ccb3b9-ffd1-4e3d-bec1-624de227fe5a-576x1024.jpeg 576w, https:\/\/blogs.univ-tlse2.fr\/carrieres-sociales-figeac\/files\/2025\/01\/00ccb3b9-ffd1-4e3d-bec1-624de227fe5a-169x300.jpeg 169w, https:\/\/blogs.univ-tlse2.fr\/carrieres-sociales-figeac\/files\/2025\/01\/00ccb3b9-ffd1-4e3d-bec1-624de227fe5a-768x1365.jpeg 768w, https:\/\/blogs.univ-tlse2.fr\/carrieres-sociales-figeac\/files\/2025\/01\/00ccb3b9-ffd1-4e3d-bec1-624de227fe5a-864x1536.jpeg 864w, https:\/\/blogs.univ-tlse2.fr\/carrieres-sociales-figeac\/files\/2025\/01\/00ccb3b9-ffd1-4e3d-bec1-624de227fe5a-676x1202.jpeg 676w, https:\/\/blogs.univ-tlse2.fr\/carrieres-sociales-figeac\/files\/2025\/01\/00ccb3b9-ffd1-4e3d-bec1-624de227fe5a.jpeg 900w\" sizes=\"auto, (max-width: 576px) 100vw, 576px\" \/><figcaption class=\"wp-element-caption\">Bal de promo, janvier 2025<\/figcaption><\/figure>\n<\/figure>\n\n\n\n<div class=\"wp-block-cover has-custom-content-position is-position-top-left\"><img loading=\"lazy\" decoding=\"async\" width=\"1024\" height=\"768\" class=\"wp-block-cover__image-background wp-image-185\" alt=\"\" src=\"https:\/\/blogs.univ-tlse2.fr\/carrieres-sociales-figeac\/files\/2025\/01\/IMG_4661-1024x768.jpeg\" data-object-fit=\"cover\" srcset=\"https:\/\/blogs.univ-tlse2.fr\/carrieres-sociales-figeac\/files\/2025\/01\/IMG_4661-1024x768.jpeg 1024w, https:\/\/blogs.univ-tlse2.fr\/carrieres-sociales-figeac\/files\/2025\/01\/IMG_4661-300x225.jpeg 300w, https:\/\/blogs.univ-tlse2.fr\/carrieres-sociales-figeac\/files\/2025\/01\/IMG_4661-768x576.jpeg 768w, https:\/\/blogs.univ-tlse2.fr\/carrieres-sociales-figeac\/files\/2025\/01\/IMG_4661-1536x1152.jpeg 1536w, https:\/\/blogs.univ-tlse2.fr\/carrieres-sociales-figeac\/files\/2025\/01\/IMG_4661-2048x1536.jpeg 2048w, https:\/\/blogs.univ-tlse2.fr\/carrieres-sociales-figeac\/files\/2025\/01\/IMG_4661-676x507.jpeg 676w\" sizes=\"auto, (max-width: 1024px) 100vw, 1024px\" \/><span aria-hidden=\"true\" class=\"wp-block-cover__background has-background-dim\"><\/span><div class=\"wp-block-cover__inner-container is-layout-flow wp-block-cover-is-layout-flow\">\n<p class=\"has-text-align-center has-large-font-size\">Murder Party \u00e0 l&rsquo;espace jeunes <\/p>\n<\/div><\/div>\n\n\n\n<div class=\"wp-block-cover has-custom-content-position is-position-top-right\" style=\"min-height:100vh;aspect-ratio:unset;\"><img loading=\"lazy\" decoding=\"async\" width=\"1024\" height=\"768\" class=\"wp-block-cover__image-background wp-image-184\" alt=\"\" src=\"https:\/\/blogs.univ-tlse2.fr\/carrieres-sociales-figeac\/files\/2025\/01\/IMG_4662-1024x768.jpeg\" data-object-fit=\"cover\" srcset=\"https:\/\/blogs.univ-tlse2.fr\/carrieres-sociales-figeac\/files\/2025\/01\/IMG_4662-1024x768.jpeg 1024w, https:\/\/blogs.univ-tlse2.fr\/carrieres-sociales-figeac\/files\/2025\/01\/IMG_4662-300x225.jpeg 300w, https:\/\/blogs.univ-tlse2.fr\/carrieres-sociales-figeac\/files\/2025\/01\/IMG_4662-768x576.jpeg 768w, https:\/\/blogs.univ-tlse2.fr\/carrieres-sociales-figeac\/files\/2025\/01\/IMG_4662-1536x1152.jpeg 1536w, https:\/\/blogs.univ-tlse2.fr\/carrieres-sociales-figeac\/files\/2025\/01\/IMG_4662-2048x1536.jpeg 2048w, https:\/\/blogs.univ-tlse2.fr\/carrieres-sociales-figeac\/files\/2025\/01\/IMG_4662-676x507.jpeg 676w\" sizes=\"auto, (max-width: 1024px) 100vw, 1024px\" \/><span aria-hidden=\"true\" class=\"wp-block-cover__background has-background-dim\"><\/span><div class=\"wp-block-cover__inner-container is-layout-flow wp-block-cover-is-layout-flow\">\n<p class=\"has-text-align-center has-large-font-size\">Murder Party, janvier 2025<\/p>\n<\/div><\/div>\n\n\n\n<div class=\"wp-block-cover has-custom-content-position is-position-top-left\"><img loading=\"lazy\" decoding=\"async\" width=\"688\" height=\"491\" class=\"wp-block-cover__image-background wp-image-182\" alt=\"\" src=\"https:\/\/blogs.univ-tlse2.fr\/carrieres-sociales-figeac\/files\/2025\/01\/image.png\" data-object-fit=\"cover\" srcset=\"https:\/\/blogs.univ-tlse2.fr\/carrieres-sociales-figeac\/files\/2025\/01\/image.png 688w, https:\/\/blogs.univ-tlse2.fr\/carrieres-sociales-figeac\/files\/2025\/01\/image-300x214.png 300w, https:\/\/blogs.univ-tlse2.fr\/carrieres-sociales-figeac\/files\/2025\/01\/image-676x482.png 676w\" sizes=\"auto, (max-width: 688px) 100vw, 688px\" \/><span aria-hidden=\"true\" class=\"wp-block-cover__background has-background-dim\"><\/span><div class=\"wp-block-cover__inner-container is-layout-flow wp-block-cover-is-layout-flow\">\n<p class=\"has-text-align-center has-large-font-size\">semaine d&rsquo;\u00e9checs \u00e0 l&rsquo;IUT,<em> janvier 2025<\/em><\/p>\n<\/div><\/div>\n\n\n\n<figure class=\"wp-block-image size-large is-resized\"><img loading=\"lazy\" decoding=\"async\" width=\"768\" height=\"1024\" src=\"https:\/\/blogs.univ-tlse2.fr\/carrieres-sociales-figeac\/files\/2024\/06\/image-768x1024.png\" alt=\"\" class=\"wp-image-132\" style=\"width:569px;height:auto\" srcset=\"https:\/\/blogs.univ-tlse2.fr\/carrieres-sociales-figeac\/files\/2024\/06\/image-768x1024.png 768w, https:\/\/blogs.univ-tlse2.fr\/carrieres-sociales-figeac\/files\/2024\/06\/image-225x300.png 225w, https:\/\/blogs.univ-tlse2.fr\/carrieres-sociales-figeac\/files\/2024\/06\/image-1152x1536.png 1152w, https:\/\/blogs.univ-tlse2.fr\/carrieres-sociales-figeac\/files\/2024\/06\/image-1536x2048.png 1536w, https:\/\/blogs.univ-tlse2.fr\/carrieres-sociales-figeac\/files\/2024\/06\/image-676x901.png 676w, https:\/\/blogs.univ-tlse2.fr\/carrieres-sociales-figeac\/files\/2024\/06\/image.png 1656w\" sizes=\"auto, (max-width: 768px) 100vw, 768px\" \/><figcaption class=\"wp-element-caption\">Soir\u00e9e de fin d&rsquo;ann\u00e9e tout en \u00e9l\u00e9gance, juin 2024<\/figcaption><\/figure>\n\n\n\n<figure class=\"wp-block-image size-large is-resized\"><img loading=\"lazy\" decoding=\"async\" width=\"768\" height=\"1024\" src=\"https:\/\/blogs.univ-tlse2.fr\/carrieres-sociales-figeac\/files\/2024\/06\/IMG_5911-768x1024.jpeg\" alt=\"\" class=\"wp-image-67\" style=\"width:433px;height:auto\" srcset=\"https:\/\/blogs.univ-tlse2.fr\/carrieres-sociales-figeac\/files\/2024\/06\/IMG_5911-768x1024.jpeg 768w, https:\/\/blogs.univ-tlse2.fr\/carrieres-sociales-figeac\/files\/2024\/06\/IMG_5911-225x300.jpeg 225w, https:\/\/blogs.univ-tlse2.fr\/carrieres-sociales-figeac\/files\/2024\/06\/IMG_5911-1152x1536.jpeg 1152w, https:\/\/blogs.univ-tlse2.fr\/carrieres-sociales-figeac\/files\/2024\/06\/IMG_5911-1536x2048.jpeg 1536w, https:\/\/blogs.univ-tlse2.fr\/carrieres-sociales-figeac\/files\/2024\/06\/IMG_5911-676x901.jpeg 676w, https:\/\/blogs.univ-tlse2.fr\/carrieres-sociales-figeac\/files\/2024\/06\/IMG_5911-scaled.jpeg 1920w\" sizes=\"auto, (max-width: 768px) 100vw, 768px\" \/><figcaption class=\"wp-element-caption\">Accueil convivial des \u00e9tudiantes n\u00e9erlandaises dans le centre de Figeac, mai 2024<\/figcaption><\/figure>\n\n\n\n<p><\/p>\n\n\n\n\n\n<figure class=\"wp-block-image size-full\"><img loading=\"lazy\" decoding=\"async\" width=\"1024\" height=\"682\" src=\"https:\/\/blogs.univ-tlse2.fr\/carrieres-sociales-figeac\/files\/2024\/06\/image-1.jpeg\" alt=\"L\u2019attribut alt de cette image est vide, son nom de fichier est a8a8c317-ea07-46e6-95e7-66189d83467b-1024x682.jpeg.\" class=\"wp-image-79\" srcset=\"https:\/\/blogs.univ-tlse2.fr\/carrieres-sociales-figeac\/files\/2024\/06\/image-1.jpeg 1024w, https:\/\/blogs.univ-tlse2.fr\/carrieres-sociales-figeac\/files\/2024\/06\/image-1-300x200.jpeg 300w, https:\/\/blogs.univ-tlse2.fr\/carrieres-sociales-figeac\/files\/2024\/06\/image-1-768x512.jpeg 768w, https:\/\/blogs.univ-tlse2.fr\/carrieres-sociales-figeac\/files\/2024\/06\/image-1-676x450.jpeg 676w\" sizes=\"auto, (max-width: 1024px) 100vw, 1024px\" \/><figcaption class=\"wp-element-caption\">le nouveau BDE, avril 2024<\/figcaption><\/figure>\n\n\n\n<p><\/p>\n","protected":false},"excerpt":{"rendered":"<p>\/https:\/\/www.instagram.com\/bde_cs_figeac\/<\/p>\n","protected":false},"author":1428,"featured_media":0,"parent":0,"menu_order":0,"comment_status":"closed","ping_status":"closed","template":"","meta":{"footnotes":""},"class_list":["post-45","page","type-page","status-publish","hentry","post-preview"],"_links":{"self":[{"href":"https:\/\/blogs.univ-tlse2.fr\/carrieres-sociales-figeac\/wp-json\/wp\/v2\/pages\/45","targetHints":{"allow":["GET"]}}],"collection":[{"href":"https:\/\/blogs.univ-tlse2.fr\/carrieres-sociales-figeac\/wp-json\/wp\/v2\/pages"}],"about":[{"href":"https:\/\/blogs.univ-tlse2.fr\/carrieres-sociales-figeac\/wp-json\/wp\/v2\/types\/page"}],"author":[{"embeddable":true,"href":"https:\/\/blogs.univ-tlse2.fr\/carrieres-sociales-figeac\/wp-json\/wp\/v2\/users\/1428"}],"replies":[{"embeddable":true,"href":"https:\/\/blogs.univ-tlse2.fr\/carrieres-sociales-figeac\/wp-json\/wp\/v2\/comments?post=45"}],"version-history":[{"count":14,"href":"https:\/\/blogs.univ-tlse2.fr\/carrieres-sociales-figeac\/wp-json\/wp\/v2\/pages\/45\/revisions"}],"predecessor-version":[{"id":239,"href":"https:\/\/blogs.univ-tlse2.fr\/carrieres-sociales-figeac\/wp-json\/wp\/v2\/pages\/45\/revisions\/239"}],"wp:attachment":[{"href":"https:\/\/blogs.univ-tlse2.fr\/carrieres-sociales-figeac\/wp-json\/wp\/v2\/media?parent=45"}],"curies":[{"name":"wp","href":"https:\/\/api.w.org\/{rel}","templated":true}]}}