 {"id":89,"date":"2024-06-13T08:51:32","date_gmt":"2024-06-13T06:51:32","guid":{"rendered":"https:\/\/blogs.univ-tlse2.fr\/carrieres-sociales-figeac\/?page_id=89"},"modified":"2025-09-21T14:06:00","modified_gmt":"2025-09-21T12:06:00","slug":"realisations","status":"publish","type":"page","link":"https:\/\/blogs.univ-tlse2.fr\/carrieres-sociales-figeac\/realisations\/","title":{"rendered":"R\u00e9alisations"},"content":{"rendered":"\n<figure class=\"wp-block-image size-large is-resized\"><img decoding=\"async\" src=\"https:\/\/actualitte.com\/media\/cache\/height_300_webp\/uploads\/images\/9782385191771-475x500-1-68a5c39cb60af467941300.jpg\" style=\"width:558px;height:auto\" \/><figcaption class=\"wp-element-caption\">Nos enseignants-chercheurs publient (septembre 2025)<\/figcaption><\/figure>\n\n\n\n<figure class=\"wp-block-gallery has-nested-images columns-default is-cropped wp-block-gallery-1 is-layout-flex wp-block-gallery-is-layout-flex\">\n<figure class=\"wp-block-image size-large\"><img loading=\"lazy\" decoding=\"async\" width=\"683\" height=\"1024\" data-id=\"234\" src=\"https:\/\/blogs.univ-tlse2.fr\/carrieres-sociales-figeac\/files\/2025\/09\/souverain-683x1024.jpg\" alt=\"\" class=\"wp-image-234\" srcset=\"https:\/\/blogs.univ-tlse2.fr\/carrieres-sociales-figeac\/files\/2025\/09\/souverain-683x1024.jpg 683w, https:\/\/blogs.univ-tlse2.fr\/carrieres-sociales-figeac\/files\/2025\/09\/souverain-200x300.jpg 200w, https:\/\/blogs.univ-tlse2.fr\/carrieres-sociales-figeac\/files\/2025\/09\/souverain-768x1151.jpg 768w, https:\/\/blogs.univ-tlse2.fr\/carrieres-sociales-figeac\/files\/2025\/09\/souverain-1025x1536.jpg 1025w, https:\/\/blogs.univ-tlse2.fr\/carrieres-sociales-figeac\/files\/2025\/09\/souverain-676x1013.jpg 676w, https:\/\/blogs.univ-tlse2.fr\/carrieres-sociales-figeac\/files\/2025\/09\/souverain.jpg 1281w\" sizes=\"auto, (max-width: 683px) 100vw, 683px\" \/><\/figure>\n<\/figure>\n\n\n\n<figure class=\"wp-block-image size-full\"><img loading=\"lazy\" decoding=\"async\" width=\"483\" height=\"474\" src=\"https:\/\/blogs.univ-tlse2.fr\/carrieres-sociales-figeac\/files\/2025\/03\/projet-la-musique-moi-jamais.png\" alt=\"\" class=\"wp-image-219\" srcset=\"https:\/\/blogs.univ-tlse2.fr\/carrieres-sociales-figeac\/files\/2025\/03\/projet-la-musique-moi-jamais.png 483w, https:\/\/blogs.univ-tlse2.fr\/carrieres-sociales-figeac\/files\/2025\/03\/projet-la-musique-moi-jamais-300x294.png 300w\" sizes=\"auto, (max-width: 483px) 100vw, 483px\" \/><figcaption class=\"wp-element-caption\">Le lundi 31 mars 2025 \u00e0 l&rsquo;IUT, une repr\u00e9sentation est l&rsquo;aboutissement du projet avec les r\u00e9sidents de deux foyers de vie de l&rsquo;association&nbsp;<a class=\"\" href=\"https:\/\/www.handi-aide.fr\/\">Handi Aide<\/a>&nbsp;ainsi que des jeunes de l&rsquo;<a class=\"\" href=\"https:\/\/fondation-opteo.fr\/secteur-de-lenfance\/ime-de-louest\/\">IME de Cransac<\/a><\/figcaption><\/figure>\n\n\n\n<figure class=\"wp-block-image size-large is-resized\"><img loading=\"lazy\" decoding=\"async\" width=\"2560\" height=\"1920\" src=\"https:\/\/blogs.univ-tlse2.fr\/carrieres-sociales-figeac\/files\/2024\/10\/fresque-edited-scaled.jpg\" alt=\"\" class=\"wp-image-146\" style=\"width:673px;height:auto\" srcset=\"https:\/\/blogs.univ-tlse2.fr\/carrieres-sociales-figeac\/files\/2024\/10\/fresque-edited-scaled.jpg 2560w, https:\/\/blogs.univ-tlse2.fr\/carrieres-sociales-figeac\/files\/2024\/10\/fresque-edited-300x225.jpg 300w, https:\/\/blogs.univ-tlse2.fr\/carrieres-sociales-figeac\/files\/2024\/10\/fresque-edited-1024x768.jpg 1024w, https:\/\/blogs.univ-tlse2.fr\/carrieres-sociales-figeac\/files\/2024\/10\/fresque-edited-768x576.jpg 768w, https:\/\/blogs.univ-tlse2.fr\/carrieres-sociales-figeac\/files\/2024\/10\/fresque-edited-1536x1152.jpg 1536w, https:\/\/blogs.univ-tlse2.fr\/carrieres-sociales-figeac\/files\/2024\/10\/fresque-edited-2048x1536.jpg 2048w, https:\/\/blogs.univ-tlse2.fr\/carrieres-sociales-figeac\/files\/2024\/10\/fresque-edited-676x507.jpg 676w\" sizes=\"auto, (max-width: 2560px) 100vw, 2560px\" \/><figcaption class=\"wp-element-caption\">Fresques du climat. Campus en transition. 3 octobre 2024.<\/figcaption><\/figure>\n\n\n\n<figure class=\"wp-block-image size-full is-resized\"><img loading=\"lazy\" decoding=\"async\" width=\"724\" height=\"1024\" src=\"https:\/\/blogs.univ-tlse2.fr\/carrieres-sociales-figeac\/files\/2024\/10\/image.png\" alt=\"L\u2019attribut alt de cette image est vide, son nom de fichier est Affiche-projet-Lissport-4-724x1024.png.\" class=\"wp-image-157\" style=\"width:306px;height:auto\" srcset=\"https:\/\/blogs.univ-tlse2.fr\/carrieres-sociales-figeac\/files\/2024\/10\/image.png 724w, https:\/\/blogs.univ-tlse2.fr\/carrieres-sociales-figeac\/files\/2024\/10\/image-212x300.png 212w, https:\/\/blogs.univ-tlse2.fr\/carrieres-sociales-figeac\/files\/2024\/10\/image-676x956.png 676w\" sizes=\"auto, (max-width: 724px) 100vw, 724px\" \/><\/figure>\n\n\n\n<figure class=\"wp-block-gallery has-nested-images columns-default is-cropped wp-block-gallery-2 is-layout-flex wp-block-gallery-is-layout-flex\">\n<figure class=\"wp-block-image size-large\"><img loading=\"lazy\" decoding=\"async\" width=\"1024\" height=\"768\" data-id=\"149\" src=\"https:\/\/blogs.univ-tlse2.fr\/carrieres-sociales-figeac\/files\/2024\/10\/20240914_160027-1024x768.jpg\" alt=\"\" class=\"wp-image-149\" srcset=\"https:\/\/blogs.univ-tlse2.fr\/carrieres-sociales-figeac\/files\/2024\/10\/20240914_160027-1024x768.jpg 1024w, https:\/\/blogs.univ-tlse2.fr\/carrieres-sociales-figeac\/files\/2024\/10\/20240914_160027-300x225.jpg 300w, https:\/\/blogs.univ-tlse2.fr\/carrieres-sociales-figeac\/files\/2024\/10\/20240914_160027-768x576.jpg 768w, https:\/\/blogs.univ-tlse2.fr\/carrieres-sociales-figeac\/files\/2024\/10\/20240914_160027-1536x1152.jpg 1536w, https:\/\/blogs.univ-tlse2.fr\/carrieres-sociales-figeac\/files\/2024\/10\/20240914_160027-2048x1536.jpg 2048w, https:\/\/blogs.univ-tlse2.fr\/carrieres-sociales-figeac\/files\/2024\/10\/20240914_160027-676x507.jpg 676w\" sizes=\"auto, (max-width: 1024px) 100vw, 1024px\" \/><\/figure>\n\n\n\n<figure class=\"wp-block-image size-large\"><img loading=\"lazy\" decoding=\"async\" width=\"1024\" height=\"768\" data-id=\"150\" src=\"https:\/\/blogs.univ-tlse2.fr\/carrieres-sociales-figeac\/files\/2024\/10\/20240914_162622-1024x768.jpg\" alt=\"\" class=\"wp-image-150\" srcset=\"https:\/\/blogs.univ-tlse2.fr\/carrieres-sociales-figeac\/files\/2024\/10\/20240914_162622-1024x768.jpg 1024w, https:\/\/blogs.univ-tlse2.fr\/carrieres-sociales-figeac\/files\/2024\/10\/20240914_162622-300x225.jpg 300w, https:\/\/blogs.univ-tlse2.fr\/carrieres-sociales-figeac\/files\/2024\/10\/20240914_162622-768x576.jpg 768w, https:\/\/blogs.univ-tlse2.fr\/carrieres-sociales-figeac\/files\/2024\/10\/20240914_162622-1536x1152.jpg 1536w, https:\/\/blogs.univ-tlse2.fr\/carrieres-sociales-figeac\/files\/2024\/10\/20240914_162622-2048x1536.jpg 2048w, https:\/\/blogs.univ-tlse2.fr\/carrieres-sociales-figeac\/files\/2024\/10\/20240914_162622-676x507.jpg 676w\" sizes=\"auto, (max-width: 1024px) 100vw, 1024px\" \/><\/figure>\n<figcaption class=\"blocks-gallery-caption wp-element-caption\">Projet tutor\u00e9 sur le th\u00e8me du sport \u00e0 Lissac et Mouret. Cheines, Jahevla, Ana\u00efs, Cl\u00e9ment et Lisa, CS animation sociale et socioculturelle. 14 Septembre 2024<\/figcaption><\/figure>\n\n\n\n<div class=\"wp-block-group\"><div class=\"wp-block-group__inner-container is-layout-constrained wp-block-group-is-layout-constrained\">\n<div class=\"wp-block-group\"><div class=\"wp-block-group__inner-container is-layout-constrained wp-block-group-is-layout-constrained\">\n<div class=\"wp-block-group is-vertical is-layout-flex wp-container-core-group-is-layout-8cf370e7 wp-block-group-is-layout-flex\">\n<figure class=\"wp-block-gallery has-nested-images columns-default is-cropped wp-block-gallery-3 is-layout-flex wp-block-gallery-is-layout-flex\">\n<figure class=\"wp-block-image size-large\"><img loading=\"lazy\" decoding=\"async\" width=\"1024\" height=\"495\" data-id=\"128\" src=\"https:\/\/blogs.univ-tlse2.fr\/carrieres-sociales-figeac\/files\/2024\/06\/1718875728026-1-2-1024x495.jpg\" alt=\"\" class=\"wp-image-128\" srcset=\"https:\/\/blogs.univ-tlse2.fr\/carrieres-sociales-figeac\/files\/2024\/06\/1718875728026-1-2-1024x495.jpg 1024w, https:\/\/blogs.univ-tlse2.fr\/carrieres-sociales-figeac\/files\/2024\/06\/1718875728026-1-2-300x145.jpg 300w, https:\/\/blogs.univ-tlse2.fr\/carrieres-sociales-figeac\/files\/2024\/06\/1718875728026-1-2-768x371.jpg 768w, https:\/\/blogs.univ-tlse2.fr\/carrieres-sociales-figeac\/files\/2024\/06\/1718875728026-1-2-1536x743.jpg 1536w, https:\/\/blogs.univ-tlse2.fr\/carrieres-sociales-figeac\/files\/2024\/06\/1718875728026-1-2-2048x990.jpg 2048w, https:\/\/blogs.univ-tlse2.fr\/carrieres-sociales-figeac\/files\/2024\/06\/1718875728026-1-2-676x327.jpg 676w\" sizes=\"auto, (max-width: 1024px) 100vw, 1024px\" \/><figcaption class=\"wp-element-caption\">Un apprenti en 3e ann\u00e9e BUT pr\u00e9sente ses travaux dans l&rsquo;Amphith\u00e9\u00e2tre Annick Bertrand-Minet, IUT de Figeac<\/figcaption><\/figure>\n<\/figure>\n\n\n\n<p>Colloque l&rsquo;<strong>Animation en Travaux<\/strong>&nbsp;2024, <em>20 et 21 juin<\/em><\/p>\n<\/div>\n<\/div><\/div>\n<\/div><\/div>\n\n\n\n<p><\/p>\n\n\n\n<p><\/p>\n\n\n\n<p><\/p>\n\n\n\n<figure class=\"wp-block-image size-large\"><img loading=\"lazy\" decoding=\"async\" width=\"1024\" height=\"576\" src=\"https:\/\/blogs.univ-tlse2.fr\/carrieres-sociales-figeac\/files\/2024\/06\/e5247c16-7e18-4ac2-9ce6-f73b38dfbdcc-1024x576.jpeg\" alt=\"\" class=\"wp-image-90\" srcset=\"https:\/\/blogs.univ-tlse2.fr\/carrieres-sociales-figeac\/files\/2024\/06\/e5247c16-7e18-4ac2-9ce6-f73b38dfbdcc-1024x576.jpeg 1024w, https:\/\/blogs.univ-tlse2.fr\/carrieres-sociales-figeac\/files\/2024\/06\/e5247c16-7e18-4ac2-9ce6-f73b38dfbdcc-300x169.jpeg 300w, https:\/\/blogs.univ-tlse2.fr\/carrieres-sociales-figeac\/files\/2024\/06\/e5247c16-7e18-4ac2-9ce6-f73b38dfbdcc-768x432.jpeg 768w, https:\/\/blogs.univ-tlse2.fr\/carrieres-sociales-figeac\/files\/2024\/06\/e5247c16-7e18-4ac2-9ce6-f73b38dfbdcc-1536x864.jpeg 1536w, https:\/\/blogs.univ-tlse2.fr\/carrieres-sociales-figeac\/files\/2024\/06\/e5247c16-7e18-4ac2-9ce6-f73b38dfbdcc-676x380.jpeg 676w, https:\/\/blogs.univ-tlse2.fr\/carrieres-sociales-figeac\/files\/2024\/06\/e5247c16-7e18-4ac2-9ce6-f73b38dfbdcc.jpeg 1600w\" sizes=\"auto, (max-width: 1024px) 100vw, 1024px\" \/><figcaption class=\"wp-element-caption\">Reconstruction d&rsquo;un mur en pierres s\u00e8ches sur le campus de l&rsquo;IUT, encadr\u00e9e par des professionnels de l&rsquo;animation (<a href=\"https:\/\/declam.jimdofree.com\/\">association D\u00e9clam&rsquo;<\/a>), juin 2024<\/figcaption><\/figure>\n","protected":false},"excerpt":{"rendered":"<p>Colloque l&rsquo;Animation en Travaux&nbsp;2024, 20 et 21 juin<\/p>\n","protected":false},"author":1428,"featured_media":0,"parent":0,"menu_order":0,"comment_status":"closed","ping_status":"closed","template":"","meta":{"footnotes":""},"class_list":["post-89","page","type-page","status-publish","hentry","post-preview"],"_links":{"self":[{"href":"https:\/\/blogs.univ-tlse2.fr\/carrieres-sociales-figeac\/wp-json\/wp\/v2\/pages\/89","targetHints":{"allow":["GET"]}}],"collection":[{"href":"https:\/\/blogs.univ-tlse2.fr\/carrieres-sociales-figeac\/wp-json\/wp\/v2\/pages"}],"about":[{"href":"https:\/\/blogs.univ-tlse2.fr\/carrieres-sociales-figeac\/wp-json\/wp\/v2\/types\/page"}],"author":[{"embeddable":true,"href":"https:\/\/blogs.univ-tlse2.fr\/carrieres-sociales-figeac\/wp-json\/wp\/v2\/users\/1428"}],"replies":[{"embeddable":true,"href":"https:\/\/blogs.univ-tlse2.fr\/carrieres-sociales-figeac\/wp-json\/wp\/v2\/comments?post=89"}],"version-history":[{"count":14,"href":"https:\/\/blogs.univ-tlse2.fr\/carrieres-sociales-figeac\/wp-json\/wp\/v2\/pages\/89\/revisions"}],"predecessor-version":[{"id":235,"href":"https:\/\/blogs.univ-tlse2.fr\/carrieres-sociales-figeac\/wp-json\/wp\/v2\/pages\/89\/revisions\/235"}],"wp:attachment":[{"href":"https:\/\/blogs.univ-tlse2.fr\/carrieres-sociales-figeac\/wp-json\/wp\/v2\/media?parent=89"}],"curies":[{"name":"wp","href":"https:\/\/api.w.org\/{rel}","templated":true}]}}