 {"id":2,"date":"2021-10-01T17:05:37","date_gmt":"2021-10-01T15:05:37","guid":{"rendered":"https:\/\/blogs.univ-tlse2.fr\/cartotrans\/?page_id=2"},"modified":"2021-11-05T21:31:19","modified_gmt":"2021-11-05T20:31:19","slug":"page-d-exemple","status":"publish","type":"page","link":"https:\/\/blogs.univ-tlse2.fr\/cartotrans\/","title":{"rendered":"Le colloque"},"content":{"rendered":"\n<div class=\"wp-block-media-text alignwide has-media-on-the-right is-stacked-on-mobile\" style=\"grid-template-columns:auto 30%\"><figure class=\"wp-block-media-text__media\"><img loading=\"lazy\" decoding=\"async\" width=\"232\" height=\"300\" src=\"https:\/\/blogs.univ-tlse2.fr\/cartotrans\/files\/2021\/10\/1541064928570-AureNobe_VICExSamBourcier_07-232x300-3.jpeg\" alt=\"\" class=\"wp-image-110 size-full\" \/><\/figure><div class=\"wp-block-media-text__content\">\n<p class=\"has-large-font-size\">Le colloque internationnal&nbsp;\u00ab\u00a0cARTographies transf\u00e9ministes et queer\/cuir (Am\u00e9rique latine\/Europe)\u00a0\u00bb, organis\u00e9 par le CEIIBA du 24 au 26 novembre 2021, propose un espace de r\u00e9flexion et de discussion autour des politiques culturelles transf\u00e9ministes et queer \/ cuir et de leur circulation entre l\u2019Am\u00e9rique latine et l\u2019Europe.<\/p>\n<\/div><\/div>\n\n\n\n<div class=\"wp-block-group\"><div class=\"wp-block-group__inner-container is-layout-flow wp-block-group-is-layout-flow\"><\/div><\/div>\n\n\n\n<div class=\"wp-block-group\"><div class=\"wp-block-group__inner-container is-layout-flow wp-block-group-is-layout-flow\">\n<div class=\"wp-block-group\"><div class=\"wp-block-group__inner-container is-layout-flow wp-block-group-is-layout-flow\">\n<div class=\"wp-block-media-text alignwide is-stacked-on-mobile\" style=\"grid-template-columns:28% auto\"><figure class=\"wp-block-media-text__media\"><img loading=\"lazy\" decoding=\"async\" width=\"819\" height=\"1024\" src=\"https:\/\/blogs.univ-tlse2.fr\/cartotrans\/files\/2021\/10\/2018.-Claudia-Catelan.-Transfeminista-819x1024-3.jpeg\" alt=\"\" class=\"wp-image-108 size-full\" srcset=\"https:\/\/blogs.univ-tlse2.fr\/cartotrans\/files\/2021\/10\/2018.-Claudia-Catelan.-Transfeminista-819x1024-3.jpeg 819w, https:\/\/blogs.univ-tlse2.fr\/cartotrans\/files\/2021\/10\/2018.-Claudia-Catelan.-Transfeminista-819x1024-3-240x300.jpeg 240w, https:\/\/blogs.univ-tlse2.fr\/cartotrans\/files\/2021\/10\/2018.-Claudia-Catelan.-Transfeminista-819x1024-3-768x960.jpeg 768w, https:\/\/blogs.univ-tlse2.fr\/cartotrans\/files\/2021\/10\/2018.-Claudia-Catelan.-Transfeminista-819x1024-3-676x845.jpeg 676w\" sizes=\"auto, (max-width: 819px) 100vw, 819px\" \/><\/figure><div class=\"wp-block-media-text__content\">\n<ul class=\"wp-block-list\"><li>Trois grandes <strong>conf\u00e9rences<\/strong>: \u00a0val flores (Argentine), Sayak Valencia Triana (Mexique) et Sam Bourcier (France) avec une <strong>traduction simultan\u00e9e de l&rsquo;espagnol au fran\u00e7ais et du fran\u00e7ais \u00e0 l&rsquo;espagnol<\/strong>.<\/li><li>\u00a0Quatre\u00a0<strong>tables rondes<\/strong> r\u00e9unissant des chercheur\u00b7es d\u2019Am\u00e9rique latine et d\u2019Europe<\/li><li>Un <strong>atelier d\u2019\u00e9criture<\/strong> : \u00ab\u00a0Tantear y tentar: p\u00e1lpitos extravagantes de una lengua\u00a0<em>cuir<\/em>\u201d, anim\u00e9 par l\u2019\u00e9crivaine argentine val flores<\/li><li>Une <strong>exposition<\/strong> :\u201cQueers en musique et activisme : ces artistes qui red\u00e9finissent le Br\u00e9sil\u201d propos\u00e9e par la PRIDE Toulouse (Hall de la MDR)<\/li><\/ul>\n<\/div><\/div>\n<\/div><\/div>\n<\/div><\/div>\n\n\n\n<p><strong>Les participant\u00b7es<\/strong><\/p>\n\n\n\n<p class=\"has-text-align-center\">Acosta Bastidas Gabriela &#8211; Berlanga Mariana &#8211; C\u00f3rdoba Paola &#8211; Corrons Fabrice &#8211; Courau Th\u00e9r\u00e8se &#8211; Desmas Davy &#8211; Espineira Karine &#8211; Falcon\u00ed Tr\u00e1vez Diego &#8211; Jullien Fabio &#8211; Laguian Claire &#8211; Large Sophie &#8211; Link Daniel &#8211; Madrigal Elena &#8211; Mahecha Quintero Carolina &#8211; Ortega Gonzalez Rubio Mercedes &#8211; Palaisi Marie-Agn\u00e8s &#8211; Plana Muriel &#8211; Raisa Inocencio &#8211; Robles Lola &#8211; Robles Ricardo &#8211; Sabl\u00e9 Sophia &#8211; Saint-Pierre Camille &#8211; Saxe Facundo &#8211; Soriano Mich\u00e8le &#8211; Torras Meri &#8211; Yannopoulos Alexis<\/p>\n\n\n\n<p><\/p>\n","protected":false},"excerpt":{"rendered":"<p>Le colloque internationnal&nbsp;\u00ab\u00a0cARTographies transf\u00e9ministes et queer\/cuir (Am\u00e9rique latine\/Europe)\u00a0\u00bb, organis\u00e9 par le CEIIBA du 24 au 26 novembre 2021, propose un espace de r\u00e9flexion et de discussion autour des politiques culturelles transf\u00e9ministes et queer \/ cuir et de leur circulation entre l\u2019Am\u00e9rique latine et l\u2019Europe. Trois grandes conf\u00e9rences: \u00a0val flores (Argentine), Sayak Valencia Triana (Mexique) et [&hellip;]<\/p>\n","protected":false},"author":533,"featured_media":0,"parent":0,"menu_order":0,"comment_status":"closed","ping_status":"open","template":"","meta":{"footnotes":""},"class_list":["post-2","page","type-page","status-publish","hentry","post-preview"],"_links":{"self":[{"href":"https:\/\/blogs.univ-tlse2.fr\/cartotrans\/wp-json\/wp\/v2\/pages\/2","targetHints":{"allow":["GET"]}}],"collection":[{"href":"https:\/\/blogs.univ-tlse2.fr\/cartotrans\/wp-json\/wp\/v2\/pages"}],"about":[{"href":"https:\/\/blogs.univ-tlse2.fr\/cartotrans\/wp-json\/wp\/v2\/types\/page"}],"author":[{"embeddable":true,"href":"https:\/\/blogs.univ-tlse2.fr\/cartotrans\/wp-json\/wp\/v2\/users\/533"}],"replies":[{"embeddable":true,"href":"https:\/\/blogs.univ-tlse2.fr\/cartotrans\/wp-json\/wp\/v2\/comments?post=2"}],"version-history":[{"count":14,"href":"https:\/\/blogs.univ-tlse2.fr\/cartotrans\/wp-json\/wp\/v2\/pages\/2\/revisions"}],"predecessor-version":[{"id":190,"href":"https:\/\/blogs.univ-tlse2.fr\/cartotrans\/wp-json\/wp\/v2\/pages\/2\/revisions\/190"}],"wp:attachment":[{"href":"https:\/\/blogs.univ-tlse2.fr\/cartotrans\/wp-json\/wp\/v2\/media?parent=2"}],"curies":[{"name":"wp","href":"https:\/\/api.w.org\/{rel}","templated":true}]}}