 {"id":27,"date":"2021-10-01T22:02:16","date_gmt":"2021-10-01T20:02:16","guid":{"rendered":"https:\/\/blogs.univ-tlse2.fr\/cartotrans\/?page_id=27"},"modified":"2021-10-27T10:17:28","modified_gmt":"2021-10-27T08:17:28","slug":"les-conferences","status":"publish","type":"page","link":"https:\/\/blogs.univ-tlse2.fr\/cartotrans\/les-conferences\/","title":{"rendered":"Les Conf\u00e9rences"},"content":{"rendered":"\n<p class=\"has-text-align-center\"><strong>Les conf\u00e9rences feront l&rsquo;objet d&rsquo;une traduction simultan\u00e9e de l&rsquo;espagnol au fran\u00e7ais pour val flores et Sayak Valencia et du fran\u00e7ais \u00e0 l&rsquo;espagnol pour Sam Bourcier.<\/strong><\/p>\n\n\n\n<div class=\"wp-block-columns is-layout-flex wp-container-core-columns-is-layout-9d6595d7 wp-block-columns-is-layout-flex\">\n<div class=\"wp-block-column is-layout-flow wp-block-column-is-layout-flow\">\n<div class=\"wp-block-cover has-background-dim wp-duotone-ff8d13-ffffff-1\"><img loading=\"lazy\" decoding=\"async\" width=\"1024\" height=\"768\" class=\"wp-block-cover__image-background wp-image-66\" alt=\"\" src=\"https:\/\/blogs.univ-tlse2.fr\/cartotrans\/files\/2021\/10\/13-2-1-1024x768.jpg\" data-object-fit=\"cover\" srcset=\"https:\/\/blogs.univ-tlse2.fr\/cartotrans\/files\/2021\/10\/13-2-1-1024x768.jpg 1024w, https:\/\/blogs.univ-tlse2.fr\/cartotrans\/files\/2021\/10\/13-2-1-300x225.jpg 300w, https:\/\/blogs.univ-tlse2.fr\/cartotrans\/files\/2021\/10\/13-2-1-768x576.jpg 768w, https:\/\/blogs.univ-tlse2.fr\/cartotrans\/files\/2021\/10\/13-2-1-1536x1152.jpg 1536w, https:\/\/blogs.univ-tlse2.fr\/cartotrans\/files\/2021\/10\/13-2-1-2048x1536.jpg 2048w, https:\/\/blogs.univ-tlse2.fr\/cartotrans\/files\/2021\/10\/13-2-1-676x507.jpg 676w\" sizes=\"auto, (max-width: 1024px) 100vw, 1024px\" \/><div class=\"wp-block-cover__inner-container is-layout-flow wp-block-cover-is-layout-flow\">\n<p><strong>Mercredi 24 novembre<\/strong><\/p>\n\n\n\n<p><strong>14h \u2013 16h&nbsp;<\/strong><\/p>\n\n\n\n<p>Amphi F 417<\/p>\n\n\n\n<p>Conf\u00e9rence de val flores (Argentine)&nbsp;:&nbsp;<\/p>\n\n\n\n<p><em>Laboratorios del infierno<\/em>. Modos fugitivos de hacer teor\u00eda<\/p>\n\n\n\n<p>Discutante&nbsp;: Th\u00e9r\u00e8se Courau<\/p>\n<\/div><\/div>\n<\/div>\n\n\n\n<div class=\"wp-block-column is-layout-flow wp-block-column-is-layout-flow\">\n<div class=\"wp-block-cover has-background-dim wp-duotone-ee8b12-ffffff-2\"><img loading=\"lazy\" decoding=\"async\" width=\"819\" height=\"1024\" class=\"wp-block-cover__image-background wp-image-67\" alt=\"\" src=\"https:\/\/blogs.univ-tlse2.fr\/cartotrans\/files\/2021\/10\/2018.-Claudia-Catelan.-Transfeminista-819x1024-2.jpeg\" data-object-fit=\"cover\" srcset=\"https:\/\/blogs.univ-tlse2.fr\/cartotrans\/files\/2021\/10\/2018.-Claudia-Catelan.-Transfeminista-819x1024-2.jpeg 819w, https:\/\/blogs.univ-tlse2.fr\/cartotrans\/files\/2021\/10\/2018.-Claudia-Catelan.-Transfeminista-819x1024-2-240x300.jpeg 240w, https:\/\/blogs.univ-tlse2.fr\/cartotrans\/files\/2021\/10\/2018.-Claudia-Catelan.-Transfeminista-819x1024-2-768x960.jpeg 768w, https:\/\/blogs.univ-tlse2.fr\/cartotrans\/files\/2021\/10\/2018.-Claudia-Catelan.-Transfeminista-819x1024-2-676x845.jpeg 676w\" sizes=\"auto, (max-width: 819px) 100vw, 819px\" \/><div class=\"wp-block-cover__inner-container is-layout-flow wp-block-cover-is-layout-flow\">\n<p><strong>Jeudi 25 novembre<\/strong><\/p>\n\n\n\n<p><strong>9h \u2013 11h<\/strong><\/p>\n\n\n\n<p><strong>&nbsp;<\/strong>Amphi F 417<\/p>\n\n\n\n<p>Conf\u00e9rence de Sayak Valencia (Mexique)&nbsp;: <\/p>\n\n\n\n<p>Transfeminismos, artivismos y nuevas gram\u00e1ticas de la protesta<\/p>\n\n\n\n<p>Discutante&nbsp;: Marie-Agn\u00e8s Palaisi<\/p>\n<\/div><\/div>\n<\/div>\n\n\n\n<div class=\"wp-block-column is-layout-flow wp-block-column-is-layout-flow\">\n<div class=\"wp-block-columns alignfull are-vertically-aligned-center is-layout-flex wp-container-core-columns-is-layout-9d6595d7 wp-block-columns-is-layout-flex\">\n<div class=\"wp-block-column is-vertically-aligned-center is-layout-flow wp-block-column-is-layout-flow\" style=\"flex-basis:100%\">\n<div class=\"wp-block-cover aligncenter has-background-dim wp-duotone-ee8f13-ffffff-3\"><img loading=\"lazy\" decoding=\"async\" width=\"232\" height=\"300\" class=\"wp-block-cover__image-background wp-image-68\" alt=\"\" src=\"https:\/\/blogs.univ-tlse2.fr\/cartotrans\/files\/2021\/10\/1541064928570-AureNobe_VICExSamBourcier_07-232x300-2.jpeg\" data-object-fit=\"cover\" \/><div class=\"wp-block-cover__inner-container is-layout-flow wp-block-cover-is-layout-flow\">\n<p><strong>Vendredi 26 novembre<\/strong><\/p>\n\n\n\n<div class=\"wp-block-columns is-layout-flex wp-container-core-columns-is-layout-9d6595d7 wp-block-columns-is-layout-flex\">\n<div class=\"wp-block-column is-layout-flow wp-block-column-is-layout-flow\" style=\"flex-basis:100%\">\n<p><strong>9h \u2013 11h<\/strong><\/p>\n\n\n\n<p><strong>&nbsp;<\/strong>Amphi F 417<\/p>\n<\/div>\n<\/div>\n\n\n\n<p>Conf\u00e9rence Sam Bourcier&nbsp;:<\/p>\n\n\n\n<p>&nbsp;Le capitalisme&nbsp;<em>hard gore<\/em>&nbsp;en 2021. G\u00e9n\u00e9alogie, pratiques et politiques corporelles transf\u00e9ministes&nbsp;<\/p>\n\n\n\n<p>Discutante&nbsp;: Mich\u00e8le Soriano<\/p>\n<\/div><\/div>\n<\/div>\n<\/div>\n<\/div>\n<\/div>\n","protected":false},"excerpt":{"rendered":"<p>Les conf\u00e9rences feront l&rsquo;objet d&rsquo;une traduction simultan\u00e9e de l&rsquo;espagnol au fran\u00e7ais pour val flores et Sayak Valencia et du fran\u00e7ais \u00e0 l&rsquo;espagnol pour Sam Bourcier.<\/p>\n","protected":false},"author":533,"featured_media":0,"parent":0,"menu_order":0,"comment_status":"closed","ping_status":"closed","template":"","meta":{"footnotes":""},"class_list":["post-27","page","type-page","status-publish","hentry","post-preview"],"_links":{"self":[{"href":"https:\/\/blogs.univ-tlse2.fr\/cartotrans\/wp-json\/wp\/v2\/pages\/27","targetHints":{"allow":["GET"]}}],"collection":[{"href":"https:\/\/blogs.univ-tlse2.fr\/cartotrans\/wp-json\/wp\/v2\/pages"}],"about":[{"href":"https:\/\/blogs.univ-tlse2.fr\/cartotrans\/wp-json\/wp\/v2\/types\/page"}],"author":[{"embeddable":true,"href":"https:\/\/blogs.univ-tlse2.fr\/cartotrans\/wp-json\/wp\/v2\/users\/533"}],"replies":[{"embeddable":true,"href":"https:\/\/blogs.univ-tlse2.fr\/cartotrans\/wp-json\/wp\/v2\/comments?post=27"}],"version-history":[{"count":13,"href":"https:\/\/blogs.univ-tlse2.fr\/cartotrans\/wp-json\/wp\/v2\/pages\/27\/revisions"}],"predecessor-version":[{"id":145,"href":"https:\/\/blogs.univ-tlse2.fr\/cartotrans\/wp-json\/wp\/v2\/pages\/27\/revisions\/145"}],"wp:attachment":[{"href":"https:\/\/blogs.univ-tlse2.fr\/cartotrans\/wp-json\/wp\/v2\/media?parent=27"}],"curies":[{"name":"wp","href":"https:\/\/api.w.org\/{rel}","templated":true}]}}