 {"id":52,"date":"2021-10-03T21:33:33","date_gmt":"2021-10-03T19:33:33","guid":{"rendered":"https:\/\/blogs.univ-tlse2.fr\/cartotrans\/?page_id=52"},"modified":"2021-11-08T18:17:09","modified_gmt":"2021-11-08T17:17:09","slug":"le-programme","status":"publish","type":"page","link":"https:\/\/blogs.univ-tlse2.fr\/cartotrans\/le-programme\/","title":{"rendered":"Le programme"},"content":{"rendered":"\n<div class=\"wp-block-media-text alignwide is-stacked-on-mobile\"><figure class=\"wp-block-media-text__media\"><img loading=\"lazy\" decoding=\"async\" width=\"1024\" height=\"726\" src=\"https:\/\/blogs.univ-tlse2.fr\/cartotrans\/files\/2021\/11\/prog-ceiiba-page-002-1-1024x726.jpg\" alt=\"\" class=\"wp-image-175 size-full\" srcset=\"https:\/\/blogs.univ-tlse2.fr\/cartotrans\/files\/2021\/11\/prog-ceiiba-page-002-1-1024x726.jpg 1024w, https:\/\/blogs.univ-tlse2.fr\/cartotrans\/files\/2021\/11\/prog-ceiiba-page-002-1-300x213.jpg 300w, https:\/\/blogs.univ-tlse2.fr\/cartotrans\/files\/2021\/11\/prog-ceiiba-page-002-1-768x545.jpg 768w, https:\/\/blogs.univ-tlse2.fr\/cartotrans\/files\/2021\/11\/prog-ceiiba-page-002-1-1536x1090.jpg 1536w, https:\/\/blogs.univ-tlse2.fr\/cartotrans\/files\/2021\/11\/prog-ceiiba-page-002-1-676x480.jpg 676w, https:\/\/blogs.univ-tlse2.fr\/cartotrans\/files\/2021\/11\/prog-ceiiba-page-002-1.jpg 1748w\" sizes=\"auto, (max-width: 1024px) 100vw, 1024px\" \/><\/figure><div class=\"wp-block-media-text__content\">\n<p class=\"has-large-font-size\">Le programme complet<\/p>\n\n\n\n<div class=\"wp-block-file\"><a href=\"https:\/\/blogs.univ-tlse2.fr\/cartotrans\/files\/2021\/11\/prog-ceiiba-1.pdf\">Programme<\/a><a href=\"https:\/\/blogs.univ-tlse2.fr\/cartotrans\/files\/2021\/11\/prog-ceiiba-1.pdf\" class=\"wp-block-file__button\" download>T\u00e9l\u00e9charger<\/a><\/div>\n<\/div><\/div>\n\n\n\n<h2 class=\"wp-block-heading\"><strong>Mercredi 24 novembre<\/strong><\/h2>\n\n\n\n<p><strong><span class=\"has-inline-color has-accent-color\">14h \u2013 16h\u00a0Amphi F 417<\/span><\/strong><\/p>\n\n\n\n<p>Mot de Madame la Directrice du CEIIBA, C\u00e9cile Mary Trojani<\/p>\n\n\n\n<blockquote class=\"wp-block-quote is-layout-flow wp-block-quote-is-layout-flow\"><p>Conf\u00e9rence de val flores (\u00e9crivaine et th\u00e9oricienne argentine, visioconf\u00e9rence)&nbsp;:&nbsp;<em>Laboratorios del infierno<\/em>. Modos fugitivos de hacer teor\u00eda<\/p><p><strong><em>Traduction simultan\u00e9e en fran\u00e7ais<\/em><\/strong><\/p><cite>Discutante&nbsp;: Th\u00e9r\u00e8se Courau (UT2J)<\/cite><\/blockquote>\n\n\n\n<p><strong><span class=\"has-inline-color has-accent-color\">16h30 \u2013 18h30&nbsp;Amphi F 417<\/span><\/strong><\/p>\n\n\n\n<p><strong>Table ronde 1&nbsp;:&nbsp;Politiques \u00e9nonciatives sexo-disidentes \/\/ Pol\u00edticas enunciativas sexo-disidentes<\/strong><\/p>\n\n\n\n<p>Mod\u00e9rateur&nbsp;:&nbsp;Fabrice Corrons (UT2J)<\/p>\n\n\n\n<ul class=\"wp-block-list\"><li>Facundo Saxe (Universidad Nacional de la Plata, visioconf\u00e9rence)&nbsp;: Archivo, testimonio, literatura: disidencias sexo-gen\u00e9ricas y memoria&nbsp;<em>cuir<\/em>&nbsp;en Argentina.<\/li><li>Elena Madrigal&nbsp;(Colegio de M\u00e9xico) :&nbsp;\u00a1Dile que no me mate, mam\u00e1&nbsp;! : necronarrativas l\u00e9sbicas mexicanas contempor\u00e1neas<\/li><li>Sophie Large&nbsp;(Universit\u00e9 de Tours) :&nbsp;De la antiesencia al antirelato : fragmentaci\u00f3n y errancias&nbsp;<em>queer<\/em>\/patas en&nbsp;<em>Abolici\u00f3n del pato<\/em>&nbsp;de Larry La Fountain Stokes.<\/li><li>Claire Laguian&nbsp;(Universit\u00e9 Paris 8): L\u2019enfant queer dans le roman&nbsp;<em>Panza de burro<\/em>&nbsp;: p\u00e9riph\u00e9ries et transgression entre Canaries et Cara\u00efbes<\/li><\/ul>\n\n\n\n<h2 class=\"wp-block-heading\"><strong>Jeudi 25 novembre<\/strong><\/h2>\n\n\n\n<p><strong><span class=\"has-inline-color has-accent-color\">9h \u2013 11h&nbsp;Amphi F 417<\/span><\/strong><\/p>\n\n\n\n<blockquote class=\"wp-block-quote is-layout-flow wp-block-quote-is-layout-flow\"><p>Mot de Madame la Pr\u00e9sidente Emmanuelle Garnier<\/p><p>Conf\u00e9rence de Sayak Valencia (Mexique, Colegio de la Frontera)&nbsp;: Transfeminismos, artivismos y nuevas gram\u00e1ticas de la protesta<\/p><p><strong><em>Traduction simultan\u00e9e en fran\u00e7ais<\/em><\/strong><\/p><cite>Discutante&nbsp;: Marie-Agn\u00e8s Palaisi (UT2J)<\/cite><\/blockquote>\n\n\n\n<p><\/p>\n\n\n\n<p><strong><span class=\"has-inline-color has-accent-color\">11h30 \u2013 12h30&nbsp;Amphi F 417<\/span><\/strong><\/p>\n\n\n\n<p>Presentaci\u00f3n del n\u00famero XXXV-2&nbsp;de la revista&nbsp;<em>Sociocriticism<\/em>. Retos decoloniales y feministas en la construcci\u00f3n de nuevas cartograf\u00edas en el Caribe<\/p>\n\n\n\n<p>Mercedes Ortega Gonzalez Rubio (Universidad del Norte) et Alexis Yannopoulos (UT2J)<\/p>\n\n\n\n<p><strong><span class=\"has-inline-color has-accent-color\">14h \u2013 16h00&nbsp;Amphi F 417<\/span><\/strong><\/p>\n\n\n\n<p><strong>Table ronde 2&nbsp;:&nbsp;Artivisme et corporalit\u00e9s queer\/<em>cuir<\/em> \/\/ Artivismo y corporalidades queer\/<em>cuir<\/em><\/strong><\/p>\n\n\n\n<p>Mod\u00e9ratrice&nbsp;: Mariana Berlanga (CONACyT)<\/p>\n\n\n\n<ul class=\"wp-block-list\"><li>Diego Falcon\u00ed (Universidad San Francisco de Quito) : A caballo (a cuy) entre lo queer y lo cuy-r<\/li><li>Lola Robles (\u00e9crivaine espagnole)&nbsp;:&nbsp;Identidades abyectas: la construcci\u00f3n de un conflicto entre feminismo, activismo trans y movimiento queer<\/li><li>Meri Torras (Universidad Aut\u00f3noma de Barcelona) :&nbsp;Crear en colaboraci\u00f3n: dos propuestas artivistas trans en el contexto catal\u00e1n actual<\/li><li>Karine Espineira (Universit\u00e9 Paris 8, visioconf\u00e9rence)&nbsp;: &nbsp;El psiquiatra, el juez, \u201cyo\u201d y los feminismos<\/li><\/ul>\n\n\n\n<figure class=\"wp-block-pullquote\"><blockquote><p><strong><span class=\"has-inline-color has-accent-color\">16h \u2013 18h&nbsp;E 412<\/span><\/strong><\/p><p><strong>Atelier d\u2019\u00e9criture anim\u00e9 val flores s\u00e9ance 1\/2<\/strong> :<strong>&nbsp;<\/strong>Tantear y tentar: p\u00e1lpitos extravagantes de una lengua&nbsp;<em>cuir<\/em><\/p><cite>(visioconf\u00e9rence, place limit\u00e9e et inscription obligatoire)&nbsp;<\/cite><\/blockquote><\/figure>\n\n\n\n<h2 class=\"wp-block-heading\"><strong>Vendredi 26 novembre<\/strong><\/h2>\n\n\n\n<p><strong><span class=\"has-inline-color has-accent-color\">9h \u2013 11h&nbsp;Amphi F 417<\/span><\/strong><\/p>\n\n\n\n<blockquote class=\"wp-block-quote is-layout-flow wp-block-quote-is-layout-flow\"><p>Conf\u00e9rence de Sam Bourcier&nbsp;(Universit\u00e9 Lille 3): La capitalisme&nbsp;<em>hard gore<\/em>&nbsp;en 2021. G\u00e9n\u00e9alogie, pratiques et politiques corporelles transf\u00e9ministes<\/p><p><strong><em>Traduction simultan\u00e9e en espagnol<\/em><\/strong><\/p><cite>Discutante&nbsp;: Mich\u00e8le Soriano (UT2J)<\/cite><\/blockquote>\n\n\n\n<p><strong><span class=\"has-inline-color has-accent-color\">11h30 \u2013 12h30&nbsp;Amphi F 417<\/span><\/strong><\/p>\n\n\n\n<p>Discussion avec Lola Robles autour de son livre&nbsp;<em>Identidades confinadas<\/em>&nbsp;(2021)<\/p>\n\n\n\n<p>Discutante&nbsp;: Mich\u00e8le Soriano (UT2J)<\/p>\n\n\n\n<p><strong><span class=\"has-inline-color has-accent-color\">14h \u2013 16h&nbsp;Amphi F 417<\/span><\/strong><\/p>\n\n\n\n<p><strong>Table ronde 3&nbsp;:&nbsp;Nouveaux r\u00e9cits queer\/<em>cuir&nbsp;<\/em>\/\/ Nuevas narrativas queer\/<em>cuir<\/em><\/strong><\/p>\n\n\n\n<p>Mod\u00e9ratrice&nbsp;: Monica Zapata (Universit\u00e9 de Tours)<\/p>\n\n\n\n<ul class=\"wp-block-list\"><li>Muriel Plana (UT2J)&nbsp;: Approche esth\u00e9tique et politique de la pop fiction queer&nbsp;: th\u00e9\u00e2tralit\u00e9 m\u00e9lodramatique et narrations alternatives&nbsp;<\/li><li>Davy Desmas (INU Champollion)&nbsp;: Visibilit\u00e9s queer dans l&rsquo;\u0153uvre de Fernanda Melchor<\/li><li>Daniel Link&nbsp;(Universit\u00e9 de Buenos Aires\/UNTREF) : La performance del g\u00e9nero (Barroco y Siglo XXI)<\/li><\/ul>\n\n\n\n<p><strong><span class=\"has-inline-color has-accent-color\">14h \u2013 17h&nbsp;E 412<\/span><\/strong><\/p>\n\n\n\n<p><strong>Table 4 jeunes chercheur\u00b7es<\/strong>&nbsp;<\/p>\n\n\n\n<p>Pr\u00e9sentation : Ricardo Robles, \u00e9tudiant Master 2 PsyPhiEcoPolis (UT2J) et Master 2 Genre (Paris 8) et Sophia Sabl\u00e9, doctorante CEIIBA (UT2J)&nbsp;<\/p>\n\n\n\n<ul class=\"wp-block-list\"><li>Gabriela Acosta Bastidas et Carolina Mahecha Quintero, doctorantes LLA Cr\u00e9atis (UT2J)&nbsp;: Femmes&nbsp;<em>artivistes&nbsp;<\/em>en construction : corporalit\u00e9s racialis\u00e9es et imaginaires de la lutte f\u00e9ministe dans le contexte de la migration<\/li><li>Paola C\u00f3rdoba, doctorante CEIIBA (UT2J)&nbsp;: Historias transfeministas y transg\u00e9nero en la novela&nbsp;<em>Trans Iberic Love<\/em>&nbsp;(2013) de Raquel Freire<\/li><li>Inocencio Raisa, doctorante ERRAPHIS (UT2J)&nbsp;: D\u00e9coloniser V\u00e9nus : les figures queer et trans de la V\u00e9nus Xtravaganza et de la V\u00e9nus Amazonique<\/li><li>Fabio Jullien, dipl\u00f4m\u00e9 du Master de Philosophie Gen\u00e8se (UT2J)&nbsp;: Les pratiques drag<em>genderfuck&nbsp;<\/em>dans l\u2019espace public<\/li><li>Camille Saint-Pierre, dipl\u00f4m\u00e9e du Master Histoire de l&rsquo;Art Contemporain (UT2J)&nbsp;: La repr\u00e9sentation photographique des personnes transgenres en France&nbsp;<\/li><\/ul>\n\n\n\n<figure class=\"wp-block-pullquote\"><blockquote><p><strong><span class=\"has-inline-color has-accent-color\">17h-19h&nbsp;E 412<\/span><\/strong><\/p><p><strong>Atelier d\u2019\u00e9criture anim\u00e9 par val flores s\u00e9ance 2\/2 <\/strong>:<strong>&nbsp;<\/strong>\u201cTantear y tentar: p\u00e1lpitos extravagantes de una lengua&nbsp;<em>cuir<\/em>\u201d <\/p><cite>(autrice visioconf\u00e9rence \/ atelier en pr\u00e9sentiel, place limit\u00e9e et inscription obligatoire)&nbsp;<\/cite><\/blockquote><\/figure>\n","protected":false},"excerpt":{"rendered":"<p>Mercredi 24 novembre 14h \u2013 16h\u00a0Amphi F 417 Mot de Madame la Directrice du CEIIBA, C\u00e9cile Mary Trojani Conf\u00e9rence de val flores (\u00e9crivaine et th\u00e9oricienne argentine, visioconf\u00e9rence)&nbsp;:&nbsp;Laboratorios del infierno. Modos fugitivos de hacer teor\u00eda Traduction simultan\u00e9e en fran\u00e7ais Discutante&nbsp;: Th\u00e9r\u00e8se Courau (UT2J) 16h30 \u2013 18h30&nbsp;Amphi F 417 Table ronde 1&nbsp;:&nbsp;Politiques \u00e9nonciatives sexo-disidentes \/\/ Pol\u00edticas enunciativas [&hellip;]<\/p>\n","protected":false},"author":533,"featured_media":0,"parent":0,"menu_order":0,"comment_status":"closed","ping_status":"closed","template":"","meta":{"footnotes":""},"class_list":["post-52","page","type-page","status-publish","hentry","post-preview"],"_links":{"self":[{"href":"https:\/\/blogs.univ-tlse2.fr\/cartotrans\/wp-json\/wp\/v2\/pages\/52","targetHints":{"allow":["GET"]}}],"collection":[{"href":"https:\/\/blogs.univ-tlse2.fr\/cartotrans\/wp-json\/wp\/v2\/pages"}],"about":[{"href":"https:\/\/blogs.univ-tlse2.fr\/cartotrans\/wp-json\/wp\/v2\/types\/page"}],"author":[{"embeddable":true,"href":"https:\/\/blogs.univ-tlse2.fr\/cartotrans\/wp-json\/wp\/v2\/users\/533"}],"replies":[{"embeddable":true,"href":"https:\/\/blogs.univ-tlse2.fr\/cartotrans\/wp-json\/wp\/v2\/comments?post=52"}],"version-history":[{"count":13,"href":"https:\/\/blogs.univ-tlse2.fr\/cartotrans\/wp-json\/wp\/v2\/pages\/52\/revisions"}],"predecessor-version":[{"id":185,"href":"https:\/\/blogs.univ-tlse2.fr\/cartotrans\/wp-json\/wp\/v2\/pages\/52\/revisions\/185"}],"wp:attachment":[{"href":"https:\/\/blogs.univ-tlse2.fr\/cartotrans\/wp-json\/wp\/v2\/media?parent=52"}],"curies":[{"name":"wp","href":"https:\/\/api.w.org\/{rel}","templated":true}]}}