 {"id":248,"date":"2016-11-18T12:02:30","date_gmt":"2016-11-18T11:02:30","guid":{"rendered":"https:\/\/blogs.univ-tlse2.fr\/ccu\/?page_id=248"},"modified":"2016-11-18T12:02:53","modified_gmt":"2016-11-18T11:02:53","slug":"rob","status":"publish","type":"page","link":"https:\/\/blogs.univ-tlse2.fr\/ccu\/les-plateaux-techniques\/rob\/","title":{"rendered":"ROB"},"content":{"rendered":"<p>La multiplication des robots (humano\u00efdes ou non) devient progressivement une r\u00e9alit\u00e9. Ces derni\u00e8res ann\u00e9es, de nombreux projets ont vu le jour dans l\u2019optique de proposer des nouveaux robots humano\u00efdes capable d\u2019interagir, d\u2019aider et de coop\u00e9rer avec l\u2019humain. Les attentes des roboticiens vers les SHS sont nombreuses\u00a0: mod\u00e8les de l\u2019humain pour le robot et mod\u00e8les de coop\u00e9ration, d\u00e9tection de l\u2019intention, dialogue\u2026 Disposer d\u2019un robot humano\u00efde de derni\u00e8re g\u00e9n\u00e9ration compl\u00e8tement programmable serait d\u2019une aide pr\u00e9cieuse pour faire face \u00e0 ces nouveaux d\u00e9fis. Cette plateforme ne redouble pas l\u2019\u00e9quipement de l\u2019\u00e9quipe de robotique du LAAS (roboticiens de l\u2019\u00e9quipe de R. Alami de LAAS avec qui nous collaborons \u00e9troitement) mais une extension visant \u00e0 \u00e9tudier plus particuli\u00e8rement l\u2019interaction Homme-Robot.\u00a0\u00bb<\/p>\n<div class=\"content\">\n<div id=\"texte-content\" class=\"\">\n<p><strong>Responsable Scientifique<\/strong>\u00a0:<\/p>\n<p><a class=\"spip_mail\" href=\"m&#97;&#x69;&#x6c;t&#111;&#x3a;&#x63;e&#108;&#x6c;&#x69;e&#114;&#x40;&#x75;n&#105;&#x76;&#x2d;t&#108;&#x73;&#x65;2&#46;&#x66;&#x72;\">Jean-Marie Cellier<\/a> (Directeur d\u2019\u00e9tudes \u00e9m\u00e9rite EPHE)<\/p>\n<\/div>\n<\/div>\n","protected":false},"excerpt":{"rendered":"<p>La multiplication des robots (humano\u00efdes ou non) devient progressivement une r\u00e9alit\u00e9. Ces derni\u00e8res ann\u00e9es, de nombreux projets ont vu le jour dans l\u2019optique de proposer des nouveaux robots humano\u00efdes capable d\u2019interagir, d\u2019aider et de coop\u00e9rer avec l\u2019humain. Les attentes des roboticiens vers les SHS sont nombreuses\u00a0: mod\u00e8les de l\u2019humain pour le robot et mod\u00e8les de [&hellip;]<\/p>\n","protected":false},"author":279,"featured_media":0,"parent":11,"menu_order":0,"comment_status":"closed","ping_status":"closed","template":"","meta":{"footnotes":""},"class_list":["post-248","page","type-page","status-publish","hentry"],"_links":{"self":[{"href":"https:\/\/blogs.univ-tlse2.fr\/ccu\/wp-json\/wp\/v2\/pages\/248","targetHints":{"allow":["GET"]}}],"collection":[{"href":"https:\/\/blogs.univ-tlse2.fr\/ccu\/wp-json\/wp\/v2\/pages"}],"about":[{"href":"https:\/\/blogs.univ-tlse2.fr\/ccu\/wp-json\/wp\/v2\/types\/page"}],"author":[{"embeddable":true,"href":"https:\/\/blogs.univ-tlse2.fr\/ccu\/wp-json\/wp\/v2\/users\/279"}],"replies":[{"embeddable":true,"href":"https:\/\/blogs.univ-tlse2.fr\/ccu\/wp-json\/wp\/v2\/comments?post=248"}],"version-history":[{"count":1,"href":"https:\/\/blogs.univ-tlse2.fr\/ccu\/wp-json\/wp\/v2\/pages\/248\/revisions"}],"predecessor-version":[{"id":249,"href":"https:\/\/blogs.univ-tlse2.fr\/ccu\/wp-json\/wp\/v2\/pages\/248\/revisions\/249"}],"up":[{"embeddable":true,"href":"https:\/\/blogs.univ-tlse2.fr\/ccu\/wp-json\/wp\/v2\/pages\/11"}],"wp:attachment":[{"href":"https:\/\/blogs.univ-tlse2.fr\/ccu\/wp-json\/wp\/v2\/media?parent=248"}],"curies":[{"name":"wp","href":"https:\/\/api.w.org\/{rel}","templated":true}]}}