 {"id":250,"date":"2016-11-18T12:03:40","date_gmt":"2016-11-18T11:03:40","guid":{"rendered":"https:\/\/blogs.univ-tlse2.fr\/ccu\/?page_id=250"},"modified":"2016-11-18T12:03:40","modified_gmt":"2016-11-18T11:03:40","slug":"simulauto","status":"publish","type":"page","link":"https:\/\/blogs.univ-tlse2.fr\/ccu\/les-plateaux-techniques\/simulauto\/","title":{"rendered":"SIMULAUTO"},"content":{"rendered":"<div class=\"groupetitre\">\n<h2 class=\"\">Simulateur de conduite automobile<\/h2>\n<\/div>\n<div class=\"content\">\n<div id=\"texte-content\" class=\"\">\n<p>SIMULAUTO est un simulateur de conduite qui permet de faire des recherches sur les d\u00e9fauts de l\u2019attention en conduite automobile (interf\u00e9rence, inattention, distraction, aperception).<br \/>\nElle comporte deux simulateurs de conduite associant chacune un v\u00e9hicule et un syst\u00e8me OKTAL de simulation et acquisition de donn\u00e9es.<br \/>\nCe plateau est \u00e9quip\u00e9 d\u2019affichages triptique frontal et arri\u00e8re, gestion sonore en 3D\u2026<br \/>\nPar ailleurs, l\u2019acquisition d\u2019un casque EEG\/Oculo portatif (cf. plateformes Oculom\u00e9trie et EEG) permet une analyse neurophysiologique pr\u00e9cise des modulations de l\u2019attention s\u00e9lective et soutenue lors de l\u2019activit\u00e9 de conduite.<br \/>\nLes programmes scientifiques portent, d\u2019une part, sur les cons\u00e9quences de la prise de certains m\u00e9dicaments sur la conduite (diminution de la vigilance) et, d\u2019autre part, sur le r\u00f4le des \u00e9motions sur la conduite automobile (tristesse par exemple).<\/p>\n<\/div>\n<\/div>\n","protected":false},"excerpt":{"rendered":"<p>Simulateur de conduite automobile SIMULAUTO est un simulateur de conduite qui permet de faire des recherches sur les d\u00e9fauts de l\u2019attention en conduite automobile (interf\u00e9rence, inattention, distraction, aperception). Elle comporte deux simulateurs de conduite associant chacune un v\u00e9hicule et un syst\u00e8me OKTAL de simulation et acquisition de donn\u00e9es. Ce plateau est \u00e9quip\u00e9 d\u2019affichages triptique frontal [&hellip;]<\/p>\n","protected":false},"author":279,"featured_media":0,"parent":11,"menu_order":0,"comment_status":"closed","ping_status":"closed","template":"","meta":{"footnotes":""},"class_list":["post-250","page","type-page","status-publish","hentry"],"_links":{"self":[{"href":"https:\/\/blogs.univ-tlse2.fr\/ccu\/wp-json\/wp\/v2\/pages\/250","targetHints":{"allow":["GET"]}}],"collection":[{"href":"https:\/\/blogs.univ-tlse2.fr\/ccu\/wp-json\/wp\/v2\/pages"}],"about":[{"href":"https:\/\/blogs.univ-tlse2.fr\/ccu\/wp-json\/wp\/v2\/types\/page"}],"author":[{"embeddable":true,"href":"https:\/\/blogs.univ-tlse2.fr\/ccu\/wp-json\/wp\/v2\/users\/279"}],"replies":[{"embeddable":true,"href":"https:\/\/blogs.univ-tlse2.fr\/ccu\/wp-json\/wp\/v2\/comments?post=250"}],"version-history":[{"count":1,"href":"https:\/\/blogs.univ-tlse2.fr\/ccu\/wp-json\/wp\/v2\/pages\/250\/revisions"}],"predecessor-version":[{"id":251,"href":"https:\/\/blogs.univ-tlse2.fr\/ccu\/wp-json\/wp\/v2\/pages\/250\/revisions\/251"}],"up":[{"embeddable":true,"href":"https:\/\/blogs.univ-tlse2.fr\/ccu\/wp-json\/wp\/v2\/pages\/11"}],"wp:attachment":[{"href":"https:\/\/blogs.univ-tlse2.fr\/ccu\/wp-json\/wp\/v2\/media?parent=250"}],"curies":[{"name":"wp","href":"https:\/\/api.w.org\/{rel}","templated":true}]}}