 {"id":292,"date":"2017-03-08T19:11:38","date_gmt":"2017-03-08T18:11:38","guid":{"rendered":"https:\/\/blogs.univ-tlse2.fr\/ccu\/?page_id=292"},"modified":"2017-03-08T19:21:11","modified_gmt":"2017-03-08T18:21:11","slug":"inauguration-de-la-plateforme-ccu","status":"publish","type":"page","link":"https:\/\/blogs.univ-tlse2.fr\/ccu\/evenements\/inauguration-de-la-plateforme-ccu\/","title":{"rendered":"Inauguration de la plateforme CCU"},"content":{"rendered":"<h4 id=\"resume\">Un outil de pointe au c\u0153ur de la Maison de la Recherche<\/h4>\n<p>&nbsp;<\/p>\n<div id=\"description\" class=\"toolbox\">\n<div class=\"photo\"><a title=\"\u00a9CPRS\" href=\"http:\/\/www.univ-tlse2.fr\/medias\/photo\/dscn1560-cprs_1474968395825-jpg\"><img decoding=\"async\" class=\"aligncenter\" title=\"\u00a9CPRS\" src=\"http:\/\/www.univ-tlse2.fr\/medias\/photo\/dscn1560-cprs_1474968395825-jpg\" alt=\"\u00a9CPRS\" width=\"150\" \/><\/a><\/div>\n<div><\/div>\n<div style=\"text-align: left\">Le jeudi 8 septembre 2016, la plateforme technologique Cognition, Comportements et Usages (CCU) a \u00e9t\u00e9 inaugur\u00e9e dans sa version compl\u00e8te, en pr\u00e9sence de Pascal Mailhos, Pr\u00e9fet de la R\u00e9gion Languedoc-Roussillon-Midi-Pyr\u00e9n\u00e9es, Pr\u00e9fet de la Haute-Garonne ; Carole Delga, Ancienne ministre, Pr\u00e9sidente de la R\u00e9gion Occitanie \/ Pyr\u00e9n\u00e9es-M\u00e9diterran\u00e9e ; Jean-Luc Moudenc, Maire de Toulouse, Pr\u00e9sident de Toulouse M\u00e9tropole ; Patrice Bourdelais, Directeur de l\u2019Institut des sciences humaines et sociales du CNRS ; Philippe Raimbault, Pr\u00e9sident de l\u2019Universit\u00e9 F\u00e9d\u00e9rale Toulouse Midi-Pyr\u00e9n\u00e9es ; Daniel Lacroix, Pr\u00e9sident de l\u2019Universit\u00e9 Toulouse &#8211; Jean Jaur\u00e8s et Pascal Gaillard, Directeur de la Maison des Sciences de l\u2019Homme et de la Soci\u00e9t\u00e9 de Toulouse MSHS-T USR 3414.<\/div>\n<\/div>\n<div style=\"text-align: left\"><\/div>\n<div id=\"description\" class=\"toolbox\">\n<div>\n<div style=\"width: 310px\" class=\"wp-caption alignnone\"><img loading=\"lazy\" decoding=\"async\" title=\"\u00a9CPRS\" src=\"http:\/\/www.univ-tlse2.fr\/medias\/photo\/dscn1618-cprs_1474900858337-jpg\" alt=\"\u00a9CPRS\" width=\"300\" height=\"225\" \/><p class=\"wp-caption-text\">Perceptrion, outil PETRA \u00a9CPRS<\/p><\/div>\n<\/div>\n<div><\/div>\n<div>La c\u00e9r\u00e9monie officielle a \u00e9t\u00e9 suivie de visites group\u00e9es des plateaux, permettant aux coll\u00e8gues, partenaires industriels ou acad\u00e9miques de mesurer le potentiel de cet \u00e9quipement unique en Sciences Humaines et Sociales, qui ouvre de nombreuses perspectives de collaborations scientifiques et techniques.<strong>Une plateforme au carrefour des sciences humaines, sociales, technologiques et m\u00eame industrielles<\/strong><br \/>\nDe niveau international et unique en France par sa configuration, cette plateforme de 450 m\u00b2 se compose de neuf plateaux techniques, chacun sp\u00e9cialis\u00e9 dans un domaine de recherche en cognition. L\u2019id\u00e9e d\u2019une telle polyvalence a \u00e9t\u00e9 initi\u00e9e en 2003 par Jean-Marie Cellier, directeur d\u2019\u00e9tudes \u00e9m\u00e9rite de l\u2019\u00c9cole Pratique des Hautes Etudes (EPHE), ancien vice-pr\u00e9sident de la Commission Recherche de l\u2019UT2J.Innovante et performante, elle a pour objectif g\u00e9n\u00e9ral de mieux comprendre le comportement cognitif humain, \u00e0 travers les r\u00e9ponses physiologiques et psychologiques de participants confront\u00e9s \u00e0 diff\u00e9rentes situations.<br \/>\nFinanc\u00e9 par l\u2019\u00c9tat, la R\u00e9gion Occitanie \/ Pyr\u00e9n\u00e9es-M\u00e9diterran\u00e9e (Contrat de Plan \u00c9tat-R\u00e9gion 2015), la collectivit\u00e9 Toulouse-M\u00e9tropole, le CNRS, et le programme IDEX port\u00e9 par l&rsquo;Universit\u00e9 F\u00e9d\u00e9rale Toulouse Midi-Pyr\u00e9n\u00e9es, la plateforme cherche \u00e0 aider au d\u00e9veloppement des recherches scientifiques du site, mais aussi \u00e0 renforcer les collaborations entre le monde de la recherche et celui des entreprises, puisque les \u00e9tudes men\u00e9es en son sein influencent directement le d\u00e9veloppement de produits et services des entreprises partenaires.D\u00e9pendant administrativement et scientifiquement de la MSHS-T USR 3414, la plateforme CCU est pens\u00e9e comme un outil pluridisciplinaire et collaboratif, ouvert \u00e0 toutes les \u00e9quipes de recherche du site toulousain.<\/div>\n<div><\/div>\n<div>\n<div style=\"width: 310px\" class=\"wp-caption alignnone\"><img loading=\"lazy\" decoding=\"async\" title=\"\u00a9 CNRS\" src=\"http:\/\/www.univ-tlse2.fr\/medias\/photo\/cnrs-20160058-0030_1474966583789-jpg\" alt=\"\u00a9 CNRS\" width=\"300\" height=\"225\" \/><p class=\"wp-caption-text\">Simulateur de conduite \u00a9 CNRS<\/p><\/div>\n<h4><strong>Une plateforme, 9 plateaux et encore plus d\u2019applications<\/strong><\/h4>\n<p>Situ\u00e9s \u00e0 la Maison de la Recherche de l\u2019Universit\u00e9 Toulouse \u2013 Jean Jaur\u00e8s depuis janvier 2015, les locaux qui abritent la plateforme CCU ont \u00e9t\u00e9 sp\u00e9cialement con\u00e7us pour ses activit\u00e9s. Les 9 plateaux la constituant sont, pour l\u2019heure, g\u00e9r\u00e9s par des chercheurs du laboratoire CLLE UMR 5263 et de la MSHS-T USR 3414.<\/p>\n<p>Si chaque plateau apporte un \u00e9l\u00e9ment diff\u00e9rent dans l\u2019observation des participants, leurs syst\u00e8mes d\u2019observation sont portatifs et peuvent donc \u00eatre d\u00e9plac\u00e9s et combin\u00e9s, permettant ainsi une mutualisation totale des moyens et des comp\u00e9tences.<\/p>\n<p>La recherche en ressort compl\u00e8tement d\u00e9cloisonn\u00e9e, susceptible de s\u2019ouvrir \u00e0 de nouvelles probl\u00e9matiques de recherche.<\/p>\n<div style=\"width: 310px\" class=\"wp-caption alignnone\"><img loading=\"lazy\" decoding=\"async\" title=\"\u00a9 CNRS\" src=\"http:\/\/www.univ-tlse2.fr\/medias\/photo\/cnrs-20160058-0041_1474900990346-jpg\" alt=\"\" width=\"300\" height=\"225\" \/><p class=\"wp-caption-text\">ROB : robot humano\u00efde NAO \u00a9 CNRS<\/p><\/div>\n<p><strong>Les 9 plateaux :<\/strong><br \/>\n&#8211; OCULOM\u00c9TRIE : \u00ab eye-tracking \u00bb permettant l\u2019interpr\u00e9tation et la mod\u00e9lisation de la dynamique visuelle lors d\u2019une activit\u00e9 contr\u00f4l\u00e9e<br \/>\n&#8211; EEG : mesure et analyse de l\u2019activit\u00e9 c\u00e9r\u00e9brale d\u2019un sujet lors de la r\u00e9alisation d\u2019une t\u00e2che<br \/>\n&#8211; SIMULAUTO: simulateur de conduite d\u00e9di\u00e9 \u00e0 l\u2019\u00e9tude des d\u00e9fauts de l\u2019attention en conduite automobile<br \/>\n&#8211; CLOE : r\u00e9seau d\u2019ordinateurs permettant des tests \u00e0 grande \u00e9chelle pour la mod\u00e9lisation de processus cognitifs langagiers<br \/>\n&#8211; PETRA : cabine audiom\u00e9trique d\u00e9di\u00e9e \u00e0 l\u2019\u00e9tude de la perception auditive humaine et \u00e0 l\u2019acquisition et l\u2019analyse de signaux sonores<br \/>\n&#8211; BabyLab : \u00e9tude du d\u00e9veloppement des jeunes enfants (d\u2019environ 6 mois \u00e0 10 ans)<br \/>\n&#8211; TAB : d\u00e9cryptage des r\u00e9ponses comportementales li\u00e9es \u00e0 l\u2019utilisation des tablettes num\u00e9riques portables<br \/>\n&#8211; ImNum : studio d\u2019enregistrement num\u00e9rique mobile<br \/>\n&#8211; ROB : travail sur les interactions Homme-machine, notamment \u00e0 partir du robot humano\u00efde NAO pour proposer des mod\u00e8les de coop\u00e9ration, de d\u00e9tection de l\u2019intention et de dialogue<\/p>\n<p><a class=\"lien_externe\" title=\"pour en savoir plus. (nouvelle fen\u00eatre)\" href=\"http:\/\/mshs.univ-toulouse.fr\/spip.php?article106\">Pour en savoir plus.<\/a><\/p>\n<p><img decoding=\"async\" title=\"\u00a9CPRS\" src=\"http:\/\/www.univ-tlse2.fr\/medias\/photo\/dscn1428-cprs_1474900793244-jpg\" alt=\"\u00a9CPRS\" \/><img decoding=\"async\" title=\"\u00a9CPRS\" src=\"http:\/\/www.univ-tlse2.fr\/medias\/photo\/dscn1576-cprs_1474900833322-jpg\" alt=\"\u00a9CPRS\" \/><img decoding=\"async\" title=\"\u00a9CPRS\" src=\"http:\/\/www.univ-tlse2.fr\/medias\/photo\/dscn1377-cprs_1474900955249-jpg\" alt=\"\u00a9CPRS\" \/><img decoding=\"async\" title=\"\u00a9CPRS\" src=\"http:\/\/www.univ-tlse2.fr\/medias\/photo\/dscn1364-cprs_1474900942001-jpg\" alt=\"\u00a9CPRS\" \/><img decoding=\"async\" title=\"\u00a9CPRS\" src=\"http:\/\/www.univ-tlse2.fr\/medias\/photo\/dscn1559-cprs_1474900807774-jpg\" alt=\"\u00a9CPRS\" \/><img decoding=\"async\" title=\"\u00a9CPRS\" src=\"http:\/\/www.univ-tlse2.fr\/medias\/photo\/dscn1630-cprs_1474900901096-jpg\" alt=\"\u00a9CPRS\" \/><img decoding=\"async\" title=\"\u00a9 CNRS\" src=\"http:\/\/www.univ-tlse2.fr\/medias\/photo\/cnrs-20160058-0012_1474900975648-jpg\" alt=\"\u00a9 CNRS\" \/><img decoding=\"async\" title=\"\u00a9CPRS\" src=\"http:\/\/www.univ-tlse2.fr\/medias\/photo\/dscn1626-cprs_1474900883129-jpg\" alt=\"\u00a9CPRS\" \/><img decoding=\"async\" title=\"\u00a9 CNRS\" src=\"http:\/\/www.univ-tlse2.fr\/medias\/photo\/cnrs-20160058-0042_1474901011214-jpg\" alt=\"\u00a9 CNRS\" \/><\/p>\n<\/div>\n<\/div>\n","protected":false},"excerpt":{"rendered":"<p>Un outil de pointe au c\u0153ur de la Maison de la Recherche &nbsp; Le jeudi 8 septembre 2016, la plateforme technologique Cognition, Comportements et Usages (CCU) a \u00e9t\u00e9 inaugur\u00e9e dans sa version compl\u00e8te, en pr\u00e9sence de Pascal Mailhos, Pr\u00e9fet de la R\u00e9gion Languedoc-Roussillon-Midi-Pyr\u00e9n\u00e9es, Pr\u00e9fet de la Haute-Garonne ; Carole Delga, Ancienne ministre, Pr\u00e9sidente de la [&hellip;]<\/p>\n","protected":false},"author":279,"featured_media":0,"parent":287,"menu_order":0,"comment_status":"closed","ping_status":"closed","template":"","meta":{"footnotes":""},"class_list":["post-292","page","type-page","status-publish","hentry"],"_links":{"self":[{"href":"https:\/\/blogs.univ-tlse2.fr\/ccu\/wp-json\/wp\/v2\/pages\/292","targetHints":{"allow":["GET"]}}],"collection":[{"href":"https:\/\/blogs.univ-tlse2.fr\/ccu\/wp-json\/wp\/v2\/pages"}],"about":[{"href":"https:\/\/blogs.univ-tlse2.fr\/ccu\/wp-json\/wp\/v2\/types\/page"}],"author":[{"embeddable":true,"href":"https:\/\/blogs.univ-tlse2.fr\/ccu\/wp-json\/wp\/v2\/users\/279"}],"replies":[{"embeddable":true,"href":"https:\/\/blogs.univ-tlse2.fr\/ccu\/wp-json\/wp\/v2\/comments?post=292"}],"version-history":[{"count":6,"href":"https:\/\/blogs.univ-tlse2.fr\/ccu\/wp-json\/wp\/v2\/pages\/292\/revisions"}],"predecessor-version":[{"id":298,"href":"https:\/\/blogs.univ-tlse2.fr\/ccu\/wp-json\/wp\/v2\/pages\/292\/revisions\/298"}],"up":[{"embeddable":true,"href":"https:\/\/blogs.univ-tlse2.fr\/ccu\/wp-json\/wp\/v2\/pages\/287"}],"wp:attachment":[{"href":"https:\/\/blogs.univ-tlse2.fr\/ccu\/wp-json\/wp\/v2\/media?parent=292"}],"curies":[{"name":"wp","href":"https:\/\/api.w.org\/{rel}","templated":true}]}}