 {"id":1062,"date":"2026-02-20T23:16:57","date_gmt":"2026-02-20T22:16:57","guid":{"rendered":"https:\/\/blogs.univ-tlse2.fr\/celine-vaguer\/?page_id=1062"},"modified":"2026-02-20T23:36:28","modified_gmt":"2026-02-20T22:36:28","slug":"sport","status":"publish","type":"page","link":"https:\/\/blogs.univ-tlse2.fr\/celine-vaguer\/recherche\/sport\/","title":{"rendered":"Sport"},"content":{"rendered":"\n<h2 class=\"wp-block-heading\"><strong>CNRS | GDR &gt; Groupement de recherche &gt; Sports et activit\u00e9s physiques (<a href=\"https:\/\/sport.cnrs.fr\">https:\/\/sport.cnrs.fr<\/a>)<\/strong><\/h2>\n\n\n\n<p>En tant que pratiquante &amp; Instructrice de <strong>Karat\u00e9<\/strong>, j&rsquo;ai rejoint le <strong>GDR \u00ab\u00a0Sports et activit\u00e9s physiques\u00a0\u00bb<\/strong> (2026) qui me permet d&rsquo;orienter mes recherches vers cet axe de recherche, ayant d\u00e9j\u00e0 publi\u00e9 deux ouvrages sur le Karat\u00e9, r\u00e9dig\u00e9s des supports p\u00e9dagogiques pour les enfants, et m&rsquo;int\u00e9ressant par ailleurs au d\u00e9veloppement de l&rsquo;activit\u00e9 physique en entreprise et au Karat\u00e9 Sant\u00e9.<\/p>\n\n\n\n<p><strong>Publications<\/strong><\/p>\n\n\n\n<ul class=\"wp-block-list\">\n<li>Pierre-Jean Boyer &amp; C\u00e9line Vaguer-Fekete (2022), <em><strong>Ma\u00eetre Murakami: un esprit indomptable<\/strong><\/em>, Le Perreux sur Marne, Niyonkai. [ISBN 978-2-7466-9974-8]<\/li>\n\n\n\n<li>C\u00e9line Vaguer &amp; Danielle Leeman ([2018] 2022), \u00ab\u00a0L\u2019identit\u00e9 lexicale au prisme des pratiques discursives: <em><strong>v\u00e9lo<\/strong><\/em> vs <em><strong>bicyclette<\/strong>\u00ab\u00a0, <\/em>dans E.Labeau (\u00e9d.), <em>Le Discours et la langue<\/em> n\u00b013-1: <em>Temps, mode et aspect en fran\u00e7ais: dans la roue de Jacques Bres<\/em>, EME Editions, parution 10\/2022. [<a href=\"https:\/\/blogs.univ-tlse2.fr\/celine-vaguer\/files\/2019\/10\/VAGUER-LEEMAN_2019_VELO-BICYCLETTE_PRE-PRINT.pdf\">PDF<\/a>]<\/li>\n\n\n\n<li>C\u00e9line Vaguer ([2020] 2022), \u00ab\u00a0<em>Qui veut voyager loin m\u00e9nage sa monture. <\/em><strong><em>Hippique<\/em> <\/strong>et <strong><em>\u00e9questre<\/em><\/strong>: des <strong>synonymes exacts<\/strong>?\u00a0\u00bb, dans A.Bertin, T.Ponchon &amp; O.Soutet (\u00e9ds), <em>Synchronie et diachronie: l\u2019enjeu du sens. M\u00e9langes offerts au Pr. Hava Bat-Zeev Shyldkrot<\/em>, Paris, Honor\u00e9 Champion (435-457). [<a href=\"https:\/\/blogs.univ-tlse2.fr\/celine-vaguer\/files\/2022\/06\/C-Vaguer_Hippique-Equestre_Champion_2022.pdf\"><strong>PDF<\/strong><\/a>]<\/li>\n\n\n\n<li>Pierre-Jean Boyer &amp; C\u00e9line Vaguer-Fekete (2017), <em><strong>Katas de Ma\u00eetre Tetsuji Murakami<\/strong><\/em>, Le Perreux sur Marne, Niyonkai. [ISBN 978-2-7466-9974-8 | <a href=\"https:\/\/blogs.univ-tlse2.fr\/celine-vaguer\/2017\/12\/15\/katas-tetsuji-murakami\/\">VAGUER_2017-68_Katas-Ma\u00eetre-Tetsuji-Murakami<\/a>]<\/li>\n<\/ul>\n\n\n\n<p><\/p>\n\n\n\n<p><\/p>\n","protected":false},"excerpt":{"rendered":"<p>CNRS | GDR &gt; Groupement de recherche &gt; Sports et activit\u00e9s physiques (https:\/\/sport.cnrs.fr) En tant que pratiquante &amp; Instructrice de Karat\u00e9, j&rsquo;ai rejoint le GDR \u00ab\u00a0Sports et activit\u00e9s physiques\u00a0\u00bb (2026) qui me permet d&rsquo;orienter mes recherches vers cet axe de recherche, ayant d\u00e9j\u00e0 publi\u00e9 deux ouvrages sur le Karat\u00e9, r\u00e9dig\u00e9s des supports p\u00e9dagogiques pour les [&hellip;]<\/p>\n","protected":false},"author":442,"featured_media":0,"parent":67,"menu_order":0,"comment_status":"closed","ping_status":"closed","template":"","meta":{"footnotes":""},"class_list":["post-1062","page","type-page","status-publish","hentry"],"_links":{"self":[{"href":"https:\/\/blogs.univ-tlse2.fr\/celine-vaguer\/wp-json\/wp\/v2\/pages\/1062","targetHints":{"allow":["GET"]}}],"collection":[{"href":"https:\/\/blogs.univ-tlse2.fr\/celine-vaguer\/wp-json\/wp\/v2\/pages"}],"about":[{"href":"https:\/\/blogs.univ-tlse2.fr\/celine-vaguer\/wp-json\/wp\/v2\/types\/page"}],"author":[{"embeddable":true,"href":"https:\/\/blogs.univ-tlse2.fr\/celine-vaguer\/wp-json\/wp\/v2\/users\/442"}],"replies":[{"embeddable":true,"href":"https:\/\/blogs.univ-tlse2.fr\/celine-vaguer\/wp-json\/wp\/v2\/comments?post=1062"}],"version-history":[{"count":4,"href":"https:\/\/blogs.univ-tlse2.fr\/celine-vaguer\/wp-json\/wp\/v2\/pages\/1062\/revisions"}],"predecessor-version":[{"id":1070,"href":"https:\/\/blogs.univ-tlse2.fr\/celine-vaguer\/wp-json\/wp\/v2\/pages\/1062\/revisions\/1070"}],"up":[{"embeddable":true,"href":"https:\/\/blogs.univ-tlse2.fr\/celine-vaguer\/wp-json\/wp\/v2\/pages\/67"}],"wp:attachment":[{"href":"https:\/\/blogs.univ-tlse2.fr\/celine-vaguer\/wp-json\/wp\/v2\/media?parent=1062"}],"curies":[{"name":"wp","href":"https:\/\/api.w.org\/{rel}","templated":true}]}}