 {"id":111,"date":"2017-11-16T16:43:47","date_gmt":"2017-11-16T15:43:47","guid":{"rendered":"https:\/\/blogs.univ-tlse2.fr\/celine-vaguer\/?page_id=111"},"modified":"2025-07-30T16:17:47","modified_gmt":"2025-07-30T14:17:47","slug":"conseil-ebusiness","status":"publish","type":"page","link":"https:\/\/blogs.univ-tlse2.fr\/celine-vaguer\/expertise\/conseil-ebusiness\/","title":{"rendered":"Conseil"},"content":{"rendered":"<p>&nbsp;<\/p>\n<h3><strong>Consultante e-business (Intranet\/Internet)<\/strong> | soci\u00e9t\u00e9 Cardiweb<\/h3>\n<p><strong>2008-2015<br \/>\nConseil et Assistance \u00e0 la Ma\u00eetrise d\u2019ouvrage de projets Internet\/Intranet<\/strong> (clients: Amadeus, GrDF)<br \/>\n\u2022 <strong>Accompagnement du Chef de projet M\u00e9tier<\/strong> (Direction de la communication): mise en place de l\u2019organisation \u00e9ditoriale; participation aux ateliers fonctionnels; relecture des sp\u00e9cifications fonctionnelles en collaboration avec la Ma\u00eetrise d\u2019\u0153uvre; relev\u00e9 d\u2019actions et comptes-rendus des r\u00e9unions.<br \/>\n\u2022 <strong>Structuration du contenu \u00e9ditorial<\/strong>: animation d\u2019ateliers de Brainstorming; rubriquage; cadrage et grille \u00e9ditoriale; coaching des Chefs de rubriques et r\u00e9dacteurs.<br \/>\n\u2022 <strong>Collecte et production de contenus<\/strong>: collecte de contenus bruts aupr\u00e8s d\u2019une communaut\u00e9 de 30 contributeurs; d\u00e9finition de normes et standards; chartage; writing\/re-writing; validation des contenus produits; mise en ligne.<br \/>\n\u2022 <strong>Conduite du changement<\/strong>: analyse des freins; formation des contributeurs.<br \/>\n\u2022 <strong>Restructuration d\u2019outils Back Office<\/strong>: CMS SharePoint, Artic.<\/p>\n<h3><strong>Conception &amp; d\u00e9veloppement de sites Internet institutionnels<br \/>\n<\/strong><\/h3>\n<p>\u2022 <strong>D\u00e9partement de Lettres modernes, Cin\u00e9ma et Occitan<\/strong> (<a href=\"http:\/\/lettres-modernes.univ-tlse2.fr\/\" target=\"_blank\" rel=\"noopener\">lettres-modernes.univ-tlse2.fr\/<\/a>), 2011-2017.<br \/>\n\u2022 <strong>Direction de l\u2019Orientation, des Stages et de l\u2019Insertion<\/strong>, 2010-2013.<br \/>\n\u2022<strong> Cr\u00e9ation d&rsquo;un site d\u00e9di\u00e9 \u00e0 Claire-Blanche Benveniste<\/strong> (www.claire-blanche-benveniste.fr), 2010-2011.<\/p>\n<p><img loading=\"lazy\" decoding=\"async\" class=\"alignnone  wp-image-1043\" src=\"https:\/\/blogs.univ-tlse2.fr\/celine-vaguer\/files\/2025\/07\/CBB_site-Wev-300x135.png\" alt=\"\" width=\"375\" height=\"169\" srcset=\"https:\/\/blogs.univ-tlse2.fr\/celine-vaguer\/files\/2025\/07\/CBB_site-Wev-300x135.png 300w, https:\/\/blogs.univ-tlse2.fr\/celine-vaguer\/files\/2025\/07\/CBB_site-Wev-1024x459.png 1024w, https:\/\/blogs.univ-tlse2.fr\/celine-vaguer\/files\/2025\/07\/CBB_site-Wev-768x345.png 768w, https:\/\/blogs.univ-tlse2.fr\/celine-vaguer\/files\/2025\/07\/CBB_site-Wev.png 1527w\" sizes=\"auto, (max-width: 375px) 100vw, 375px\" \/><br \/>\n\u2022 <strong>\u00c9cole doctorale 139<\/strong> (www.ed-139.com), 2007-2011.<br \/>\n\u2022 <strong>PolyPhoniE<\/strong> (webhost.ua.ac.be\/polyphon\/), 2002-2003.<br \/>\n\u2022 <strong>Cercle Belge de Linguistiqu<\/strong><em>e<\/em> (<a href=\"http:\/\/www.bkl-cbl.be\/\" target=\"_blank\" rel=\"noopener\">www.bkl cbl.be<\/a>), 2002-2003.<\/p>\n<h3><strong>Prestations de service<\/strong><\/h3>\n<p>\u2022 <strong>Consultations linguistiques<\/strong> (services juridiques, avocats, entreprises).<br \/>\n\u2022 <strong>Coaching en orthographe<\/strong> (institutions, entreprises).<br \/>\n\u2022 <strong>Accompagnement \u00e9ditorial<\/strong> pour la conception de sites Internet (<a href=\"http:\/\/www.lasuite-lecoiffeur.com\" target=\"_blank\" rel=\"noopener\">www.lasuite-lecoiffeur.com<\/a>), la r\u00e9daction de documents techniques (relecture, r\u00e9\u00e9criture, mise en page&#8230;).<br \/>\n\u2022 <strong>R\u00e9f\u00e9rencement<\/strong> &amp; enrichissement de sites Internet (client: soci\u00e9t\u00e9 ANSADE).<br \/>\n\u2022 <strong>R\u00e9daction<\/strong> (<em>Guide \u00e0 l&rsquo;usage des dirigeants<\/em> sur l&rsquo;information non structur\u00e9e, en collaboration avec Alain Couillault et le CIGREF).<\/p>\n","protected":false},"excerpt":{"rendered":"<p>&nbsp; Consultante e-business (Intranet\/Internet) | soci\u00e9t\u00e9 Cardiweb 2008-2015 Conseil et Assistance \u00e0 la Ma\u00eetrise d\u2019ouvrage de projets Internet\/Intranet (clients: Amadeus, GrDF) \u2022 Accompagnement du Chef de projet M\u00e9tier (Direction de la communication): mise en place de l\u2019organisation \u00e9ditoriale; participation aux ateliers fonctionnels; relecture des sp\u00e9cifications fonctionnelles en collaboration avec la Ma\u00eetrise d\u2019\u0153uvre; relev\u00e9 d\u2019actions et [&hellip;]<\/p>\n","protected":false},"author":442,"featured_media":0,"parent":80,"menu_order":1,"comment_status":"closed","ping_status":"closed","template":"page-templates\/template-full-width.php","meta":{"footnotes":""},"class_list":["post-111","page","type-page","status-publish","hentry"],"_links":{"self":[{"href":"https:\/\/blogs.univ-tlse2.fr\/celine-vaguer\/wp-json\/wp\/v2\/pages\/111","targetHints":{"allow":["GET"]}}],"collection":[{"href":"https:\/\/blogs.univ-tlse2.fr\/celine-vaguer\/wp-json\/wp\/v2\/pages"}],"about":[{"href":"https:\/\/blogs.univ-tlse2.fr\/celine-vaguer\/wp-json\/wp\/v2\/types\/page"}],"author":[{"embeddable":true,"href":"https:\/\/blogs.univ-tlse2.fr\/celine-vaguer\/wp-json\/wp\/v2\/users\/442"}],"replies":[{"embeddable":true,"href":"https:\/\/blogs.univ-tlse2.fr\/celine-vaguer\/wp-json\/wp\/v2\/comments?post=111"}],"version-history":[{"count":15,"href":"https:\/\/blogs.univ-tlse2.fr\/celine-vaguer\/wp-json\/wp\/v2\/pages\/111\/revisions"}],"predecessor-version":[{"id":1044,"href":"https:\/\/blogs.univ-tlse2.fr\/celine-vaguer\/wp-json\/wp\/v2\/pages\/111\/revisions\/1044"}],"up":[{"embeddable":true,"href":"https:\/\/blogs.univ-tlse2.fr\/celine-vaguer\/wp-json\/wp\/v2\/pages\/80"}],"wp:attachment":[{"href":"https:\/\/blogs.univ-tlse2.fr\/celine-vaguer\/wp-json\/wp\/v2\/media?parent=111"}],"curies":[{"name":"wp","href":"https:\/\/api.w.org\/{rel}","templated":true}]}}