 {"id":13,"date":"2017-10-05T11:23:23","date_gmt":"2017-10-05T09:23:23","guid":{"rendered":"https:\/\/blogs.univ-tlse2.fr\/celine-vaguer\/?page_id=13"},"modified":"2017-12-12T16:40:55","modified_gmt":"2017-12-12T15:40:55","slug":"contact","status":"publish","type":"page","link":"https:\/\/blogs.univ-tlse2.fr\/celine-vaguer\/contact\/","title":{"rendered":"Contact"},"content":{"rendered":"<p>&nbsp;<\/p>\n<p><strong>Adresse mail<\/strong> : vaguer [at] univ-tlse2.fr<\/p>\n<p><strong>Adresse physique<br \/>\n<\/strong>Universit\u00e9 Toulouse &#8211; Jean Jaur\u00e8s<br \/>\n5, all\u00e9es Antonio Machado<br \/>\n31058 Toulouse Cedex 1<\/p>\n<p><strong>Institutions<\/strong><\/p>\n<ul>\n<li><a href=\"http:\/\/lettres-modernes.univ-tlse2.fr\/\">D\u00e9partement de Lettres modernes, Cin\u00e9ma et Occitan<\/a> &#8211; UFR Lettres, Philosophie et Musique<br \/>\n[Le Gai Savoir &#8211; GA 241]<\/li>\n<li><a href=\"http:\/\/clle.univ-tlse2.fr\/accueil\/equipe-erss\/\">Laboratoire CLLE-ERSS<\/a> (UMR 5263 CNRS) &#8211; Axe VaSt <em>(Variation et structure des langues)<\/em><br \/>\n[Maison de la Recherche &#8211; B 514]<\/li>\n<\/ul>\n","protected":false},"excerpt":{"rendered":"<p>&nbsp; Adresse mail : vaguer [at] univ-tlse2.fr Adresse physique Universit\u00e9 Toulouse &#8211; Jean Jaur\u00e8s 5, all\u00e9es Antonio Machado 31058 Toulouse Cedex 1 Institutions D\u00e9partement de Lettres modernes, Cin\u00e9ma et Occitan &#8211; UFR Lettres, Philosophie et Musique [Le Gai Savoir &#8211; GA 241] Laboratoire CLLE-ERSS (UMR 5263 CNRS) &#8211; Axe VaSt (Variation et structure des langues) [&hellip;]<\/p>\n","protected":false},"author":442,"featured_media":0,"parent":0,"menu_order":0,"comment_status":"closed","ping_status":"closed","template":"page-templates\/template-full-width.php","meta":{"footnotes":""},"class_list":["post-13","page","type-page","status-publish","hentry"],"_links":{"self":[{"href":"https:\/\/blogs.univ-tlse2.fr\/celine-vaguer\/wp-json\/wp\/v2\/pages\/13","targetHints":{"allow":["GET"]}}],"collection":[{"href":"https:\/\/blogs.univ-tlse2.fr\/celine-vaguer\/wp-json\/wp\/v2\/pages"}],"about":[{"href":"https:\/\/blogs.univ-tlse2.fr\/celine-vaguer\/wp-json\/wp\/v2\/types\/page"}],"author":[{"embeddable":true,"href":"https:\/\/blogs.univ-tlse2.fr\/celine-vaguer\/wp-json\/wp\/v2\/users\/442"}],"replies":[{"embeddable":true,"href":"https:\/\/blogs.univ-tlse2.fr\/celine-vaguer\/wp-json\/wp\/v2\/comments?post=13"}],"version-history":[{"count":9,"href":"https:\/\/blogs.univ-tlse2.fr\/celine-vaguer\/wp-json\/wp\/v2\/pages\/13\/revisions"}],"predecessor-version":[{"id":340,"href":"https:\/\/blogs.univ-tlse2.fr\/celine-vaguer\/wp-json\/wp\/v2\/pages\/13\/revisions\/340"}],"wp:attachment":[{"href":"https:\/\/blogs.univ-tlse2.fr\/celine-vaguer\/wp-json\/wp\/v2\/media?parent=13"}],"curies":[{"name":"wp","href":"https:\/\/api.w.org\/{rel}","templated":true}]}}