 {"id":145,"date":"2017-11-18T14:27:39","date_gmt":"2017-11-18T13:27:39","guid":{"rendered":"https:\/\/blogs.univ-tlse2.fr\/celine-vaguer\/?page_id=145"},"modified":"2017-12-07T19:19:45","modified_gmt":"2017-12-07T18:19:45","slug":"these","status":"publish","type":"page","link":"https:\/\/blogs.univ-tlse2.fr\/celine-vaguer\/recherche\/these\/","title":{"rendered":"Th\u00e8se"},"content":{"rendered":"<h3 style=\"text-align: center\">Les constructions verbales \u201cV <em>dans<\/em> GN\u201d<br \/>\nApproches syntaxique, lexicale et s\u00e9mantique<\/h3>\n<h3 style=\"text-align: center\">C\u00e9line Vaguer<\/h3>\n<p><strong>Directrice:<\/strong> Danielle Leeman<\/p>\n<p><strong>Jury:<\/strong><br \/>\n\u2022 Jean-Claude Anscombre, Directeur de recherche, CNRS (Rapporteur)<br \/>\n\u2022 Gaston Gross, Professeur, Universit\u00e9 Paris XIII (Rapporteur)<br \/>\n\u2022 Beno\u00eet Habert, Professeur, Universit\u00e9 Paris X (Pr\u00e9sident)<br \/>\n\u2022 Danielle Leeman, Professeur, Universit\u00e9 Paris X (Directrice de th\u00e8se)<br \/>\n\u2022 Ludo Melis, Professeur, Universit\u00e9 de Leuven, Belgique (Examinateur)<\/p>\n<p><strong>Mention:<\/strong> \u2018Tr\u00e8s bien avec les f\u00e9licitations du jury\u2019<\/p>\n<p><strong>R\u00e9sum\u00e9:<\/strong> \u00c0 partir de l\u2019hypoth\u00e8se que la forme renseigne sur le sens, un corpus d\u2019\u00e9nonc\u00e9s attest\u00e9s a \u00e9t\u00e9 constitu\u00e9 et rassembl\u00e9 dans une base de donn\u00e9es de mani\u00e8re \u00e0 permettre l\u2019observation de la combinatoire syntaxique, lexicale et s\u00e9mantique de groupes pr\u00e9positionnels compl\u00e9ments (\u00ab\u00a0argumentaux\u00a0\u00bb)\u00a0 en <em>dans<\/em> avec un verbe. La recherche, d\u2019une part, identifie et d\u00e9crit l\u2019ensemble des verbes qui sous-cat\u00e9gorisent cette pr\u00e9position et, d\u2019autre part, rel\u00e8ve les interpr\u00e9tations qui ressortent de ces combinaisons de mani\u00e8re \u00e0 avancer dans l\u2019identit\u00e9 s\u00e9mantique de la pr\u00e9position <em>dans<\/em> et du compl\u00e9ment dans son ensemble. Du point de vue syntaxique, le r\u00e9sultat de l\u2019investigation consiste en une liste (d\u2019emplois) de verbes d\u00e9finissables par leur compl\u00e9mentation en <em>dans<\/em> et caract\u00e9ris\u00e9s par un certain nombre de propri\u00e9t\u00e9s : l\u2019\u00e9tude aboutit ainsi \u00e0 la d\u00e9finition d\u2019une classe lexicale, paradigme \u00e9galement uni sur le plan s\u00e9mantique. La pr\u00e9position <em>dans<\/em> est analysable dans tous les cas comme un marqueur de \u00ab\u00a0co\u00efncidence\u00a0\u00bb, quelle que soit la valeur particuli\u00e8re d\u2019un compl\u00e9ment. L\u2019apport proprement linguistique de l\u2019\u00e9tude est d\u00e9fini et pr\u00e9sent\u00e9 de sorte \u00e0 en permettre l\u2019exploitation dans le domaine du traitement automatique des langues.<\/p>\n<p><strong>Mots-cl\u00e9s<\/strong>: pr\u00e9position, constructions verbales, base de donn\u00e9es, corpus, syntaxe, s\u00e9mantique, TAL<\/p>\n<p><a href=\"https:\/\/blogs.univ-tlse2.fr\/celine-vaguer\/files\/2017\/12\/Celine-Vaguer_These_Les-constructions-verbales_V-dans-GN_2004-11.pdf\"><strong>T\u00e9l\u00e9charger la Th\u00e8se de C\u00e9line Vaguer<\/strong><\/a><\/p>\n","protected":false},"excerpt":{"rendered":"<p>Les constructions verbales \u201cV dans GN\u201d Approches syntaxique, lexicale et s\u00e9mantique C\u00e9line Vaguer Directrice: Danielle Leeman Jury: \u2022 Jean-Claude Anscombre, Directeur de recherche, CNRS (Rapporteur) \u2022 Gaston Gross, Professeur, Universit\u00e9 Paris XIII (Rapporteur) \u2022 Beno\u00eet Habert, Professeur, Universit\u00e9 Paris X (Pr\u00e9sident) \u2022 Danielle Leeman, Professeur, Universit\u00e9 Paris X (Directrice de th\u00e8se) \u2022 Ludo Melis, Professeur, [&hellip;]<\/p>\n","protected":false},"author":442,"featured_media":0,"parent":67,"menu_order":0,"comment_status":"closed","ping_status":"closed","template":"page-templates\/template-full-width.php","meta":{"footnotes":""},"class_list":["post-145","page","type-page","status-publish","hentry"],"_links":{"self":[{"href":"https:\/\/blogs.univ-tlse2.fr\/celine-vaguer\/wp-json\/wp\/v2\/pages\/145","targetHints":{"allow":["GET"]}}],"collection":[{"href":"https:\/\/blogs.univ-tlse2.fr\/celine-vaguer\/wp-json\/wp\/v2\/pages"}],"about":[{"href":"https:\/\/blogs.univ-tlse2.fr\/celine-vaguer\/wp-json\/wp\/v2\/types\/page"}],"author":[{"embeddable":true,"href":"https:\/\/blogs.univ-tlse2.fr\/celine-vaguer\/wp-json\/wp\/v2\/users\/442"}],"replies":[{"embeddable":true,"href":"https:\/\/blogs.univ-tlse2.fr\/celine-vaguer\/wp-json\/wp\/v2\/comments?post=145"}],"version-history":[{"count":5,"href":"https:\/\/blogs.univ-tlse2.fr\/celine-vaguer\/wp-json\/wp\/v2\/pages\/145\/revisions"}],"predecessor-version":[{"id":306,"href":"https:\/\/blogs.univ-tlse2.fr\/celine-vaguer\/wp-json\/wp\/v2\/pages\/145\/revisions\/306"}],"up":[{"embeddable":true,"href":"https:\/\/blogs.univ-tlse2.fr\/celine-vaguer\/wp-json\/wp\/v2\/pages\/67"}],"wp:attachment":[{"href":"https:\/\/blogs.univ-tlse2.fr\/celine-vaguer\/wp-json\/wp\/v2\/media?parent=145"}],"curies":[{"name":"wp","href":"https:\/\/api.w.org\/{rel}","templated":true}]}}