 {"id":212,"date":"2017-11-18T20:17:37","date_gmt":"2017-11-18T19:17:37","guid":{"rendered":"https:\/\/blogs.univ-tlse2.fr\/celine-vaguer\/?page_id=212"},"modified":"2017-12-07T19:24:59","modified_gmt":"2017-12-07T18:24:59","slug":"comptes-rendus","status":"publish","type":"page","link":"https:\/\/blogs.univ-tlse2.fr\/celine-vaguer\/recherche\/comptes-rendus\/","title":{"rendered":"Comptes rendus"},"content":{"rendered":"<h3>Comptes rendus d&rsquo;ouvrages<\/h3>\n<p><strong>2017<\/strong><br \/>\n\u2022 \u00ab\u00a0Compte rendu de Marie-H\u00e9l\u00e8ne Roubaud &amp; Jean-Pierre Sautot (\u00e9ds), <em>Le verbe en friche : approches linguistiques et didactiques<\/em>, Bruxelles, P.I.E. Peter Lang, 2014, 254 p.\u00a0\u00bb, <em>Journal of French Language Studies<\/em>, 27 (2), July 2017, Cambridge University Press (250-252).<\/p>\n<p><strong>2010<\/strong><br \/>\n\u2022 \u00ab\u00a0Compte rendu de Enrica Galazzi &amp; Chiara Molinari (\u00e9ds), <em>Les fran\u00e7ais en \u00e9mergence<\/em>, Berne, Peter Lang, 2008, 285 p.\u00a0\u00bb, <em>Zeitschrift f\u00fcr Franz\u00f6sische Sprache und Literatur<\/em>, 120 (1), Stuttgart, Franz Steiner Verlag (69-73).<\/p>\n<p><strong>2009<\/strong><br \/>\n\u2022 \u00ab\u00a0Compte rendu de Jean-Jacques Franckel &amp; Denis Paillard, <em>Grammaire des pr\u00e9positions<\/em>, Paris, Ophrys, 2007, 220 p.\u00a0\u00bb, <em>Zeitschrift f\u00fcr Franz\u00f6sische Sprache und Literatur<\/em>, 119 (1), Stuttgart, Franz Steiner Verlag (75-79).<\/p>\n","protected":false},"excerpt":{"rendered":"<p>Comptes rendus d&rsquo;ouvrages 2017 \u2022 \u00ab\u00a0Compte rendu de Marie-H\u00e9l\u00e8ne Roubaud &amp; Jean-Pierre Sautot (\u00e9ds), Le verbe en friche : approches linguistiques et didactiques, Bruxelles, P.I.E. Peter Lang, 2014, 254 p.\u00a0\u00bb, Journal of French Language Studies, 27 (2), July 2017, Cambridge University Press (250-252). 2010 \u2022 \u00ab\u00a0Compte rendu de Enrica Galazzi &amp; Chiara Molinari (\u00e9ds), Les [&hellip;]<\/p>\n","protected":false},"author":442,"featured_media":0,"parent":67,"menu_order":0,"comment_status":"closed","ping_status":"closed","template":"page-templates\/template-full-width.php","meta":{"footnotes":""},"class_list":["post-212","page","type-page","status-publish","hentry"],"_links":{"self":[{"href":"https:\/\/blogs.univ-tlse2.fr\/celine-vaguer\/wp-json\/wp\/v2\/pages\/212","targetHints":{"allow":["GET"]}}],"collection":[{"href":"https:\/\/blogs.univ-tlse2.fr\/celine-vaguer\/wp-json\/wp\/v2\/pages"}],"about":[{"href":"https:\/\/blogs.univ-tlse2.fr\/celine-vaguer\/wp-json\/wp\/v2\/types\/page"}],"author":[{"embeddable":true,"href":"https:\/\/blogs.univ-tlse2.fr\/celine-vaguer\/wp-json\/wp\/v2\/users\/442"}],"replies":[{"embeddable":true,"href":"https:\/\/blogs.univ-tlse2.fr\/celine-vaguer\/wp-json\/wp\/v2\/comments?post=212"}],"version-history":[{"count":6,"href":"https:\/\/blogs.univ-tlse2.fr\/celine-vaguer\/wp-json\/wp\/v2\/pages\/212\/revisions"}],"predecessor-version":[{"id":222,"href":"https:\/\/blogs.univ-tlse2.fr\/celine-vaguer\/wp-json\/wp\/v2\/pages\/212\/revisions\/222"}],"up":[{"embeddable":true,"href":"https:\/\/blogs.univ-tlse2.fr\/celine-vaguer\/wp-json\/wp\/v2\/pages\/67"}],"wp:attachment":[{"href":"https:\/\/blogs.univ-tlse2.fr\/celine-vaguer\/wp-json\/wp\/v2\/media?parent=212"}],"curies":[{"name":"wp","href":"https:\/\/api.w.org\/{rel}","templated":true}]}}