 {"id":229,"date":"2017-11-18T21:33:46","date_gmt":"2017-11-18T20:33:46","guid":{"rendered":"https:\/\/blogs.univ-tlse2.fr\/celine-vaguer\/?page_id=229"},"modified":"2025-08-06T12:36:45","modified_gmt":"2025-08-06T10:36:45","slug":"communications","status":"publish","type":"page","link":"https:\/\/blogs.univ-tlse2.fr\/celine-vaguer\/recherche\/communications\/","title":{"rendered":"Communications"},"content":{"rendered":"<h3>Ensemble des communications<\/h3>\n<p><strong>2019<br \/>\n<\/strong><\/p>\n<p>\u2022 \u00ab\u00a0Une fable de La Fontaine \u00e9tudi\u00e9e par une linguiste, \u00e7a donne quoi?\u00a0\u00bb, Communication, Universit\u00e9 du Temps Libre, Toulouse (22-11-2019), France.<br \/>\n\u2022 \u00ab\u00a0L&rsquo;alphabet, syst\u00e8me d&rsquo;\u00e9criture majoritaire?\u00a0\u00bb, Communication, Universit\u00e9 du Temps Libre, Toulouse (18-11-2019), France.<br \/>\n\u2022 \u00ab\u00a0Le fran\u00e7ais, langue du monde\u00a0\u00bb, Communication, Universit\u00e9 du Temps Libre, Toulouse (11-11-2019), France.<br \/>\n\u2022 \u00ab\u00a0Les faces cach\u00e9es de <em>genre<\/em> : d\u00e9crypter sa cat\u00e9gorisation (ou un truc dans le genre)\u00a0\u00bb, Communication, Colloque international <em>Cat\u00e9gorisation claire <\/em>versus<em> approximative : \u00e0 la recherche d&rsquo;indices de diff\u00e9renciation &#8211; CLAP19<\/em>, Strasbourg (03\/04-10-2019), France. [<a href=\"https:\/\/blogs.univ-tlse2.fr\/celine-vaguer\/2019\/10\/05\/les-faces-cachees-de-genre\/\">en savoir plus<\/a>]<br \/>\n\u2022 \u00ab\u00a0Plaidoyer pour l&rsquo;\u00e9tude des interjections&#8230; et autres mots mis \u00e0 la marge de la phrase et de l&rsquo;\u00e9tude de la langue\u00a0\u00bb, Conf\u00e9rence invit\u00e9e, ITIRI, Strasbourg (01-10-2019), France. [<a href=\"https:\/\/blogs.univ-tlse2.fr\/celine-vaguer\/2019\/10\/03\/plaidoyer-pour-letude-des-interjections\/\">en savoir plus<\/a>]<strong><br \/>\n<\/strong>\u2022 \u00ab\u00a0Plaidoyer pour l&rsquo;\u00e9tude des interjections. Saisir l&rsquo;interjection en langue et ses enjeux pour l&rsquo;enseignement, la sauvegarde du patrimoine culturel, le traitement des donn\u00e9es (traduction automatique&#8230;)&#8230;\u00a0\u00bb, Communication, Universit\u00e9 du Temps Libre, Toulouse (18-01-2019), France.<strong><br \/>\n<\/strong>\u2022 \u00ab\u00a0Plaidoyer pour l&rsquo;\u00e9tude des expressions fig\u00e9es et ses enjeux pour le traitement des donn\u00e9es (intelligence artificielle), la traduction, la lexicographie, l&rsquo;enseignement, la culture&#8230;\u00a0\u00bb, Communication, Universit\u00e9 du Temps Libre, Toulouse (11-01-2019), France.<\/p>\n<p><strong>2018<\/strong><br \/>\n\u2022 \u00ab\u00a0L&rsquo;interjection: une partie du discours?\u00a0\u00bb, Communication, S\u00e9minaire de l&rsquo;axe VaSt &#8211; Laboratoire CLLE-ERSS (UMR 5263), Toulouse (13-12-2018), France.<br \/>\n\u2022 [avec Mongi Kahloul] \u00ab\u00a0<em>Sur ce<\/em>, qu&rsquo;en dit-on?\u00a0\u00bb, Communication, Colloque international <em>Ce disant, que fait-on?<\/em>, Strasbourg (6\/7-12-2018), France.<br \/>\n\u2022 \u00ab\u00a0Nom de Zeus! Par Jupiter! L&rsquo;interjection vue sous le prisme de la pr\u00e9dication\u00a0\u00bb, Communication, Colloque international <em>Le pr\u00e9dicat: enjeux linguistiques et didactiques<\/em>, Paris (13\/14-09-2018), France.<br \/>\n\u2022 [avec Danielle Leeman] \u00ab\u00a0L&rsquo;identit\u00e9 lexicale au prisme des pratiques discursives: <em>v\u00e9lo<\/em> vs <em>bicyclette\u00a0\u00bb<\/em>, Communication, <em>Journ\u00e9es d&rsquo;\u00e9tudes en<\/em> <em>l&rsquo;honneur de Jacques Bres<\/em>, Montpellier (6\/7-09-2018), France.<br \/>\n\u2022 \u00ab\u00a0Le lexique du genre: comment la langue d\u00e9signe et repr\u00e9sente les femmes\u00a0\u00bb, Conf\u00e9rence, S\u00e9minaire de Master \u00ab\u00a0Le Genre\u00a0\u00bb, Lettres modernes | Universit\u00e9 Toulouse &#8211; Jean Jaur\u00e8s, Toulouse (02-2018), France.<\/p>\n<p><strong>2017<\/strong><br \/>\n\u2022 \u00ab\u00a0Pourquoi <em>une fille de joie<\/em> n&rsquo;est pas <em>une fille joyeuse<\/em>? Emploi adjectival d&rsquo;un certain type de modifi(cat)eur nominal\u00a0\u00bb, Communication, Colloque international <em>Adjectivit\u00e9<\/em>, Paris (7\/9-09-2017), France.<br \/>\n\u2022 \u00ab\u00a0Autour des compl\u00e9ments du nom de type &lt;N <em>de<\/em> N&gt;\u00a0\u00bb, Communication, Journ\u00e9e d&rsquo;\u00e9tudes de l&rsquo;axe VaSt &#8211; Laboratoire CLLE-ERSS (UMR 5263), Toulouse (11-05-2017), France.<br \/>\n\u2022 \u00ab\u00a0Le mot \u00ab\u00a0genre\u00a0\u00bb: \u00e9volution &amp; emplois\u00a0\u00bb, Conf\u00e9rence, S\u00e9minaire de Master \u00ab\u00a0Le Genre\u00a0\u00bb, Lettres modernes | Universit\u00e9 Toulouse &#8211; Jean Jaur\u00e8s, Toulouse (02-2017), France.<\/p>\n<p><strong>2016<\/strong><br \/>\n\u2022 \u00ab\u00a0Les groupes pr\u00e9positionnels du type \u00ab\u00a0N <em>de <\/em>N\u00a0\u00bb: compl\u00e9ments du N ou compl\u00e9ments d\u00e9terminatifs?\u00a0\u00bb, Communication, Colloque international <em>Contraintes linguistiques &#8211; Linguistique contrainte<\/em>, Paris (2\/3-06-2016), France.<\/p>\n<p><strong>2015<\/strong><br \/>\n\u2022 \u00ab\u00a0Vous avez dit <em>bizarre<\/em>, ou <em>bigearre<\/em>, ou <em>bigarre<\/em>? La langue et ses usages : \u00e9tude du <em>bizarre<\/em> (XVIe-XVIIIe s.)\u00a0\u00bb, S\u00e9minaire <em>Les premiers \u00e2ges du bizarre (XVIe-XVIIIe s.)<\/em>, \u00e9quipe ELH, Toulouse (16-11-2015), France.<br \/>\n\u2022 \u00ab\u00a0<em>En m\u00eame temps<\/em>, <em>Dans le m\u00eame temps<\/em>, marqueurs temporels de simultan\u00e9it\u00e9\u00a0\u00bb, Colloque international <em>Cons\u00e9cutivit\u00e9 et simultan\u00e9it\u00e9 en linguistique, langues et parole<\/em>, Strasbourg (1\/3-07-2015), France.<br \/>\n\u2022 \u00ab\u00a0Ces pr\u00e9positions qui marquent de l\u2019approximation\u00a0\u00bb, 29e colloque du CERLICO <em>Lin\u00e9arit\u00e9 et Interpr\u00e9tation (approximation, modulation, ajustement)<\/em>, Rennes (11\/12-06-2015), France.<br \/>\n\u2022 \u00ab\u00a0<em>Pronom personnel<\/em> et <em>Pronom clitique<\/em>: faut-il les distinguer?\u00a0\u00bb, Journ\u00e9e d\u2019\u00e9tudes internationale <em>Les pronoms personnels entre langue et discours<\/em>, Sousse (08-04-2015), Tunisie.<br \/>\n\u2022 \u00ab\u00a0Nouveaux regards sur <em>en m\u00eame temps<\/em>\u00ab\u00a0, S\u00e9minaire de l\u2019axe VaSt &#8211; Laboratoire CLLE-ERSS (UMR 5263), Toulouse (06-03-2015), France.<\/p>\n<p><strong>2014<\/strong><br \/>\n\u2022 \u00ab\u00a0<em>En m\u00eame temps, je dis \u00e7a, je dis rien!<\/em> <em>En m\u00eame temps<\/em>, marqueur d\u2019attitude \u00e9nonciative, de contradiction?\u00a0\u00bb, Communication, <em>Journ\u00e9e d&rsquo;\u00e9tudes Int\u00e9raction(s) et didactique des langues<\/em>, Orl\u00e9ans (23-05-2014), France.<br \/>\n\u2022 \u00ab\u00a0\u00c9mergence d&rsquo;un marqueur discursif: <em>en m\u00eame temps<\/em>\u00ab\u00a0, Communication, Colloque international <em>\u00c0 l&rsquo;articulation du lexique, de la grammaire et du discours: marqueurs grammaticaux et marqueurs discursifs<\/em>, Paris (3\/5-04-2014), France.<br \/>\n\u2022 [avec H\u00e9l\u00e8ne Ricaud-Droisy] \u00ab\u00a0Construire un parcours de r\u00e9ussite en Licence?\u00a0\u00bb, Communication, Colloque <em>Liaison LEGT-Universit\u00e9<\/em> organis\u00e9 par le SAIO de l&rsquo;Acad\u00e9mie de Toulouse, Toulouse (21-01-2014), France.<\/p>\n<p><strong>2011<\/strong><br \/>\n\u2022 \u00ab\u00a0<em>Entre les deux, mon c\u0153ur balance!<\/em> Identit\u00e9 de la pr\u00e9position <em>entre<\/em> &#8211; entrevue de l&rsquo;aspect\u00a0\u00bb, Communication, Colloque international <em>Pr\u00e9positions et aspectualit\u00e9<\/em>, Aix-en-Provence (3\/4-06-2011), France.<br \/>\n\u2022 \u00ab\u00a0<em>Un peu<\/em> peut-il \u00eatre un marqueur dialogique?\u00a0\u00bb, Communication, S\u00e9minaire du Laboratoire CLLE-ERSS (UMR 5263), Toulouse (24-02-2011), France.<\/p>\n<p><strong>2010<\/strong><br \/>\n\u2022 \u00ab\u00a0Peut-on encore parler de <em>compl\u00e9ment circonstanciel<\/em> au XXIe si\u00e8cle?\u00a0\u00bb, Communication, Colloque international <em>Compl\u00e9mentationS<\/em>, Santiago de Compostela (20\/23-10-2010), Espagne.<br \/>\n\u2022 \u00ab\u00a0Les \u00e9carts orthographiques des \u00e9tudiants en licence de Lettres et leur devenir orthographique dans la formation des enseignants\u00a0\u00bb, Communication, Colloque international <em>Les didactiques en questions: \u00e9tat des lieux et perspectives pour la recherche et la formation<\/em>, Universit\u00e9 de Cergy-Pontoise et IUFM de l&rsquo;Acad\u00e9mie de Versailles (7\/8-10-2010), France.<br \/>\n\u2022 \u00ab\u00a0<em>Un peu<\/em>, un adverbe du troisi\u00e8me type?\u00a0\u00bb, Communication, Journ\u00e9e d&rsquo;\u00e9tudes de l&rsquo;axe Description syntaxique &#8211; Laboratoire CLLE-ERSS (UMR 5263), Toulouse (17-09-2010), France.<br \/>\n\u2022 \u00ab\u00a0L&rsquo;adverbe <em>un peu<\/em> comme marqueur dialogique\u00a0\u00bb, Communication, Colloque international <em>Dialogisme: langue, discours<\/em>, Montpellier (8\/10-09-2010), France.<\/p>\n<p><strong>2009<\/strong><br \/>\n\u2022 \u00ab\u00a0<em>\u00catre aux anges, Sortir de ses gonds..<\/em>. Comment les langues traduisent-elles des \u00e9tats \u00e9motionnels?\u00a0\u00bb, Communication, <em>Journ\u00e9es franco-su\u00e9doises de linguistique Langues et Textes en Contraste<\/em>, V\u00e4xj\u00f6 (28\/30-09-2009), Su\u00e8de.<br \/>\n\u2022 \u00ab\u00a0Les locutions fran\u00e7aises en <em>sous<\/em>: constructions et identit\u00e9 s\u00e9mantique\u00a0\u00bb, Communication, Colloque de l&rsquo;AFLS <em>Langue fran\u00e7aise en contextes<\/em>, Neuch\u00e2tel (3\/5-09-2009), Suisse.<br \/>\n\u2022 [avec Danielle Leeman] \u00ab\u00a0Les locutions fran\u00e7aises en <em>sous<\/em>\u00ab\u00a0, Communication, Colloque <em>Locutions: les langues entre cultures et cognition. Relations spatiales, relations temporelles, locutions spatio-temporelle<\/em>s, Universit\u00e4t Potsdam (18\/19-06-2009), Allemagne.<br \/>\n\u2022 \u00ab\u00a0<em>Dans<\/em>, <em>hors<\/em>, <em>vers<\/em>. La primaut\u00e9 s\u00e9mantique de l\u2019espace d\u00e9pos\u00e9e\u00a0\u00bb, Communication, <em>Cinqui\u00e8me Rencontres de S\u00e9mantique et Pragmatique (RSP5)<\/em>, Universit\u00e9 de Gab\u00e8s (22\/24-04-2009), Tunisie.<br \/>\n\u2022 \u00ab\u00a0Les locutions pr\u00e9positionnelles en <em>sous<\/em>: approche syntaxique &amp; traduction automatique\u00a0\u00bb, Communication, Journ\u00e9e d&rsquo;\u00e9tudes <em>Les locutions pr\u00e9positionnelles en \u00ab\u00a0sur\u00a0\u00bb et \u00ab\u00a0sous\u00a0\u00bb; description et traduction<\/em>, Universit\u00e9 Paris X-Nanterre (30-01-2009), France.<\/p>\n<p><strong>2008<br \/>\n<\/strong>\u2022 \u00ab\u00a0Quand <em>facilement<\/em> rencontre un num\u00e9ral, \u00e7a parle d&rsquo;approximation\u00a0\u00bb, Communication \u00e0 la <em>Journ\u00e9e d&rsquo;\u00e9tudes en Linguistique fran\u00e7aise Approximation &amp; Pr\u00e9cision<\/em>, Tel-Aviv (01-07-2008), Isra\u00ebl.<br \/>\n\u2022 \u00ab\u00a0La traduction de locutions pr\u00e9positionnelles en <em>sous<\/em>\u00ab\u00a0, Communication, Journ\u00e9e d&rsquo;\u00e9tudes <em>Les locutions pr\u00e9positionnelles en \u00ab\u00a0sur\u00a0\u00bb et \u00ab\u00a0sous\u00a0\u00bb<\/em>, Universit\u00e9 Paris X-Nanterre (20-06-2008), France.<\/p>\n<p><strong>2007<\/strong><br \/>\n\u2022 \u00ab\u00a0Que dire de <em>hors<\/em>?\u00a0\u00bb, Communication, Colloque <em>Autour de la pr\u00e9position<\/em>, Caen (20\/22-09-2007), France.<br \/>\n\u2022 \u00ab\u00a0De l&rsquo;usage de l&rsquo;approximation&#8230; Ou comment parler flou\u00a0\u00bb, Communication, <em>IPrA Vague Language: The Use of Approximators and Hedges in Spoken and Written Corpora<\/em>, G\u00f6teborg (9\/14-07-2007), Su\u00e8de.<br \/>\n\u2022 \u00ab\u00a0\u00c9motions et locutions pr\u00e9positives\u00a0\u00bb, Communication, Colloque international <em>Le lexique des \u00e9motions et sa combinatoire<\/em>, Grenoble \u2013 LIDILEM (26\/27-04-2007), France.<br \/>\n\u2022 \u00ab\u00a0La r\u00e9cence de l\u2019analyse de <em>hors<\/em> (diachronie et synchronie)\u00a0\u00bb, Communication, Journ\u00e9e d\u2019\u00e9tude <em>Les pr\u00e9positions<\/em>, Arras (30-03-2007), France.<\/p>\n<p><strong>2006<\/strong><br \/>\n\u2022 \u00ab\u00a0Les constructions verbales en <em>dans<\/em>\u00ab\u00a0, Communication, <em>7e Congreso internacional de ling\u00fcistica francesa (CILF2006)<\/em>, Valencia (25\/27-10-2006), Espagne.<br \/>\n\u2022 \u00ab\u00a0Pr\u00e9positions et quantification. Le cas de <em>dans<\/em>, <em>vers<\/em> et <em>sur<\/em>\u00ab\u00a0, Communication, Colloque international <em>La quantification et ses domaines<\/em>, Strasbourg (19\/21-10-2006), France.<br \/>\n\u2022 \u00ab\u00a0Expressions fig\u00e9es et traduction: de la langue aux outils\u00a0\u00bb, Communication, Colloque international <em>Traduction et communication interculturelle<\/em>, Sofia (29-09-2006\/01-10-2006), Bulgarie.<br \/>\n\u2022 \u00ab\u00a0Approche du sens des pr\u00e9positions: le cas de <em>vers<\/em>\u00ab\u00a0, Communication, <em>Quatri\u00e8me rencontre internationale de S\u00e9mantique et Pragmatique (RSP4): La place du sens en linguistique<\/em>, Universit\u00e9 d\u2019Orl\u00e9ans (13\/15-06-2006), France.<br \/>\n\u2022 \u00ab\u00a0Quelle valeur pour la pr\u00e9position <em>dans<\/em>?\u00a0\u00bb, Communication, S\u00e9minaire<em> La pr\u00e9position comme valeur<\/em>, Florence (07-04-2006), Italie.<br \/>\n\u2022 \u00ab\u00a0Quelle(s) analyse(s) proposer de la structure &lt;<em>dans les<\/em>+num\u00e9ral&gt;?\u00a0\u00bb, Communication, <em>GDT Syntax<\/em>e, Universit\u00e9 Paris X-Nanterre, anim\u00e9 par Sylvain Kahane (16-01-2006), France.<\/p>\n<p><strong>2005<\/strong><br \/>\n\u2022 \u00ab\u00a0<em>Nous nageons dans la confusion<\/em>. La lutte des classes V&lt;mouvement&gt; <em>vs<\/em> V&lt;psychologique&gt;?\u00a0\u00bb, Communication, Colloque international <em>Repr\u00e9sentations du sens linguistique III<\/em>, Bruxelles (3\/5-11-2005), Belgique.<br \/>\n\u2022 \u00ab\u00a0De l\u2019utilit\u00e9 d\u2019un corpus en syntaxe, mais quel corpus?\u00a0\u00bb, Communication, Colloque <em>JETOU\u20192005<\/em>, Universit\u00e9 de Toulouse-Le Mirail (1\/2-07-2005), France.<br \/>\n\u2022 \u00ab\u00a0Zephir-V2: une base de donn\u00e9es linguistique pour l\u2019\u00e9tude des constructions verbales\u00a0\u00bb, Poster annonc\u00e9, <em>74e Congr\u00e8s de l\u2019ACFAS, Le savoir: trame de la modernit\u00e9<\/em>, Universit\u00e9 McGill, Montr\u00e9al (15\/19-05-2005), Canada.<br \/>\n\u2022 \u00ab\u00a0<em>P\u00e9daler dans la semoule<\/em>. \u00c9tude de constructions verbales fig\u00e9es de structure &lt;V <em>dans<\/em> GN&gt;\u00a0\u00bb, Communication, Journ\u00e9e d&rsquo;\u00e9tudes <em>Le semi-figement<\/em>, Universit\u00e9 Paris\u00a0X-Nanterre (25-03-2005), France.<br \/>\n\u2022 \u00ab\u00a0Une base de donn\u00e9es comme moyen de communication scientifique?\u00a0\u00bb, Communication, Colloque <em>Ninth International Symposium on social communication<\/em>, Center of Applied Linguistics, Santiago de Cuba (24\/28-01-2005), Cuba.<br \/>\n\u2022 \u00ab\u00a0<em>Dans les<\/em>+num\u00e9ral: un d\u00e9terminant de quantification faible?\u00a0\u00bb, Communication, Colloque th\u00e9matique <em>Ind\u00e9finis et quantificateurs faibles<\/em>, Bruxelles (6\/8-01-2005), Belgique.<\/p>\n<p><strong>2004<\/strong><br \/>\n\u2022 \u00ab\u00a0<em>Dans<\/em>: l\u2019expression de la co\u00efncidence spatio-temporelle\u00a0\u00bb, Communication, Colloque international <em>On the Expression of Time and Space<\/em>, Anvers (23\/25-09-2004), Belgique.<br \/>\n\u2022 \u00ab\u00a0Constituer un observable pour l\u2019\u00e9tude des constructions verbales &lt;V <em>dans<\/em> SN&gt;\u00a0\u00bb, Poster, Colloque Jeunes Chercheurs <em>(Col\u2019Doc.04) La Construction des observables en sciences du langag<\/em>e, MoDyCo &amp; Universit\u00e9 Paris\u00a0X-Nanterre (29\/30-04-2004), France.<\/p>\n<p><strong>2003<\/strong><br \/>\n\u2022 \u00ab\u00a0Pr\u00e9position <em>dans<\/em> et traduction automatique: le cas de l\u2019approximation\u00a0\u00bb, Poster, Journ\u00e9es d\u2019\u00e9tude Toulousaines <em>(JETOU) La question du sens<\/em>, Toulouse (7\/8-11-2003), France.<br \/>\n\u2022 \u00ab\u00a0Corpus, vous avez dit corpus! De la notion de <em>corpus<\/em> \u00e0 la cr\u00e9ation d\u2019un &lt;corpus informatis\u00e9&gt;\u00a0\u00bb, Communication, <em>3es Journ\u00e9es de la linguistique de corpus<\/em>, Lorient (11\/12-09-2003), France.<br \/>\n\u2022 \u00ab\u00a0<em>Ella est plong\u00e9e dans sa lecture<\/em>: <em>lecture<\/em>, compl\u00e9ment ou pr\u00e9dicat?\u00a0\u00bb, Communication, <em>VIes Rencontres Jeunes Chercheurs de l\u2019ED\u00a0268<\/em>, Paris\u00a0III \u2013 ILPGA (24-05-2003), France.<br \/>\n\u2022 \u00ab\u00a0La pr\u00e9position <em>dans<\/em> et l&rsquo;intensit\u00e9\u00a0\u00bb, Communication, <em>Journ\u00e9e linguistique du Cercle Belge de Linguistiqu<\/em>e, K.U.\u00a0Bruxelles, Bruxelles (10-05-2003), Belgique.<\/p>\n<p><strong>2002<\/strong><br \/>\n\u2022 \u00ab\u00a0La pr\u00e9position <em>dans<\/em>: un vecteur d&rsquo;approximation\u00a0\u00bb, Communication, Colloque international <em>Mots grammaticaux et mots de discours: une continuit\u00e9?<\/em>, Sousse (4\/5-10-2002), Tunisie.<br \/>\n\u2022 \u00ab\u00a0La compl\u00e9mentation verbale en <em>dans<\/em>\u00ab\u00a0, Communication, Journ\u00e9e d\u2019\u00e9tude <em>Unit\u00e9s lexicales: propri\u00e9t\u00e9s morphologiques et syntaxiques<\/em>, JE du laboratoire MoDyCo, Universit\u00e9 Paris\u00a0X-Nanterre (14-06-2002), France.<\/p>\n","protected":false},"excerpt":{"rendered":"<p>Ensemble des communications 2019 \u2022 \u00ab\u00a0Une fable de La Fontaine \u00e9tudi\u00e9e par une linguiste, \u00e7a donne quoi?\u00a0\u00bb, Communication, Universit\u00e9 du Temps Libre, Toulouse (22-11-2019), France. \u2022 \u00ab\u00a0L&rsquo;alphabet, syst\u00e8me d&rsquo;\u00e9criture majoritaire?\u00a0\u00bb, Communication, Universit\u00e9 du Temps Libre, Toulouse (18-11-2019), France. \u2022 \u00ab\u00a0Le fran\u00e7ais, langue du monde\u00a0\u00bb, Communication, Universit\u00e9 du Temps Libre, Toulouse (11-11-2019), France. \u2022 \u00ab\u00a0Les faces [&hellip;]<\/p>\n","protected":false},"author":442,"featured_media":0,"parent":67,"menu_order":0,"comment_status":"closed","ping_status":"closed","template":"page-templates\/template-full-width.php","meta":{"footnotes":""},"class_list":["post-229","page","type-page","status-publish","hentry"],"_links":{"self":[{"href":"https:\/\/blogs.univ-tlse2.fr\/celine-vaguer\/wp-json\/wp\/v2\/pages\/229","targetHints":{"allow":["GET"]}}],"collection":[{"href":"https:\/\/blogs.univ-tlse2.fr\/celine-vaguer\/wp-json\/wp\/v2\/pages"}],"about":[{"href":"https:\/\/blogs.univ-tlse2.fr\/celine-vaguer\/wp-json\/wp\/v2\/types\/page"}],"author":[{"embeddable":true,"href":"https:\/\/blogs.univ-tlse2.fr\/celine-vaguer\/wp-json\/wp\/v2\/users\/442"}],"replies":[{"embeddable":true,"href":"https:\/\/blogs.univ-tlse2.fr\/celine-vaguer\/wp-json\/wp\/v2\/comments?post=229"}],"version-history":[{"count":28,"href":"https:\/\/blogs.univ-tlse2.fr\/celine-vaguer\/wp-json\/wp\/v2\/pages\/229\/revisions"}],"predecessor-version":[{"id":1050,"href":"https:\/\/blogs.univ-tlse2.fr\/celine-vaguer\/wp-json\/wp\/v2\/pages\/229\/revisions\/1050"}],"up":[{"embeddable":true,"href":"https:\/\/blogs.univ-tlse2.fr\/celine-vaguer\/wp-json\/wp\/v2\/pages\/67"}],"wp:attachment":[{"href":"https:\/\/blogs.univ-tlse2.fr\/celine-vaguer\/wp-json\/wp\/v2\/media?parent=229"}],"curies":[{"name":"wp","href":"https:\/\/api.w.org\/{rel}","templated":true}]}}