 {"id":232,"date":"2017-11-18T21:43:36","date_gmt":"2017-11-18T20:43:36","guid":{"rendered":"https:\/\/blogs.univ-tlse2.fr\/celine-vaguer\/?page_id=232"},"modified":"2019-10-05T17:56:20","modified_gmt":"2019-10-05T15:56:20","slug":"conferences-invitees","status":"publish","type":"page","link":"https:\/\/blogs.univ-tlse2.fr\/celine-vaguer\/recherche\/conferences-invitees\/","title":{"rendered":"Conf\u00e9rences invit\u00e9es"},"content":{"rendered":"<h3>Conf\u00e9rences invit\u00e9es \/ Valorisation de la recherche<\/h3>\n<p><strong>2019<br \/>\n<\/strong>\u2022<strong> Institut de Traducteurs, d&rsquo;Interpr\u00e8tes et de Relations Internationales (ITIRI)<\/strong>, Strasbourg (1er octobre 2019), C\u00e9line Vaguer invit\u00e9e par Sylvain Caschelin.<br \/>\nTitre de conf\u00e9rence : <em>Plaidoyer pour l&rsquo;\u00e9tude des interjections&#8230; et autres mots mis \u00e0 la marge de la phrase et de l&rsquo;\u00e9tude de la langue<\/em>. [<a href=\"https:\/\/blogs.univ-tlse2.fr\/celine-vaguer\/2019\/10\/03\/plaidoyer-pour-letude-des-interjections\/\">en savoir plus<\/a>]<\/p>\n<p><strong>2015<br \/>\n<\/strong>\u2022<strong> Facult\u00e9 des Lettres et des Sciences Humaines de Sousse<\/strong>, D\u00e9partement de Fran\u00e7ais (7 avril 2015), C\u00e9line Vaguer invit\u00e9e par Houda Ounis.<br \/>\nTitre de la conf\u00e9rence: <em>M\u00e9thodologie de la recherche : de la langue au discours<\/em>.<br \/>\n\u2022 <strong>Universit\u00e9 de Toulouse II-Jean Jaur\u00e8s<\/strong> (17 mars 2015), C\u00e9line Vaguer sollicit\u00e9e par Eric Ferrante (DTICE, UT2J) dans le cadre des rendez-vous <em>30mn pour comprendre !<\/em> pendant lesquels des enseignants pr\u00e9sentent leur fa\u00e7on d\u2019utiliser les services num\u00e9riques disponibles dans le cadre de leurs enseignements, sous la forme de retours d\u2019exp\u00e9rience.<br \/>\nTitre de l&rsquo;intervention: <em>Utiliser les Tests dans IRIS<\/em>.<\/p>\n<p><strong>2013<\/strong><br \/>\n\u2022 <strong>Universit\u00e9 de Toulouse II-Le Mirail<\/strong> (18 mars 2013), C\u00e9line Vaguer invit\u00e9e par Cathy Orthet dans le cadre de l&rsquo;action <em>Destination emploi<\/em>.<br \/>\nTitre de la conf\u00e9rence: <em>Veiller \u00e0 son e-reputation professionnelle sur les r\u00e9seaux sociaux (Viad\u00e9o &#8211; LinkedIn &#8211; Facebook)<\/em>.<\/p>\n<p><strong>2010<\/strong><br \/>\n\u2022 <strong>Universit\u00e9 de Toulouse II-Le Mirail<\/strong> (15 novembre 2010), C\u00e9line Vaguer invit\u00e9e par Ludovic Tanguy dans le cadre du Master recherche de Sciences du langage.<br \/>\nTitre de la conf\u00e9rence: <em>Comment les corpus font parler la langue\u2026 Illustration sur la pr\u00e9position<\/em>.<br \/>\n\u2022 <strong>Universit\u00e9 de Cergy-Pontoise<\/strong> (12 f\u00e9vrier 2010), C\u00e9line Vaguer invit\u00e9e par Jacques David et Morgane\u00a0Beaumanoir-Secq dans le cadre de la <em>Formation de formateurs 2009-2010 \u00ab\u00a0L&rsquo;orthographe dans les enseignements-apprentissages de la lecture et de l&rsquo;\u00e9criture du primaire au secondaire\u00a0\u00bb<\/em>.<br \/>\nTitre de la conf\u00e9rence: <em>La morphographie grammaticale: le marquage des accords sur les verbes<\/em>.<\/p>\n<p><strong>2008<\/strong><br \/>\n\u2022 <strong>Universit\u00e9 Paris Ouest Nanterre-La D\u00e9fense<\/strong> (3 novembre 2008), C\u00e9line Vaguer invit\u00e9e par Danielle\u00a0Leeman dans le cadre du S\u00e9minaire commun de Master de Sciences du langage.<br \/>\nTitre de la conf\u00e9rence: <em>Les corpus (oraux, \u00e9crits), comment y acc\u00e9der, les utiliser, les relativiser ?<\/em><\/p>\n<p><strong>2007<\/strong><br \/>\n\u2022 <strong>Universit\u00e9 de Qu\u00e9bec \u00e0 Montr\u00e9al &#8211; UQAM<\/strong>, Canada (20 avril 2007)<br \/>\nTitre de la conf\u00e9rence: <em>Autour de la compl\u00e9mentation verbale<\/em>.<br \/>\n\u2022 <strong>\u00c9mission radiophonique \u2018Science Publique\u2019<\/strong> (23 f\u00e9vrier 2007), C\u00e9line Vaguer invit\u00e9e par Michel Alberganti.<br \/>\nTh\u00e8me de l&rsquo;\u00e9mission: <em>Pourra-t-on parler une langue \u00e9trang\u00e8re sans l\u2019apprendre ?<\/em> France Culture, France.<br \/>\n\u2022 <strong>Salon Expolangues<\/strong> (Paris) (25 janvier 2007), C\u00e9line Vaguer invit\u00e9e par la DGLFLF dans le cadre de la table ronde <em>Les nouveaux outils de la traduction : gadget ou r\u00e9volution culturelle ?<\/em> organis\u00e9e par le Minist\u00e8re de la Culture et de la communication et la D\u00e9l\u00e9gation G\u00e9n\u00e9rale \u00e0 la Langue Fran\u00e7aise et aux Langues de France (DGLFLF).<br \/>\nTitre de l\u2019intervention: <em>Panorama des outils d\u2019aide \u00e0 la traduction automatique<\/em>.<\/p>\n<p><strong>2003<\/strong><br \/>\n\u2022 <strong>Universit\u00e9 Paris VII<\/strong> (22\u00a0janvier 2003), C\u00e9line Vaguer invit\u00e9e par Pierre Cadiot.<br \/>\nTitre de la conf\u00e9rence: <em>Peut-on parler d&rsquo;approximation dans certains emplois de \u00ab\u00a0dans\u00a0\u00bb ?<br \/>\n<\/em>\u2022 <strong>Universit\u00e9 d&rsquo;Anvers &#8211; U.I.A.<\/strong> &#8211; Belgique (9\u00a0janvier 2003), C\u00e9line Vaguer invit\u00e9e par Patrick Dendale.<br \/>\nTitre de la conf\u00e9rence: <em>Quel(s) sens pour la pr\u00e9position \u00ab\u00a0dans\u00a0\u00bb ?<\/em><\/p>\n","protected":false},"excerpt":{"rendered":"<p>Conf\u00e9rences invit\u00e9es \/ Valorisation de la recherche 2019 \u2022 Institut de Traducteurs, d&rsquo;Interpr\u00e8tes et de Relations Internationales (ITIRI), Strasbourg (1er octobre 2019), C\u00e9line Vaguer invit\u00e9e par Sylvain Caschelin. Titre de conf\u00e9rence : Plaidoyer pour l&rsquo;\u00e9tude des interjections&#8230; et autres mots mis \u00e0 la marge de la phrase et de l&rsquo;\u00e9tude de la langue. [en savoir [&hellip;]<\/p>\n","protected":false},"author":442,"featured_media":0,"parent":67,"menu_order":0,"comment_status":"closed","ping_status":"closed","template":"page-templates\/template-full-width.php","meta":{"footnotes":""},"class_list":["post-232","page","type-page","status-publish","hentry"],"_links":{"self":[{"href":"https:\/\/blogs.univ-tlse2.fr\/celine-vaguer\/wp-json\/wp\/v2\/pages\/232","targetHints":{"allow":["GET"]}}],"collection":[{"href":"https:\/\/blogs.univ-tlse2.fr\/celine-vaguer\/wp-json\/wp\/v2\/pages"}],"about":[{"href":"https:\/\/blogs.univ-tlse2.fr\/celine-vaguer\/wp-json\/wp\/v2\/types\/page"}],"author":[{"embeddable":true,"href":"https:\/\/blogs.univ-tlse2.fr\/celine-vaguer\/wp-json\/wp\/v2\/users\/442"}],"replies":[{"embeddable":true,"href":"https:\/\/blogs.univ-tlse2.fr\/celine-vaguer\/wp-json\/wp\/v2\/comments?post=232"}],"version-history":[{"count":3,"href":"https:\/\/blogs.univ-tlse2.fr\/celine-vaguer\/wp-json\/wp\/v2\/pages\/232\/revisions"}],"predecessor-version":[{"id":662,"href":"https:\/\/blogs.univ-tlse2.fr\/celine-vaguer\/wp-json\/wp\/v2\/pages\/232\/revisions\/662"}],"up":[{"embeddable":true,"href":"https:\/\/blogs.univ-tlse2.fr\/celine-vaguer\/wp-json\/wp\/v2\/pages\/67"}],"wp:attachment":[{"href":"https:\/\/blogs.univ-tlse2.fr\/celine-vaguer\/wp-json\/wp\/v2\/media?parent=232"}],"curies":[{"name":"wp","href":"https:\/\/api.w.org\/{rel}","templated":true}]}}