 {"id":258,"date":"2017-11-18T23:15:12","date_gmt":"2017-11-18T22:15:12","guid":{"rendered":"https:\/\/blogs.univ-tlse2.fr\/celine-vaguer\/?page_id=258"},"modified":"2025-08-06T15:08:05","modified_gmt":"2025-08-06T13:08:05","slug":"responsabilites-recherche","status":"publish","type":"page","link":"https:\/\/blogs.univ-tlse2.fr\/celine-vaguer\/expertise\/responsabilites-recherche\/","title":{"rendered":"Responsabilit\u00e9s &lsquo;Recherche&rsquo;"},"content":{"rendered":"<p><strong>CLLE (UMR 5263)<br \/><\/strong>\u2022 <strong>Membre \u00e9lue<\/strong>, coll\u00e8ge chercheurs &amp; enseignants-chercheurs, au <strong>Conseil d&rsquo;Unit\u00e9 du Laboratoire CLLE<\/strong> &#8211; CNRS &amp; Universit\u00e9 de Toulouse II-Jean Jaur\u00e8s (01\/2021-06\/2021)<br \/>\u2022 <strong>Co-animatrice scientifique<\/strong> (avec M\u00e9lanie Petit) de l&rsquo;axe th\u00e9matique \u00ab\u00a0Discours\u00a0\u00bb de l&rsquo;\u00e9quipe \u00ab\u00a0Langues &amp; Langage\u00a0\u00bb du Laboratoire CLLE (12\/2020-06\/2021)<\/p>\n<p><strong>CSQ &#8211; Coll\u00e8ge Scientifique Qualifi\u00e9 (7 ans)<br \/><\/strong>\u2022 <strong>Membre \u00e9lue<\/strong>, coll\u00e8ge B, du Coll\u00e8ge scientifique qualifi\u00e9 (CSQ) de 7e section \u2013 Universit\u00e9 de Toulouse II-Jean Jaur\u00e8s (2014-2017; 2018-2021)<br \/>\u2022 <strong>Membre du bureau<\/strong> du Coll\u00e8ge scientifique qualifi\u00e9 (CSQ) de 7e section \u2013 Universit\u00e9 de Toulouse II-Jean Jaur\u00e8s (2014-2017)<\/p>\n<p><strong>Expertise de projets de recherche<\/strong><br \/>\u2022 <strong>Prestations intellectuelles d&rsquo;expertise et de conseil technique et scientifique<\/strong>, pour le compte d&rsquo;Universit\u00e9s (p.ex. la Maison des Sciences de l&rsquo;Homme en Bretagne) et\/ou de Laboratoires de recherche, dans le respect du secret professionnel (2021)<\/p>\n<p><strong>Comit\u00e9s de s\u00e9lection<\/strong><br \/>\u2022 <strong>Membre du Comit\u00e9 de s\u00e9lection de 7e section<\/strong> &#8211; poste 07 MCF 0542 | Syntaxe \u2013 Universit\u00e9 Bordeaux-Montaigne (2015)<\/p>\n<p><strong>Commission d&rsquo;attribution des CDU<br \/><\/strong>\u2022 <strong>Membre de la Commission<\/strong> d&rsquo;attribution des CDU de th\u00e8se &#8211; Laboratoire CLLE-ERSS (2014, 2017)<\/p>\n<p><strong>Comit\u00e9s scientifiques de Colloques<\/strong><br \/>\u2022 Colloque international de linguistique\u00a0<em>\u00ab\u00a0<\/em><em>Ce disant, que fait-on?\u00a0\u00bb Aspects grammaticaux et discursifs de \u00ab\u00a0ce\u00a0\u00bb en fran\u00e7ais<\/em> (Strasbourg, 6-7\/12\/2018), organis\u00e9 par Annie Kuyumcuyan et Anne Theissen<br \/>\u2022 Colloque <em>Le p<\/em><em>r\u00e9dicat: enjeux linguistiques et didactiques<\/em> (Paris, 13-14\/09\/2018), organis\u00e9 par Caroline Lachet et Audrey Roig<br \/>\u2022 Colloque <em>Deux figures majeures dans l&rsquo;histoire de la linguistique: Jean Dubois (1920-2015) et Fran\u00e7oise Dubois-Charlier (1941-2016)<\/em> (2017)<br \/>\u2022 Colloque <em>J\u00e9Tou<\/em> (2010)<\/p>\n<p><strong>Comit\u00e9s \u00e9ditoriaux<\/strong><br \/>\u2022 <strong>Membre du Comit\u00e9 scientifique<\/strong> de la collection<em> Dixit Grammatica<\/em> (L\u2019Harmattan) (2015)<br \/>\u2022 <strong>\u00c9valuations d&rsquo;articles <\/strong>pour des <strong>revues<\/strong> : <em>Journal of French Language Studies<\/em> (2024); <em>Verbum<\/em> (2024); <em>Le<\/em> <em>Fran\u00e7ais aujourd&rsquo;hui<\/em> (2021); <em>Revue canadienne de linguistique \/ Canadian Journal of Linguistics<\/em> (2017); <em>Revue de S\u00e9mantique et Pragmatique &#8211; RSP<\/em> (2009, 2010); <em>Travaux neuch\u00e2telois de linguistique &#8211; TRANEL<\/em> (2009)<br \/>\u2022 <strong>\u00c9valuations d&rsquo;articles<\/strong> pour des <strong>ouvrages collectifs<\/strong> : <em>Le fran\u00e7ais innovant <\/em>(Dostie, Lefeuvre &amp; Hadermann (\u00e9ds), Peter Lang, 2019)<br \/>\u2022 <strong>Comptes rendus d&rsquo;ouvrages<\/strong> pour <em>Journal of French Language Studies<\/em> &amp; <em>Zeitschrift f\u00fcr Franz\u00f6sische Sprache und Literatur<\/em> (2009, 2010, 2017)<br \/>\u2022 <strong>Relecture<\/strong> des actes du colloque <em>Liaison Lyc\u00e9e-Universit\u00e9 de Toulouse (21 janvier 2014)<\/em>, en collaboration avec le Rectorat-SAIO Acad\u00e9mie de Toulouse (2014)<\/p>\n<p><strong>Autres expertises<\/strong><br \/>\u2022 <strong>Participation \u00e0 la table-ronde<\/strong> <em>Itin\u00e9raires de professionnalisation des jeunes docteurs. T\u00e9moignages et \u00e9changes avec des jeunes docteurs: les opportunit\u00e9s et difficult\u00e9s d\u2019insertion dans les universit\u00e9s et les entreprises<\/em>, organis\u00e9e chaque semestre par la Mission \u00ab\u00a0Professionnalisation des doctorants\u00a0\u00bb de l&rsquo;Universit\u00e9 Paris X-Nanterre (2004-2008)<br \/>\u2022 <strong>Repr\u00e9sentante des doctorants et jeunes chercheurs<\/strong> au sein du Conseil de l\u2019\u00c9cole doctorale 139 \u00ab\u00a0Connaissance, langage, mod\u00e9lisation\u00a0\u00bb de l&rsquo;Universit\u00e9 Paris X-Nanterre (2004-2007)<br \/>\u2022 <strong>Repr\u00e9sentante des doctorants et jeunes chercheurs<\/strong> associ\u00e9s du laboratoire MoDyCo (UMR 7114), et donc membre du Conseil scientifique du laboratoire (2004-2006)<br \/>\u2022 <strong>Expert<\/strong> aupr\u00e8s d\u2019\u00e9l\u00e8ves de 1res E.S. du lyc\u00e9e Sainte-Croix de Neuilly dans le cadre de leur TPE sur le th\u00e8me: <em>Comment peut-on expliquer les diff\u00e9rents niveaux de langue en France ?<\/em> (2005).<br \/>\u2022 <strong>Concours europ\u00e9en EASA<\/strong> (European Academic Software Award) &#8211; Membre du comit\u00e9 d&rsquo;\u00e9valuation des logiciels de la section Languages ans Linguistics qui ont particip\u00e9 \u00e0 la finale du concours en septembre 2004 \u00e0 Neuch\u00e2tel (Suisse)<\/p>\n\n\n<p><a href=\"https:\/\/blogs.univ-tlse2.fr\/celine-vaguer\/wp-admin\/profile.php\">C\u00e9line Vaguerceline-vaguerModifier le profil<\/a><\/p>\n","protected":false},"excerpt":{"rendered":"<p>CLLE (UMR 5263)\u2022 Membre \u00e9lue, coll\u00e8ge chercheurs &amp; enseignants-chercheurs, au Conseil d&rsquo;Unit\u00e9 du Laboratoire CLLE &#8211; CNRS &amp; Universit\u00e9 de Toulouse II-Jean Jaur\u00e8s (01\/2021-06\/2021)\u2022 Co-animatrice scientifique (avec M\u00e9lanie Petit) de l&rsquo;axe th\u00e9matique \u00ab\u00a0Discours\u00a0\u00bb de l&rsquo;\u00e9quipe \u00ab\u00a0Langues &amp; Langage\u00a0\u00bb du Laboratoire CLLE (12\/2020-06\/2021) CSQ &#8211; Coll\u00e8ge Scientifique Qualifi\u00e9 (7 ans)\u2022 Membre \u00e9lue, coll\u00e8ge B, du Coll\u00e8ge [&hellip;]<\/p>\n","protected":false},"author":442,"featured_media":0,"parent":80,"menu_order":0,"comment_status":"closed","ping_status":"closed","template":"page-templates\/template-full-width.php","meta":{"footnotes":""},"class_list":["post-258","page","type-page","status-publish","hentry"],"_links":{"self":[{"href":"https:\/\/blogs.univ-tlse2.fr\/celine-vaguer\/wp-json\/wp\/v2\/pages\/258","targetHints":{"allow":["GET"]}}],"collection":[{"href":"https:\/\/blogs.univ-tlse2.fr\/celine-vaguer\/wp-json\/wp\/v2\/pages"}],"about":[{"href":"https:\/\/blogs.univ-tlse2.fr\/celine-vaguer\/wp-json\/wp\/v2\/types\/page"}],"author":[{"embeddable":true,"href":"https:\/\/blogs.univ-tlse2.fr\/celine-vaguer\/wp-json\/wp\/v2\/users\/442"}],"replies":[{"embeddable":true,"href":"https:\/\/blogs.univ-tlse2.fr\/celine-vaguer\/wp-json\/wp\/v2\/comments?post=258"}],"version-history":[{"count":21,"href":"https:\/\/blogs.univ-tlse2.fr\/celine-vaguer\/wp-json\/wp\/v2\/pages\/258\/revisions"}],"predecessor-version":[{"id":1051,"href":"https:\/\/blogs.univ-tlse2.fr\/celine-vaguer\/wp-json\/wp\/v2\/pages\/258\/revisions\/1051"}],"up":[{"embeddable":true,"href":"https:\/\/blogs.univ-tlse2.fr\/celine-vaguer\/wp-json\/wp\/v2\/pages\/80"}],"wp:attachment":[{"href":"https:\/\/blogs.univ-tlse2.fr\/celine-vaguer\/wp-json\/wp\/v2\/media?parent=258"}],"curies":[{"name":"wp","href":"https:\/\/api.w.org\/{rel}","templated":true}]}}