 {"id":272,"date":"2017-11-19T00:08:09","date_gmt":"2017-11-18T23:08:09","guid":{"rendered":"https:\/\/blogs.univ-tlse2.fr\/celine-vaguer\/?page_id=272"},"modified":"2017-12-07T19:28:21","modified_gmt":"2017-12-07T18:28:21","slug":"colloque-je","status":"publish","type":"page","link":"https:\/\/blogs.univ-tlse2.fr\/celine-vaguer\/recherche\/colloque-je\/","title":{"rendered":"Colloque \/ JE"},"content":{"rendered":"<p><strong>2009<\/strong><br \/>\n\u2022 Organisation et animation de la <em><strong>Journ\u00e9e d\u2019Information Rencontre Lyc\u00e9es-Universit\u00e9<\/strong><\/em>, 02-12-2009, Universit\u00e9 de Toulouse II-Le Mirail (France). Organis\u00e9e dans le cadre de l\u2019op\u00e9ration \u00ab\u00a0R\u00e9ussite en licence\u00a0\u00bb par l\u2019UFR de Lettres, Philosophie et Musique, en \u00e9troite collaboration avec le Service d\u2019Information et d\u2019Orientation Universitaire (SIOU). Cette journ\u00e9e s\u2019est inscrite dans un projet plus large celui de l\u2019accompagnement \u00e0 la r\u00e9ussite des lyc\u00e9ens d\u00e8s leur entr\u00e9e dans les \u00e9tudes universitaires. Ont \u00e9t\u00e9 convi\u00e9s \u00e0 cette <em>Rencontre Lyc\u00e9es-Universit\u00e9<\/em> les proviseurs, professeurs principaux, conseillers principaux d\u2019\u00e9ducation, conseillers d\u2019orientation psychologues de l\u2019ensemble des lyc\u00e9es de l\u2019Acad\u00e9mie de Toulouse (soit 115 lyc\u00e9es).<\/p>\n<p><strong>2007<\/strong><br \/>\n\u2022 [avec Houda Ounis] co-organisation de la <strong>Journ\u00e9e d&rsquo;\u00e9tudes <em>Orthographe: innovations et pratiques de classe<\/em><\/strong>, 28-03-2007, Universit\u00e9 Paris X-Nanterre (France). Actes parus aux Presses Universitaires de Namur en 2007.<\/p>\n<p><strong>2006<\/strong><br \/>\n\u2022 [avec Danielle Leeman] co-organisation du <strong>Colloque\u00a0<em>La pr\u00e9position comme valeur<\/em><\/strong>, 5\/7-04-2006, Villa Finaly, Florence (Italie). Actes parus dans la revue <em>Mod\u00e8les linguistiques<\/em> en 2006 (deux volumes : 53 &amp; 54).<br \/>\n\u2022 organisation de la <strong>Journ\u00e9e d&rsquo;\u00e9tudes <em>Des savoirs savants aux savoirs enseign\u00e9s<\/em><\/strong>, 29-03-2006, Universit\u00e9 Paris X-Nanterre (France). Actes parus aux Presses Universitaires de Namur en 2006.<\/p>\n<p><strong>2005<\/strong><br \/>\n\u2022 [avec Jacques Perriault &amp; Rozenn Nardin] co-organisation du <strong>Colloque\u00a0<em>Normalisation, \u00e9thiques et sciences sociales<\/em><\/strong>, 29\/30-112005, Universit\u00e9 Paris X-Nanterre (France). Actes parus en 2011 aux \u00c9ditions du CNRS.<br \/>\n\u2022 [avec Anne Lablanche &amp; Valelia Muni Toke] co-organisation du <strong>Colloque\u00a0<em>Col\u2019Doc.2005<\/em><\/strong>, 16\/17-06-2005, Universit\u00e9 Paris X-Nanterre (France).<br \/>\n\u2022 [avec Antoinette Balibar-Mrabti] co-organisation de la <strong>Journ\u00e9e d&rsquo;\u00e9tudes <em>Le semi-figement<\/em><\/strong>, 25-03-2005, Universit\u00e9 Paris X-Nanterre (France). Actes parus dans la revue <em>Linx<\/em> (n\u00b053) en 2005.<br \/>\n\u2022 organisation de la <strong>Journ\u00e9e d&rsquo;\u00e9tudes <em>Le verbe dans tous ses \u00e9tats (2): grammaire et orthographe<\/em><\/strong>, 14-01-2005, Universit\u00e9 Paris X-Nanterre (France). Actes parus aux Presses Universitaires de Namur en 2005.<\/p>\n<p><strong>2004<\/strong><br \/>\n\u2022 [avec Antonio Balvet, Belinda Lavieu, Sylvain Loiseau &amp; Ali Tifrit] co-organisation du <strong>Colloque <em>Col\u2019Doc.2004<\/em><\/strong>, 29\/30-04-2004, Universit\u00e9 Paris X-Nanterre (France).<br \/>\n\u2022 [avec Belinda Lavieu] co-organisation de la <strong>Journ\u00e9e d&rsquo;\u00e9tudes <em>Le verbe dans tous ses \u00e9tats: propri\u00e9t\u00e9s linguistiques et transpositions didactiques<\/em><\/strong>, 29-01-2004, Universit\u00e9 Paris X-Nanterre (France). Actes parus aux Presses Universitaires de Namur en 2004.<\/p>\n","protected":false},"excerpt":{"rendered":"<p>2009 \u2022 Organisation et animation de la Journ\u00e9e d\u2019Information Rencontre Lyc\u00e9es-Universit\u00e9, 02-12-2009, Universit\u00e9 de Toulouse II-Le Mirail (France). Organis\u00e9e dans le cadre de l\u2019op\u00e9ration \u00ab\u00a0R\u00e9ussite en licence\u00a0\u00bb par l\u2019UFR de Lettres, Philosophie et Musique, en \u00e9troite collaboration avec le Service d\u2019Information et d\u2019Orientation Universitaire (SIOU). Cette journ\u00e9e s\u2019est inscrite dans un projet plus large celui [&hellip;]<\/p>\n","protected":false},"author":442,"featured_media":0,"parent":67,"menu_order":0,"comment_status":"closed","ping_status":"closed","template":"page-templates\/template-full-width.php","meta":{"footnotes":""},"class_list":["post-272","page","type-page","status-publish","hentry"],"_links":{"self":[{"href":"https:\/\/blogs.univ-tlse2.fr\/celine-vaguer\/wp-json\/wp\/v2\/pages\/272","targetHints":{"allow":["GET"]}}],"collection":[{"href":"https:\/\/blogs.univ-tlse2.fr\/celine-vaguer\/wp-json\/wp\/v2\/pages"}],"about":[{"href":"https:\/\/blogs.univ-tlse2.fr\/celine-vaguer\/wp-json\/wp\/v2\/types\/page"}],"author":[{"embeddable":true,"href":"https:\/\/blogs.univ-tlse2.fr\/celine-vaguer\/wp-json\/wp\/v2\/users\/442"}],"replies":[{"embeddable":true,"href":"https:\/\/blogs.univ-tlse2.fr\/celine-vaguer\/wp-json\/wp\/v2\/comments?post=272"}],"version-history":[{"count":2,"href":"https:\/\/blogs.univ-tlse2.fr\/celine-vaguer\/wp-json\/wp\/v2\/pages\/272\/revisions"}],"predecessor-version":[{"id":350,"href":"https:\/\/blogs.univ-tlse2.fr\/celine-vaguer\/wp-json\/wp\/v2\/pages\/272\/revisions\/350"}],"up":[{"embeddable":true,"href":"https:\/\/blogs.univ-tlse2.fr\/celine-vaguer\/wp-json\/wp\/v2\/pages\/67"}],"wp:attachment":[{"href":"https:\/\/blogs.univ-tlse2.fr\/celine-vaguer\/wp-json\/wp\/v2\/media?parent=272"}],"curies":[{"name":"wp","href":"https:\/\/api.w.org\/{rel}","templated":true}]}}