 {"id":32,"date":"2017-11-16T15:16:10","date_gmt":"2017-11-16T14:16:10","guid":{"rendered":"https:\/\/blogs.univ-tlse2.fr\/celine-vaguer\/?page_id=32"},"modified":"2018-01-13T19:03:45","modified_gmt":"2018-01-13T18:03:45","slug":"formation-continue","status":"publish","type":"page","link":"https:\/\/blogs.univ-tlse2.fr\/celine-vaguer\/parcours\/formation-continue\/","title":{"rendered":"Formation continue"},"content":{"rendered":"<p><strong>2017<\/strong><br \/>\n\u2022 Formation <em>WikiMOOC: apprenez \u00e0 contribuer sur Wikip\u00e9dia!<\/em> (FUN)<br \/>\n\u2022 Formation <em>Diffuser et valoriser vos publications (HAL, r\u00e9seaux sociaux&#8230;) &#8211; niveau 1<\/em> (Direction en Appui \u00e0 la Recherche (DAR), P\u00f4le IST &#8211; Universit\u00e9 Toulouse &#8211; Jean Jaur\u00e8s)<\/p>\n<p><strong>2016<\/strong><br \/>\n\u2022 Formation <em>\u00c9crire pour le Web<\/em> (DTICE &#8211; Universit\u00e9 Toulouse &#8211; Jean Jaur\u00e8s)<\/p>\n<p><strong>2014<\/strong><br \/>\n\u2022 Formation <em>Contr\u00f4ler le plagiat<\/em> (DTICE &#8211; Universit\u00e9 de Toulouse II-Le Mirail \u2013 14-10-2014)<br \/>\n\u2022 Formation <em>D\u00e9couvrir et prendre en main la plateforme p\u00e9dagogique en ligne IRIS<\/em> (DTICE &#8211; Universit\u00e9 de Toulouse II-Le Mirail \u2013 25-09-2014)<\/p>\n<p><strong>2012<\/strong><br \/>\n\u2022 Formation <em>Contributeur KSup<\/em> (DTICE &#8211; Universit\u00e9 de Toulouse II-Le Mirail \u2013 octobre 2012)<\/p>\n<p><strong>2010<\/strong><br \/>\n\u2022 <em>Stage intensif NooJ<\/em> (f\u00e9vrier 2010, INALCO)<\/p>\n<p><strong>2006-2007<br \/>\n\u2022 <\/strong><em>Master Professionnel de Fran\u00e7ais langue \u00e9trang\u00e8re<\/em> (Universit\u00e9 Paris X &#8211; Nanterre)<br \/>\nCours suivis: Fran\u00e7ais pour l&rsquo;entreprise, Tice et e-learning en entreprise, Linguistique pour le FLE<\/p>\n<p><strong>2005-2006<\/strong><br \/>\n\u2022 S\u00e9minaire <em>Temps et Aspect dans les langues indo-europ\u00e9ennes<\/em> (s\u00e9minaire doctoral de Jean-Claude Anscombre, EHESS)<\/p>\n<p><strong>2004-2005<\/strong><br \/>\n\u2022 S\u00e9minaire commun de DEA (Colette Noyau &amp; Sylvain Kahane)<br \/>\n\u2022 Grammaire cognitive (Danielle Leeman)<br \/>\n\u2022 Outiller la linguistique (Beno\u00eet Habert)<br \/>\n\u2022 Temps et Aspect dans les langues indo-europ\u00e9ennes (s\u00e9minaire doctoral de Jean-Claude Anscombre, EHESS)<br \/>\n\u2022 Grammaire d&rsquo;Unification Sens-Texte (Sylvain Kahane)<\/p>\n<p><strong>1998-1999<\/strong><br \/>\n\u2022 S\u00e9minaire commun de DEA (Fran\u00e7oise Kerleroux &amp; R\u00e9my Porquier)<br \/>\n\u2022 Syntaxe (Annie Delaveau)<br \/>\n\u2022 Morphologie (Fran\u00e7oise Kerleroux)<br \/>\n\u2022 Linguistique et logique: dialectique de leurs relations (Fran\u00e7ois Muller)<\/p>\n","protected":false},"excerpt":{"rendered":"<p>2017 \u2022 Formation WikiMOOC: apprenez \u00e0 contribuer sur Wikip\u00e9dia! (FUN) \u2022 Formation Diffuser et valoriser vos publications (HAL, r\u00e9seaux sociaux&#8230;) &#8211; niveau 1 (Direction en Appui \u00e0 la Recherche (DAR), P\u00f4le IST &#8211; Universit\u00e9 Toulouse &#8211; Jean Jaur\u00e8s) 2016 \u2022 Formation \u00c9crire pour le Web (DTICE &#8211; Universit\u00e9 Toulouse &#8211; Jean Jaur\u00e8s) 2014 \u2022 Formation [&hellip;]<\/p>\n","protected":false},"author":442,"featured_media":0,"parent":41,"menu_order":2,"comment_status":"closed","ping_status":"closed","template":"page-templates\/template-full-width.php","meta":{"footnotes":""},"class_list":["post-32","page","type-page","status-publish","hentry"],"_links":{"self":[{"href":"https:\/\/blogs.univ-tlse2.fr\/celine-vaguer\/wp-json\/wp\/v2\/pages\/32","targetHints":{"allow":["GET"]}}],"collection":[{"href":"https:\/\/blogs.univ-tlse2.fr\/celine-vaguer\/wp-json\/wp\/v2\/pages"}],"about":[{"href":"https:\/\/blogs.univ-tlse2.fr\/celine-vaguer\/wp-json\/wp\/v2\/types\/page"}],"author":[{"embeddable":true,"href":"https:\/\/blogs.univ-tlse2.fr\/celine-vaguer\/wp-json\/wp\/v2\/users\/442"}],"replies":[{"embeddable":true,"href":"https:\/\/blogs.univ-tlse2.fr\/celine-vaguer\/wp-json\/wp\/v2\/comments?post=32"}],"version-history":[{"count":9,"href":"https:\/\/blogs.univ-tlse2.fr\/celine-vaguer\/wp-json\/wp\/v2\/pages\/32\/revisions"}],"predecessor-version":[{"id":404,"href":"https:\/\/blogs.univ-tlse2.fr\/celine-vaguer\/wp-json\/wp\/v2\/pages\/32\/revisions\/404"}],"up":[{"embeddable":true,"href":"https:\/\/blogs.univ-tlse2.fr\/celine-vaguer\/wp-json\/wp\/v2\/pages\/41"}],"wp:attachment":[{"href":"https:\/\/blogs.univ-tlse2.fr\/celine-vaguer\/wp-json\/wp\/v2\/media?parent=32"}],"curies":[{"name":"wp","href":"https:\/\/api.w.org\/{rel}","templated":true}]}}