 {"id":546,"date":"2019-04-12T13:48:46","date_gmt":"2019-04-12T11:48:46","guid":{"rendered":"https:\/\/blogs.univ-tlse2.fr\/celine-vaguer\/?page_id=546"},"modified":"2019-04-17T21:49:54","modified_gmt":"2019-04-17T19:49:54","slug":"1969-2019-karate-shotokai-anniversaire-stage-serignan","status":"publish","type":"page","link":"https:\/\/blogs.univ-tlse2.fr\/celine-vaguer\/parcours\/centres-interet\/1969-2019-karate-shotokai-anniversaire-stage-serignan\/","title":{"rendered":"1969-2019 | Stage de S\u00e9rignan | \u00c9v\u00e9nement | Karat\u00e9 Shotokai"},"content":{"rendered":"<p>&nbsp;<\/p>\n<p><img loading=\"lazy\" decoding=\"async\" class=\" wp-image-567 aligncenter\" src=\"https:\/\/blogs.univ-tlse2.fr\/celine-vaguer\/files\/2019\/04\/ASM_BANNIERE-50-300x78.jpg\" alt=\"\" width=\"481\" height=\"125\" srcset=\"https:\/\/blogs.univ-tlse2.fr\/celine-vaguer\/files\/2019\/04\/ASM_BANNIERE-50-300x78.jpg 300w, https:\/\/blogs.univ-tlse2.fr\/celine-vaguer\/files\/2019\/04\/ASM_BANNIERE-50-768x199.jpg 768w, https:\/\/blogs.univ-tlse2.fr\/celine-vaguer\/files\/2019\/04\/ASM_BANNIERE-50-1024x265.jpg 1024w, https:\/\/blogs.univ-tlse2.fr\/celine-vaguer\/files\/2019\/04\/ASM_BANNIERE-50.jpg 1544w\" sizes=\"auto, (max-width: 481px) 100vw, 481px\" \/><\/p>\n<p><strong>Ma\u00eetre Tetsuji Murakami<\/strong> (1927-1987) est l\u2019un des tout premiers pionniers japonais des Arts martiaux en Europe. Arriv\u00e9 en France en d\u00e9cembre 1957, il s\u2019y est \u00e9tabli durablement et a consacr\u00e9 sa vie \u00e0 d\u00e9velopper le Karat\u00e9 de style <em>Shotokai<\/em> en Europe et en Afrique du Nord jusqu\u2019\u00e0 son d\u00e9c\u00e8s survenu en janvier 1987.<\/p>\n<p><img loading=\"lazy\" decoding=\"async\" class=\"wp-image-560 alignleft\" src=\"https:\/\/blogs.univ-tlse2.fr\/celine-vaguer\/files\/2019\/04\/MUSHINKAI_MAITRE-MURAKAMI_SERIGNAN-201x300.jpg\" alt=\"\" width=\"173\" height=\"258\" srcset=\"https:\/\/blogs.univ-tlse2.fr\/celine-vaguer\/files\/2019\/04\/MUSHINKAI_MAITRE-MURAKAMI_SERIGNAN-201x300.jpg 201w, https:\/\/blogs.univ-tlse2.fr\/celine-vaguer\/files\/2019\/04\/MUSHINKAI_MAITRE-MURAKAMI_SERIGNAN-768x1146.jpg 768w, https:\/\/blogs.univ-tlse2.fr\/celine-vaguer\/files\/2019\/04\/MUSHINKAI_MAITRE-MURAKAMI_SERIGNAN-686x1024.jpg 686w\" sizes=\"auto, (max-width: 173px) 100vw, 173px\" \/><strong>En ao\u00fbt 1969 (du 2 au 17 ao\u00fbt)<\/strong>, Ma\u00eetre Murakami instaure le <strong>stage international de S\u00e9rignan-plage<\/strong>. Ce stage d&rsquo;\u00e9t\u00e9 est l&rsquo;\u00e9quivalent du S<em>hochu geiko<\/em> au Japon, o\u00f9 familles et pratiquants vont vivre et travailler ensemble. Le stage d&rsquo;\u00e9t\u00e9 de S\u00e9rignan-plage perdure sans discontinuit\u00e9 depuis plus de 50 ans. Il s&rsquo;agit donc du plus ancien stage d&rsquo;\u00e9t\u00e9 de Karat\u00e9-Do. C\u2019est le seul stage de ce cas en France.<\/p>\n<p>Pour <strong>c\u00e9l\u00e9brer le 50e anniversaire du stage d\u2019\u00e9t\u00e9 de S\u00e9rignan-Plage<\/strong>, l&rsquo;Association Shotokai Murakami et l\u2019\u00c9cole Mushinkai organisent, le <strong>samedi 17 ao\u00fbt 2019<\/strong>, une journ\u00e9e d\u2019\u00e9changes, de pratique et de convivialit\u00e9 (<a href=\"https:\/\/blogs.univ-tlse2.fr\/celine-vaguer\/files\/2019\/04\/ASM_50-ANNIV_CIRCULAIRE_2019-04_PROGRAMME.pdf\">d\u00e9couvrez le programme<\/a>), qui prendra place pendant le stage (12 au 23 ao\u00fbt 2019).<\/p>\n<p><img loading=\"lazy\" decoding=\"async\" class=\"wp-image-598 alignright\" src=\"https:\/\/blogs.univ-tlse2.fr\/celine-vaguer\/files\/2019\/04\/ASM_50-ANNIV_PROGRAMME_2019-04_DEF-658x1024.jpg\" alt=\"\" width=\"390\" height=\"607\" \/><\/p>\n<p>&nbsp;<\/p>\n<p><strong>Cette journ\u00e9e se doit d\u2019\u00eatre exceptionnelle<\/strong> afin d\u2019honorer le Karat\u00e9-Do <em>Shotokai<\/em> transmis et enseign\u00e9 par Ma\u00eetre Murakami. Il est essentiel de se r\u00e9unir \u00e0 l&rsquo;occasion de cet \u00e9v\u00e9nement.<\/p>\n<p>Toute personne attach\u00e9e \u00e0 cet h\u00e9ritage doit pouvoir y participer. Elle n\u2019est donc pas r\u00e9serv\u00e9e exclusivement aux pratiquants qui feront le Stage (du 12 au 23 ao\u00fbt). <strong>Elle est ouverte \u00e0 tous<\/strong> (anciens pratiquants; anciens \u00e9l\u00e8ves du Ma\u00eetre; toute personne d\u00e9sirant en savoir plus sur la Karat\u00e9-Do Shotokai ou qui souhaite d\u00e9couvrir Ma\u00eetre Murakami; pratiquants non disponibles pour le Stage mais qui souhaitent participer \u00e0 cette journ\u00e9e, etc.). Il n\u2019est donc pas n\u00e9cessaire de participer au Stage d\u2019\u00e9t\u00e9 de S\u00e9rignan pour participer \u00e0 cette journ\u00e9e.<\/p>\n<p><strong>Vous souhaitez participer, \u00eatre tenu info<\/strong><strong>rm\u00e9 ?<\/strong><br \/>\nIl vous suffit de remplir, d\u00e8s \u00e0 pr\u00e9sent, <a href=\"https:\/\/framadate.org\/JQJfSUUtc5wynuYt\">le sondage<\/a> et de nous laisser vos coordonn\u00e9es <a href=\"asso&#46;sh&#111;&#116;&#111;&#107;&#x61;&#x69;&#x2e;&#x6d;&#x75;&#x72;&#x61;&#x6b;&#x61;mi&#64;gmai&#108;&#46;&#99;&#111;&#x6d;\">par courriel<\/a>.<\/p>\n<p><strong> Vous souhaitez t\u00e9moigner ?<br \/>\n<\/strong>N\u2019h\u00e9sitez pas \u00e0 nous contacter et \u00e0 nous adresser par courriel votre t\u00e9moignage. Vous pouvez aussi laisser un commentaire sur le sondage en ligne.<\/p>\n<hr \/>\n<p><strong>Liens utiles | Renseignements | Contacts<\/strong><br \/>\n[sondage] <a href=\"https:\/\/framadate.org\/JQJfSUUtc5wynuYt\" target=\"_blank\" rel=\"noopener\">https:\/\/framadate.org\/JQJfSUUtc5wynuYt<\/a><br \/>\n[courriel] <a href=\"&#x6d;a&#x69;&#x6c;t&#x6f;&#58;a&#x73;&#115;o&#x2e;&#115;h&#x6f;&#116;o&#x6b;a&#x69;&#x2e;m&#x75;&#x72;a&#x6b;&#97;m&#x69;&#64;g&#x6d;&#97;i&#x6c;&#46;c&#x6f;m\">&#97;s&#115;o&#46;s&#x68;o&#x74;o&#x6b;a&#x69;&#46;&#x6d;u&#x72;a&#x6b;a&#x6d;i&#x40;g&#x6d;a&#x69;l&#x2e;c&#x6f;m<\/a><br \/>\n[facebook] <a href=\"https:\/\/www.facebook.com\/shotokai.mushinkai\" target=\"_blank\" rel=\"noopener\">https:\/\/www.facebook.com\/shotokai.mushinkai<\/a><\/p>\n<hr \/>\n<p><strong>Ils soutiennent l&rsquo;\u00e9v\u00e9nement<br \/>\n<\/strong><\/p>\n<p><img loading=\"lazy\" decoding=\"async\" class=\"alignnone wp-image-584\" src=\"https:\/\/blogs.univ-tlse2.fr\/celine-vaguer\/files\/2019\/04\/LOGO_ASM-300x170.jpg\" alt=\"\" width=\"94\" height=\"53\" srcset=\"https:\/\/blogs.univ-tlse2.fr\/celine-vaguer\/files\/2019\/04\/LOGO_ASM-300x170.jpg 300w, https:\/\/blogs.univ-tlse2.fr\/celine-vaguer\/files\/2019\/04\/LOGO_ASM.jpg 317w\" sizes=\"auto, (max-width: 94px) 100vw, 94px\" \/> <img loading=\"lazy\" decoding=\"async\" class=\"alignnone wp-image-585\" src=\"https:\/\/blogs.univ-tlse2.fr\/celine-vaguer\/files\/2019\/04\/LOGO_EM-300x168.jpg\" alt=\"\" width=\"95\" height=\"53\" srcset=\"https:\/\/blogs.univ-tlse2.fr\/celine-vaguer\/files\/2019\/04\/LOGO_EM-300x168.jpg 300w, https:\/\/blogs.univ-tlse2.fr\/celine-vaguer\/files\/2019\/04\/LOGO_EM.jpg 322w\" sizes=\"auto, (max-width: 95px) 100vw, 95px\" \/><\/p>\n","protected":false},"excerpt":{"rendered":"<p>&nbsp; Ma\u00eetre Tetsuji Murakami (1927-1987) est l\u2019un des tout premiers pionniers japonais des Arts martiaux en Europe. Arriv\u00e9 en France en d\u00e9cembre 1957, il s\u2019y est \u00e9tabli durablement et a consacr\u00e9 sa vie \u00e0 d\u00e9velopper le Karat\u00e9 de style Shotokai en Europe et en Afrique du Nord jusqu\u2019\u00e0 son d\u00e9c\u00e8s survenu en janvier 1987. En [&hellip;]<\/p>\n","protected":false},"author":442,"featured_media":0,"parent":296,"menu_order":1,"comment_status":"open","ping_status":"closed","template":"page-templates\/template-full-width.php","meta":{"footnotes":""},"class_list":["post-546","page","type-page","status-publish","hentry"],"_links":{"self":[{"href":"https:\/\/blogs.univ-tlse2.fr\/celine-vaguer\/wp-json\/wp\/v2\/pages\/546","targetHints":{"allow":["GET"]}}],"collection":[{"href":"https:\/\/blogs.univ-tlse2.fr\/celine-vaguer\/wp-json\/wp\/v2\/pages"}],"about":[{"href":"https:\/\/blogs.univ-tlse2.fr\/celine-vaguer\/wp-json\/wp\/v2\/types\/page"}],"author":[{"embeddable":true,"href":"https:\/\/blogs.univ-tlse2.fr\/celine-vaguer\/wp-json\/wp\/v2\/users\/442"}],"replies":[{"embeddable":true,"href":"https:\/\/blogs.univ-tlse2.fr\/celine-vaguer\/wp-json\/wp\/v2\/comments?post=546"}],"version-history":[{"count":37,"href":"https:\/\/blogs.univ-tlse2.fr\/celine-vaguer\/wp-json\/wp\/v2\/pages\/546\/revisions"}],"predecessor-version":[{"id":606,"href":"https:\/\/blogs.univ-tlse2.fr\/celine-vaguer\/wp-json\/wp\/v2\/pages\/546\/revisions\/606"}],"up":[{"embeddable":true,"href":"https:\/\/blogs.univ-tlse2.fr\/celine-vaguer\/wp-json\/wp\/v2\/pages\/296"}],"wp:attachment":[{"href":"https:\/\/blogs.univ-tlse2.fr\/celine-vaguer\/wp-json\/wp\/v2\/media?parent=546"}],"curies":[{"name":"wp","href":"https:\/\/api.w.org\/{rel}","templated":true}]}}