 {"id":83,"date":"2017-11-16T16:22:03","date_gmt":"2017-11-16T15:22:03","guid":{"rendered":"https:\/\/blogs.univ-tlse2.fr\/celine-vaguer\/?page_id=83"},"modified":"2026-02-15T21:57:41","modified_gmt":"2026-02-15T20:57:41","slug":"responsabilites-enseignement","status":"publish","type":"page","link":"https:\/\/blogs.univ-tlse2.fr\/celine-vaguer\/expertise\/responsabilites-enseignement\/","title":{"rendered":"Responsabilit\u00e9s &lsquo;Enseignement&rsquo;"},"content":{"rendered":"<p><strong>2025-2026<br \/>\n\u2022 <\/strong>Responsable p\u00e9dagogique des <strong>\u00e9tudiants &amp; \u00e9tudiantes en situation de handicap<\/strong> (ESH) de Lettres modernes, Lettres &amp; Arts et Cin\u00e9ma &#8211; une centaine d&rsquo;\u00e9tudiant(e)s accompagn\u00e9(e)s.<br \/>\n<strong>\u2022 <\/strong>Responsable p\u00e9dagogique des <strong>Stages<\/strong> (en cursus et hors cursus) pour les \u00e9tudiant(e)s de Lettres modernes.<\/p>\n<p><strong>2020-2027<br \/>\n<\/strong>\u2022 Co-responsable de la <strong>Licence binationale \u00ab\u00a0\u00c9tudes transculturelles\u00a0\u00bb Lettres\/Allemand <\/strong>(Toulouse-D\u00fcsseldord | UFA) [avec Pascale Chiron-Delorme]<br \/>\n&gt;&gt; <a href=\"https:\/\/lettres-modernes-cinema-occitan.univ-tlse2.fr\/les-formations\/licence-binationale-toulouse-dusseldorf\">https:\/\/lettres-modernes-cinema-occitan.univ-tlse2.fr\/les-formations\/licence-binationale-toulouse-dusseldorf<\/a><\/p>\n<p><strong>2020-2021<br \/>\n\u2022 GT OPS APC UT2J &#8211; <\/strong>Membre du <strong>Groupe de travail op\u00e9rationnel \u00ab\u00a0Approche par comp\u00e9tences\u00a0\u00bb<\/strong> de l&rsquo;Universit\u00e9 de Toulouse &#8211; Jean Jaur\u00e8s, qui a pour ambition de r\u00e9pondre \u00e0 trois enjeux principaux: (i) \u00e0 partir des maquettes 2021-2025, envisager des d\u00e9monstrateurs prenant en compte une r\u00e9flexion APC; (ii) \u00e9tablir un calendrier d\u2019\u00e9volution des formations durant l\u2019accr\u00e9ditation; (iii) mettre en place l\u2019APC pour tous les parcours pour la prochaine accr\u00e9ditation 2026-2030. [anim\u00e9 par Xavier Daran &amp; Aline Bonzom]<\/p>\n<p style=\"padding-left: 40px\"><strong>=&gt; Le Projet APC.Lem vise \u00e0 mettre en \u0153uvre une \u2039Approche Par Comp\u00e9tences\u203a (APC) pour la Licence de Lettres modernes et invite \u00e0 questionner les parcours dans la perspective du renouvellement de l\u2019offre de formation 2026-2030. [<a href=\"https:\/\/blogs.univ-tlse2.fr\/celine-vaguer\/files\/2023\/03\/VAGUER-CLine_CPP_2021_APC.Lem-online.pdf\">Descriptif du Projet APC.Lem<\/a>]<br \/>\n<\/strong><\/p>\n<p><strong>\u2022 GT Maquette \u00ab\u00a0Licence Lettres modernes\u00a0\u00bb<\/strong> (UT2J &#8211; D\u00e9partement de Lettres modernes) dans le cadre de la nouvelle offre de formation\/accr\u00e9diation 2021-2025.<br \/>\n<strong>\u2022 Enseignant-r\u00e9f\u00e9rent <\/strong>\u00ab\u00a0Tuteurs-\u00e9tudiants de L3 &amp; Master\u00a0\u00bb (UT2J &#8211; D\u00e9partement de Lettres modernes), qui viennent en aide aux \u00e9tudiants de L1 et de L2 fragilis\u00e9s par la crise sanitaire et par les conditions particuli\u00e8res dans lesquelles ils suivent leurs cours. [12-2020 \/ 07-2021]<\/p>\n<p><strong>2019-2021<br \/>\n\u2022 Conseil national des universit\u00e9s (CNU) &#8211; 7e section | coll\u00e8ge B &#8211; <\/strong>Membre nomm\u00e9e par Madame la Ministre de l\u2019enseignement sup\u00e9rieur, de la recherche et de l\u2019innovation, par <a href=\"https:\/\/www.galaxie.enseignementsup-recherche.gouv.fr\/ensup\/CNU\/ArreteNomination_25novembre2019.pdf\">arr\u00eat\u00e9 du 25 novembre 2019<\/a>, en qualit\u00e9 de <a href=\"https:\/\/www.galaxie.enseignementsup-recherche.gouv.fr\/ensup\/CNU\/Annexe4_NommesSuppleantsB_CNU%202019.pdf\">suppl\u00e9ante<\/a>.<br \/>\n\u2022\u00a0Responsable de la <strong>section de \u00ab\u00a0Linguistique fran\u00e7aise et romane\u00a0\u00bb<\/strong> du D\u00e9partement de Lettres modernes, Cin\u00e9ma et Occitan (Universit\u00e9 Toulouse &#8211; Jean Jaur\u00e8s). [09-2019-06\/2022]<br \/>\n\u2022\u00a0Repr\u00e9sentante au<strong> Conseil d&rsquo;Orientation du service de la Formation Continue et de l&rsquo;Apprentissage (COFCA) <\/strong>pour l&rsquo;UFR LPMAsC.<\/p>\n<p><strong>2015-2019<\/strong><br \/>\n\u2022\u00a0Repr\u00e9sentante \u00e9lue au<strong> Conseil de l\u2019UFR<\/strong> de Lettres, Philosophie et Musique (Universit\u00e9 de Toulouse II-Le Mirail) du 13-04-2015 au 12-04-2019.<\/p>\n<p><strong>2018<\/strong><br \/>\n\u2022 Charg\u00e9e de mission <strong>Taxe d\u2019apprentissage &amp; Relations avec les entreprises<\/strong> pour l\u2019UFR de Lettres, Philosophie et Musique de l\u2019Universit\u00e9 Toulouse \u2013 Jean Jaur\u00e8s<br \/>\n\u2022 Co-porteuse avec Pascale Chiron du <strong>dossier d&rsquo;accr\u00e9ditation de la licence binationale Toulouse-D\u00fcsseldorf<\/strong> (\u00c9tudes franco-allemandes: Lettres modernes\/Allemand &#8211; Deutsch-franz\u00f6sische Studien: Romanistik\/Germanistik) par l&rsquo;UFA (Universit\u00e9 Franco-Allemande).<br \/>\n[<a href=\"https:\/\/lettres-modernes.univ-tlse2.fr\/accueil-lettres-modernes\/navigation\/les-formations\/licence-binationale-toulouse-dusseldorf\/\">https:\/\/lettres-modernes.univ-tlse2.fr &gt; les-formations &gt; licence-binationale-toulouse-dusseldorf\/<\/a>]<\/p>\n<p><strong>2013-2019<\/strong><br \/>\n\u2022 Pr\u00e9sidente du <strong>Jury de Licence<\/strong> (Lettres modernes, Cin\u00e9ma, Lettres &amp; Arts).<br \/>\n\u2022 Enseignant-r\u00e9f\u00e9rent pour les <strong>\u00c9tudiants Apprentis Professeurs<\/strong> (EAP), L2 &amp; L3, de la Licence Lettres modernes.<br \/>\n\u2022 Tuteur p\u00e9dagogique des <strong>\u00c9tudiants stagiaires<\/strong> (L3) de la Licence Lettres modernes (L3).<br \/>\n\u2022 Membre du <strong>Jury de Validation des Acquis de l&rsquo;Exp\u00e9rience (VAE)<\/strong> &#8211; <strong>Master MEEF Lettres<\/strong> de S. Masset. [10-2019]<br \/>\n\u2022 Participation au d\u00e9lib\u00e9ration du <strong>Jury de Master MEEF<\/strong> \u00ab\u00a0M\u00e9tiers de l\u2019Enseignement, de l\u2019\u00c9ducation et de la Formation \u2013 parcours Lettres modernes\u00a0\u00bb (ESPE Toulouse, juillet 2014, 2017, 2019).<br \/>\n\u2022 Pr\u00e9sidente du<strong> Jury de Validation d\u2019\u00c9tudes Sup\u00e9rieures<\/strong> (VES) (UT2J, 2016-2018).<br \/>\n\u2022 Membre du <strong>Jury de Licence<\/strong> \u2013 Domaine: Arts, Lettres et Langues; Mention: Lettres modernes (UT2J, 2013-2016).<\/p>\n<p><strong>2014-2019<\/strong><br \/>\n\u2022 Pr\u00e9sidence de <strong>Jury de baccalaur\u00e9at<\/strong> (Lyc\u00e9e g\u00e9n\u00e9ral et technologique Michelet (Montauban), juillet 2019).<br \/>\n\u2022 Pr\u00e9sidence de <strong>Jury de baccalaur\u00e9at<\/strong> (Lyc\u00e9e g\u00e9n\u00e9ral Saint-Sernin (Toulouse), juillet 2017).<br \/>\n\u2022 Pr\u00e9sidence de <strong>Jury de baccalaur\u00e9at<\/strong> (Lyc\u00e9e g\u00e9n\u00e9ral et technologique Pardailhan (Auch), juillet 2014).<\/p>\n<p><strong>2013-2017 (4 ans)<\/strong><br \/>\n\u2022 R\u00e9f\u00e9rent <strong>Taxe d\u2019Apprentissage<\/strong> pour le D\u00e9partement de Lettres modernes, Cin\u00e9ma et Occitan.<br \/>\n\u2022 R\u00e9f\u00e9rent <strong>Usages Num\u00e9riques<\/strong> (RUN) pour le D\u00e9partement de Lettres modernes, Cin\u00e9ma et Occitan.<\/p>\n<p><strong>2011-2017 (6 ans)<\/strong><br \/>\n\u2022\u00a0<strong>Responsable de la visibilit\u00e9 des formations de Lettres modernes<\/strong> (sites Internet de l\u2019Universit\u00e9 de Toulouse II-Le Mirail \u2013 D\u00e9partement de Lettres modernes; participation aux salons &amp; manifestations en lien avec la formation: INFOSUP, Studyrama, JPO, journ\u00e9e d\u2019immersion PDMF, journ\u00e9e d\u2019orientation dans les lyc\u00e9es toulousains, journ\u00e9e r\u00e9gionale des Masters\u2026).<\/p>\n<p><strong>2016<\/strong><br \/>\n\u2022 Conception et mise en \u0153uvre avec Pascale Chiron de la <strong>licence binationale Toulouse-D\u00fcsseldorf<\/strong> (\u00c9tudes franco-allemandes: Lettres modernes\/Allemand &#8211; Deutsch-franz\u00f6sische Studien: Romanistik\/Germanistik) ouverte aux \u00e9tudiants inscrits en \u00ab\u00a0Lettres modernes\u00a0\u00bb dont la discipline associ\u00e9e est l&rsquo;Allemand. Une fili\u00e8re d\u2019excellence qui d\u00e9livre deux dipl\u00f4mes aux \u00e9tudiants: la Licence de \u00ab\u00a0Lettres modernes\u00a0\u00bb de l\u2019Universit\u00e9 Toulouse &#8211; Jean-Jaur\u00e8s et la Licence d\u2019\u00c9tudes romanes (Bachelor Kernfachstudiengang Romanistik) de l\u2019Universit\u00e9 Heinrich Heine de D\u00fcsseldorf.<\/p>\n<p><strong>2014-2015<\/strong><br \/>\n\u2022 Participation active \u00e0 l&rsquo;\u00e9laboration du <strong>projet de l&rsquo;UFR de Lettres, Philosophie et Musique<\/strong> pour 2015-2019.<br \/>\n\u2022 Participation active au groupe de travail sur <strong>la nouvelle maquette de la Licence Lettres <\/strong><strong>modernes<\/strong>. Animation d\u2019un groupe de travail sur \u00ab\u00a0Les lettres appliqu\u00e9es\u00a0\u00bb pour veiller \u00e0 ce que les \u00e9tudiants puissent d\u00e9velopper des comp\u00e9tences en lien avec leur projet professionnel.<br \/>\n\u2022 Participation \u00e0 la r\u00e9daction du <strong>dossier d\u2019\u00e9valuation externe de la Licence de Lettres modernes<\/strong> (AERES, Campagne d\u2019\u00e9valuation 2014-2015, Vague\u00a0A).<\/p>\n<p><strong>2013<\/strong><br \/>\n\u2022 Pr\u00e9sidente du <strong>Jury de Concours IGE BAP J<\/strong> \u2013 Universit\u00e9 Paul Sabatier de Toulouse (juillet 2013).<\/p>\n<p><strong>2010-2013 (3 ans)<\/strong><br \/>\n\u2022 Membre invit\u00e9e au <strong>CEVU<\/strong> et \u00e0 la <strong>Commission \u2018Formations, Orientation, Insertion\u2019<\/strong> &#8211; Universit\u00e9 de Toulouse II-Le Mirail &#8211; en tant que Directrice de la DOSI (Direction de l\u2019Orientation, des Stages et de l\u2019Insertion).<\/p>\n<p><strong>2010-2013 (3 ans)<\/strong><br \/>\n\u2022\u00a0<strong>Directrice de la DOSI<\/strong> (Direction de l\u2019Orientation, des Stages et de l\u2019Insertion) \u2013 Service commun de l\u2019Universit\u00e9 de Toulouse II-Le Mirail.<\/p>\n<p><strong>2010-2011<\/strong><br \/>\n\u2022 Participation active \u00e0 l&rsquo;\u00e9laboration du <strong>projet de l&rsquo;UFR de Lettres, Philosophie et Musique<\/strong> pour 2011-2014.<\/p>\n<p><strong>2009-2011 (2 ans)<\/strong><br \/>\n\u2022 <strong>Correspondant privil\u00e9gi\u00e9 \u2018Lyc\u00e9es-Universit\u00e9\u2019<\/strong>, UFR de Lettres, Philosophie et Musique (Universit\u00e9 de Toulouse II-Le Mirail).<br \/>\n\u2022 <strong>Responsable \u2018Enseignant-r\u00e9f\u00e9rent\u2019 \u2013 Plan Licence<\/strong>, D\u00e9partement de Lettres modernes, Th\u00e9\u00e2tre et Occitan (Universit\u00e9 de Toulouse II-Le Mirail).<\/p>\n<p><strong>2008-2011 (3 ans)<\/strong><br \/>\n\u2022 <strong>Enseignant-r\u00e9f\u00e9rent<\/strong>, D\u00e9partement de Lettres modernes, Th\u00e9\u00e2tre et Occitan (Universit\u00e9 de Toulouse II-Le Mirail).<\/p>\n","protected":false},"excerpt":{"rendered":"<p>2025-2026 \u2022 Responsable p\u00e9dagogique des \u00e9tudiants &amp; \u00e9tudiantes en situation de handicap (ESH) de Lettres modernes, Lettres &amp; Arts et Cin\u00e9ma &#8211; une centaine d&rsquo;\u00e9tudiant(e)s accompagn\u00e9(e)s. \u2022 Responsable p\u00e9dagogique des Stages (en cursus et hors cursus) pour les \u00e9tudiant(e)s de Lettres modernes. 2020-2027 \u2022 Co-responsable de la Licence binationale \u00ab\u00a0\u00c9tudes transculturelles\u00a0\u00bb Lettres\/Allemand (Toulouse-D\u00fcsseldord | UFA) [&hellip;]<\/p>\n","protected":false},"author":442,"featured_media":0,"parent":80,"menu_order":0,"comment_status":"closed","ping_status":"closed","template":"page-templates\/template-full-width.php","meta":{"footnotes":""},"class_list":["post-83","page","type-page","status-publish","hentry"],"_links":{"self":[{"href":"https:\/\/blogs.univ-tlse2.fr\/celine-vaguer\/wp-json\/wp\/v2\/pages\/83","targetHints":{"allow":["GET"]}}],"collection":[{"href":"https:\/\/blogs.univ-tlse2.fr\/celine-vaguer\/wp-json\/wp\/v2\/pages"}],"about":[{"href":"https:\/\/blogs.univ-tlse2.fr\/celine-vaguer\/wp-json\/wp\/v2\/types\/page"}],"author":[{"embeddable":true,"href":"https:\/\/blogs.univ-tlse2.fr\/celine-vaguer\/wp-json\/wp\/v2\/users\/442"}],"replies":[{"embeddable":true,"href":"https:\/\/blogs.univ-tlse2.fr\/celine-vaguer\/wp-json\/wp\/v2\/comments?post=83"}],"version-history":[{"count":37,"href":"https:\/\/blogs.univ-tlse2.fr\/celine-vaguer\/wp-json\/wp\/v2\/pages\/83\/revisions"}],"predecessor-version":[{"id":1059,"href":"https:\/\/blogs.univ-tlse2.fr\/celine-vaguer\/wp-json\/wp\/v2\/pages\/83\/revisions\/1059"}],"up":[{"embeddable":true,"href":"https:\/\/blogs.univ-tlse2.fr\/celine-vaguer\/wp-json\/wp\/v2\/pages\/80"}],"wp:attachment":[{"href":"https:\/\/blogs.univ-tlse2.fr\/celine-vaguer\/wp-json\/wp\/v2\/media?parent=83"}],"curies":[{"name":"wp","href":"https:\/\/api.w.org\/{rel}","templated":true}]}}