 {"id":85,"date":"2017-11-16T16:24:35","date_gmt":"2017-11-16T15:24:35","guid":{"rendered":"https:\/\/blogs.univ-tlse2.fr\/celine-vaguer\/?page_id=85"},"modified":"2025-08-06T15:18:16","modified_gmt":"2025-08-06T13:18:16","slug":"edition","status":"publish","type":"page","link":"https:\/\/blogs.univ-tlse2.fr\/celine-vaguer\/expertise\/edition\/","title":{"rendered":"\u00c9dition"},"content":{"rendered":"<p>&nbsp;<\/p>\n<h3>Exp\u00e9riences &#8211; \u00e9dition papier<\/h3>\n<p><strong>\u2022 Responsable \u00e9ditoriale<\/strong> des revues internationales de linguistique <strong><a href=\"http:\/\/www.revues.armand-colin.com\/lettres-langue\/langages\"><em>Langages<\/em><\/a><\/strong> et <a href=\"http:\/\/www.revues.armand-colin.com\/lettres-langue\/langue-francaise\"><em><strong>Langue fran\u00e7aise<\/strong><\/em><\/a> (Paris, Armand Colin\/Dunod). Ces deux revues, dont la qualit\u00e9 scientifique est reconnue par le CNRS, sont not\u00e9es \u00ab\u00a0A\u00a0\u00bb (la note maximale) par l\u2019European Science Foundation (depuis 2010). <strong><em>L&rsquo;Acad\u00e9mie des Inscriptions et Belles-Lettres (Institut de France) a d\u00e9cern\u00e9, en 2014, le prix BRUNET \u00e0 la revue \u00ab\u00a0Langages\u00a0\u00bb<\/em><\/strong>.<br \/>\n<strong>\u2022 \u00c9ditrice scientifique <\/strong>du livre-coffret <em>Katas de Ma\u00eetre Tetsuji<\/em> <em>Murakami <\/em>(\u00e9d. <a href=\"http:\/\/www.mushinkai.net\/\">Niyonkai<\/a>), 2017. [<a href=\"https:\/\/blogs.univ-tlse2.fr\/celine-vaguer\/2017\/12\/15\/katas-tetsuji-murakami\/\">pour en savoir plus<\/a>]<\/p>\n<h3>Exp\u00e9riences &#8211; \u00e9dition num\u00e9rique (webmaster)<\/h3>\n<p><strong>Responsable \u00e9ditoriale<\/strong> de sites Internet:<br \/>\n<strong>\u2022 D\u00e9partement de Lettres modernes, Cin\u00e9ma et Occitan<\/strong> (<a href=\"http:\/\/lettres-modernes.univ-tlse2.fr\/\" target=\"_blank\" rel=\"noopener\">lettres-modernes.univ-tlse2.fr\/<\/a>), 2011-2017.<br \/>\n<strong>\u2022 Direction de l\u2019Orientation, des Stages et de l\u2019Insertion<\/strong>, 2010-2013.<\/p>\n<h3>Exp\u00e9riences &#8211; accompagnement \u00e9ditorial | communauty manager<\/h3>\n<p><strong>\u2022 Accompagnement \u00e9ditorial <\/strong>pour la conception de sites Internet (r\u00e9daction de page, r\u00e9f\u00e9rencement&#8230;) | <a href=\"http:\/\/www.lasuite-lecoiffeur.com\" target=\"_blank\" rel=\"noopener\">www.lasuite-lecoiffeur.com.<\/a><br \/>\n<strong>\u2022 Accompagnement \u00e9ditorial <\/strong>pour la r\u00e9daction de documents techniques (r\u00e9daction, relecture, r\u00e9\u00e9criture, mise en page, diffusion\u2026).<br \/>\n<strong>\u2022 Communauty Manager<\/strong> de l&rsquo;Association Shotokai Murakami &#8211; \u00c9cole Mushinkai.<\/p>\n<h3>Formations<\/h3>\n<p><strong>2017<br \/>\n<\/strong>\u2022 Formation <em>WikiMOOC: apprenez \u00e0 contribuer sur Wikip\u00e9dia!<\/em> (FUN).<\/p>\n<p><strong>2016<\/strong><br \/>\n\u2022 Formation <em>\u00c9crire pour le Web<\/em> (DTICE &#8211; Universit\u00e9 Toulouse &#8211; Jean Jaur\u00e8s).<\/p>\n<p><strong>2014<\/strong><br \/>\n\u2022 Formation <em>Contr\u00f4ler le plagiat<\/em> (DTICE &#8211; Universit\u00e9 de Toulouse II-Le Mirail \u2013 octobre 2014).<\/p>\n<p><strong>2012<\/strong><br \/>\n\u2022 Formation <em>Contributeur KSup<\/em> (DTICE &#8211; Universit\u00e9 de Toulouse II-Le Mirail \u2013 octobre 2012).<\/p>\n","protected":false},"excerpt":{"rendered":"<p>&nbsp; Exp\u00e9riences &#8211; \u00e9dition papier \u2022 Responsable \u00e9ditoriale des revues internationales de linguistique Langages et Langue fran\u00e7aise (Paris, Armand Colin\/Dunod). Ces deux revues, dont la qualit\u00e9 scientifique est reconnue par le CNRS, sont not\u00e9es \u00ab\u00a0A\u00a0\u00bb (la note maximale) par l\u2019European Science Foundation (depuis 2010). L&rsquo;Acad\u00e9mie des Inscriptions et Belles-Lettres (Institut de France) a d\u00e9cern\u00e9, en [&hellip;]<\/p>\n","protected":false},"author":442,"featured_media":0,"parent":80,"menu_order":0,"comment_status":"closed","ping_status":"closed","template":"page-templates\/template-full-width.php","meta":{"footnotes":""},"class_list":["post-85","page","type-page","status-publish","hentry"],"_links":{"self":[{"href":"https:\/\/blogs.univ-tlse2.fr\/celine-vaguer\/wp-json\/wp\/v2\/pages\/85","targetHints":{"allow":["GET"]}}],"collection":[{"href":"https:\/\/blogs.univ-tlse2.fr\/celine-vaguer\/wp-json\/wp\/v2\/pages"}],"about":[{"href":"https:\/\/blogs.univ-tlse2.fr\/celine-vaguer\/wp-json\/wp\/v2\/types\/page"}],"author":[{"embeddable":true,"href":"https:\/\/blogs.univ-tlse2.fr\/celine-vaguer\/wp-json\/wp\/v2\/users\/442"}],"replies":[{"embeddable":true,"href":"https:\/\/blogs.univ-tlse2.fr\/celine-vaguer\/wp-json\/wp\/v2\/comments?post=85"}],"version-history":[{"count":24,"href":"https:\/\/blogs.univ-tlse2.fr\/celine-vaguer\/wp-json\/wp\/v2\/pages\/85\/revisions"}],"predecessor-version":[{"id":1054,"href":"https:\/\/blogs.univ-tlse2.fr\/celine-vaguer\/wp-json\/wp\/v2\/pages\/85\/revisions\/1054"}],"up":[{"embeddable":true,"href":"https:\/\/blogs.univ-tlse2.fr\/celine-vaguer\/wp-json\/wp\/v2\/pages\/80"}],"wp:attachment":[{"href":"https:\/\/blogs.univ-tlse2.fr\/celine-vaguer\/wp-json\/wp\/v2\/media?parent=85"}],"curies":[{"name":"wp","href":"https:\/\/api.w.org\/{rel}","templated":true}]}}