 {"id":87,"date":"2017-11-16T16:25:35","date_gmt":"2017-11-16T15:25:35","guid":{"rendered":"https:\/\/blogs.univ-tlse2.fr\/celine-vaguer\/?page_id=87"},"modified":"2023-02-23T11:25:28","modified_gmt":"2023-02-23T10:25:28","slug":"enseignement","status":"publish","type":"page","link":"https:\/\/blogs.univ-tlse2.fr\/celine-vaguer\/enseignement\/","title":{"rendered":"Enseignement"},"content":{"rendered":"<p><strong>C\u00e9line VAGUER-FEKETE<\/strong> a eu l\u2019occasion d\u2019enseigner d\u00e8s le d\u00e9but de sa th\u00e8se en tant que <strong>Charg\u00e9e de cours<\/strong> (vacataire) pendant quatre ans, puis comme <strong>Assistante Temporaire d\u2019Enseignement et de Recherche<\/strong> (ATER) les deux ann\u00e9es suivantes. Elle a assur\u00e9 ces cours principalement \u00e0 l\u2019<strong>Universit\u00e9 Paris X-Nanterre<\/strong> aupr\u00e8s d\u2019\u00e9tudiants en \u00ab\u00a0Arts\u00a0\u00bb (Arts du spectacle), en \u00ab\u00a0Lettres\u00a0\u00bb (Lettres modernes, Lettres classiques), en \u00ab\u00a0Langues\u00a0\u00bb (LEA, LLCE), en \u00ab\u00a0Sciences humaines et sociales\u00a0\u00bb (Psychologie, Sciences du langage, Sociologie\u2026), en 1re ou 2e ann\u00e9e de DEUG (L1-L2) et ponctuellement \u00e0 l\u2019<strong>Universit\u00e9 Paris I-La Sorbonne<\/strong> aupr\u00e8s d\u2019\u00e9tudiants en Ma\u00eetrise (Master 1) des \u00ab\u00a0Sciences de l\u2019Information et de la Documentation\u00a0\u00bb. Il lui est arriv\u00e9 de remplacer des Professeurs en Licence, pour 7-8 heures de cours, notamment en \u00ab\u00a0Syntaxe du fran\u00e7ais\u00a0\u00bb.<\/p>\n<p>En tant qu&rsquo;<strong>enseignante-chercheuse<\/strong> en linguistique fran\u00e7aise, sp\u00e9cialis\u00e9e en <strong>syntaxe<\/strong>, elle assure depuis septembre 2008, \u00e0 l\u2019Universit\u00e9 de Toulouse II-Le Mirail (Jean Jaur\u00e8s), des enseignements d&rsquo;<strong>\u00e9tude de la langue (linguistique)<\/strong> de la Licence \u00e0 l\u2019Agr\u00e9gation, essentiellement en \u00ab\u00a0Lettres modernes\u00a0\u00bb, selon les besoins d\u2019enseignement.<\/p>\n<ul>\n<li>En Licence, ses enseignements sont dispens\u00e9s \u00e0 des \u00e9tudiants inscrits en parcours centr\u00e9 de \u00ab\u00a0Lettres modernes\u00a0\u00bb ou en parcours comme discipline associ\u00e9e pour des \u00e9tudiants inscrits en Licence de \u00ab\u00a0Langues\u00a0\u00bb, \u00ab\u00a0Philosophie\u00a0\u00bb, \u00ab\u00a0Lettres classiques\u00a0\u00bb, \u00ab\u00a0Histoire\u00a0\u00bb, entre autres.<\/li>\n<li>De 2013 \u00e0 2021, elle assurait la pr\u00e9paration \u00e0 la question de \u00ab\u00a0Grammaire\u00a0\u00bb aux \u00e9preuves du CAPES de \u00ab\u00a0Lettres modernes\u00a0\u00bb dans le cadre du Master \u00ab\u00a0M\u00e9tiers de l\u2019Enseignement, de l\u2019\u00c9ducation et de la Formation\u00a0\u00bb (MEEF).<\/li>\n<li>Elle a, par ailleurs, \u00e9t\u00e9 sollicit\u00e9e pour des cours de Master (Musique, Cr\u00e9ation litt\u00e9raire-M\u00e9tiers de l&rsquo;\u00e9criture) et d&rsquo;Agr\u00e9gation (Lettres modernes, Lettres classiques).<\/li>\n<\/ul>\n<h2>Acc\u00e9dez aux descriptifs&#8230;<\/h2>\n<ul>\n<li>ses <a href=\"https:\/\/blogs.univ-tlse2.fr\/celine-vaguer\/enseignement\/licence\/\"><strong>enseignements en Licence<\/strong><\/a><\/li>\n<li>ses <a href=\"https:\/\/blogs.univ-tlse2.fr\/celine-vaguer\/enseignement\/master\/\"><strong>enseignements en Master<\/strong><\/a><\/li>\n<li>les <strong><a href=\"https:\/\/blogs.univ-tlse2.fr\/celine-vaguer\/enseignement\/encadrement\/\">m\u00e9moires de Master<\/a><\/strong> qu&rsquo;elle a pu encadrer<\/li>\n<li>les <a href=\"https:\/\/blogs.univ-tlse2.fr\/celine-vaguer\/enseignement\/universite-du-temps-libre\/\"><strong>cycles de conf\u00e9rences anim\u00e9s \u00e0 l&rsquo;Universit\u00e9 du Temps libre<\/strong><\/a><\/li>\n<li>ses <a href=\"https:\/\/blogs.univ-tlse2.fr\/celine-vaguer\/expertise\/responsabilites-enseignement\/\"><strong>responsabilit\u00e9s administratives &amp; p\u00e9dagogiques<\/strong><\/a><\/li>\n<\/ul>\n","protected":false},"excerpt":{"rendered":"<p>C\u00e9line VAGUER-FEKETE a eu l\u2019occasion d\u2019enseigner d\u00e8s le d\u00e9but de sa th\u00e8se en tant que Charg\u00e9e de cours (vacataire) pendant quatre ans, puis comme Assistante Temporaire d\u2019Enseignement et de Recherche (ATER) les deux ann\u00e9es suivantes. Elle a assur\u00e9 ces cours principalement \u00e0 l\u2019Universit\u00e9 Paris X-Nanterre aupr\u00e8s d\u2019\u00e9tudiants en \u00ab\u00a0Arts\u00a0\u00bb (Arts du spectacle), en \u00ab\u00a0Lettres\u00a0\u00bb (Lettres [&hellip;]<\/p>\n","protected":false},"author":442,"featured_media":0,"parent":0,"menu_order":0,"comment_status":"closed","ping_status":"closed","template":"page-templates\/template-full-width.php","meta":{"footnotes":""},"class_list":["post-87","page","type-page","status-publish","hentry"],"_links":{"self":[{"href":"https:\/\/blogs.univ-tlse2.fr\/celine-vaguer\/wp-json\/wp\/v2\/pages\/87","targetHints":{"allow":["GET"]}}],"collection":[{"href":"https:\/\/blogs.univ-tlse2.fr\/celine-vaguer\/wp-json\/wp\/v2\/pages"}],"about":[{"href":"https:\/\/blogs.univ-tlse2.fr\/celine-vaguer\/wp-json\/wp\/v2\/types\/page"}],"author":[{"embeddable":true,"href":"https:\/\/blogs.univ-tlse2.fr\/celine-vaguer\/wp-json\/wp\/v2\/users\/442"}],"replies":[{"embeddable":true,"href":"https:\/\/blogs.univ-tlse2.fr\/celine-vaguer\/wp-json\/wp\/v2\/comments?post=87"}],"version-history":[{"count":7,"href":"https:\/\/blogs.univ-tlse2.fr\/celine-vaguer\/wp-json\/wp\/v2\/pages\/87\/revisions"}],"predecessor-version":[{"id":904,"href":"https:\/\/blogs.univ-tlse2.fr\/celine-vaguer\/wp-json\/wp\/v2\/pages\/87\/revisions\/904"}],"wp:attachment":[{"href":"https:\/\/blogs.univ-tlse2.fr\/celine-vaguer\/wp-json\/wp\/v2\/media?parent=87"}],"curies":[{"name":"wp","href":"https:\/\/api.w.org\/{rel}","templated":true}]}}