 {"id":130,"date":"2013-02-24T09:57:44","date_gmt":"2013-02-24T08:57:44","guid":{"rendered":"https:\/\/blogs.univ-tlse2.fr\/ceragas\/?page_id=130"},"modified":"2022-01-27T18:14:50","modified_gmt":"2022-01-27T17:14:50","slug":"bibliographie-2","status":"publish","type":"page","link":"https:\/\/blogs.univ-tlse2.fr\/ceragas\/bibliographie-2\/","title":{"rendered":"Bibliographie"},"content":{"rendered":"<p style=\"text-align: justify\"><em><strong>Articles:<\/strong><\/em><\/p>\n<p style=\"text-align: justify\"><strong>Cantet 1988 <\/strong>: CANTET (M.), Les c\u00e9ramiques protohistoriques de La Sioutat \u00e0 Roquelaure (Gers),\u00a0\u00bb <i>in Actes de la Neuvi\u00e8me Journ\u00e9e des Arch\u00e9ologues Gersois<\/i>,\u00a0 pp. 4-16<\/p>\n<p style=\"text-align: justify\"><strong>Cantet, P\u00e9r\u00e9 1962<\/strong> : CANTET (M.), P\u00c9R\u00c9 (A.), Les fouilles du plateau de Sioutat \u00e0 Roquelaure,\u00a0\u00bb <i>Bull. Gers<\/i>, 63, 1962, pp. 310-311.<\/p>\n<p style=\"text-align: justify\"><strong>Cantet, P\u00e9r\u00e9 1963a <\/strong>: CANTET (M.), P\u00c9R\u00c9 (A.), Les fouilles du plateau de la Sioutat \u00e0 Roquelaure,\u00a0\u00bb <i>Bull. Gers<\/i>, 64, 1963, pp. 171-203.<\/p>\n<p style=\"text-align: justify\"><strong>Cantet, P\u00e9r\u00e9 1963b <\/strong>: CANTET (M.), P\u00c9R\u00c9 (A.), Les fresques gallo-romaines de la Sioutat \u00e0 Roquelaure (Gers),\u00a0\u00bb <i>in<\/i> 19e <i>Congr\u00e8s r\u00e9gional de<\/i>s <i>f\u00e9d\u00e9rations des Soci\u00e9t\u00e9s acad\u00e9miques et savantes &#8211; Languedoc-Pyr\u00e9n\u00e9es-Gascogne<\/i>, Moissac (1963), Albi (1964), pp. 25-32<\/p>\n<p style=\"text-align: justify\"><strong>Cantet, P\u00e9r\u00e9 1963c <\/strong>:CANTET (M.), P\u00c9R\u00c9 (A.), Fresques de la Sioutat,\u00a0\u00bb <i>Bull.Gers<\/i>, 64, pp. 349-358.<\/p>\n<p style=\"text-align: justify\"><strong>Gardes, Lemaire, Le Dreff<em> et al.<\/em> 2012 <\/strong>: GARDES (Ph.), LEMAIRE (A.), LE DREFF (Th.), LOTTI (P.), Auch, les errances d&rsquo;une cit\u00e9 antique, \u00bb <i>Arch\u00e9ologia<\/i>, 502, p. 22-38<\/p>\n<p style=\"text-align: justify\"><strong>Gardes, Lemaire, Le Dreff 2013 <\/strong>:\u00a0GARDES (Ph.), LEMAIRE (A.), LE DREFF (Th.), L&rsquo;oppidum de la Sioutat \u00e0 Roquelaure (Gers). Citadelle des Ausques<em>, L&rsquo;\u00e2ge du Fer en Aquitaine et sur ses marges,<\/em> actes du 35e colloque de l&rsquo;AFEAF, Aquitania suppl. 30, pp. 195-222<\/p>\n<p style=\"text-align: justify\"><strong>Gardes (dir.), Coiquaud, Dardenay <em>et al.<\/em> 2013 <\/strong>: GARDES (Ph.), COIQUAUD (A.), DARDENAY (A.), DENYSIAK (A.), LEMAIRE (A.), en collaboration avec A. BADIE, P.-E. BEAU, F. CALL\u00c8DE, Th. LE DREFF, M. PASSELAC, M. SOLER et M. VIDAL, Les maisons romaines pr\u00e9coces de l&rsquo;oppidum de Roquelaure-La Sioutat (Gers). Bilan des recherches r\u00e9centes, <em>Gallia<\/em>, 70-2, pp. 25-57.<\/p>\n<h3 style=\"text-align: justify\"><span style=\"font-family: Times New Roman, serif\"><strong>Gardes (dir.) <em>et al.<\/em> 2017<\/strong>\u00a0: GARDES (Ph.), BENQUET (L.), LE DREFF (Th.), P\u00c9FAU (P.), SOLER (M.), en collaboration avec A. BADIE, F. CALL\u00c8DE, L. CALLEGARIN, A. COIQUAUD, A. DARDENAY, A. DENYSIAK, C. RUIZ-DARASSE, I. PINGEON, M. VIDAL, L\u2019agglom\u00e9ration de hauteur de Roquelaure-La Sioutat. Les occupations antiques, <em>Aquitania<\/em>, 33, pp. 35-122.<\/span><\/h3>\n<p style=\"text-align: justify\"><strong>H\u00e9bert 1987 <\/strong>: H\u00c9BERT (J.-C.), D\u00e9couvertes de surface sur l&rsquo;oppidum de la Sioutat (Roquelaure),\u00a0\u00bb <i>in<\/i> <i>Actes de la septi\u00e8me et de la huiti\u00e8me journ\u00e9e des arch\u00e9ologues gersois<\/i>, 1987, Auch, pp. 44-68.<\/p>\n<p style=\"text-align: justify\"><em><strong>Rapports d&rsquo;op\u00e9rations:<\/strong><\/em><\/p>\n<p style=\"text-align: justify\"><strong>Gardes 2006 <\/strong>: GARDES (Ph.), <i>Roquelaure, La Sioutat (Gers)<\/i>, rapport de sondages arch\u00e9ologiques programm\u00e9s, SRA de Midi-Pyr\u00e9n\u00e9es, 118 p.<\/p>\n<p style=\"text-align: justify\"><strong>Gardes <em>et al.<\/em> 2007 <\/strong>: GARDES (Ph.), DURAND (F.), LEMAIRE (A.), ON\u00c9ZIME (O.), RUZZU (F.),\u00a0 <i>La Sioutat<\/i><i> (Roquelaure, Gers)<\/i>, Rapport de sondage arch\u00e9ologique, SRA de Midi-Pyr\u00e9n\u00e9es, 2007, 72 p.<\/p>\n<p style=\"text-align: justify\"><strong>Gardes <em>et al.<\/em> 2008 <\/strong>: GARDES (Ph.), DURAND (F.), LEMAIRE (A.), Lotti P., ON\u00c9ZIME (O.), RUZZU (F.), <i>La Sioutat (Roquelaure, Gers)<\/i>. Rapport de fouille arch\u00e9ologique programm\u00e9e, SRA de Midi-Pyr\u00e9n\u00e9es, 2008, 84 p.<\/p>\n<p style=\"text-align: justify\"><strong>Gardes, Lemaire 2009 <\/strong>: GARDES (Ph.),\u00a0LEMAIRE (A.), <i>Roquelaure (Gers), La Sioutat. <\/i>Rapport de fouille interm\u00e9diaire, SRA de Midi-Pyr\u00e9n\u00e9es, 2009, 142 p.<\/p>\n<p style=\"text-align: justify\"><strong>Gardes (dir.) 2011<\/strong> : GARDES (Ph.), LEMAIRE (A.), LE DREFF (Th.), BADIE (A.), BENQUET (L.), CALEGARIN (L.), DARDENAY (A.), DURAND (F.), LOTTI (P.), MARTIN (H.), ON\u00c9ZIME (O.), PASSELAC (M.), RIVI\u00c8RE (Fr.), RUZZU (F.), TESSARIOL (M.), VIDAL (M.),\u00a0avec la collaboration de A. COIQUAUD, J.-Fr. PEIR\u00c9,\u00a0<i>La Sioutat<\/i><i> (Roquelaure, Gers)<\/i>, Rapport de fouille triannuel, 526 p.<\/p>\n<p align=\"JUSTIFY\"><b>Gardes (dir.) 2012<\/b> : GARDES (Ph.), LEMAIRE (A.), BEAU (P.-E.), COIQUAUD (A.), DENYSIAK (A.), SOLER (M.), \u00a0avec la collaboration de A. BADIE, L. BENQUET, F. CALL\u00c8DE, A. DARDENAY, N. DELSOL, M. PASSELAC, M. VIDAL, La Sioutat (Roquelaure, Gers), rapport de fouille annuel, 107 p.<\/p>\n<p align=\"JUSTIFY\"><strong>Gardes (dir.) 2014<\/strong> : GARDES (Ph.), LEMAIRE (A.), avec la collaboration de C. ACQUAVIVA, A. BADIE, P.-E. BEAU, L. BENQUET, F. CALL\u00c8DE, L. CALLEGARIN, A. COIQUAUD, A. DARDENAY, N. DELSOL, A. DENYSIAK, M.-C. DI PALMA, M. PASSELAC, P. P\u00c9FAU, I. PINGEON, P. RAMIS, M. VIDAL, <i>La Sioutat Roquelaure 2013<\/i>, rapport de fouille annuel, 480 p.<\/p>\n<p align=\"JUSTIFY\"><strong>Gardes (dir.) 2016<\/strong> : GARDES (Ph.), BOUCHIT\u00c9 (K.), COIQUAUD (A.), DENYSIAK (A.), P\u00c9FAU (P.), SOLER (M.), VIERS (C.) avec la collaboration de A. BADIE, L. BENQUET, F. CALL\u00c8DE, L. CALLEGARIN, A. DARDENAY, N. DELSOL,\u00a0 M.-C. DI PALMA, Fr. DURAND, R. GOURVEST, Th. LE DREFF, M. PASSELAC, I. PINGEON, P. RAMIS, M. VIDAL, <em>Roquelaure (Gers) La Sioutat<\/em>, rapport de fouille annuelle 2015, 209 p.<\/p>\n<p align=\"JUSTIFY\"><strong>Gardes (dir.) 2017<\/strong> : GARDES (Ph.), P\u00c9FAU (P.), SOLER (M.) avec la collaboration de L. BENQUET, K. BOUCHIT\u00c9, F. CALL\u00c8DE, A. COIQUAUD, Fr. DURAND, Th. LE DREFF, R. PINAUD, M. VIDAL, <em>La Sioutat Roquelaure 2016<\/em>, rapport de fouille triannuelle 2016-2018, 200 p.<\/p>\n<p align=\"JUSTIFY\"><strong>Gardes (dir.) 2018a<\/strong> : GARDES (Ph.), BOUCHIT\u00c9 (K.), NOUVEL (M.),\u00a0P\u00c9FAU (P.), SOLER (M.) avec la collaboration de L. BENQUET, F. CALL\u00c8DE, A. COIQUAUD, A. MAGUY, <em>La Sioutat Roquelaure 2017<\/em>, rapport de fouille triannuelle 2016-2018, 105 p.<\/p>\n<p align=\"JUSTIFY\"><strong>Gardes (dir.) 2018b<\/strong> : GARDES (Ph.), BOUCHIT\u00c9 (K.), MAGUY (A.), NOUVEL (M.), P\u00c9FAU (P.), SOLER (M.) avec la collaboration de L. BENQUET, F. CALL\u00c8DE, A. COIQUAUD, <em>La Sioutat Roquelaure 2018<\/em>, rapport de fouille triannuelle 2016-2018, 161 p.<\/p>\n<p align=\"JUSTIFY\"><strong>Gardes (dir.) 2020<\/strong> : GARDES (Ph.), BOUCHIT\u00c9 (K.), LABARTHE (W.), MAGUY (A.), NOUVEL (M.), P\u00c9FAU (P.), SOLER (M.) avec la collaboration de L. BENQUET, D. CAILHOL, F. CALL\u00c8DE, A. COIQUAUD, R. PINAUD, <em>La Sioutat Roquelaure 2019<\/em>, rapport de fouille pluriannuelle 2016-2019, 291 p.<\/p>\n","protected":false},"excerpt":{"rendered":"<p>Articles: Cantet 1988 : CANTET (M.), Les c\u00e9ramiques protohistoriques de La Sioutat \u00e0 Roquelaure (Gers),\u00a0\u00bb in Actes de la Neuvi\u00e8me Journ\u00e9e des Arch\u00e9ologues Gersois,\u00a0 pp. 4-16 Cantet, P\u00e9r\u00e9 1962 : CANTET (M.), P\u00c9R\u00c9 (A.), Les fouilles du plateau de Sioutat &hellip; <a href=\"https:\/\/blogs.univ-tlse2.fr\/ceragas\/bibliographie-2\/\">Continuer la lecture <span class=\"meta-nav\">&rarr;<\/span><\/a><\/p>\n","protected":false},"author":182,"featured_media":0,"parent":0,"menu_order":3,"comment_status":"closed","ping_status":"closed","template":"","meta":{"footnotes":""},"class_list":["post-130","page","type-page","status-publish","hentry"],"_links":{"self":[{"href":"https:\/\/blogs.univ-tlse2.fr\/ceragas\/wp-json\/wp\/v2\/pages\/130","targetHints":{"allow":["GET"]}}],"collection":[{"href":"https:\/\/blogs.univ-tlse2.fr\/ceragas\/wp-json\/wp\/v2\/pages"}],"about":[{"href":"https:\/\/blogs.univ-tlse2.fr\/ceragas\/wp-json\/wp\/v2\/types\/page"}],"author":[{"embeddable":true,"href":"https:\/\/blogs.univ-tlse2.fr\/ceragas\/wp-json\/wp\/v2\/users\/182"}],"replies":[{"embeddable":true,"href":"https:\/\/blogs.univ-tlse2.fr\/ceragas\/wp-json\/wp\/v2\/comments?post=130"}],"version-history":[{"count":8,"href":"https:\/\/blogs.univ-tlse2.fr\/ceragas\/wp-json\/wp\/v2\/pages\/130\/revisions"}],"predecessor-version":[{"id":819,"href":"https:\/\/blogs.univ-tlse2.fr\/ceragas\/wp-json\/wp\/v2\/pages\/130\/revisions\/819"}],"wp:attachment":[{"href":"https:\/\/blogs.univ-tlse2.fr\/ceragas\/wp-json\/wp\/v2\/media?parent=130"}],"curies":[{"name":"wp","href":"https:\/\/api.w.org\/{rel}","templated":true}]}}