 {"id":175,"date":"2013-02-24T20:24:33","date_gmt":"2013-02-24T19:24:33","guid":{"rendered":"https:\/\/blogs.univ-tlse2.fr\/ceragas\/?page_id=175"},"modified":"2013-03-11T18:02:53","modified_gmt":"2013-03-11T17:02:53","slug":"generalites","status":"publish","type":"page","link":"https:\/\/blogs.univ-tlse2.fr\/ceragas\/generalites\/","title":{"rendered":"G\u00e9n\u00e9ralit\u00e9s"},"content":{"rendered":"<p><em><strong>\u00a0<\/strong><\/em><\/p>\n<p><strong>Fabre, Lussault 1994 :<\/strong> Fabre, G., Lussault, A., <em>Les Pyr\u00e9n\u00e9es-Atlantiques, 64<\/em>, Carte Arch\u00e9ologique de la Gaule, Paris, Fondation de la Maison des Sciences de l\u2019Homme, 1994, 232 p.<\/p>\n<p><strong>Lapart, Petit 1993 :<\/strong> Lapart J, Petit C.,\u00a0 <i>Le Gers, 32<\/i>, Carte Arch\u00e9ologique de la Gaule, Paris, Fondation de la Maison des Sciences de l\u2019Homme, 1993, 354 p.<\/p>\n<p><strong>Lussault 1997 :<\/strong> Lussault, A., Les Hautes-Pyr\u00e9n\u00e9es, 65, Carte Arch\u00e9ologique de la Gaule, Paris, Fondation de la Maison des Sciences de l\u2019Homme, 1997, 304 p.<\/p>\n","protected":false},"excerpt":{"rendered":"<p>\u00a0 Fabre, Lussault 1994 : Fabre, G., Lussault, A., Les Pyr\u00e9n\u00e9es-Atlantiques, 64, Carte Arch\u00e9ologique de la Gaule, Paris, Fondation de la Maison des Sciences de l\u2019Homme, 1994, 232 p. Lapart, Petit 1993 : Lapart J, Petit C.,\u00a0 Le Gers, 32, &hellip; <a href=\"https:\/\/blogs.univ-tlse2.fr\/ceragas\/generalites\/\">Continuer la lecture <span class=\"meta-nav\">&rarr;<\/span><\/a><\/p>\n","protected":false},"author":182,"featured_media":0,"parent":0,"menu_order":1,"comment_status":"closed","ping_status":"closed","template":"","meta":{"footnotes":""},"class_list":["post-175","page","type-page","status-publish","hentry"],"_links":{"self":[{"href":"https:\/\/blogs.univ-tlse2.fr\/ceragas\/wp-json\/wp\/v2\/pages\/175","targetHints":{"allow":["GET"]}}],"collection":[{"href":"https:\/\/blogs.univ-tlse2.fr\/ceragas\/wp-json\/wp\/v2\/pages"}],"about":[{"href":"https:\/\/blogs.univ-tlse2.fr\/ceragas\/wp-json\/wp\/v2\/types\/page"}],"author":[{"embeddable":true,"href":"https:\/\/blogs.univ-tlse2.fr\/ceragas\/wp-json\/wp\/v2\/users\/182"}],"replies":[{"embeddable":true,"href":"https:\/\/blogs.univ-tlse2.fr\/ceragas\/wp-json\/wp\/v2\/comments?post=175"}],"version-history":[{"count":6,"href":"https:\/\/blogs.univ-tlse2.fr\/ceragas\/wp-json\/wp\/v2\/pages\/175\/revisions"}],"predecessor-version":[{"id":238,"href":"https:\/\/blogs.univ-tlse2.fr\/ceragas\/wp-json\/wp\/v2\/pages\/175\/revisions\/238"}],"wp:attachment":[{"href":"https:\/\/blogs.univ-tlse2.fr\/ceragas\/wp-json\/wp\/v2\/media?parent=175"}],"curies":[{"name":"wp","href":"https:\/\/api.w.org\/{rel}","templated":true}]}}