 {"id":179,"date":"2013-02-24T20:27:01","date_gmt":"2013-02-24T19:27:01","guid":{"rendered":"https:\/\/blogs.univ-tlse2.fr\/ceragas\/?page_id=179"},"modified":"2022-01-27T17:53:03","modified_gmt":"2022-01-27T16:53:03","slug":"protohistoireantiquite","status":"publish","type":"page","link":"https:\/\/blogs.univ-tlse2.fr\/ceragas\/protohistoireantiquite\/","title":{"rendered":"Protohistoire\/Antiquit\u00e9"},"content":{"rendered":"<p style=\"text-align: justify\"><em><strong>\u00a0<\/strong><\/em><\/p>\n<p style=\"text-align: justify\"><strong>Bach, Gardes 2001-2002:<\/strong> Bach S., Gardes Ph., Un secteur d\u2019<i>Augusta Auscorum<\/i>. Des origines de la ville au IV\u00e8 s. p.C.,\u00a0\u00bb <i>Aquitania<\/i>, XVIII, 2001-2002, 79-110.<\/p>\n<p style=\"text-align: justify\"><strong>Barbet 1983:<\/strong> Barbet A., La diffusion du IIIe style pomp\u00e9ien en Gaule (deuxi\u00e8me partie),\u00a0\u00bb <i>Gallia<\/i>, 41, 1983, p. 111-165.<\/p>\n<p style=\"text-align: justify\"><strong>Barb\u00e9 1985 :<\/strong> Barb\u00e9, L., Curiosit\u00e9s numismatiques du Lectourois, pp. 19-23, 1985.<\/p>\n<p style=\"text-align: justify\"><strong>Boudet 1987:<\/strong> Boudet R., <i>L\u2019\u00e2ge du Fer r\u00e9cent dans la partie m\u00e9ridionale de l\u2019estuaire girondin, (du Ve au Ier si\u00e8cle avant notre \u00e8re)<\/i>. P\u00e9rigueux, Arch\u00e9ologies 2, V\u00e9suna, 1987, 254 p. 220 pl.<\/p>\n<p style=\"text-align: justify\"><strong>Boudet 1990b :<\/strong> Boudet, R., Numismatique et organisation du territoire du sud-ouest de la Gaule \u00e0 la fin de l\u2019\u00c0ge du Fer : une premi\u00e8re esquisse, Revue arch\u00e9ologique de l\u2019ouest, suppl.3, 1990, pp. 169-190.<\/p>\n<p style=\"text-align: justify\"><strong>Boudet 1996 :<\/strong> Boudet, R., Rituels celtes d\u2019Aquitaine, Arch\u00e9ologie Aujourd\u2019hui, Paris, 1996, 123 p.<\/p>\n<p style=\"text-align: justify\"><strong>Boudet et al. 1994 :<\/strong> Boudet, R. et al., Les agglom\u00e9rations protohistoriques en France sud-occidentale : quelques r\u00e9flexions in L\u2019Age du Fer en Europe sud-occidentale. Actes du XVIe colloque de l\u2019AFEAF, Agen 28-31 Mai 1992, Aquitania XII, 1994, pp. 55-94.<\/p>\n<p style=\"text-align: justify\"><strong>Camoreyt 1897 :<\/strong> Camoreyt, E., La ville des Sotiates, Auch, 1897.<\/p>\n<p style=\"text-align: justify\"><strong>Cantet 1975:<\/strong> Cantet M., Le puits fun\u00e9raire de Saint-Jean de Castex \u00e0 Vic-Fezensac (Gers),\u00a0\u00bb Revue de Comminges, 1975, LX-VIII, p. 5-42<\/p>\n<p style=\"text-align: justify\"><strong>Cantet 2000:<\/strong> Cantet M., El\u00e9ments du second \u00e2ge du Fer dans le quartier de Mathalin \u00e0 Auch,\u00a0\u00bb <i>in<\/i> <i>Actes de la XXIe journ\u00e9e des Arch\u00e9ologues Gersois<\/i>, 2000, Auch, p. 17-42<\/p>\n<p style=\"text-align: justify\"><strong>Collectif 1994 :<\/strong> L\u2019Age du Fer en Europe sud-occidentale. Actes du XVIe colloque de l\u2019AFEAF, Agen 28-31 Mai 1992, Aquitania 1994<\/p>\n<p style=\"text-align: justify\"><strong>Collectif 2001-2002\u00a0:<\/strong> \u00ab\u00a0<i>Lugdunum<\/i> des Conv\u00e8nes (St-Bertrand-de-Comminges\/Valcabr\u00e8re, Haute-Garonne) Acquis de la recherche r\u00e9cente (1992-2002),\u00a0\u00bb <i>Aquitania<\/i>, XVIII, p. 29-77.<\/p>\n<p style=\"text-align: justify\"><strong>Coffyn 1986 :<\/strong> Coffyn, A., <em>Recherche sur les Aquitains<\/em>, Hommages \u00e0 R. \u00c9tienne in Revue des Etudes Anciennes, 88, Annales de l\u2019Universit\u00e9 de Bordeaux III, 1986, pp. 41-61.<\/p>\n<p style=\"text-align: justify\"><strong>Duval 1955 :<\/strong> Duval, P.-M., Les peuples de l\u2019Aquitaine dans la liste de Pline, Revue de Philologie, de Litt\u00e9rature et d\u2019Histoire ancienne, XXIX, 1955, pp. 179-191.<\/p>\n<p style=\"text-align: justify\"><strong>Dugand 1981 :<\/strong> Dugand, J.-E., Les mentions antiques de Lactora ; l\u2019\u00e9tymologie probable du toponyme, Bulletin de la Soci\u00e9t\u00e9 Arch\u00e9ologique et Historique du Gers, 1981, pp. 38-61, et 161-184.<\/p>\n<p style=\"text-align: justify\"><strong>Fabre 1946 :<\/strong> Fabre, G., Contribution \u00e0 l\u2019\u00e9tude protohistorique du Sud-Ouest de la France, Gallia, IV, 1946, p. 65.<\/p>\n<p style=\"text-align: justify\"><strong>Fabre 2005 :<\/strong> Fabre, G., Les peuples de l\u2019Aquitaine au second \u00e2ge du Fer, actes du colloque de Salies, 2005, pp. 59-65.<\/p>\n<p style=\"text-align: justify\"><strong>Gardes 2001a:<\/strong> Gardes, Ph., Habitat, territoires et \u00e9volution sociale en Aquitaine durant le dernier mill\u00e9naire av. J.C. <i>in <\/i>Berrocal-Rangel L. et Gardes Ph. (dir.), <i>Entre Celtas e \u00edberos, las poblaciones protohist\u00f3ricas de las Galias e Hispania.<\/i> Madrid, Casa de Vel\u00e1zquez, Real Academia de Historia, 2001, p. 117-135<\/p>\n<p style=\"text-align: justify\"><strong>Gardes 2002b:<\/strong> Gardes, Ph.,\u00a0Territoires et organisation politique de l\u2019Aquitaine pr\u00e9-august\u00e9enne. Pour une confrontation des sources,\u00a0\u00bb <i>in<\/i> Garcia D. et Verdin Fl. (dir.), <i>Territoires celtiques. Espaces ethniques et territoires des agglom\u00e9rations protohistoriques d\u2019Europe occidentale<\/i>, Actes du XXIV<sup>e<\/sup> colloque international de l\u2019AFEAF (Martigues, 1-4 juin 2000), Paris, 2002, p. 48-66.<\/p>\n<p style=\"text-align: justify\"><strong>Gardes 2009 :<\/strong> Gardes, Ph., La place de l\u2019\u00e2ge du Fer dans l\u2019arch\u00e9ologie urbaine \u00e0 Auch (Gers), Actes du XXXIIe colloque de l\u2019AFEAF \u00e0 Bourges en 2008, 35 e suppl. \u00e0 la RACF, 2009, pp. 329-331.<\/p>\n<p style=\"text-align: justify\"><strong>Gardes 2010:<\/strong> Gardes, Ph., L\u2019oppidum d\u2019Esb\u00e9rous \u00e0 Eauze (Gers). Bilan des recherches r\u00e9centes et perspectives,\u00a0\u00bb <i>M\u00e9moires de la Soci\u00e9t\u00e9 Arch\u00e9ologique du Midi de la France<\/i>, tome 2010, sous presse.<\/p>\n<p style=\"text-align: justify\"><strong>Gardes 2012 :<\/strong> Gardes, Ph., Les fortifications protohistoriques dans le Sud-Ouest de la France, Bilan des connaissances et perspectives de recherche, Acte de la table-ronde de Lattes du 23 mai 2008, les fortifications protohistoriques de Marseille \u00e0 G\u00e9rone, <em>DAM<\/em>, 32, 2012, np.<\/p>\n<p style=\"text-align: justify\"><strong>Gardes, Coll\u00e9oni et al. 2007 :<\/strong> Gardes, Ph., Coll\u00e9oni, F., en collab. avec R. Charlas-Tranier, A. Costes, Fr. Didierjean, L. Koupaliantz, C. Petit-Aupert, \u00c9. Tranier, Le second \u00e2ge du Fer en Aquitaine orientale. Apport des recherches r\u00e9alis\u00e9es r\u00e9cemment dans le Gers et ses marges, in Les \u00e2ges du Fer dans le Sud-ouest de la France ( Tome 1), 28e colloque de l\u2019AFEAF, Toulouse, 20-23 mai 2004, Editions de la F\u00e9d\u00e9ration Aquitania, 2007, pp. 183-207.<\/p>\n<p style=\"text-align: justify\"><strong>Gardes, Lemaire, Le Dreff 2012 :<\/strong> Gardes Ph., Lemaire, A.,Le Dreff, T., Lotti P., Auch, les errances d&rsquo;une cit\u00e9 antique, \u00bb <i>Arch\u00e9ologia<\/i>, 502, 2012, p. 22-38<\/p>\n<p style=\"text-align: justify\"><strong>Gardes, Lotti 2012 :<\/strong> Gardes Ph., Lotti P., Le forum d\u2019Auch. Premi\u00e8res donn\u00e9es arch\u00e9ologiques,\u00a0\u00bb in Bouet A., <i>Le forum en Gaule<\/i>,\u00a0 Ausonius, collection M\u00e9moires, 31, Bordeaux, 2012, sous presse.<\/p>\n<p><strong>Gardes <em>et al.<\/em> 2020<\/strong> : GARDES (Ph.), HIRIART (E.), LE DREFF (Th.), PEFAU (P.), COLIN (A.), VERDIN (Fl.), De la Garonne aux Pyr\u00e9n\u00e9es. Identit\u00e9(s) culturelle(s) du sud-ouest de la France au second \u00e2ge du Fer, In PIERREVELCIN (G.), KYSELA (J.) (dir.), <em>Unit\u00e9 et diversit\u00e9 du monde celtique<\/em>, actes du 42e colloque de l&rsquo;AFEAF, Prague, 10-13 mai 2018, AFEAF, 2, pp. 243-261.<\/p>\n<p style=\"text-align: justify\"><strong>Gomez de Soto et al. 1994 :<\/strong> Gomez de Soto, J., Boudet, R., Buisson, J.-F., Gruat, Ph., Verger, S., Villard, A.,\u00a0 S\u00e9pultures aristocratiques authentiques, apparences fun\u00e9raires et pratiques cultuelles dans le quart sud-ouest de la Gaule \u00e0 l\u2019Age du Fer et au d\u00e9but de l\u2019\u00e9poque romaine, L\u2019Age du Fer en Europe sud-occidentale, Actes du XVIe colloque de l\u2019AFEAF, Agen 28-31 Mai 1992, <em>Aquitania,<\/em> 1994, pp. 165-182.<\/p>\n<p style=\"text-align: justify\"><strong>Gomez de Soto, Milcent et al. 2003 :<\/strong> Gomez de Soto, J., Milcent, P-Y., Baigl, J-P., Gorgues, A., Moret, P., Nillesse, O., Sireix, C., La France du centre aux Pyr\u00e9n\u00e9es (Aquitaine, Centre, Limousin, Midi-Pyr\u00e9n\u00e9es, Poitou-Charentes), in Cultes et sanctuaires en France \u00e0 l&rsquo;\u00e2ge du Fer, <em>Gallia<\/em>, 60, CNRS \u00e9ditions, Paris, 2003, pp. 107-138.<\/p>\n<p style=\"text-align: justify\"><strong>Gomez de Soto et al. 2003 :<\/strong> Gomez de Soto, J.,\u00a0 Lejars, Th., Ducong\u00e9, S., Robin, K., Sireix, Ch., Zelie, B., Du milieu du Ve au IIIe s. av. n. \u00e8. En Centre-Ouest, Aquitaine septentrionale et ouest du Massif Central in Mennessier-Jouannet (Ch.), Adam (A.-M.), Milcent (P.-Y.)- La Gaule dans son contexte europ\u00e9en aux IVe et IIe s. av. n. \u00e8., Actes du XXVIIe colloque de L\u2019AFEAF (Clermont-Ferrand, 29 mai-1er juin 2003) \u2013 Th\u00e8me sp\u00e9cialis\u00e9, 2007, pp. 69-89.<\/p>\n<p style=\"text-align: justify\"><strong>Gruat 1992 :<\/strong> Gruat, Ph., Timbres sur amphores Dressel I du sud-ouest de la France : premier inventaire in L\u2019Age du Fer en Europe sud-occidentale. Actes du XVIe colloque de l\u2019AFEAF, Agen 28-31 Mai 1992, Aquitania 1994, pp. 183-202.<\/p>\n<p style=\"text-align: justify\"><strong>H\u00e9bert 1987 :<\/strong> H\u00e9bert J.-C., D\u00e9couvertes de surface sur l&rsquo;oppidum de la Sioutat (Roquelaure),\u00a0\u00bb <i>in<\/i> <i>Actes de la septi\u00e8me et de la huiti\u00e8me joum\u00e9e des arch\u00e9ologues gersois<\/i>, 1987, Auch, p. 44-68.<\/p>\n<p style=\"text-align: justify\"><strong>Izac-Imbert, Abila 2007 :<\/strong> Izac-Imbert, L., Abila, R., Un nouvel atelier de potier de la fin de l\u2019\u00e2ge du Fer d\u00e9couvert \u00e0 Simorre (Gers), Document d\u2019arch\u00e9ologie m\u00e9ridionale, 29\/30, 2006\/2007, pp. 257-276.<\/p>\n<p style=\"text-align: justify\"><strong>Joulin 1912 :<\/strong> Joulin, L., Les s\u00e9pultures des \u00e2ges protohistoriques dans le Sud Ouest de la France, Revue Arch\u00e9ologique, XIX, I, Paris, 1912, pp.1-59.<\/p>\n<p style=\"text-align: justify\"><strong>Lambert 1990 :<\/strong> Lambert P.,\u00a0 Un sondage arch\u00e9ologique sur l\u2019oppidum de Sos (Lot-et-Garonne), <i>Actes de la 12<sup>e<\/sup> journ\u00e9e des arch\u00e9ologues gersois, <\/i>\u00c9auze, 1990, p. 21-40.<\/p>\n<p style=\"text-align: justify\"><strong>Larrieu-D\u00fcler 1973 :<\/strong> Larrieu-D\u00fcler M., Les puits fun\u00e9raires de Lectoure,\u00a0\u00bb <i>M\u00e9m. Soc. Arch. du Midi de la France<\/i>, 38, 1973, p. 9-67.<\/p>\n<p style=\"text-align: justify\"><strong>Larrieu-D\u00fcler 1980a : <\/strong>Larrieu-D\u00fcler, M., Les origines. II L\u2019\u00e9poque gallo-romaine,\u00a0\u00bb <i>in <\/i>Bordes M. (dir.), <i>Histoire d\u2019Auch et du pays d\u2019Auch<\/i>, Roanne, 1980, p. 26-40.<\/p>\n<p style=\"text-align: justify\"><strong>Larrieu-D\u00fcler 1980b :<\/strong>\u00a0Larrieu-D\u00fcler, M., Le Mus\u00e9e de Lectoure, Paris, 1980.<\/p>\n<p style=\"text-align: justify\"><strong>Larrieu, Marty, Crub\u00e9zy 1985 :<\/strong> Larrieu, M., Marty, B., Crub\u00e9zy, E., La n\u00e9cropole m\u00e9rovingienne de La Turraque, Beaucaire sur Ba\u00efse (Gers), Soci\u00e9t\u00e9 de Recherches Sp\u00e9l\u00e9o-Arch\u00e9ologiques du Sorezois et Revelois (Sor\u00e8ze), 1985.<\/p>\n<p style=\"text-align: justify\"><strong>Le Dreff 2011 :<\/strong> Le Dreff, T., Fours et ateliers de potiers au Second \u00e2ge du Fer dans le Sud-Ouest de la France, <em>Aquitania<\/em>, XXVII, p.19-57.<\/p>\n<p style=\"text-align: justify\"><strong>Le Dreff A para\u00eetre :<\/strong> Le Dreff, T., Les occupations de la fin de l&rsquo;\u00e2ge du Fer \u00e0 Lectoure (Gers,Midi-Pyr\u00e9n\u00e9es). <em>Actes de la journ\u00e9e d&rsquo;\u00e9tude \u00ab\u00a0Entre Celtes et Aquitains\u00a0\u00bb<\/em> sous la direction de Philippe Gardes, Toulouse, d\u00e9cembre 2007.<\/p>\n<p style=\"text-align: justify\"><strong>Mohen 1980 :<\/strong> Mohen J.-P., <i>L\u2019\u00e2ge du Fer en Aquitaine<\/i>, M.S.P.F, 1980, 339 p.<\/p>\n<p style=\"text-align: justify\"><strong>Marinval 1994 :<\/strong> Marinval, Ph., \u00c9conomie v\u00e9g\u00e9tale aux \u00e2ges du Bronze et du Fer en France du Sud-Ouest, in : Boudet R. (dir.), L\u2019\u00e2ge du Fer en Europe sud-occidentale, Actes du XVIe colloque de l\u2019AFEAF, Agen, 28-31 mai 1992, Aquitania, 12, pp. 27-54.<\/p>\n<p style=\"text-align: justify\"><strong>Ortet 1963 :<\/strong> Ortet, Ch., Les vieux chemins de Lectoure, Bulletin de la .Soci\u00e9t\u00e9 Arch\u00e9ologique et Historique du .Gers., 1 \u0364 \u036c semestre 1963, pp. 58-69.<\/p>\n<p style=\"text-align: justify\"><strong>P\u00e9r\u00e9, Cantet 1964 :<\/strong> P\u00e9r\u00e9, A., Cantet, M., Regards sur Augusta Auscorum, dans Bulletin de la soci\u00e9t\u00e9 arch\u00e9ologique et historique du Gers, 65, 1964, pp. 155-158.<\/p>\n<p style=\"text-align: justify\"><strong>Petit-Aupert 1998 :<\/strong> Petit-Aupert, C., Les campagnes du Lectourois pendant l\u2019Antiquit\u00e9, Bulletin de la Soci\u00e9t\u00e9 Arch\u00e9ologique et Historique du Gers, 4e trimestre, 1998, pp. 445-467.<\/p>\n<p style=\"text-align: justify\"><strong>Petit-Aupert, Silli\u00e8res 1992 :<\/strong> Petit, C., Silli\u00e8res, P., Lectoure in Villes et agglom\u00e9rations urbaines antiques du sud-ouest de la Gaule, 2e Colloque Aquitania, Bordeaux, 13-15 sept 1990, Aquitania Suppl. 6, 1992, pp. 99-106.<\/p>\n<p style=\"text-align: justify\"><strong>Saint-Martin 1977 :<\/strong> Saint-Martin G., <i>L&rsquo;histoire, la vie \u00e0 Roquelaure, pr\u00e8s d&rsquo;Auch, village de Gascogne<\/i>, Auch, 1977, 319 p.<\/p>\n<p style=\"text-align: justify\"><strong>Santrot, Santrot 1979 :<\/strong> Santrot M.-H., Santrot J., <i>C\u00e9ramiques communes gallo-romaines d\u2019Aquitaine<\/i>, \u00c9d. du CNRS, 1979, 266 p.<\/p>\n<p style=\"text-align: justify\"><strong>Schaad, Vidal 1992<\/strong> : Schaad D. et Vidal M., Origines et d\u00e9veloppement urbain des cit\u00e9s de Saint-Bertrand-de-Comminges, d\u2019Auch et d\u2019Eauze,\u00a0\u00bb <i>in<\/i> F\u00e9d\u00e9ration Aquitania,<i> Villes et agglom\u00e9rations urbaines antiques du sud-ouest de la Gaule<\/i>, Actes du deuxi\u00e8me colloque<i> Aquitania : <\/i>Bordeaux, 13-15 septembre 1990. Bordeaux. Suppl. \u00e0<i> Aquitania 6<\/i>, Bordeaux, 1992, p. 211-221.<\/p>\n<p style=\"text-align: justify\"><strong>Silli\u00e8res 1992 :<\/strong> Silli\u00e8res, P., Voies de communication et r\u00e9seau urbain en Aquitaine romaine in Villes et agglom\u00e9rations urbaines antiques du sud-ouest de la Gaule, 2e Colloque Aquitania, Bordeaux, 13-15 sept 1990, Aquitania Suppl. 6, 1992, pp. 431-438.<\/p>\n<p style=\"text-align: justify\"><strong>Simioni 2009<\/strong> : Simioni S., Saint-Bertrand-de-Comminges\u00a0: la capitale d\u2019un peuple \u00e0 la fin de l\u2019\u00e2ge du Fer\u00a0?,\u00a0\u00bb <i>Les Gaulois sont dans la ville<\/i>, Actes du XXXIIe colloque de l\u2019AFEAF, 2009, p. 441-453.<\/p>\n","protected":false},"excerpt":{"rendered":"<p>\u00a0 Bach, Gardes 2001-2002: Bach S., Gardes Ph., Un secteur d\u2019Augusta Auscorum. Des origines de la ville au IV\u00e8 s. p.C.,\u00a0\u00bb Aquitania, XVIII, 2001-2002, 79-110. Barbet 1983: Barbet A., La diffusion du IIIe style pomp\u00e9ien en Gaule (deuxi\u00e8me partie),\u00a0\u00bb Gallia, &hellip; <a href=\"https:\/\/blogs.univ-tlse2.fr\/ceragas\/protohistoireantiquite\/\">Continuer la lecture <span class=\"meta-nav\">&rarr;<\/span><\/a><\/p>\n","protected":false},"author":182,"featured_media":0,"parent":0,"menu_order":3,"comment_status":"closed","ping_status":"closed","template":"","meta":{"footnotes":""},"class_list":["post-179","page","type-page","status-publish","hentry"],"_links":{"self":[{"href":"https:\/\/blogs.univ-tlse2.fr\/ceragas\/wp-json\/wp\/v2\/pages\/179","targetHints":{"allow":["GET"]}}],"collection":[{"href":"https:\/\/blogs.univ-tlse2.fr\/ceragas\/wp-json\/wp\/v2\/pages"}],"about":[{"href":"https:\/\/blogs.univ-tlse2.fr\/ceragas\/wp-json\/wp\/v2\/types\/page"}],"author":[{"embeddable":true,"href":"https:\/\/blogs.univ-tlse2.fr\/ceragas\/wp-json\/wp\/v2\/users\/182"}],"replies":[{"embeddable":true,"href":"https:\/\/blogs.univ-tlse2.fr\/ceragas\/wp-json\/wp\/v2\/comments?post=179"}],"version-history":[{"count":4,"href":"https:\/\/blogs.univ-tlse2.fr\/ceragas\/wp-json\/wp\/v2\/pages\/179\/revisions"}],"predecessor-version":[{"id":811,"href":"https:\/\/blogs.univ-tlse2.fr\/ceragas\/wp-json\/wp\/v2\/pages\/179\/revisions\/811"}],"wp:attachment":[{"href":"https:\/\/blogs.univ-tlse2.fr\/ceragas\/wp-json\/wp\/v2\/media?parent=179"}],"curies":[{"name":"wp","href":"https:\/\/api.w.org\/{rel}","templated":true}]}}