 {"id":183,"date":"2013-02-24T20:28:32","date_gmt":"2013-02-24T19:28:32","guid":{"rendered":"https:\/\/blogs.univ-tlse2.fr\/ceragas\/?page_id=183"},"modified":"2022-01-27T18:14:42","modified_gmt":"2022-01-27T17:14:42","slug":"travaux-universitaires","status":"publish","type":"page","link":"https:\/\/blogs.univ-tlse2.fr\/ceragas\/travaux-universitaires\/","title":{"rendered":"Travaux universitaires"},"content":{"rendered":"<p style=\"text-align: justify\"><em><strong>\u00a0<\/strong><\/em><\/p>\n<p style=\"text-align: justify\"><strong>Coll\u00e9oni 2007 <\/strong>: COLLEONI (F.), <em>Le territoire de la cit\u00e9 d\u2019Auch dans l\u2019Antiquit\u00e9,<\/em> th\u00e8se de doctorat, Universit\u00e9 de Toulouse II Le Mirail, 2007.<\/p>\n<p style=\"text-align: justify\"><strong>Gardes 1990 <\/strong>: GARDES (Ph.), <i>Les structures d\u2019habitat de plein air du Bronze final au d\u00e9but de l\u2019Empire romain entre Garonne et Ebre<\/i>, DEA, Universit\u00e9 de Bordeaux III, 1990, 110 p.<\/p>\n<p style=\"text-align: justify\"><strong>Lapart 1985<\/strong> : LAPART (J.),\u00a0 <i>Les cit\u00e9s d\u2019Auch et d\u2019Eauze de la conqu\u00eate romaine \u00e0 l\u2019ind\u00e9pendance vasconne (56 avant J. -C., Vlle si\u00e8cle apr\u00e8s J.-C.),<\/i> enqu\u00eate arch\u00e9ologique et toponymique, Th\u00e8se de doctorat de 3<sup>e<\/sup> cycle, Universit\u00e9 de Toulouse-Le Mirail, 1985, t. 1, 412 p. et t. 2, 425 p., dactylographi\u00e9e.<\/p>\n<p style=\"text-align: justify\"><strong>Le Dreff 2009 <\/strong>: LE DREFF (Th.), <em>Les occupations de la fin de l\u2019\u00e2ge du Fer \u00e0 Lectoure (Gers, Midi-Pyr\u00e9n\u00e9es), reprise des donn\u00e9es arch\u00e9ologiques et synth\u00e8se<\/em>, M\u00e9moire de Master 1, Universit\u00e9 Toulouse II Le Mirail, 2009.<\/p>\n<p style=\"text-align: justify\"><strong>Le Dreff 2010 :<\/strong> LE DREFF (Th.), <em>Fours et ateliers de potiers au Second \u00e2ge du Fer dans l&rsquo;isthme gaulois<\/em>, M\u00e9moire de Master 2, Universit\u00e9 Toulouse II- Le Mirail, 2010.<\/p>\n<p><strong>Le Dreff 2015<\/strong> : LE DREFF (Th.), <em>Productions c\u00e9ramiques et \u00e9changes au Second \u00e2ge du Fer dans le sud-ouest de la France<\/em>, Th\u00e8se de doctorat, Universit\u00e9 Toulouse Jean Jaur\u00e8s, 2015.<\/p>\n<p style=\"text-align: justify\"><strong>Petit-Aupert 1997 :<\/strong> PETIT-AUPERT (C.), <em>Le milieu rural dans l\u2019Aquitaine m\u00e9ridionale entre Garonne et Pyr\u00e9n\u00e9es pendant l\u2019Antiquit\u00e9 et le Haut Moyen Age : m\u00e9thodes de prospection<\/em>, Th\u00e8se de doctorat, Universit\u00e9 de Bordeaux 3, 1997.<\/p>\n<p style=\"text-align: justify\"><strong>Simioni 2009 :<\/strong> SIMIONI (S.), <em>L\u2019occupation du sol \u00e0 la fin de l\u2019\u00e2ge du Fer dans le bassin sup\u00e9rieur de la Garonne (Comminges et sud Toulousain)<\/em>, M\u00e9moire de Master 2, Universit\u00e9 de Toulouse II Le Mirail, 2009.<\/p>\n","protected":false},"excerpt":{"rendered":"<p>\u00a0 Coll\u00e9oni 2007 : COLLEONI (F.), Le territoire de la cit\u00e9 d\u2019Auch dans l\u2019Antiquit\u00e9, th\u00e8se de doctorat, Universit\u00e9 de Toulouse II Le Mirail, 2007. Gardes 1990 : GARDES (Ph.), Les structures d\u2019habitat de plein air du Bronze final au d\u00e9but &hellip; <a href=\"https:\/\/blogs.univ-tlse2.fr\/ceragas\/travaux-universitaires\/\">Continuer la lecture <span class=\"meta-nav\">&rarr;<\/span><\/a><\/p>\n","protected":false},"author":182,"featured_media":0,"parent":0,"menu_order":4,"comment_status":"closed","ping_status":"closed","template":"","meta":{"footnotes":""},"class_list":["post-183","page","type-page","status-publish","hentry"],"_links":{"self":[{"href":"https:\/\/blogs.univ-tlse2.fr\/ceragas\/wp-json\/wp\/v2\/pages\/183","targetHints":{"allow":["GET"]}}],"collection":[{"href":"https:\/\/blogs.univ-tlse2.fr\/ceragas\/wp-json\/wp\/v2\/pages"}],"about":[{"href":"https:\/\/blogs.univ-tlse2.fr\/ceragas\/wp-json\/wp\/v2\/types\/page"}],"author":[{"embeddable":true,"href":"https:\/\/blogs.univ-tlse2.fr\/ceragas\/wp-json\/wp\/v2\/users\/182"}],"replies":[{"embeddable":true,"href":"https:\/\/blogs.univ-tlse2.fr\/ceragas\/wp-json\/wp\/v2\/comments?post=183"}],"version-history":[{"count":4,"href":"https:\/\/blogs.univ-tlse2.fr\/ceragas\/wp-json\/wp\/v2\/pages\/183\/revisions"}],"predecessor-version":[{"id":821,"href":"https:\/\/blogs.univ-tlse2.fr\/ceragas\/wp-json\/wp\/v2\/pages\/183\/revisions\/821"}],"wp:attachment":[{"href":"https:\/\/blogs.univ-tlse2.fr\/ceragas\/wp-json\/wp\/v2\/media?parent=183"}],"curies":[{"name":"wp","href":"https:\/\/api.w.org\/{rel}","templated":true}]}}