 {"id":185,"date":"2013-02-24T20:30:29","date_gmt":"2013-02-24T19:30:29","guid":{"rendered":"https:\/\/blogs.univ-tlse2.fr\/ceragas\/?page_id=185"},"modified":"2022-01-27T18:05:27","modified_gmt":"2022-01-27T17:05:27","slug":"catalogues-dexpositions","status":"publish","type":"page","link":"https:\/\/blogs.univ-tlse2.fr\/ceragas\/catalogues-dexpositions\/","title":{"rendered":"Catalogues d&rsquo;expositions"},"content":{"rendered":"<p style=\"text-align: justify\"><em><strong>\u00a0<\/strong><\/em><\/p>\n<p style=\"text-align: justify\"><strong>Boudet, dir. 1992 :<\/strong> BOUDET (R.) (dir.), <em>Les Celtes, la Garonne et les Pays aquitains. L\u2019Age du Fer du Sud-Ouest de la France (du VIIIe au Ier s. avant J.-C.)<\/em>, Mus\u00e9e des Beaux-Arts, Agen, 1992, 108 p.<\/p>\n<p style=\"text-align: justify\"><strong>Collectif 2004 :<\/strong> <em>Gaulois des pays de Garonne IIe-I \u0364 \u036c si\u00e8cle avant J.-C.<\/em>, Mus\u00e9e Saint-Raymond, Toulouse, 2004, 92 p.<\/p>\n<p style=\"text-align: justify\"><strong>Collectif 2008 :<\/strong> <em>La Voie de Rome : entre M\u00e9diterran\u00e9e et Atlantique<\/em>, Ausonius, Pessac, 2008, 125 p.<\/p>\n<p><strong>Gardes, Ferrer-Joly (dir.) 2021 :<\/strong> GARDES (Ph.), FERRER-JOLY (F.) (dir.), <em>Des Ausques aux Auscitains (600 av. n. \u00e8. &#8211; 600 de n. \u00e8.). 15 ans d&rsquo;arch\u00e9ologie urbaine en pays d&rsquo;Auch<\/em>, Ausonius, Pessac, 2021,\u00a0 118 p.<\/p>\n","protected":false},"excerpt":{"rendered":"<p>\u00a0 Boudet, dir. 1992 : BOUDET (R.) (dir.), Les Celtes, la Garonne et les Pays aquitains. L\u2019Age du Fer du Sud-Ouest de la France (du VIIIe au Ier s. avant J.-C.), Mus\u00e9e des Beaux-Arts, Agen, 1992, 108 p. Collectif 2004 &hellip; <a href=\"https:\/\/blogs.univ-tlse2.fr\/ceragas\/catalogues-dexpositions\/\">Continuer la lecture <span class=\"meta-nav\">&rarr;<\/span><\/a><\/p>\n","protected":false},"author":182,"featured_media":0,"parent":0,"menu_order":3,"comment_status":"closed","ping_status":"closed","template":"","meta":{"footnotes":""},"class_list":["post-185","page","type-page","status-publish","hentry"],"_links":{"self":[{"href":"https:\/\/blogs.univ-tlse2.fr\/ceragas\/wp-json\/wp\/v2\/pages\/185","targetHints":{"allow":["GET"]}}],"collection":[{"href":"https:\/\/blogs.univ-tlse2.fr\/ceragas\/wp-json\/wp\/v2\/pages"}],"about":[{"href":"https:\/\/blogs.univ-tlse2.fr\/ceragas\/wp-json\/wp\/v2\/types\/page"}],"author":[{"embeddable":true,"href":"https:\/\/blogs.univ-tlse2.fr\/ceragas\/wp-json\/wp\/v2\/users\/182"}],"replies":[{"embeddable":true,"href":"https:\/\/blogs.univ-tlse2.fr\/ceragas\/wp-json\/wp\/v2\/comments?post=185"}],"version-history":[{"count":6,"href":"https:\/\/blogs.univ-tlse2.fr\/ceragas\/wp-json\/wp\/v2\/pages\/185\/revisions"}],"predecessor-version":[{"id":817,"href":"https:\/\/blogs.univ-tlse2.fr\/ceragas\/wp-json\/wp\/v2\/pages\/185\/revisions\/817"}],"wp:attachment":[{"href":"https:\/\/blogs.univ-tlse2.fr\/ceragas\/wp-json\/wp\/v2\/media?parent=185"}],"curies":[{"name":"wp","href":"https:\/\/api.w.org\/{rel}","templated":true}]}}