 {"id":187,"date":"2013-02-24T20:31:25","date_gmt":"2013-02-24T19:31:25","guid":{"rendered":"https:\/\/blogs.univ-tlse2.fr\/ceragas\/?page_id=187"},"modified":"2013-03-11T18:02:43","modified_gmt":"2013-03-11T17:02:43","slug":"rapports-doperations","status":"publish","type":"page","link":"https:\/\/blogs.univ-tlse2.fr\/ceragas\/rapports-doperations\/","title":{"rendered":"Rapports d&rsquo;op\u00e9rations"},"content":{"rendered":"<p style=\"text-align: justify\"><em><strong>\u00a0<\/strong><\/em><\/p>\n<p style=\"text-align: justify\"><strong>Abila, Gardes 2005 :<\/strong> Abila (R.), Gardes (Ph.)- Rue de Campardin\u00e9, Lectoure (Gers), Document final de synth\u00e8se de sondages arch\u00e9ologiques, SRA Midi-Pyr\u00e9n\u00e9es, 2005.<\/p>\n<p style=\"text-align: justify\"><strong>Gardes 1998 :<\/strong> Gardes, Ph., Eauze &#8211; Esb\u00e9rous-Higat, DFS de sauvetage urgent, S.R.A. Midi-Pyr\u00e9n\u00e9es, 1998.<\/p>\n<p style=\"text-align: justify\"><strong>Gardes 2001b:<\/strong> Gardes, Ph., <i>Eauze-Esb\u00e9rous<\/i>, rapport de sauvetage urgent, SRA de Midi-Pyr\u00e9n\u00e9es, 2001.<\/p>\n<p style=\"text-align: justify\"><strong><\/strong><strong><\/strong><strong><\/strong><strong>Gardes 2005a :<\/strong> Gardes (Ph.)- Touget (Gers), Rapport de sondage arch\u00e9ologique, SRA Midi-Pyr\u00e9n\u00e9es, 2005.<\/p>\n<p style=\"text-align: justify\"><strong>Gardes 2005b<\/strong> : Gardes (Ph.)- Rue du 11 Novembre, Auch (Gers), Rapport d\u2019\u00e9valuation arch\u00e9ologique, Inrap direction interr\u00e9gionale G.S.O., 2005.<\/p>\n<p style=\"text-align: justify\"><strong><\/strong><strong>Gardes 2008a<\/strong> : Gardes, Ph., Touget (Gers), Rapport de sondage arch\u00e9ologique, SRA Midi-Pyr\u00e9n\u00e9es, 2008.<\/p>\n<p style=\"text-align: justify\"><strong>Gardes et al. 2002a:<\/strong> Gardes, Ph.,\u00a0Auch \u00e0 la fin de l\u2019\u00e2ge du Fer. Essai de carte arch\u00e9ologique,\u00a0\u00bb <i>in<\/i> Gardes Ph., Coll\u00e9oni F., Costes A., Koupaliantz L., Petit C., Tranier E. et R., \u00a0<i>Oppida, formes de l\u2019habitat et culture mat\u00e9rielle du deuxi\u00e8me \u00e2ge du fer dans le Gers et ses marges<\/i>, D.F.S. de Prospection th\u00e9matique, SRA de Midi-Pyr\u00e9n\u00e9es, tome 1, 2002, p. 114-128.<\/p>\n<p style=\"text-align: justify\"><strong>Gardes et al. 2002b :<\/strong> Gardes Ph., Coll\u00e9oni F., Costes A., Koupaliantz L., Petit C., Tranier E. et R., Oppida, formes de l\u2019habitat et culture mat\u00e9rielle du deuxi\u00e8me \u00e2ge du fer dans le Gers et ses marges, D.F.S. de Prospection th\u00e9matique, SRA de Midi-Pyr\u00e9n\u00e9es, tome 1\u00a0: 248 p., tome 2, 2002, 179 p.<\/p>\n<p style=\"text-align: justify\"><strong>Paya 2008 :<\/strong> Paya, D., Rapport d\u2019\u00e9valuation arch\u00e9ologique : Lectoure, Place du g\u00e9n\u00e9ral de Gaulle et place Barton (Gers, Midi-Pyr\u00e9n\u00e9es), SRA Midi-Pyr\u00e9n\u00e9es, 2008.<\/p>\n<p style=\"text-align: justify\"><strong>\u00a0<\/strong><\/p>\n","protected":false},"excerpt":{"rendered":"<p>\u00a0 Abila, Gardes 2005 : Abila (R.), Gardes (Ph.)- Rue de Campardin\u00e9, Lectoure (Gers), Document final de synth\u00e8se de sondages arch\u00e9ologiques, SRA Midi-Pyr\u00e9n\u00e9es, 2005. Gardes 1998 : Gardes, Ph., Eauze &#8211; Esb\u00e9rous-Higat, DFS de sauvetage urgent, S.R.A. Midi-Pyr\u00e9n\u00e9es, 1998. Gardes &hellip; <a href=\"https:\/\/blogs.univ-tlse2.fr\/ceragas\/rapports-doperations\/\">Continuer la lecture <span class=\"meta-nav\">&rarr;<\/span><\/a><\/p>\n","protected":false},"author":182,"featured_media":0,"parent":0,"menu_order":6,"comment_status":"closed","ping_status":"closed","template":"","meta":{"footnotes":""},"class_list":["post-187","page","type-page","status-publish","hentry"],"_links":{"self":[{"href":"https:\/\/blogs.univ-tlse2.fr\/ceragas\/wp-json\/wp\/v2\/pages\/187","targetHints":{"allow":["GET"]}}],"collection":[{"href":"https:\/\/blogs.univ-tlse2.fr\/ceragas\/wp-json\/wp\/v2\/pages"}],"about":[{"href":"https:\/\/blogs.univ-tlse2.fr\/ceragas\/wp-json\/wp\/v2\/types\/page"}],"author":[{"embeddable":true,"href":"https:\/\/blogs.univ-tlse2.fr\/ceragas\/wp-json\/wp\/v2\/users\/182"}],"replies":[{"embeddable":true,"href":"https:\/\/blogs.univ-tlse2.fr\/ceragas\/wp-json\/wp\/v2\/comments?post=187"}],"version-history":[{"count":5,"href":"https:\/\/blogs.univ-tlse2.fr\/ceragas\/wp-json\/wp\/v2\/pages\/187\/revisions"}],"predecessor-version":[{"id":277,"href":"https:\/\/blogs.univ-tlse2.fr\/ceragas\/wp-json\/wp\/v2\/pages\/187\/revisions\/277"}],"wp:attachment":[{"href":"https:\/\/blogs.univ-tlse2.fr\/ceragas\/wp-json\/wp\/v2\/media?parent=187"}],"curies":[{"name":"wp","href":"https:\/\/api.w.org\/{rel}","templated":true}]}}