 {"id":329,"date":"2013-03-29T18:13:10","date_gmt":"2013-03-29T17:13:10","guid":{"rendered":"https:\/\/blogs.univ-tlse2.fr\/ceragas\/?page_id=329"},"modified":"2022-01-27T17:26:54","modified_gmt":"2022-01-27T16:26:54","slug":"rapports-de-fouille","status":"publish","type":"page","link":"https:\/\/blogs.univ-tlse2.fr\/ceragas\/rapports-de-fouille\/","title":{"rendered":"Rapports de fouille"},"content":{"rendered":"<p style=\"text-align: justify\">La consultation de ces documents, des textes et des figures qu&rsquo;ils contiennent, est r\u00e9serv\u00e9e \u00e0 un usage strictement priv\u00e9. Toute reproduction, m\u00eame partielle, \u00e0 des fins de publication, d&rsquo;illustration ou de publicit\u00e9, est interdite sans l&rsquo;autorisation expresse des responsables de la fouille\u00a0 (contact :\u00a0ceragas&#46;ass&#111;&#99;&#105;&#97;&#116;&#x69;&#x6f;&#x6e;&#x40;&#x67;&#x6d;&#x61;&#x69;&#x6c;&#x2e;&#x63;&#x6f;&#x6d;)<\/p>\n<p><a href=\"https:\/\/www.dropbox.com\/s\/ncy6qvt8trn7zjd\/RAP%20RQL%202019.pdf?dl=0\">-Rapport RQL 2019<\/a><\/p>\n<p><a href=\"https:\/\/www.dropbox.com\/s\/j7c4wczsyqx0z85\/RAP%20RQL%202018%20PDF.pdf?dl=0\">-Rapport RQL 2018<\/a><\/p>\n<p><a href=\"https:\/\/www.dropbox.com\/s\/gn4a4pa6yri1cyn\/RAP%20RQL%202017%20PDF.pdf?dl=0\">-Rapport RQL 2017<\/a><\/p>\n<p><a href=\"https:\/\/www.dropbox.com\/s\/uvqafjviy9ll14w\/RAP%20RQL%202016%20PDF.pdf?dl=0\">-Rapport RQL 2016<\/a><\/p>\n<p><a href=\"https:\/\/www.dropbox.com\/s\/fgdu1uc7drd0u5u\/RAP%20RQL%202015%20PDF.pdf?dl=0\">-Rapport RQL 2015<\/a><\/p>\n<p><a href=\"https:\/\/www.dropbox.com\/s\/fuqgym6vt663mna\/RAP%20RQL%202013%20PDF.pdf?dl=0\">-Rapport RQL 2013<\/a><\/p>\n<p><a href=\"https:\/\/www.dropbox.com\/s\/8fw9up5ztp5ob2l\/RAP%20RQL%202012%20PDF.pdf?dl=0\">-Rapport RQL 2012<\/a><\/p>\n<p><a href=\"https:\/\/www.dropbox.com\/s\/ftdmnskyx3t37ri\/RAP%20RQL%202011%20PDF.pdf?dl=0\">-Rapport RQL 2011<\/a><\/p>\n<p><a href=\"https:\/\/www.dropbox.com\/s\/dh7iokqbjpxebqy\/RAP%20RQL%202010%20PDF.pdf?dl=0\">-Rapport RQL 2010 <\/a><\/p>\n<p><a href=\"https:\/\/www.dropbox.com\/s\/5bc4ww49xscnrcg\/RAP%20RQL%2009%20PDF.pdf?dl=0\">-Rapport RQL 2009<\/a><\/p>\n<p><a href=\"https:\/\/www.dropbox.com\/s\/ahjwyp4p2tp56tg\/RAP%20ROQUELAURE%202008%20PDF.pdf?dl=0\">-Rapport RQL 2008<\/a><\/p>\n<p><a href=\"https:\/\/www.dropbox.com\/s\/amuyzkqtfimymav\/Rap%20Roquelaure%202007%20PDF.pdf?dl=0\">-Rapport RQL 2007<\/a><\/p>\n<p><a href=\"https:\/\/www.dropbox.com\/s\/hcr6y3dem8lkweu\/Rap%20Roquelaure%202006%20PDF.pdf?dl=0\">-Rapport RQL 2006<\/a><\/p>\n","protected":false},"excerpt":{"rendered":"<p>La consultation de ces documents, des textes et des figures qu&rsquo;ils contiennent, est r\u00e9serv\u00e9e \u00e0 un usage strictement priv\u00e9. Toute reproduction, m\u00eame partielle, \u00e0 des fins de publication, d&rsquo;illustration ou de publicit\u00e9, est interdite sans l&rsquo;autorisation expresse des responsables de &hellip; <a href=\"https:\/\/blogs.univ-tlse2.fr\/ceragas\/rapports-de-fouille\/\">Continuer la lecture <span class=\"meta-nav\">&rarr;<\/span><\/a><\/p>\n","protected":false},"author":182,"featured_media":0,"parent":0,"menu_order":0,"comment_status":"closed","ping_status":"closed","template":"","meta":{"footnotes":""},"class_list":["post-329","page","type-page","status-publish","hentry"],"_links":{"self":[{"href":"https:\/\/blogs.univ-tlse2.fr\/ceragas\/wp-json\/wp\/v2\/pages\/329","targetHints":{"allow":["GET"]}}],"collection":[{"href":"https:\/\/blogs.univ-tlse2.fr\/ceragas\/wp-json\/wp\/v2\/pages"}],"about":[{"href":"https:\/\/blogs.univ-tlse2.fr\/ceragas\/wp-json\/wp\/v2\/types\/page"}],"author":[{"embeddable":true,"href":"https:\/\/blogs.univ-tlse2.fr\/ceragas\/wp-json\/wp\/v2\/users\/182"}],"replies":[{"embeddable":true,"href":"https:\/\/blogs.univ-tlse2.fr\/ceragas\/wp-json\/wp\/v2\/comments?post=329"}],"version-history":[{"count":19,"href":"https:\/\/blogs.univ-tlse2.fr\/ceragas\/wp-json\/wp\/v2\/pages\/329\/revisions"}],"predecessor-version":[{"id":807,"href":"https:\/\/blogs.univ-tlse2.fr\/ceragas\/wp-json\/wp\/v2\/pages\/329\/revisions\/807"}],"wp:attachment":[{"href":"https:\/\/blogs.univ-tlse2.fr\/ceragas\/wp-json\/wp\/v2\/media?parent=329"}],"curies":[{"name":"wp","href":"https:\/\/api.w.org\/{rel}","templated":true}]}}