 {"id":39,"date":"2013-02-20T14:29:27","date_gmt":"2013-02-20T13:29:27","guid":{"rendered":"https:\/\/blogs.univ-tlse2.fr\/ceragas\/?page_id=39"},"modified":"2017-02-20T09:48:39","modified_gmt":"2017-02-20T08:48:39","slug":"soiree-de-bienfaisance-dauribail","status":"publish","type":"page","link":"https:\/\/blogs.univ-tlse2.fr\/ceragas\/soiree-de-bienfaisance-dauribail\/","title":{"rendered":"Soir\u00e9es de bienfaisance d&rsquo;Auribail"},"content":{"rendered":"<p style=\"text-align: justify\">Depuis 2013, CERAGas et le Foyer rural d&rsquo;Auribail (31) nouent des liens chaleureux. Ceux-ci se manifestent notamment par des animations propos\u00e9es au public sur l&rsquo;arch\u00e9ologie, suivies par un ap\u00e9ritif et un repas. C&rsquo;est l&rsquo;occasion pour CERAGas de se faire conna\u00eetre et d&rsquo;augmenter ses fonds, les b\u00e9n\u00e9fices du repas \u00e9tant revers\u00e9es \u00e0 l&rsquo;association afin de la soutenir dans ses diff\u00e9rentes activit\u00e9s.<\/p>\n<p style=\"text-align: justify\"><strong>-Premi\u00e8re \u00e9dition : 9 mars 2013<\/strong><\/p>\n<p style=\"text-align: justify\">Une premi\u00e8re soir\u00e9e de bienfaisance a \u00e9t\u00e9 organis\u00e9e le 9 mars 2013 \u00e0 la salle des f\u00eates d&rsquo;Auribail. Une double conf\u00e9rence a \u00e9t\u00e9 donn\u00e9e par Mathieu Scapin (sur les donn\u00e9es arch\u00e9ologiques d&rsquo;Auribail) et par Philippe Gardes (sur les fouilles en cours sur le site de La Sioutat \u00e0 Roquelaure, Gers). Un stand de pr\u00e9sentation de l&rsquo;association et de ses activit\u00e9s a \u00e9galement \u00e9t\u00e9 anim\u00e9 par des membres de CERAGas (prospectus, bulletins d&rsquo;adh\u00e9sion, produits d\u00e9riv\u00e9s&#8230;). Plus de 70 personnes \u00e9taient pr\u00e9sentes au repas, ce qui n&rsquo;est pas si mal pour une premi\u00e8re soir\u00e9e !<\/p>\n<p style=\"text-align: justify\"><a href=\"https:\/\/blogs.univ-tlse2.fr\/ceragas\/files\/2013\/02\/Auribail-d\u00e9p\u00eache-07-03-2013.jpg\"><img loading=\"lazy\" decoding=\"async\" class=\"alignnone size-full wp-image-267\" src=\"https:\/\/blogs.univ-tlse2.fr\/ceragas\/files\/2013\/02\/Auribail-d\u00e9p\u00eache-07-03-2013.jpg\" alt=\"Auribail d\u00e9p\u00eache 07-03-2013\" width=\"686\" height=\"391\" srcset=\"https:\/\/blogs.univ-tlse2.fr\/ceragas\/files\/2013\/02\/Auribail-d\u00e9p\u00eache-07-03-2013.jpg 686w, https:\/\/blogs.univ-tlse2.fr\/ceragas\/files\/2013\/02\/Auribail-d\u00e9p\u00eache-07-03-2013-300x170.jpg 300w\" sizes=\"auto, (max-width: 686px) 100vw, 686px\" \/><\/a><\/p>\n<p style=\"text-align: justify\">La d\u00e9p\u00eache du Midi, jeudi 7 mars 2013<\/p>\n<p style=\"text-align: justify\"><strong>-Deuxi\u00e8me \u00e9dition : 25 f\u00e9vrier 2016<\/strong><\/p>\n<p style=\"text-align: justify\">Une nouvelle programmation sera propos\u00e9e pour le 25 f\u00e9vrier prochain. Des activit\u00e9s (enfants\/adultes) et des stands sont pr\u00e9vus de 15h30 \u00e0 18h, suivies d&rsquo;une triple conf\u00e9rence sur l&rsquo;arch\u00e9ologie locale par des membres de CERAGas jusqu&rsquo;\u00e0 19h. Toutes ces activit\u00e9s sont suivies d&rsquo;un ap\u00e9ritif et d&rsquo;un repas.<\/p>\n<p style=\"text-align: justify\">\n","protected":false},"excerpt":{"rendered":"<p>Depuis 2013, CERAGas et le Foyer rural d&rsquo;Auribail (31) nouent des liens chaleureux. Ceux-ci se manifestent notamment par des animations propos\u00e9es au public sur l&rsquo;arch\u00e9ologie, suivies par un ap\u00e9ritif et un repas. C&rsquo;est l&rsquo;occasion pour CERAGas de se faire conna\u00eetre &hellip; <a href=\"https:\/\/blogs.univ-tlse2.fr\/ceragas\/soiree-de-bienfaisance-dauribail\/\">Continuer la lecture <span class=\"meta-nav\">&rarr;<\/span><\/a><\/p>\n","protected":false},"author":182,"featured_media":0,"parent":0,"menu_order":0,"comment_status":"closed","ping_status":"closed","template":"","meta":{"footnotes":""},"class_list":["post-39","page","type-page","status-publish","hentry"],"_links":{"self":[{"href":"https:\/\/blogs.univ-tlse2.fr\/ceragas\/wp-json\/wp\/v2\/pages\/39","targetHints":{"allow":["GET"]}}],"collection":[{"href":"https:\/\/blogs.univ-tlse2.fr\/ceragas\/wp-json\/wp\/v2\/pages"}],"about":[{"href":"https:\/\/blogs.univ-tlse2.fr\/ceragas\/wp-json\/wp\/v2\/types\/page"}],"author":[{"embeddable":true,"href":"https:\/\/blogs.univ-tlse2.fr\/ceragas\/wp-json\/wp\/v2\/users\/182"}],"replies":[{"embeddable":true,"href":"https:\/\/blogs.univ-tlse2.fr\/ceragas\/wp-json\/wp\/v2\/comments?post=39"}],"version-history":[{"count":8,"href":"https:\/\/blogs.univ-tlse2.fr\/ceragas\/wp-json\/wp\/v2\/pages\/39\/revisions"}],"predecessor-version":[{"id":506,"href":"https:\/\/blogs.univ-tlse2.fr\/ceragas\/wp-json\/wp\/v2\/pages\/39\/revisions\/506"}],"wp:attachment":[{"href":"https:\/\/blogs.univ-tlse2.fr\/ceragas\/wp-json\/wp\/v2\/media?parent=39"}],"curies":[{"name":"wp","href":"https:\/\/api.w.org\/{rel}","templated":true}]}}