 {"id":421,"date":"2014-03-03T14:07:08","date_gmt":"2014-03-03T13:07:08","guid":{"rendered":"https:\/\/blogs.univ-tlse2.fr\/ceragas\/?page_id=421"},"modified":"2014-03-03T14:16:30","modified_gmt":"2014-03-03T13:16:30","slug":"bimillenaire-de-toulouse","status":"publish","type":"page","link":"https:\/\/blogs.univ-tlse2.fr\/ceragas\/bimillenaire-de-toulouse\/","title":{"rendered":"2014: Bimill\u00e9naire de la fondation de Toulouse"},"content":{"rendered":"<p style=\"text-align: justify\">Organis\u00e9 par des enseignants et \u00e9tudiants de l&rsquo;Universit\u00e9 de Toulouse II Le Mirail, le Bimill\u00e9naire de la fondation de Toulouse sera comm\u00e9mor\u00e9 par une s\u00e9rie de manifestations scientifiques, culturelles, ludiques et festives. L&rsquo;association CERAGAS, par l&rsquo;interm\u00e9diaire de Matthieu Soler, figure parmi les nombreux partenaires de cet \u00e9v\u00e9nement.<\/p>\n<p style=\"text-align: justify\"><a href=\"https:\/\/blogs.univ-tlse2.fr\/ceragas\/files\/2014\/03\/DP-Bimil\u00e9naire.pdf\">voir ici le dossier de presse<\/a><\/p>\n","protected":false},"excerpt":{"rendered":"<p>Organis\u00e9 par des enseignants et \u00e9tudiants de l&rsquo;Universit\u00e9 de Toulouse II Le Mirail, le Bimill\u00e9naire de la fondation de Toulouse sera comm\u00e9mor\u00e9 par une s\u00e9rie de manifestations scientifiques, culturelles, ludiques et festives. L&rsquo;association CERAGAS, par l&rsquo;interm\u00e9diaire de Matthieu Soler, figure &hellip; <a href=\"https:\/\/blogs.univ-tlse2.fr\/ceragas\/bimillenaire-de-toulouse\/\">Continuer la lecture <span class=\"meta-nav\">&rarr;<\/span><\/a><\/p>\n","protected":false},"author":182,"featured_media":0,"parent":0,"menu_order":0,"comment_status":"open","ping_status":"open","template":"","meta":{"footnotes":""},"class_list":["post-421","page","type-page","status-publish","hentry"],"_links":{"self":[{"href":"https:\/\/blogs.univ-tlse2.fr\/ceragas\/wp-json\/wp\/v2\/pages\/421","targetHints":{"allow":["GET"]}}],"collection":[{"href":"https:\/\/blogs.univ-tlse2.fr\/ceragas\/wp-json\/wp\/v2\/pages"}],"about":[{"href":"https:\/\/blogs.univ-tlse2.fr\/ceragas\/wp-json\/wp\/v2\/types\/page"}],"author":[{"embeddable":true,"href":"https:\/\/blogs.univ-tlse2.fr\/ceragas\/wp-json\/wp\/v2\/users\/182"}],"replies":[{"embeddable":true,"href":"https:\/\/blogs.univ-tlse2.fr\/ceragas\/wp-json\/wp\/v2\/comments?post=421"}],"version-history":[{"count":5,"href":"https:\/\/blogs.univ-tlse2.fr\/ceragas\/wp-json\/wp\/v2\/pages\/421\/revisions"}],"predecessor-version":[{"id":427,"href":"https:\/\/blogs.univ-tlse2.fr\/ceragas\/wp-json\/wp\/v2\/pages\/421\/revisions\/427"}],"wp:attachment":[{"href":"https:\/\/blogs.univ-tlse2.fr\/ceragas\/wp-json\/wp\/v2\/media?parent=421"}],"curies":[{"name":"wp","href":"https:\/\/api.w.org\/{rel}","templated":true}]}}