 {"id":43,"date":"2013-02-20T14:31:04","date_gmt":"2013-02-20T13:31:04","guid":{"rendered":"https:\/\/blogs.univ-tlse2.fr\/ceragas\/?page_id=43"},"modified":"2024-09-02T07:57:08","modified_gmt":"2024-09-02T06:57:08","slug":"presentation","status":"publish","type":"page","link":"https:\/\/blogs.univ-tlse2.fr\/ceragas\/presentation\/","title":{"rendered":"Pr\u00e9sentation"},"content":{"rendered":"<p><a href=\"https:\/\/blogs.univ-tlse2.fr\/ceragas\/files\/2013\/02\/logo-CERAGAS1.png\"><img loading=\"lazy\" decoding=\"async\" class=\"size-full wp-image-375 alignright\" src=\"https:\/\/blogs.univ-tlse2.fr\/ceragas\/files\/2013\/02\/logo-CERAGAS1.png\" alt=\"logo CERAGAS\" width=\"223\" height=\"376\" srcset=\"https:\/\/blogs.univ-tlse2.fr\/ceragas\/files\/2013\/02\/logo-CERAGAS1.png 415w, https:\/\/blogs.univ-tlse2.fr\/ceragas\/files\/2013\/02\/logo-CERAGAS1-178x300.png 178w\" sizes=\"auto, (max-width: 223px) 100vw, 223px\" \/><\/a><\/p>\n<p style=\"text-align: justify\">L&rsquo;association de loi 1901 CERAGAS a \u00e9t\u00e9 fond\u00e9e en ao\u00fbt 2012.\u00a0 Elle a pour but de cr\u00e9er, susciter, de soutenir et de promouvoir toute action visant \u00e0 la mise en valeur de l&rsquo;arch\u00e9ologie en Gascogne (comprendre l&rsquo;espace compris entre Pyr\u00e9n\u00e9es et Garonne) et de son patrimoine.<\/p>\n<p style=\"text-align: justify\">Elle intervient \u00e0 l&rsquo;occasion de la fouille programm\u00e9e du site de La Sioutat \u00e0 Roquelaure (32), du PCR Fortipolis et du projet Arch\u00e9ol\u00e8ze, mais aussi aupr\u00e8s du grand public lors de diff\u00e9rents \u00e9v\u00e8nements annuels (Journ\u00e9es Nationales de l&rsquo;Arch\u00e9ologie, Journ\u00e9es Europ\u00e9ennes du Patrimoine, conf\u00e9rences&#8230;).<\/p>\n<p style=\"text-align: justify\">L&rsquo;association regroupe des arch\u00e9ologues du laboratoire TRACES (UMR 5608) &#8211; ing\u00e9nieurs d&rsquo;\u00e9tudes, jeunes docteurs, doctorants, mais aussi des \u00e9tudiants et anciens \u00e9tudiants en Master et Licence (universit\u00e9 Toulouse II Jean Jaur\u00e8s, universit\u00e9 Bordeaux III Michel de Montaigne&#8230;)<\/p>\n<p style=\"text-align: justify\">Si\u00e8ge social:<\/p>\n<p style=\"text-align: justify\">CERAGAS<br \/>\nChez Pauline Mounier<br \/>\n7, Puyarnaout<br \/>\n31190 Mauvaisin<\/p>\n","protected":false},"excerpt":{"rendered":"<p>L&rsquo;association de loi 1901 CERAGAS a \u00e9t\u00e9 fond\u00e9e en ao\u00fbt 2012.\u00a0 Elle a pour but de cr\u00e9er, susciter, de soutenir et de promouvoir toute action visant \u00e0 la mise en valeur de l&rsquo;arch\u00e9ologie en Gascogne (comprendre l&rsquo;espace compris entre Pyr\u00e9n\u00e9es &hellip; <a href=\"https:\/\/blogs.univ-tlse2.fr\/ceragas\/presentation\/\">Continuer la lecture <span class=\"meta-nav\">&rarr;<\/span><\/a><\/p>\n","protected":false},"author":182,"featured_media":0,"parent":0,"menu_order":1,"comment_status":"closed","ping_status":"closed","template":"onecolumn-page.php","meta":{"footnotes":""},"class_list":["post-43","page","type-page","status-publish","hentry"],"_links":{"self":[{"href":"https:\/\/blogs.univ-tlse2.fr\/ceragas\/wp-json\/wp\/v2\/pages\/43","targetHints":{"allow":["GET"]}}],"collection":[{"href":"https:\/\/blogs.univ-tlse2.fr\/ceragas\/wp-json\/wp\/v2\/pages"}],"about":[{"href":"https:\/\/blogs.univ-tlse2.fr\/ceragas\/wp-json\/wp\/v2\/types\/page"}],"author":[{"embeddable":true,"href":"https:\/\/blogs.univ-tlse2.fr\/ceragas\/wp-json\/wp\/v2\/users\/182"}],"replies":[{"embeddable":true,"href":"https:\/\/blogs.univ-tlse2.fr\/ceragas\/wp-json\/wp\/v2\/comments?post=43"}],"version-history":[{"count":13,"href":"https:\/\/blogs.univ-tlse2.fr\/ceragas\/wp-json\/wp\/v2\/pages\/43\/revisions"}],"predecessor-version":[{"id":832,"href":"https:\/\/blogs.univ-tlse2.fr\/ceragas\/wp-json\/wp\/v2\/pages\/43\/revisions\/832"}],"wp:attachment":[{"href":"https:\/\/blogs.univ-tlse2.fr\/ceragas\/wp-json\/wp\/v2\/media?parent=43"}],"curies":[{"name":"wp","href":"https:\/\/api.w.org\/{rel}","templated":true}]}}