 {"id":45,"date":"2013-02-20T14:31:40","date_gmt":"2013-02-20T13:31:40","guid":{"rendered":"https:\/\/blogs.univ-tlse2.fr\/ceragas\/?page_id=45"},"modified":"2022-03-31T07:35:52","modified_gmt":"2022-03-31T06:35:52","slug":"organigramme","status":"publish","type":"page","link":"https:\/\/blogs.univ-tlse2.fr\/ceragas\/organigramme\/","title":{"rendered":"Organigramme"},"content":{"rendered":"<p><strong>Bureau 2022-2024 :<\/strong><\/p>\n<ul>\n<li>Pr\u00e9sidente : Marion Nouvel<\/li>\n<li>Pr\u00e9sident adjoint : Micka\u00ebl Xompero<\/li>\n<li>Secr\u00e9taire : Pauline Mounier<\/li>\n<li>Secr\u00e9taire adjointe : Ga\u00eblle Meynieux<\/li>\n<li>Tr\u00e9sori\u00e8re : Marie Saint-Arnoult<\/li>\n<\/ul>\n<p><strong><a href=\"https:\/\/blogs.univ-tlse2.fr\/ceragas\/files\/2013\/02\/signature-CERAGas.png\"><img loading=\"lazy\" decoding=\"async\" class=\"aligncenter\" src=\"https:\/\/blogs.univ-tlse2.fr\/ceragas\/files\/2013\/02\/signature-CERAGas.png\" alt=\"signature CERAGas\" width=\"477\" height=\"228\" \/><\/a><\/strong><\/p>\n","protected":false},"excerpt":{"rendered":"<p>Bureau 2022-2024 : Pr\u00e9sidente : Marion Nouvel Pr\u00e9sident adjoint : Micka\u00ebl Xompero Secr\u00e9taire : Pauline Mounier Secr\u00e9taire adjointe : Ga\u00eblle Meynieux Tr\u00e9sori\u00e8re : Marie Saint-Arnoult<\/p>\n","protected":false},"author":182,"featured_media":0,"parent":0,"menu_order":2,"comment_status":"closed","ping_status":"closed","template":"","meta":{"footnotes":""},"class_list":["post-45","page","type-page","status-publish","hentry"],"_links":{"self":[{"href":"https:\/\/blogs.univ-tlse2.fr\/ceragas\/wp-json\/wp\/v2\/pages\/45","targetHints":{"allow":["GET"]}}],"collection":[{"href":"https:\/\/blogs.univ-tlse2.fr\/ceragas\/wp-json\/wp\/v2\/pages"}],"about":[{"href":"https:\/\/blogs.univ-tlse2.fr\/ceragas\/wp-json\/wp\/v2\/types\/page"}],"author":[{"embeddable":true,"href":"https:\/\/blogs.univ-tlse2.fr\/ceragas\/wp-json\/wp\/v2\/users\/182"}],"replies":[{"embeddable":true,"href":"https:\/\/blogs.univ-tlse2.fr\/ceragas\/wp-json\/wp\/v2\/comments?post=45"}],"version-history":[{"count":10,"href":"https:\/\/blogs.univ-tlse2.fr\/ceragas\/wp-json\/wp\/v2\/pages\/45\/revisions"}],"predecessor-version":[{"id":825,"href":"https:\/\/blogs.univ-tlse2.fr\/ceragas\/wp-json\/wp\/v2\/pages\/45\/revisions\/825"}],"wp:attachment":[{"href":"https:\/\/blogs.univ-tlse2.fr\/ceragas\/wp-json\/wp\/v2\/media?parent=45"}],"curies":[{"name":"wp","href":"https:\/\/api.w.org\/{rel}","templated":true}]}}