 {"id":473,"date":"2015-03-25T09:22:05","date_gmt":"2015-03-25T08:22:05","guid":{"rendered":"https:\/\/blogs.univ-tlse2.fr\/ceragas\/?page_id=473"},"modified":"2015-03-25T09:29:29","modified_gmt":"2015-03-25T08:29:29","slug":"presentation","status":"publish","type":"page","link":"https:\/\/blogs.univ-tlse2.fr\/ceragas\/les-jna\/presentation\/","title":{"rendered":"Pr\u00e9sentation"},"content":{"rendered":"<p style=\"text-align: center\">Les Journ\u00e9es Nationales de l&rsquo;Arch\u00e9ologie\u00a0 : Roquelaure et Auch.<\/p>\n<p style=\"text-align: justify\">Dans le cadre des Journ\u00e9es Nationales de l&rsquo;Arch\u00e9ologie, le Mus\u00e9e des Jacobins, l&rsquo;association CERAGas ainsi que le laboratoire TRACES s&rsquo;associent pour organiser une manifestation autour des fouilles de l&rsquo;oppidum et de la domus de Roquelaure-La Sioutat (Gers). Sur le site arch\u00e9ologique, des visites et des animations autour d&rsquo;ateliers th\u00e9matiques (sous tente) sont propos\u00e9es. Au mus\u00e9e des Jacobins, les d\u00e9couvertes de Roquelaure et d&rsquo;Auch sont pr\u00e9sent\u00e9es \u00e0 travers un parcours de visite, des panneaux et des conf\u00e9rences.<\/p>\n<p>L&rsquo;acc\u00e8s est libre et une buvette est disponible sur le site de Roquelaure.<\/p>\n<p>Retrouvez les archives et l&rsquo;actualit\u00e9 des JNA dans la cat\u00e9gorie \u00ab\u00a0JNA\u00a0\u00bb ci-contre \u2192<\/p>\n","protected":false},"excerpt":{"rendered":"<p>Les Journ\u00e9es Nationales de l&rsquo;Arch\u00e9ologie\u00a0 : Roquelaure et Auch. Dans le cadre des Journ\u00e9es Nationales de l&rsquo;Arch\u00e9ologie, le Mus\u00e9e des Jacobins, l&rsquo;association CERAGas ainsi que le laboratoire TRACES s&rsquo;associent pour organiser une manifestation autour des fouilles de l&rsquo;oppidum et de &hellip; <a href=\"https:\/\/blogs.univ-tlse2.fr\/ceragas\/les-jna\/presentation\/\">Continuer la lecture <span class=\"meta-nav\">&rarr;<\/span><\/a><\/p>\n","protected":false},"author":182,"featured_media":0,"parent":36,"menu_order":1,"comment_status":"closed","ping_status":"closed","template":"","meta":{"footnotes":""},"class_list":["post-473","page","type-page","status-publish","hentry"],"_links":{"self":[{"href":"https:\/\/blogs.univ-tlse2.fr\/ceragas\/wp-json\/wp\/v2\/pages\/473","targetHints":{"allow":["GET"]}}],"collection":[{"href":"https:\/\/blogs.univ-tlse2.fr\/ceragas\/wp-json\/wp\/v2\/pages"}],"about":[{"href":"https:\/\/blogs.univ-tlse2.fr\/ceragas\/wp-json\/wp\/v2\/types\/page"}],"author":[{"embeddable":true,"href":"https:\/\/blogs.univ-tlse2.fr\/ceragas\/wp-json\/wp\/v2\/users\/182"}],"replies":[{"embeddable":true,"href":"https:\/\/blogs.univ-tlse2.fr\/ceragas\/wp-json\/wp\/v2\/comments?post=473"}],"version-history":[{"count":1,"href":"https:\/\/blogs.univ-tlse2.fr\/ceragas\/wp-json\/wp\/v2\/pages\/473\/revisions"}],"predecessor-version":[{"id":474,"href":"https:\/\/blogs.univ-tlse2.fr\/ceragas\/wp-json\/wp\/v2\/pages\/473\/revisions\/474"}],"up":[{"embeddable":true,"href":"https:\/\/blogs.univ-tlse2.fr\/ceragas\/wp-json\/wp\/v2\/pages\/36"}],"wp:attachment":[{"href":"https:\/\/blogs.univ-tlse2.fr\/ceragas\/wp-json\/wp\/v2\/media?parent=473"}],"curies":[{"name":"wp","href":"https:\/\/api.w.org\/{rel}","templated":true}]}}