 {"id":48,"date":"2013-02-20T14:33:30","date_gmt":"2013-02-20T13:33:30","guid":{"rendered":"https:\/\/blogs.univ-tlse2.fr\/ceragas\/?page_id=48"},"modified":"2013-03-11T18:02:02","modified_gmt":"2013-03-11T17:02:02","slug":"sinscrire","status":"publish","type":"page","link":"https:\/\/blogs.univ-tlse2.fr\/ceragas\/sinscrire\/","title":{"rendered":"S&rsquo;inscrire"},"content":{"rendered":"<p><a href=\"https:\/\/blogs.univ-tlse2.fr\/ceragas\/files\/2013\/02\/sud-ouest.jpg\"><img loading=\"lazy\" decoding=\"async\" class=\"size-full wp-image-254 aligncenter\" alt=\"sud ouest\" src=\"https:\/\/blogs.univ-tlse2.fr\/ceragas\/files\/2013\/02\/sud-ouest.jpg\" width=\"460\" height=\"306\" srcset=\"https:\/\/blogs.univ-tlse2.fr\/ceragas\/files\/2013\/02\/sud-ouest.jpg 460w, https:\/\/blogs.univ-tlse2.fr\/ceragas\/files\/2013\/02\/sud-ouest-300x199.jpg 300w\" sizes=\"auto, (max-width: 460px) 100vw, 460px\" \/><\/a><\/p>\n<p style=\"text-align: justify\">Le chantier de fouille programm\u00e9e (se d\u00e9roulant en g\u00e9n\u00e9ral du 10 ao\u00fbt au 10 septembre) accueille des \u00e9tudiants en arch\u00e9ologie et permet de se familiariser avec les techniques de fouille des contextes urbains protohistoriques. Le mobilier est trait\u00e9 sur place (lavage, conditionnement, inventaire) sous la conduite d&rsquo;un c\u00e9ramologue.<\/p>\n<p><a href=\"https:\/\/blogs.univ-tlse2.fr\/ceragas\/files\/2013\/02\/ceram-lavage.jpg\"><img loading=\"lazy\" decoding=\"async\" class=\"aligncenter\" alt=\"ceram lavage\" src=\"https:\/\/blogs.univ-tlse2.fr\/ceragas\/files\/2013\/02\/ceram-lavage-300x200.jpg\" width=\"300\" height=\"200\" \/><\/a><\/p>\n<p><strong>Acc\u00e8s <\/strong>:<br \/>\nLa gare d&rsquo;Auch est desservie par train \u00e0 partir de Toulouse et par bus \u00e0 partir de Tarbes et d&rsquo;Agen.<\/p>\n<p><strong>H\u00e9bergement <\/strong>:<br \/>\nL&rsquo;ensemble des frais de s\u00e9jour (repas, h\u00e9bergement) est pris en charge par le chantier. L&rsquo;h\u00e9bergement se fera en g\u00eete.<\/p>\n<p><a href=\"https:\/\/blogs.univ-tlse2.fr\/ceragas\/files\/2013\/02\/g\u00eete.jpg\"><img loading=\"lazy\" decoding=\"async\" class=\"aligncenter\" alt=\"OLYMPUS DIGITAL CAMERA\" src=\"https:\/\/blogs.univ-tlse2.fr\/ceragas\/files\/2013\/02\/g\u00eete-300x225.jpg\" width=\"300\" height=\"225\" \/><\/a><\/p>\n<p><strong>Conditions :<\/strong><br \/>\n&#8211; 18 ans minimum<br \/>\n&#8211; Vaccination antit\u00e9tanique \u00e0 jour<br \/>\n&#8211; S\u00e9jour d&rsquo;au moins trois semaines<\/p>\n<p><strong>Demande accompagn\u00e9e d&rsquo;un CV \u00e0 :<\/strong><\/p>\n<p style=\"text-align: center\">c&#x65;&#x72;a&#103;&#x61;s&#46;&#x61;s&#115;&#x6f;ci&#x61;&#x74;i&#x6f;&#x6e;&#64;&#103;&#x6d;a&#105;&#x6c;&#46;c&#x6f;&#x6d;<\/p>\n","protected":false},"excerpt":{"rendered":"<p>Le chantier de fouille programm\u00e9e (se d\u00e9roulant en g\u00e9n\u00e9ral du 10 ao\u00fbt au 10 septembre) accueille des \u00e9tudiants en arch\u00e9ologie et permet de se familiariser avec les techniques de fouille des contextes urbains protohistoriques. Le mobilier est trait\u00e9 sur place &hellip; <a href=\"https:\/\/blogs.univ-tlse2.fr\/ceragas\/sinscrire\/\">Continuer la lecture <span class=\"meta-nav\">&rarr;<\/span><\/a><\/p>\n","protected":false},"author":182,"featured_media":0,"parent":0,"menu_order":2,"comment_status":"closed","ping_status":"closed","template":"","meta":{"footnotes":""},"class_list":["post-48","page","type-page","status-publish","hentry"],"_links":{"self":[{"href":"https:\/\/blogs.univ-tlse2.fr\/ceragas\/wp-json\/wp\/v2\/pages\/48","targetHints":{"allow":["GET"]}}],"collection":[{"href":"https:\/\/blogs.univ-tlse2.fr\/ceragas\/wp-json\/wp\/v2\/pages"}],"about":[{"href":"https:\/\/blogs.univ-tlse2.fr\/ceragas\/wp-json\/wp\/v2\/types\/page"}],"author":[{"embeddable":true,"href":"https:\/\/blogs.univ-tlse2.fr\/ceragas\/wp-json\/wp\/v2\/users\/182"}],"replies":[{"embeddable":true,"href":"https:\/\/blogs.univ-tlse2.fr\/ceragas\/wp-json\/wp\/v2\/comments?post=48"}],"version-history":[{"count":10,"href":"https:\/\/blogs.univ-tlse2.fr\/ceragas\/wp-json\/wp\/v2\/pages\/48\/revisions"}],"predecessor-version":[{"id":71,"href":"https:\/\/blogs.univ-tlse2.fr\/ceragas\/wp-json\/wp\/v2\/pages\/48\/revisions\/71"}],"wp:attachment":[{"href":"https:\/\/blogs.univ-tlse2.fr\/ceragas\/wp-json\/wp\/v2\/media?parent=48"}],"curies":[{"name":"wp","href":"https:\/\/api.w.org\/{rel}","templated":true}]}}