 {"id":541,"date":"2019-02-09T13:35:25","date_gmt":"2019-02-09T12:35:25","guid":{"rendered":"https:\/\/blogs.univ-tlse2.fr\/ceragas\/?page_id=541"},"modified":"2019-02-09T14:16:05","modified_gmt":"2019-02-09T13:16:05","slug":"pcr-fortipolis","status":"publish","type":"page","link":"https:\/\/blogs.univ-tlse2.fr\/ceragas\/pcr-fortipolis\/","title":{"rendered":"Pr\u00e9sentation"},"content":{"rendered":"<h1>PCR FORTIPOLIS\u00a0: Nouvelles recherches sur les habitats fortifi\u00e9s protohistoriques entre Garonne et Pyr\u00e9n\u00e9es<\/h1>\n<h3 align=\"JUSTIFY\"><strong><em>-organigramme<\/em><\/strong><\/h3>\n<p align=\"JUSTIFY\">Coordination : Philippe Gardes (INRAP, TRACES UMR 5608-TRACES\/Rhadamante), Thomas Le Dreff (UMR 5608-TRACES\/Rhadamante)<\/p>\n<p>Responsables de p\u00f4les g\u00e9ographiques :<br \/>\n-Gironde\u00a0: Anne Colin (UBM, UMR 5607-Ausonius), Rapha\u00ebl Rivaud (La Rochelle Universit\u00e9), Florence Verdin (CR CNRS, UMR 5607-Ausonius)<br \/>\n-Landes\u00a0: Philippe Gardes, Didier Vignaud (CRAL)<br \/>\n-Pyr\u00e9n\u00e9es Atlantiques\u00a0: Eneko Hiriart (CR CNRS IRAMAT CRP2A), Giuseppe Indino, Beno\u00eet Pace (UPPA, ITEM), Hubert Pradier (b\u00e9n\u00e9vole), Fran\u00e7ois R\u00e9chin (UPPA, ITEM)<br \/>\n-Lot-et-Garonne\u00a0: Florence Verdin<br \/>\n-Tarn-et-Garonne\u00a0: Pierre P\u00e9fau (UT2J, UMR 5608-TRACES\/Rhadamante)<br \/>\n-Gers\u00a0: Philippe Gardes<br \/>\n-Haute-Garonne\u00a0: Thomas Le Dreff, Pierre-Yves Milcent (UT2J, UMR 5608-TRACES\/Rhadamante), Anouk Sarrazin (Toulouse Jean-Jaur\u00e8s), Cl\u00e9ment Venco (UT2J, UMR 5608-TRACES\/Terrae)<br \/>\n-Hautes-Pyr\u00e9n\u00e9es\u00a0: Philippe Gardes, Thomas Le Dreff, Anouk Sarrazin, Cl\u00e9ment Venco<br \/>\n-Ari\u00e8ge\u00a0: Thomas Le Dreff, Matthieu Soler (UMR 5608-TRACES\/ Rhadamante\/PLH)<\/p>\n<p>Responsables du p\u00f4le architecture :<br \/>\nPhilippe Gardes, Pierre-Yves Milcent, Pierre Moret (DR CNRS, TRACES\/Rhadamante),<\/p>\n<p>Responsables du p\u00f4le mobilier :<br \/>\nLaurence Benquet (INRAP\/UMR 5608-TRACES\/Rhadamante), Laurent Callegarin (Casa de Vel\u00e1zquez, Madrid), Thomas Le Dreff<\/p>\n<p>Responsables du p\u00f4le T\u00e9l\u00e9d\u00e9tection\/topographie :<br \/>\nFabien Call\u00e8de (INRAP), Carine Calastrenc (IE CNRS, UMR 5608 TRACES\/Terrae), Nicolas Poirier (CR CNRS, UMR 5608-TRACES\/Terrae)<\/p>\n<p>Et Cellule Carte arch\u00e9ologique des SRA Nouvelle Aquitaine et Occitanie<\/p>\n<p>Portage financier : CERAGas<\/p>\n<p>&nbsp;<\/p>\n<h3 align=\"JUSTIFY\"><em><strong>-pr\u00e9sentation du PCR<\/strong><\/em><\/h3>\n<p align=\"JUSTIFY\"><span style=\"font-family: Arial, sans-serif\">Ce projet collectif porte sur l&rsquo;habitat fortifi\u00e9 entre la Garonne et les Pyr\u00e9n\u00e9es pour la p\u00e9riode qui s&rsquo;\u00e9tend de l\u2019\u00e2ge du Bronze au d\u00e9but de l\u2019\u00e9poque romaine et vise \u00e0 sortir de l&rsquo;ombre un secteur de la recherche encore peu exploit\u00e9. Le PCR, initi\u00e9 en 2016, associe 23 chercheurs issus principalement des trois laboratoires d\u2019arch\u00e9ologie de l\u2019espace \u00e9tudi\u00e9\u00a0: TRACES (Toulouse), AUSONIUS (Bordeaux) et ITEM (Pau).<\/span><\/p>\n<p align=\"JUSTIFY\"><span style=\"font-family: Arial, sans-serif\">Le secteur d\u2019\u00e9tude, couvrant 9 d\u00e9partements des r\u00e9gions Nouvelle-Aquitaine (Gironde, Landes, Lot-et-Garonne, Pyr\u00e9n\u00e9es-Atlantiques) et Occitanie (Ari\u00e8ge, Haute-Garonne, Hautes-Pyr\u00e9n\u00e9es, Gers, Tarn-et-Garonne), offre un potentiel de plus de 450 sites arch\u00e9ologiques, recens\u00e9s au gr\u00e9 de recherches diverses et pour la plupart anciennes.<\/span><\/p>\n<p align=\"JUSTIFY\"><span style=\"font-family: Arial, sans-serif\">Le PCR Fortipolis vise \u00e0 reprendre l\u2019\u00e9tude de ces sites \u00e0 travers trois principales approches. La premi\u00e8re concerne la mise en place d\u2019une base de donn\u00e9es et la collecte de toute la documentation actuelle (bibliographie, cartes, plans, etc\u2026). Celle-ci permet d\u2019obtenir des fiches de sites normalis\u00e9es qui adoptent notamment un vocabulaire descriptif commun pour les fortifications. La base de donn\u00e9es est coupl\u00e9e \u00e0 un SIG dans l\u2019optique de mener \u00e0 terme des analyses chrono-spatiales.<\/span><\/p>\n<p align=\"JUSTIFY\"><span style=\"font-family: Arial, sans-serif\">Le deuxi\u00e8me volet d\u2019\u00e9tude concerne la t\u00e9l\u00e9d\u00e9tection et la topographie des sites. En effet, la majorit\u00e9 du corpus n\u2019est connu qu\u2019\u00e0 travers des mentions. Afin de pallier \u00e0 cet \u00e9cueil, le PCR s\u2019attache \u00e9galement \u00e0 la r\u00e9alisation de relev\u00e9s topographiques, mais aussi \u00e0 l\u2019acquisition de donn\u00e9es LiDAR, notamment pour les sites \u00e0 couvert forestier important.<\/span><\/p>\n<p align=\"JUSTIFY\"><span style=\"font-family: Arial, sans-serif\">Enfin, la r\u00e9alisation de prospections p\u00e9destres, ainsi que de sondages dans certains cas, permettra de renseigner la chronologie des sites, cette donn\u00e9e \u00e9tant inconnue ou incertaine pour la majorit\u00e9 d\u2019entre eux. <\/span><\/p>\n<h3 align=\"JUSTIFY\"><\/h3>\n","protected":false},"excerpt":{"rendered":"<p>PCR FORTIPOLIS\u00a0: Nouvelles recherches sur les habitats fortifi\u00e9s protohistoriques entre Garonne et Pyr\u00e9n\u00e9es -organigramme Coordination : Philippe Gardes (INRAP, TRACES UMR 5608-TRACES\/Rhadamante), Thomas Le Dreff (UMR 5608-TRACES\/Rhadamante) Responsables de p\u00f4les g\u00e9ographiques : -Gironde\u00a0: Anne Colin (UBM, UMR 5607-Ausonius), Rapha\u00ebl Rivaud &hellip; <a href=\"https:\/\/blogs.univ-tlse2.fr\/ceragas\/pcr-fortipolis\/\">Continuer la lecture <span class=\"meta-nav\">&rarr;<\/span><\/a><\/p>\n","protected":false},"author":182,"featured_media":0,"parent":0,"menu_order":1,"comment_status":"closed","ping_status":"closed","template":"","meta":{"footnotes":""},"class_list":["post-541","page","type-page","status-publish","hentry"],"_links":{"self":[{"href":"https:\/\/blogs.univ-tlse2.fr\/ceragas\/wp-json\/wp\/v2\/pages\/541","targetHints":{"allow":["GET"]}}],"collection":[{"href":"https:\/\/blogs.univ-tlse2.fr\/ceragas\/wp-json\/wp\/v2\/pages"}],"about":[{"href":"https:\/\/blogs.univ-tlse2.fr\/ceragas\/wp-json\/wp\/v2\/types\/page"}],"author":[{"embeddable":true,"href":"https:\/\/blogs.univ-tlse2.fr\/ceragas\/wp-json\/wp\/v2\/users\/182"}],"replies":[{"embeddable":true,"href":"https:\/\/blogs.univ-tlse2.fr\/ceragas\/wp-json\/wp\/v2\/comments?post=541"}],"version-history":[{"count":6,"href":"https:\/\/blogs.univ-tlse2.fr\/ceragas\/wp-json\/wp\/v2\/pages\/541\/revisions"}],"predecessor-version":[{"id":558,"href":"https:\/\/blogs.univ-tlse2.fr\/ceragas\/wp-json\/wp\/v2\/pages\/541\/revisions\/558"}],"wp:attachment":[{"href":"https:\/\/blogs.univ-tlse2.fr\/ceragas\/wp-json\/wp\/v2\/media?parent=541"}],"curies":[{"name":"wp","href":"https:\/\/api.w.org\/{rel}","templated":true}]}}